{"id":8522,"date":"2019-04-10T00:57:31","date_gmt":"2019-04-10T00:57:31","guid":{"rendered":"https:\/\/www.umv.gov.co\/portal\/?page_id=8522"},"modified":"2023-11-22T18:53:48","modified_gmt":"2023-11-22T18:53:48","slug":"foro","status":"publish","type":"page","link":"https:\/\/www.umv.gov.co\/portal\/foro\/","title":{"rendered":"foro"},"content":{"rendered":"<div class=\"wpb-content-wrapper\">[vc_row][vc_column][vc_btn title=&#8221;MEMORIAS FORO CONSERVACI\u00d3N DE V\u00cdAS URBANAS 23 Y 24 DE MAYO DE 2019&#8243; style=&#8221;outline-custom&#8221; outline_custom_color=&#8221;#1e73be&#8221; outline_custom_hover_background=&#8221;#ffffff&#8221; outline_custom_hover_text=&#8221;#1e73be&#8221; size=&#8221;lg&#8221; align=&#8221;center&#8221; i_icon_fontawesome=&#8221;fa fa-print&#8221; button_block=&#8221;true&#8221; add_icon=&#8221;true&#8221; link=&#8221;url:https%3A%2F%2Fwww.umv.gov.co%2Fportal%2Fwp-content%2Fuploads%2F2019%2F09%2FMEMORIAS-FORO-23-24-MAYO-UMV-2.docx|||&#8221;][\/vc_column][\/vc_row][vc_row][vc_column][vc_tta_tabs color=&#8221;blue&#8221; active_section=&#8221;1&#8243;][vc_tta_section title=&#8221;Presentaciones primer d\u00eda&#8221; tab_id=&#8221;1559695650885-52e8e59f-e28c&#8221;][bs-text title=&#8221;Presentaciones foro Conservaci\u00f3n de V\u00edas Urbanas Primer D\u00eda&#8221; show_title=&#8221;1&#8243; icon=&#8221;&#8221; title_link=&#8221;&#8221; heading_color=&#8221;&#8221; heading_style=&#8221;default&#8221; heading_tag=&#8221;h3&#8243; bs-show-desktop=&#8221;1&#8243; bs-show-tablet=&#8221;1&#8243; bs-show-phone=&#8221;1&#8243; bs-text-color-scheme=&#8221;&#8221; css=&#8221;&#8221; custom-css-class=&#8221;&#8221; custom-id=&#8221;&#8221;]\r\n<div class=\"bs-shortcode-alert alert alert-info\"><a href=\"https:\/\/www.umv.gov.co\/foro\/Primer_Dia\/Apertura_Juan_Pablo_Bocarejo.pptx\"><strong>1.\u00a0 Apertura &#8211; Juan Pablo Bocarejo<\/strong><\/a><\/div>\r\n<div class=\"bs-shortcode-alert alert alert-info\"><a href=\"https:\/\/www.umv.gov.co\/foro\/Primer_Dia\/Apertura-Mauricio_Acosta.pptx\"><strong>2. Apertura\u00a0 &#8211; Mauricio Acosta\u00a0<\/strong><\/a><\/div>\r\n<div class=\"bs-shortcode-alert alert alert-info\"><a href=\"https:\/\/www.umv.gov.co\/foro\/Primer_Dia\/Apertura-Orlando_Luzarno.pptx\"><strong>3. Apertura &#8211; Orlando Luzarno<\/strong><\/a><\/div>\r\n<div class=\"bs-shortcode-alert alert alert-info\"><a href=\"https:\/\/www.umv.gov.co\/foro\/Primer_Dia\/Charlas_Expertos-Federico_Torres.pptx\"><strong>4. Charlas Expertos\u00a0 &#8211; Federico Torres<\/strong><\/a><\/div>\r\n<div class=\"bs-shortcode-alert alert alert-info\"><a href=\"https:\/\/www.umv.gov.co\/foro\/Primer_Dia\/Charlas_Expertos-Carlos_Ivan_Gutierrez.pptx\"><strong>5. Charlas Expertos &#8211; Carlos Iv\u00e1n Guti\u00e9rrez<\/strong><\/a><\/div>\r\n<div class=\"bs-shortcode-alert alert alert-info\"><a href=\"https:\/\/www.umv.gov.co\/foro\/Primer_Dia\/Charlas_Expertos-Yann_Goyat.pptx\"><strong>6. Charlas Expertos\u00a0 &#8211; Yann Goyat<\/strong><\/a><\/div>\r\n<div class=\"bs-shortcode-alert alert alert-info\"><a href=\"https:\/\/www.umv.gov.co\/foro\/Primer_Dia\/CharlasExpertos-Gerardo_Flintsch.pptx\"><strong>7. Charlas Expertos\u00a0 &#8211; Gerardo Flintsch<\/strong><\/a><\/div>\r\n<div class=\"bs-shortcode-alert alert alert-info\"><a href=\"https:\/\/www.umv.gov.co\/foro\/Primer_Dia\/Charlas_Expertos-Monica_Lopez.pptx\"><strong>8. Charlas Expertos\u00a0 &#8211; Monica L\u00f3pez<\/strong><\/a><\/div>\r\n<div class=\"bs-shortcode-alert alert alert-info\"><a href=\"https:\/\/www.umv.gov.co\/foro\/Primer_Dia\/Panel-Andres_Uribe.pdf\"><strong>9. Panel 1 &#8211; Andr\u00e9s Uribe<\/strong><\/a><\/div>\r\n<div class=\"bs-shortcode-alert alert alert-info\"><strong><a href=\"https:\/\/www.umv.gov.co\/foro\/Primer_Dia\/Panel_1-Cesar_Faundez.pptx\">10. Panel 1 &#8211; C\u00e9sar Faundez<\/a><\/strong><\/div>\r\n<div class=\"bs-shortcode-alert alert alert-info\"><a href=\"https:\/\/www.umv.gov.co\/foro\/Primer_Dia\/Panel_1-Jose_Luis_Infanzon.ppt\"><strong>11. Panel 1 Jose Luis Infanzon<\/strong><\/a><\/div>\r\n[\/bs-text][bs-text title=&#8221;Presentaciones foro Conservaci\u00f3n de V\u00edas Urbanas Segundo d\u00eda&#8221; show_title=&#8221;1&#8243; icon=&#8221;&#8221; title_link=&#8221;&#8221; heading_color=&#8221;&#8221; heading_style=&#8221;default&#8221; heading_tag=&#8221;h3&#8243; bs-show-desktop=&#8221;1&#8243; bs-show-tablet=&#8221;1&#8243; bs-show-phone=&#8221;1&#8243; bs-text-color-scheme=&#8221;&#8221; css=&#8221;&#8221; custom-css-class=&#8221;&#8221; custom-id=&#8221;&#8221;]\r\n<div class=\"bs-shortcode-alert alert alert-info\"><a href=\"https:\/\/www.umv.gov.co\/foro\/Segundo_Dia\/Panel_2-Andres_Uribe.pdf\"><strong>1. Panel 2 &#8211; Andr\u00e9s Uribe<\/strong><\/a><\/div>\r\n<div class=\"bs-shortcode-alert alert alert-info\"><a href=\"https:\/\/www.umv.gov.co\/foro\/Segundo_Dia\/Panel_2-Joanny_Camelo.pptx\"><strong>2. Panel 2 &#8211; Joanny Camelo<\/strong><\/a><\/div>\r\n<div class=\"bs-shortcode-alert alert alert-info\"><a href=\"https:\/\/www.umv.gov.co\/foro\/Segundo_Dia\/Panel_2-Robinson_Gallardo.pptx\"><strong>3. Panel 2 &#8211; Robinson Gallardo<\/strong><\/a><\/div>\r\n<div class=\"bs-shortcode-alert alert alert-info\"><a href=\"https:\/\/www.umv.gov.co\/foro\/Segundo_Dia\/Panel_2-Sara_Alzate.pptx\"><strong>4. Panel 2 &#8211; Sara Alzate<\/strong><\/a><\/div>\r\n<div class=\"bs-shortcode-alert alert alert-info\"><a href=\"https:\/\/www.umv.gov.co\/foro\/Segundo_Dia\/Panel_2-Yann_Goyat.pptx\"><strong>5. Panel 2 &#8211; Yann Goyat<\/strong><\/a><\/div>\r\n[\/bs-text][\/vc_tta_section][\/vc_tta_tabs][\/vc_column][\/vc_row]<\/div>","protected":false},"excerpt":{"rendered":"[vc_row][vc_column][vc_btn title=&#8221;MEMORIAS FORO CONSERVACI\u00d3N DE V\u00cdAS URBANAS 23 Y 24 DE MAYO DE 2019&#8243; style=&#8221;outline-custom&#8221; outline_custom_color=&#8221;#1e73be&#8221; outline_custom_hover_background=&#8221;#ffffff&#8221; outline_custom_hover_text=&#8221;#1e73be&#8221; size=&#8221;lg&#8221; align=&#8221;center&#8221; i_icon_fontawesome=&#8221;fa fa-print&#8221; button_block=&#8221;true&#8221; add_icon=&#8221;true&#8221; link=&#8221;url:https%3A%2F%2Fwww.umv.gov.co%2Fportal%2Fwp-content%2Fuploads%2F2019%2F09%2FMEMORIAS-FORO-23-24-MAYO-UMV-2.docx|||&#8221;][\/vc_column][\/vc_row][vc_row][vc_column][vc_tta_tabs color=&#8221;blue&#8221; active_section=&#8221;1&#8243;][vc_tta_section title=&#8221;Presentaciones primer d\u00eda&#8221; tab_id=&#8221;1559695650885-52e8e59f-e28c&#8221;][bs-text title=&#8221;Presentaciones foro Conservaci\u00f3n de V\u00edas Urbanas Primer D\u00eda&#8221; show_title=&#8221;1&#8243;&#8230;","protected":false},"author":1,"featured_media":0,"parent":0,"menu_order":0,"comment_status":"closed","ping_status":"closed","template":"","meta":{"_monsterinsights_skip_tracking":false,"_monsterinsights_sitenote_active":false,"_monsterinsights_sitenote_note":"","_monsterinsights_sitenote_category":0,"footnotes":""},"class_list":["post-8522","page","type-page","status-publish","hentry"],"_links":{"self":[{"href":"https:\/\/www.umv.gov.co\/portal\/wp-json\/wp\/v2\/pages\/8522","targetHints":{"allow":["GET"]}}],"collection":[{"href":"https:\/\/www.umv.gov.co\/portal\/wp-json\/wp\/v2\/pages"}],"about":[{"href":"https:\/\/www.umv.gov.co\/portal\/wp-json\/wp\/v2\/types\/page"}],"author":[{"embeddable":true,"href":"https:\/\/www.umv.gov.co\/portal\/wp-json\/wp\/v2\/users\/1"}],"replies":[{"embeddable":true,"href":"https:\/\/www.umv.gov.co\/portal\/wp-json\/wp\/v2\/comments?post=8522"}],"version-history":[{"count":0,"href":"https:\/\/www.umv.gov.co\/portal\/wp-json\/wp\/v2\/pages\/8522\/revisions"}],"wp:attachment":[{"href":"https:\/\/www.umv.gov.co\/portal\/wp-json\/wp\/v2\/media?parent=8522"}],"curies":[{"name":"wp","href":"https:\/\/api.w.org\/{rel}","templated":true}]}}