{"id":8223,"date":"2019-03-14T23:13:10","date_gmt":"2019-03-14T23:13:10","guid":{"rendered":"https:\/\/www.umv.gov.co\/portal\/?page_id=8223"},"modified":"2024-09-06T19:23:27","modified_gmt":"2024-09-06T19:23:27","slug":"control-transparencia-71-2019","status":"publish","type":"page","link":"https:\/\/www.umv.gov.co\/portal\/control-transparencia-71-2019\/","title":{"rendered":"Control -7.1 Informes evaluaci\u00f3n y auditor\u00eda 2019"},"content":{"rendered":"<div class=\"wpb-content-wrapper\"><p>[vc_row pix_particles_check=&#8221;&#8221; css=&#8221;.vc_custom_1725650604600{margin-top: -20px !important;}&#8221;][vc_column]<span class=\"pix-badge-element h6 d-inline-flex mr-1 \"  ><span class=\"badge font-weight-bold secondary-font  bg-secondary  vc_custom_1725650583392  \" style=\" \"><span class=\"text-white\" style=\"\">4.8.1 INFORMES DE EVALUACI\u00d3N Y AUDITOR\u00cdA:<\/span><\/span><\/span>[vc_tta_accordion section_title_tag=&#8221;h6&#8243; style=&#8221;modern&#8221; color=&#8221;white&#8221; c_icon=&#8221;&#8221; active_section=&#8221;&#8221; collapsible_all=&#8221;true&#8221;][vc_tta_section i_icon_fontawesome=&#8221;fa fa-file-text-o&#8221; add_icon=&#8221;true&#8221; title=&#8221;1. Plan anual de Auditor\u00edas&#8221; tab_id=&#8221;1549495924496-320e321a-10d9&#8243;][vc_column_text]<\/p>\n<table width=\"750\" align=\"center\">\n<tbody>\n<tr>\n<td width=\"79\">\n<div class=\"bs-shortcode-alert alert alert-warning\" style=\"text-align: center;\"><b>C\u00d3DIGO<\/b><\/div>\n<\/td>\n<td style=\"text-align: center;\" width=\"345\">\n<div class=\"bs-shortcode-alert alert alert-warning\"><strong>NOMBRE DEL INFORME<\/strong><\/div>\n<\/td>\n<td width=\"74\">\n<div class=\"bs-shortcode-alert alert alert-warning\" style=\"text-align: center;\"><strong>FORMATO<\/strong><\/div>\n<\/td>\n<\/tr>\n<tr>\n<td>\n<div class=\"bs-shortcode-alert alert alert-info\">7.1.1a<\/div>\n<\/td>\n<td>\n<div class=\"bs-shortcode-alert alert alert-info\"><a href=\"https:\/\/www.umv.gov.co\/portal\/wp-content\/uploads\/2019\/02\/Plan-anual-de-auditor%C3%ADas-2019-aprobado-por-comit%C3%A9-CICCI-31012019-.xlsx\" target=\"_blank\" rel=\"noopener\">Plan Anual de Auditorias 2019<\/a><\/div>\n<\/td>\n<td>\n<div class=\"bs-shortcode-alert alert alert-info\">Excel<\/div>\n<\/td>\n<\/tr>\n<tr>\n<td>\n<div class=\"bs-shortcode-alert alert alert-info\">7.1.1b<\/div>\n<\/td>\n<td>\n<div class=\"bs-shortcode-alert alert alert-info\"><a href=\"https:\/\/www.umv.gov.co\/portal\/wp-content\/uploads\/2019\/05\/7.1.1b-Plan-Anual-de-Auditorias-versi\u00f3n-2.xlsx\" target=\"_blank\" rel=\"noopener\">Plan Anual de Auditorias 2019 Versi\u00f3n 2<\/a><\/div>\n<\/td>\n<td>\n<div class=\"bs-shortcode-alert alert alert-info\">Excel<\/div>\n<\/td>\n<\/tr>\n<\/tbody>\n<\/table>\n<p>[\/vc_column_text][\/vc_tta_section][vc_tta_section i_icon_fontawesome=&#8221;fa fa-file-text-o&#8221; add_icon=&#8221;true&#8221; title=&#8221;2. Informes finales de auditor\u00eda&#8221; tab_id=&#8221;1549495924539-1d9fcb52-efe0&#8243;][vc_column_text]<\/p>\n<table width=\"750\" align=\"center\">\n<tbody>\n<tr>\n<td width=\"79\">\n<div class=\"bs-shortcode-alert alert alert-warning\" style=\"text-align: center;\"><b>C\u00d3DIGO<\/b><\/div>\n<\/td>\n<td style=\"text-align: center;\" width=\"345\">\n<div class=\"bs-shortcode-alert alert alert-warning\"><strong>NOMBRE DEL INFORME<\/strong><\/div>\n<\/td>\n<td width=\"74\">\n<div class=\"bs-shortcode-alert alert alert-warning\" style=\"text-align: center;\"><strong>FORMATO<\/strong><\/div>\n<\/td>\n<\/tr>\n<tr>\n<td>\n<div class=\"bs-shortcode-alert alert alert-info\">7.2.1a<\/div>\n<\/td>\n<td>\n<div class=\"bs-shortcode-alert alert alert-info\"><a href=\"https:\/\/www.umv.gov.co\/portal\/wp-content\/uploads\/2019\/08\/7.1.2a-Auditoria-Intervenci\u00f3n-de-la-Malla-Vial.doc\" target=\"_blank\" rel=\"noopener\">Auditor\u00eda de Intervenci\u00f3n de la Malla Vial 2019<\/a><\/div>\n<\/td>\n<td>\n<div class=\"bs-shortcode-alert alert alert-info\">Word<\/div>\n<\/td>\n<\/tr>\n<tr>\n<td>\n<div class=\"bs-shortcode-alert alert alert-info\">7.2.1b<\/div>\n<\/td>\n<td>\n<div class=\"bs-shortcode-alert alert alert-info\"><a href=\"http:\/\/www.umv.gov.co\/oci\/7.1.2b_Auditoria_Contratacion.docx\" target=\"_blank\" rel=\"noopener\">Auditor\u00eda de Contrataci\u00f3n 2019<\/a><\/div>\n<\/td>\n<td>\n<div class=\"bs-shortcode-alert alert alert-info\">Word<\/div>\n<\/td>\n<\/tr>\n<tr>\n<td>\n<div class=\"bs-shortcode-alert alert alert-info\">7.2.1c<\/div>\n<\/td>\n<td>\n<div class=\"bs-shortcode-alert alert alert-info\"><a href=\"https:\/\/www.umv.gov.co\/portal\/wp-content\/uploads\/2019\/10\/7.2.1c-Auditoria-Direccionamiento-Estrategico-e-Innovaci\u00f3n.docx\">Auditoria de\u00a0<span lang=\"es\">Direccionamiento Estrat\u00e9gico e Innovaci\u00f3n 2019<\/span><\/a><\/div>\n<\/td>\n<td>\n<div class=\"bs-shortcode-alert alert alert-info\">Word<\/div>\n<\/td>\n<\/tr>\n<tr>\n<td>\n<div class=\"bs-shortcode-alert alert alert-info\">7.2.1d<\/div>\n<\/td>\n<td>\n<div class=\"bs-shortcode-alert alert alert-info\"><a href=\"https:\/\/www.umv.gov.co\/portal\/wp-content\/uploads\/2019\/12\/Auditoria-Planificaci\u00f3n-de-Ia-Intervenci\u00f3n-Vial-2019.doc\">Auditoria\u00a0 Planificaci\u00f3n de la Intervenci\u00f3n vial 2019<\/a><\/div>\n<\/td>\n<td>\n<div class=\"bs-shortcode-alert alert alert-info\">Word<\/div>\n<\/td>\n<\/tr>\n<tr>\n<td>\n<div class=\"bs-shortcode-alert alert alert-info\">7.2.1e<\/div>\n<\/td>\n<td>\n<div class=\"bs-shortcode-alert alert alert-info\"><a href=\"https:\/\/www.umv.gov.co\/portal\/wp-content\/uploads\/2019\/12\/Auditor\u00eda-Gesti\u00f3n-Documental-2019.doc\">Auditoria Gesti\u00f3n Documental 2019<\/a><\/div>\n<\/td>\n<td>\n<div class=\"bs-shortcode-alert alert alert-info\">Word<\/div>\n<\/td>\n<\/tr>\n<\/tbody>\n<\/table>\n<p>[\/vc_column_text][\/vc_tta_section][vc_tta_section i_icon_fontawesome=&#8221;fa fa-file-text-o&#8221; add_icon=&#8221;true&#8221; title=&#8221;3. Informe pormenorizado del Sistema de Control Interno&#8221; tab_id=&#8221;1551475014488-6087b092-7ceb&#8221;][vc_column_text]<\/p>\n<table width=\"950\" align=\"center\">\n<tbody>\n<tr>\n<td width=\"79\">\n<div class=\"bs-shortcode-alert alert alert-warning\" style=\"text-align: center;\"><strong>C\u00d3DIGO<\/strong><\/div>\n<\/td>\n<td style=\"text-align: center;\" width=\"345\">\n<div class=\"bs-shortcode-alert alert alert-warning\"><strong>NOMBRE DEL INFORME<\/strong><\/div>\n<\/td>\n<td width=\"74\">\n<div class=\"bs-shortcode-alert alert alert-warning\" style=\"text-align: center;\"><strong>FORMATO\u00a0<\/strong><\/div>\n<\/td>\n<\/tr>\n<tr>\n<td>\n<div class=\"bs-shortcode-alert alert alert-info\">7.1.3a<\/div>\n<\/td>\n<td>\n<div class=\"bs-shortcode-alert alert alert-info\"><a href=\"https:\/\/www.umv.gov.co\/boletin\/UAERMV_InformePormenorizadoSCI 2019-Cuatrim1.docx\" target=\"_blank\" rel=\"noopener\">\u00a0Informe Pormenorizado del Sistema de Control Interno I Cuatrimestre 2019<\/a><\/div>\n<\/td>\n<td>\n<div class=\"bs-shortcode-alert alert alert-info\">Word<\/div>\n<\/td>\n<\/tr>\n<tr>\n<td>\n<div class=\"bs-shortcode-alert alert alert-info\">7.1.3b<\/div>\n<\/td>\n<td>\n<div class=\"bs-shortcode-alert alert alert-info\"><a href=\"https:\/\/www.umv.gov.co\/portal\/wp-content\/uploads\/2019\/07\/UAERMV-InformePormenorizadoSCI-2019-Cuatrim-2.docx\">\u00a0Informe Pormenorizado del Sistema de Control Interno Cuatrimestre Marzo &#8211; Junio 2019<\/a><\/div>\n<\/td>\n<td>\n<div class=\"bs-shortcode-alert alert alert-info\">Word<\/div>\n<\/td>\n<\/tr>\n<tr>\n<td>\n<div class=\"bs-shortcode-alert alert alert-info\">7.1.3c<\/div>\n<\/td>\n<td>\n<div class=\"bs-shortcode-alert alert alert-info\"><a href=\"https:\/\/www.umv.gov.co\/portal\/wp-content\/uploads\/2019\/12\/UAERMV-InformePormenorizadoSCI-2019-Cuatrim3-final.docx\">Informe pormenorizado del sistema de control interno &#8211; cuatrimestre julio-octubre de 2019<\/a><\/div>\n<\/td>\n<td>\n<div class=\"bs-shortcode-alert alert alert-info\">Word<\/div>\n<\/td>\n<\/tr>\n<tr>\n<td>\n<div class=\"bs-shortcode-alert alert alert-info\">7.1.3d<\/div>\n<\/td>\n<td>\n<div class=\"bs-shortcode-alert alert alert-info\"><a href=\"https:\/\/www.umv.gov.co\/portal\/wp-content\/uploads\/2020\/02\/UAERMV-InformePormenorizadoSCI-Bimestre-NOV-DIV-2019-31-01-2020.docx\">Informe pormenorizado del sistema de control interno \u2013 Bimestre Noviembre-Diciembre de 2019.<\/a><\/div>\n<\/td>\n<td>\n<div class=\"bs-shortcode-alert alert alert-info\">Word<\/div>\n<\/td>\n<\/tr>\n<\/tbody>\n<\/table>\n<p>[\/vc_column_text][\/vc_tta_section][vc_tta_section i_icon_fontawesome=&#8221;fa fa-file-text-o&#8221; add_icon=&#8221;true&#8221; title=&#8221;4. Informes elaborados por \u00f3rganos de control externos 2019&#8243; tab_id=&#8221;1577831656919-26c4f820-a897&#8243;][vc_column_text]<\/p>\n<table width=\"950\" align=\"center\">\n<tbody>\n<tr>\n<td width=\"79\">\n<div class=\"bs-shortcode-alert alert alert-warning\" style=\"text-align: center;\"><strong>C\u00d3DIGO<\/strong><\/div>\n<\/td>\n<td style=\"text-align: center;\" width=\"345\">\n<div class=\"bs-shortcode-alert alert alert-warning\"><strong>NOMBRE DEL INFORME<\/strong><\/div>\n<\/td>\n<td width=\"74\">\n<div class=\"bs-shortcode-alert alert alert-warning\" style=\"text-align: center;\"><strong>FORMATO\u00a0<\/strong><\/div>\n<\/td>\n<\/tr>\n<tr>\n<td>\n<div class=\"bs-shortcode-alert alert alert-info\">7.1.4a<\/div>\n<\/td>\n<td>\n<div class=\"bs-shortcode-alert alert alert-info\"><a href=\"https:\/\/www.umv.gov.co\/portal\/wp-content\/uploads\/2019\/12\/REGULARIDAD-CODIGO-63-PAD-2019-PERIODO-AUDITADO-2018.pdf\" target=\"_blank\" rel=\"noopener\">AUDITOR\u00cdA\u00a0REGULARIDAD C\u00d3DIGO 63 &#8211; PAD 2019 &#8211; PERIODO AUDITADO 2018<\/a><\/div>\n<\/td>\n<td>\n<div class=\"bs-shortcode-alert alert alert-info\">PDF<\/div>\n<\/td>\n<\/tr>\n<tr>\n<td>\n<div class=\"bs-shortcode-alert alert alert-info\">7.1.4b<\/div>\n<\/td>\n<td>\n<div class=\"bs-shortcode-alert alert alert-info\"><a href=\"https:\/\/www.umv.gov.co\/portal\/wp-content\/uploads\/2019\/12\/DESEMPE\u00d1O-CODIGO-76-PAD-2019-PERIDODO-AUDITADO-2018.pdf\" target=\"_blank\" rel=\"noopener\">AUDITOR\u00cdA\u00a0DESEMPE\u00d1O C\u00d3DIGO 76 &#8211; PAD 2019 &#8211; PERIODO AUDITADO 2018<\/a><\/div>\n<\/td>\n<td>\n<div class=\"bs-shortcode-alert alert alert-info\">PDF<\/div>\n<\/td>\n<\/tr>\n<tr>\n<td><\/td>\n<td><\/td>\n<td><\/td>\n<\/tr>\n<\/tbody>\n<\/table>\n<p>[\/vc_column_text][\/vc_tta_section][\/vc_tta_accordion][\/vc_column][\/vc_row]<\/p>\n<\/div>","protected":false},"excerpt":{"rendered":"[vc_row pix_particles_check=&#8221;&#8221; css=&#8221;.vc_custom_1725650604600{margin-top: -20px !important;}&#8221;][vc_column][vc_tta_accordion section_title_tag=&#8221;h6&#8243; style=&#8221;modern&#8221; color=&#8221;white&#8221; c_icon=&#8221;&#8221; active_section=&#8221;&#8221; collapsible_all=&#8221;true&#8221;][vc_tta_section i_icon_fontawesome=&#8221;fa fa-file-text-o&#8221; add_icon=&#8221;true&#8221; title=&#8221;1. Plan anual de Auditor\u00edas&#8221; tab_id=&#8221;1549495924496-320e321a-10d9&#8243;][vc_column_text] C\u00d3DIGO NOMBRE DEL INFORME FORMATO 7.1.1a Plan Anual de Auditorias 2019 Excel 7.1.1b Plan Anual de Auditorias 2019 Versi\u00f3n 2&#8230;","protected":false},"author":1,"featured_media":0,"parent":0,"menu_order":0,"comment_status":"closed","ping_status":"closed","template":"","meta":{"_monsterinsights_skip_tracking":false,"_monsterinsights_sitenote_active":false,"_monsterinsights_sitenote_note":"","_monsterinsights_sitenote_category":0,"footnotes":""},"class_list":["post-8223","page","type-page","status-publish","hentry"],"_links":{"self":[{"href":"https:\/\/www.umv.gov.co\/portal\/wp-json\/wp\/v2\/pages\/8223","targetHints":{"allow":["GET"]}}],"collection":[{"href":"https:\/\/www.umv.gov.co\/portal\/wp-json\/wp\/v2\/pages"}],"about":[{"href":"https:\/\/www.umv.gov.co\/portal\/wp-json\/wp\/v2\/types\/page"}],"author":[{"embeddable":true,"href":"https:\/\/www.umv.gov.co\/portal\/wp-json\/wp\/v2\/users\/1"}],"replies":[{"embeddable":true,"href":"https:\/\/www.umv.gov.co\/portal\/wp-json\/wp\/v2\/comments?post=8223"}],"version-history":[{"count":0,"href":"https:\/\/www.umv.gov.co\/portal\/wp-json\/wp\/v2\/pages\/8223\/revisions"}],"wp:attachment":[{"href":"https:\/\/www.umv.gov.co\/portal\/wp-json\/wp\/v2\/media?parent=8223"}],"curies":[{"name":"wp","href":"https:\/\/api.w.org\/{rel}","templated":true}]}}