{"id":8074,"date":"2019-03-06T22:01:18","date_gmt":"2019-03-06T22:01:18","guid":{"rendered":"https:\/\/www.umv.gov.co\/portal\/?page_id=8074"},"modified":"2024-09-05T23:28:09","modified_gmt":"2024-09-05T23:28:09","slug":"control-transparencia-2-3","status":"publish","type":"page","link":"https:\/\/www.umv.gov.co\/portal\/control-transparencia-2-3\/","title":{"rendered":"Control &#8211;\t7.3 Planes de Mejoramiento"},"content":{"rendered":"<div class=\"wpb-content-wrapper\"><p>[vc_row pix_particles_check=&#8221;&#8221; css=&#8221;.vc_custom_1725578878750{margin-top: -20px !important;}&#8221;][vc_column]<span class=\"pix-badge-element h6 d-inline-flex mr-1 \"  ><span class=\"badge font-weight-bold secondary-font  bg-secondary  vc_custom_1725578868226  \" style=\" \"><span class=\"text-white\" style=\"\">4.7.5 PLANES DE MEJORAMIENTO<\/span><\/span><\/span>[vc_tta_accordion section_title_tag=&#8221;h5&#8243; style=&#8221;modern&#8221; color=&#8221;white&#8221; c_icon=&#8221;&#8221; active_section=&#8221;&#8221; collapsible_all=&#8221;true&#8221;][vc_tta_section i_icon_fontawesome=&#8221;fa fa-file-text-o&#8221; add_icon=&#8221;true&#8221; title=&#8221;1. Derivados de auditor\u00edas ejecutadas por la Contralor\u00eda de Bogot\u00e1&#8221; tab_id=&#8221;1551489587845-07dc7282-5fb9&#8243;][vc_column_text]<\/p>\n<table width=\"744\" align=\"center\">\n<tbody>\n<tr>\n<td style=\"text-align: center;\" width=\"80\">\n<div class=\"bs-shortcode-alert alert alert-warning\"><strong>C\u00d3DIGO<\/strong><\/div>\n<\/td>\n<td style=\"text-align: center;\" width=\"536\">\n<div class=\"bs-shortcode-alert alert alert-warning\"><strong>NOMBRE DEL INFORME<\/strong><\/div>\n<\/td>\n<td style=\"text-align: center;\" width=\"128\">\n<div class=\"bs-shortcode-alert alert alert-warning\"><strong>FORMATO\u00a0<\/strong><\/div>\n<\/td>\n<\/tr>\n<tr>\n<td>\n<div class=\"bs-shortcode-alert alert alert-info\">7.3.1a<\/div>\n<\/td>\n<td>\n<div class=\"bs-shortcode-alert alert alert-info\"><a href=\"https:\/\/www.umv.gov.co\/portal\/wp-content\/uploads\/2019\/03\/731a.-PM-auditor\u00edas-y-visitas-de-control-fiscal-2017.xlsx\">PM auditor\u00edas y visitas de control fiscal 2017<\/a><\/div>\n<\/td>\n<td>\n<div class=\"bs-shortcode-alert alert alert-info\">Excel<\/div>\n<\/td>\n<\/tr>\n<tr>\n<td>\n<div class=\"bs-shortcode-alert alert alert-info\">7.3.1b<\/div>\n<\/td>\n<td>\n<div class=\"bs-shortcode-alert alert alert-info\"><a href=\"https:\/\/www.umv.gov.co\/portal\/wp-content\/uploads\/2019\/03\/731b.-PM-auditor\u00eda-de-regularidad-I-sem-2018.xlsx\">PM auditor\u00eda de regularidad I sem 2018<\/a><\/div>\n<\/td>\n<td>\n<div class=\"bs-shortcode-alert alert alert-info\">Excel<\/div>\n<\/td>\n<\/tr>\n<tr>\n<td>\n<div class=\"bs-shortcode-alert alert alert-info\">7.3.1.c<\/div>\n<\/td>\n<td>\n<div class=\"bs-shortcode-alert alert alert-info\"><a href=\"https:\/\/www.umv.gov.co\/portal\/wp-content\/uploads\/2019\/03\/731c.-PM-auditor\u00eda-desempe\u00f1o-II-sem-2018.xlsx\">PM auditor\u00eda desempe\u00f1o II sem 2018<\/a><\/div>\n<\/td>\n<td>\n<div class=\"bs-shortcode-alert alert alert-info\">Excel<\/div>\n<\/td>\n<\/tr>\n<\/tbody>\n<\/table>\n<p>[\/vc_column_text][\/vc_tta_section][vc_tta_section i_icon_fontawesome=&#8221;fa fa-file-text-o&#8221; add_icon=&#8221;true&#8221; title=&#8221;2. Derivados de auditor\u00edas ejecutadas por la Oficina de Control Interno&#8221; tab_id=&#8221;1551489587917-587cd27f-2e3a&#8221;][vc_column_text]<\/p>\n<table width=\"744\" align=\"center\">\n<tbody>\n<tr>\n<td style=\"text-align: center;\" width=\"80\">\n<div class=\"bs-shortcode-alert alert alert-warning\"><b>C\u00d3DIGO<\/b><\/div>\n<\/td>\n<td style=\"text-align: center;\" width=\"536\">\n<div class=\"bs-shortcode-alert alert alert-warning\"><strong>NOMBRE DEL INFORME<\/strong><\/div>\n<\/td>\n<td style=\"text-align: center;\" width=\"128\">\n<div class=\"bs-shortcode-alert alert alert-warning\"><strong>FORMATO<\/strong><\/div>\n<\/td>\n<\/tr>\n<tr>\n<td>\n<div class=\"bs-shortcode-alert alert alert-info\">7.3.2a<\/div>\n<\/td>\n<td>\n<div class=\"bs-shortcode-alert alert alert-info\"><a href=\"https:\/\/www.umv.gov.co\/portal\/wp-content\/uploads\/2019\/03\/732a.-PM-Comunicaciones-2018.xlsx\">PM Comunicaciones\u00a0<\/a><\/div>\n<\/td>\n<td>\n<div class=\"bs-shortcode-alert alert alert-info\">Excel<\/div>\n<\/td>\n<\/tr>\n<tr>\n<td>\n<div class=\"bs-shortcode-alert alert alert-info\">7.3.2b<\/div>\n<\/td>\n<td>\n<div class=\"bs-shortcode-alert alert alert-info\"><a href=\"https:\/\/www.umv.gov.co\/portal\/wp-content\/uploads\/2019\/03\/732b.-PM-Talento-Humano.xlsx\">PM Talento Humano<\/a><\/div>\n<\/td>\n<td>\n<div class=\"bs-shortcode-alert alert alert-info\">Excel<\/div>\n<\/td>\n<\/tr>\n<tr>\n<td>\n<div class=\"bs-shortcode-alert alert alert-info\">7.3.2c<\/div>\n<\/td>\n<td>\n<div class=\"bs-shortcode-alert alert alert-info\"><a href=\"https:\/\/www.umv.gov.co\/portal\/wp-content\/uploads\/2019\/03\/732c.-PM-Producci\u00f3n-2018.xlsx\">PM Producci\u00f3n\u00a0<\/a><\/div>\n<\/td>\n<td>\n<div class=\"bs-shortcode-alert alert alert-info\">Excel<\/div>\n<\/td>\n<\/tr>\n<tr>\n<td>\n<div class=\"bs-shortcode-alert alert alert-info\">7.3.2d<\/div>\n<\/td>\n<td>\n<div class=\"bs-shortcode-alert alert alert-info\"><a href=\"https:\/\/www.umv.gov.co\/portal\/wp-content\/uploads\/2019\/03\/732d.-PM-Sistemas-de-Informaci\u00f3n-Tecnolog\u00eda.xlsx\">PM Sistemas de Informaci\u00f3n Tecnolog\u00eda<\/a><\/div>\n<\/td>\n<td>\n<div class=\"bs-shortcode-alert alert alert-info\">Excel<\/div>\n<\/td>\n<\/tr>\n<tr>\n<td>\n<div class=\"bs-shortcode-alert alert alert-info\">7.3.2e<\/div>\n<\/td>\n<td>\n<div class=\"bs-shortcode-alert alert alert-info\"><a href=\"https:\/\/www.umv.gov.co\/portal\/wp-content\/uploads\/2019\/03\/732e.-PM-Financiera-2018.xlsx\">PM Financiera\u00a0<\/a><\/div>\n<\/td>\n<td>\n<div class=\"bs-shortcode-alert alert alert-info\">Excel<\/div>\n<\/td>\n<\/tr>\n<tr>\n<td>\n<div class=\"bs-shortcode-alert alert alert-info\">7.3.2f<\/div>\n<\/td>\n<td>\n<div class=\"bs-shortcode-alert alert alert-info\"><a href=\"https:\/\/www.umv.gov.co\/portal\/wp-content\/uploads\/2019\/03\/732f.-PM-Jur\u00eddica-2018.xlsx\">PM Juridica\u00a0<\/a><\/div>\n<\/td>\n<td>\n<div class=\"bs-shortcode-alert alert alert-info\">Excel<\/div>\n<\/td>\n<\/tr>\n<tr>\n<td>\n<div class=\"bs-shortcode-alert alert alert-info\">7.3.2g<\/div>\n<\/td>\n<td>\n<div class=\"bs-shortcode-alert alert alert-info\"><a href=\"https:\/\/www.umv.gov.co\/portal\/wp-content\/uploads\/2019\/03\/732g.-PM-Atenci\u00f3n-al-Ciudadano.xlsx\">PM Atencion al Ciudadano<\/a><\/div>\n<\/td>\n<td>\n<div class=\"bs-shortcode-alert alert alert-info\">Excel<\/div>\n<\/td>\n<\/tr>\n<tr>\n<td>\n<div class=\"bs-shortcode-alert alert alert-info\">7.3.2h<\/div>\n<\/td>\n<td>\n<div class=\"bs-shortcode-alert alert alert-info\"><a href=\"https:\/\/www.umv.gov.co\/portal\/wp-content\/uploads\/2019\/03\/732h.-PM-Administracion-de-Bienes-e-Infraestructura-2018.xlsx\">\u00a0PM Administracion de Bienes e Infraestructura\u00a0<\/a><\/div>\n<\/td>\n<td>\n<div class=\"bs-shortcode-alert alert alert-info\">Excel<\/div>\n<\/td>\n<\/tr>\n<tr>\n<td>\n<div class=\"bs-shortcode-alert alert alert-info\">7.3.2i<\/div>\n<\/td>\n<td>\n<div class=\"bs-shortcode-alert alert alert-info\"><a href=\"https:\/\/www.umv.gov.co\/portal\/wp-content\/uploads\/2019\/03\/732i.-PM-Control-Interno-Disciplinario-2018.xlsx\">PM Control Interno Disciplinario\u00a0<\/a><\/div>\n<\/td>\n<td>\n<div class=\"bs-shortcode-alert alert alert-info\">Excel<\/div>\n<\/td>\n<\/tr>\n<tr>\n<td>\n<div class=\"bs-shortcode-alert alert alert-info\">7.3.2j<\/div>\n<\/td>\n<td>\n<div class=\"bs-shortcode-alert alert alert-info\"><a href=\"https:\/\/www.umv.gov.co\/portal\/wp-content\/uploads\/2019\/03\/732j.-PM-Gesti\u00f3n-Documental-Derivado-Traslado-de-Hallazgos.xlsx\">PM Gesti\u00f3n Documental -Producto Traslado de Hallazgos<\/a><\/div>\n<\/td>\n<td>\n<div class=\"bs-shortcode-alert alert alert-info\">Excel<\/div>\n<\/td>\n<\/tr>\n<tr>\n<td>\n<div class=\"bs-shortcode-alert alert alert-info\">7-3.2k<\/div>\n<\/td>\n<td>\n<div class=\"bs-shortcode-alert alert alert-info\"><a href=\"https:\/\/www.umv.gov.co\/portal\/wp-content\/uploads\/2019\/03\/732k.-PM-Sistema-Integrado-de-Gesti\u00f3n-Producto-Traslado-de-Hallazgos.xlsx\">PM\u00a0 Sistema Integrado de Gesti\u00f3n -Producto Traslado de Hallazgos<\/a><\/div>\n<\/td>\n<td>\n<div class=\"bs-shortcode-alert alert alert-info\">Excel<\/div>\n<\/td>\n<\/tr>\n<\/tbody>\n<\/table>\n<p>[\/vc_column_text][\/vc_tta_section][vc_tta_section i_icon_fontawesome=&#8221;fa fa-file-text-o&#8221; add_icon=&#8221;true&#8221; title=&#8221;3. Derivados de visitas efectuadas por el Consejo Distrital de Archivos&#8221; tab_id=&#8221;1551489588006-df32c489-bc9e&#8221;][vc_column_text]<\/p>\n<table width=\"744\" align=\"center\">\n<tbody>\n<tr>\n<td style=\"text-align: center;\" width=\"80\">\n<div class=\"bs-shortcode-alert alert alert-warning\"><strong>C\u00d3DIGO<\/strong><\/div>\n<\/td>\n<td style=\"text-align: center;\" width=\"536\">\n<div class=\"bs-shortcode-alert alert alert-warning\"><strong>NOMBRE DEL INFORME<\/strong><\/div>\n<\/td>\n<td style=\"text-align: center;\" width=\"128\">\n<div class=\"bs-shortcode-alert alert alert-warning\"><strong>FORMATO<\/strong><\/div>\n<\/td>\n<\/tr>\n<tr>\n<td>\n<div class=\"bs-shortcode-alert alert alert-info\"><strong>7.3.3a<\/strong><\/div>\n<\/td>\n<td>\n<div class=\"bs-shortcode-alert alert alert-info\"><a href=\"https:\/\/www.umv.gov.co\/portal\/wp-content\/uploads\/2020\/03\/PM-Archivistico-Resultado-Visita-CDA-2017-2018.xlsx\"><strong>PM Gesti\u00f3n Documental -Resultado Visita Consejo Distrital de Archivos 2017-2018<\/strong><\/a><\/div>\n<\/td>\n<td>\n<div class=\"bs-shortcode-alert alert alert-info\"><strong>Excel<\/strong><\/div>\n<\/td>\n<\/tr>\n<\/tbody>\n<\/table>\n<p>[\/vc_column_text][\/vc_tta_section][vc_tta_section i_icon_fontawesome=&#8221;fa fa-file-text-o&#8221; add_icon=&#8221;true&#8221; title=&#8221;4. Derivados de la autoevaluaci\u00f3n de los procesos&#8221; tab_id=&#8221;1551626547598-96f756c6-bc07&#8243;][vc_column_text]<\/p>\n<table width=\"744\" align=\"center\">\n<tbody>\n<tr>\n<td width=\"80\">\n<div class=\"bs-shortcode-alert alert alert-warning\" style=\"text-align: center;\"><b>C\u00d3DIGO<\/b><\/div>\n<\/td>\n<td style=\"text-align: center;\" width=\"536\">\n<div class=\"bs-shortcode-alert alert alert-warning\"><strong>NOMBRE DEL INFORME<\/strong><\/div>\n<\/td>\n<td width=\"128\">\n<div class=\"bs-shortcode-alert alert alert-warning\" style=\"text-align: center;\"><strong>FORMATO\u00a0<\/strong><\/div>\n<\/td>\n<\/tr>\n<tr>\n<td>\n<div class=\"bs-shortcode-alert alert alert-info\">7.3.4a<\/div>\n<\/td>\n<td>\n<div class=\"bs-shortcode-alert alert alert-info\"><a href=\"https:\/\/www.umv.gov.co\/portal\/wp-content\/uploads\/2019\/03\/734a.-PM-Control-para-el-Mejoramiento-de-la-Gesti\u00f3n-Derivada-de-Autoevaluacion-2018.xlsx\">PM Planeaci\u00f3n Estrat\u00e9gica-Derivada de la Rendicion de Cuentas\u00a0<\/a><\/div>\n<\/td>\n<td>\n<div class=\"bs-shortcode-alert alert alert-info\">Excel<\/div>\n<\/td>\n<\/tr>\n<tr>\n<td>\n<div class=\"bs-shortcode-alert alert alert-info\">7.3.4b<\/div>\n<\/td>\n<td>\n<div class=\"bs-shortcode-alert alert alert-info\"><a href=\"https:\/\/www.umv.gov.co\/portal\/wp-content\/uploads\/2019\/03\/734b.-PM-Planeaci\u00f3n-Estrat\u00e9gica-Derivada-de-la-Rendicion-de-Cuentas-2018.xlsx\">PM Control para el Mejoramiento de la Gesti\u00f3n &#8211; Derivada de Autoevaluacion\u00a0<\/a><\/div>\n<\/td>\n<td>\n<div class=\"bs-shortcode-alert alert alert-info\">Excel<\/div>\n<\/td>\n<\/tr>\n<\/tbody>\n<\/table>\n<p>[\/vc_column_text][\/vc_tta_section][\/vc_tta_accordion][\/vc_column][\/vc_row]<\/p>\n<\/div>","protected":false},"excerpt":{"rendered":"[vc_row pix_particles_check=&#8221;&#8221; css=&#8221;.vc_custom_1725578878750{margin-top: -20px !important;}&#8221;][vc_column][vc_tta_accordion section_title_tag=&#8221;h5&#8243; style=&#8221;modern&#8221; color=&#8221;white&#8221; c_icon=&#8221;&#8221; active_section=&#8221;&#8221; collapsible_all=&#8221;true&#8221;][vc_tta_section i_icon_fontawesome=&#8221;fa fa-file-text-o&#8221; add_icon=&#8221;true&#8221; title=&#8221;1. Derivados de auditor\u00edas ejecutadas por la Contralor\u00eda de Bogot\u00e1&#8221; tab_id=&#8221;1551489587845-07dc7282-5fb9&#8243;][vc_column_text] C\u00d3DIGO NOMBRE DEL INFORME FORMATO\u00a0 7.3.1a PM auditor\u00edas y visitas de control fiscal 2017 Excel&#8230;","protected":false},"author":1,"featured_media":0,"parent":0,"menu_order":0,"comment_status":"closed","ping_status":"closed","template":"","meta":{"_monsterinsights_skip_tracking":false,"_monsterinsights_sitenote_active":false,"_monsterinsights_sitenote_note":"","_monsterinsights_sitenote_category":0,"footnotes":""},"class_list":["post-8074","page","type-page","status-publish","hentry"],"_links":{"self":[{"href":"https:\/\/www.umv.gov.co\/portal\/wp-json\/wp\/v2\/pages\/8074","targetHints":{"allow":["GET"]}}],"collection":[{"href":"https:\/\/www.umv.gov.co\/portal\/wp-json\/wp\/v2\/pages"}],"about":[{"href":"https:\/\/www.umv.gov.co\/portal\/wp-json\/wp\/v2\/types\/page"}],"author":[{"embeddable":true,"href":"https:\/\/www.umv.gov.co\/portal\/wp-json\/wp\/v2\/users\/1"}],"replies":[{"embeddable":true,"href":"https:\/\/www.umv.gov.co\/portal\/wp-json\/wp\/v2\/comments?post=8074"}],"version-history":[{"count":0,"href":"https:\/\/www.umv.gov.co\/portal\/wp-json\/wp\/v2\/pages\/8074\/revisions"}],"wp:attachment":[{"href":"https:\/\/www.umv.gov.co\/portal\/wp-json\/wp\/v2\/media?parent=8074"}],"curies":[{"name":"wp","href":"https:\/\/api.w.org\/{rel}","templated":true}]}}