{"id":8071,"date":"2019-03-06T21:56:25","date_gmt":"2019-03-06T21:56:25","guid":{"rendered":"https:\/\/www.umv.gov.co\/portal\/?page_id=8071"},"modified":"2024-09-06T19:32:26","modified_gmt":"2024-09-06T19:32:26","slug":"control-transparencia-2-2","status":"publish","type":"page","link":"https:\/\/www.umv.gov.co\/portal\/control-transparencia-2-2\/","title":{"rendered":"Control -7.2 Reportes de control interno 2018"},"content":{"rendered":"<div class=\"wpb-content-wrapper\"><p>[vc_row pix_particles_check=&#8221;&#8221; css=&#8221;.vc_custom_1725651143076{margin-top: -20px !important;}&#8221;][vc_column]<span class=\"pix-badge-element h6 d-inline-flex mr-1 \"  ><span class=\"badge font-weight-bold secondary-font  bg-secondary  vc_custom_1725651131577  \" style=\" \"><span class=\"text-white\" style=\"\">4.8.2 REPORTES DE CONTROL INTERNO<\/span><\/span><\/span>[vc_tta_accordion section_title_tag=&#8221;h6&#8243; style=&#8221;modern&#8221; color=&#8221;white&#8221; c_icon=&#8221;&#8221; active_section=&#8221;&#8221; collapsible_all=&#8221;true&#8221;][vc_tta_section i_icon_fontawesome=&#8221;fa fa-file-text-o&#8221; add_icon=&#8221;true&#8221; title=&#8221;1. Seguimiento cuatrimestral al Plan Anticorrupci\u00f3n y de Atenci\u00f3n al Ciudadano&#8221; tab_id=&#8221;1551484987948-08c312f8-6f0b&#8221;][vc_column_text]<\/p>\n<table width=\"836\" align=\"center\">\n<tbody>\n<tr>\n<td style=\"text-align: center;\" align=\"center\" width=\"70\">\n<div class=\"bs-shortcode-alert alert alert-warning\"><strong>C\u00d3DIGO<\/strong><\/div>\n<\/td>\n<td style=\"text-align: center;\" width=\"692\">\n<div class=\"bs-shortcode-alert alert alert-warning\"><strong>NOMBRE DEL INFORME<\/strong><\/div>\n<\/td>\n<td style=\"text-align: center;\" width=\"74\">\n<div class=\"bs-shortcode-alert alert alert-warning\"><strong>FORMATO<\/strong><\/div>\n<\/td>\n<\/tr>\n<tr>\n<td>\n<div class=\"bs-shortcode-alert alert alert-info\">7.2.1a<\/div>\n<\/td>\n<td>\n<div class=\"bs-shortcode-alert alert alert-info\"><a href=\"https:\/\/www.umv.gov.co\/portal\/wp-content\/uploads\/2019\/03\/1.Seguimiento-Plan-Anticorrupcion-y-de-Atencion-al-Ciudadano-I-Cuatrimestre-2018.xlsx\">Seguimiento Plan Anticorrupcion y de Atencion al Ciudadano &#8211; I Cuatrimestre 2018<\/a><\/div>\n<\/td>\n<td>\n<div class=\"bs-shortcode-alert alert alert-info\">Excel<\/div>\n<\/td>\n<\/tr>\n<tr>\n<td>\n<div class=\"bs-shortcode-alert alert alert-info\">7.2.1b<\/div>\n<\/td>\n<td>\n<div class=\"bs-shortcode-alert alert alert-info\"><a href=\"https:\/\/www.umv.gov.co\/portal\/wp-content\/uploads\/2019\/03\/2.Seguimiento-Plan-Anticorrupcion-y-de-Atencion-al-Ciudadano-III-Cuatrimestre-2018.xlsx\">Seguimiento Plan Anticorrupcion y de Atencion al Ciudadano &#8211; III Cuatrimestre 2018<\/a><\/div>\n<\/td>\n<td>\n<div class=\"bs-shortcode-alert alert alert-info\">Excel<\/div>\n<\/td>\n<\/tr>\n<tr>\n<td>\n<div class=\"bs-shortcode-alert alert alert-info\">7.2.1c<\/div>\n<\/td>\n<td>\n<div class=\"bs-shortcode-alert alert alert-info\"><a href=\"https:\/\/www.umv.gov.co\/portal\/wp-content\/uploads\/2019\/03\/3.Seguimiento-Plan-Anticorrupcion-y-de-Atencion-al-Ciudadano-III-Trimestre-2018.xlsx\">Seguimiento Plan Anticorrupcion y de Atencion al Ciudadano &#8211; III Trimestre 2018<\/a><\/div>\n<\/td>\n<td>\n<div class=\"bs-shortcode-alert alert alert-info\">Excel<\/div>\n<\/td>\n<\/tr>\n<\/tbody>\n<\/table>\n<p>[\/vc_column_text][\/vc_tta_section][vc_tta_section i_icon_fontawesome=&#8221;fa fa-file-text-o&#8221; add_icon=&#8221;true&#8221; title=&#8221;2. Seguimiento trimestral al mapa de riesgos&#8221; tab_id=&#8221;1551484987990-ed808b2b-6dca&#8221;][vc_column_text]<\/p>\n<table width=\"900\" align=\"center\">\n<tbody>\n<tr>\n<td style=\"text-align: center;\" width=\"70\">\n<div class=\"bs-shortcode-alert alert alert-warning\"><strong>C\u00d3DIGO<\/strong><\/div>\n<\/td>\n<td style=\"text-align: center;\" width=\"692\">\n<div class=\"bs-shortcode-alert alert alert-warning\"><strong>NOMBRE DEL INFORME<\/strong><\/div>\n<\/td>\n<td style=\"text-align: center;\" width=\"74\">\n<div class=\"bs-shortcode-alert alert alert-warning\"><strong>FORMATO\u00a0<\/strong><\/div>\n<\/td>\n<\/tr>\n<tr>\n<td>\n<div class=\"bs-shortcode-alert alert alert-info\">7.2.2a<\/div>\n<\/td>\n<td>\n<div class=\"bs-shortcode-alert alert alert-info\"><a href=\"https:\/\/www.umv.gov.co\/portal\/wp-content\/uploads\/2019\/03\/4.Seguimiento-Mapa-de-Riesgos-Por-Procesos-I-Trimestre-2018.xlsx\">Seguimiento Mapa de Riesgos Por Procesos &#8211; I Trimestre 2018<\/a><\/div>\n<\/td>\n<td>\n<div class=\"bs-shortcode-alert alert alert-info\">Excel<\/div>\n<\/td>\n<\/tr>\n<tr>\n<td>\n<div class=\"bs-shortcode-alert alert alert-info\">7.2.2b<\/div>\n<\/td>\n<td>\n<div class=\"bs-shortcode-alert alert alert-info\"><a href=\"https:\/\/www.umv.gov.co\/portal\/wp-content\/uploads\/2019\/03\/5.Seguimiento-Mapa-de-Riesgos-Por-Procesos-II-Trimestre-2018.pptx\">Seguimiento Mapa de Riesgos Por Procesos &#8211; II Trimestre 2018<\/a><\/div>\n<\/td>\n<td>\n<div class=\"bs-shortcode-alert alert alert-info\">Power Point<\/div>\n<\/td>\n<\/tr>\n<tr>\n<td>\n<div class=\"bs-shortcode-alert alert alert-info\">7.2.2c<\/div>\n<\/td>\n<td>\n<div class=\"bs-shortcode-alert alert alert-info\"><a href=\"https:\/\/www.umv.gov.co\/portal\/wp-content\/uploads\/2019\/03\/6.Seguimiento-Mapa-de-Riesgos-Por-Procesos-III-Trimestre-2018.xlsx\">Seguimiento Mapa de Riesgos Por Procesos &#8211; III Trimestre 2018<\/a><\/div>\n<\/td>\n<td>\n<div class=\"bs-shortcode-alert alert alert-info\">Excel<\/div>\n<\/td>\n<\/tr>\n<tr>\n<td>\n<div class=\"bs-shortcode-alert alert alert-info\">7.2.2d<\/div>\n<\/td>\n<td>\n<div class=\"bs-shortcode-alert alert alert-info\"><a href=\"https:\/\/www.umv.gov.co\/portal\/wp-content\/uploads\/2019\/03\/7.Seguimiento-Mapa-Riesgos-de-Corrupcion-a-diciembre-2018.xlsx\">Seguimiento Mapa Riesgos de Corrupcion a diciembre 2018<\/a><\/div>\n<\/td>\n<td>\n<div class=\"bs-shortcode-alert alert alert-info\">Excel<\/div>\n<\/td>\n<\/tr>\n<\/tbody>\n<\/table>\n<p>[\/vc_column_text][\/vc_tta_section][vc_tta_section i_icon_fontawesome=&#8221;fa fa-file-text-o&#8221; add_icon=&#8221;true&#8221; title=&#8221;3. Seguimiento trimestral a metas Plan de Desarrollo Distrital&#8221; tab_id=&#8221;1551484988054-d64ffc23-fdeb&#8221;][vc_column_text]<\/p>\n<table width=\"836\" align=\"center\">\n<tbody>\n<tr>\n<td style=\"text-align: center;\" width=\"70\">\n<div class=\"bs-shortcode-alert alert alert-warning\"><strong>C\u00d3DIGO<\/strong><\/div>\n<\/td>\n<td style=\"text-align: center;\" width=\"692\">\n<div class=\"bs-shortcode-alert alert alert-warning\"><strong>NOMBRE DEL INFORME<\/strong><\/div>\n<\/td>\n<td style=\"text-align: center;\" width=\"74\">\n<div class=\"bs-shortcode-alert alert alert-warning\"><strong>FORMATO<\/strong><\/div>\n<\/td>\n<\/tr>\n<tr>\n<td>\n<div class=\"bs-shortcode-alert alert alert-info\">7.2.3a<\/div>\n<\/td>\n<td>\n<div class=\"bs-shortcode-alert alert alert-info\"><a href=\"https:\/\/www.umv.gov.co\/portal\/wp-content\/uploads\/2019\/03\/8.Seguimiento-Metas-Plan-de-Desarrollo-Distrital-I-Trimestre-2018.xlsx\">Seguimiento Metas Plan de Desarrollo Distrital &#8211; I Trimestre 2018<\/a><\/div>\n<\/td>\n<td>\n<div class=\"bs-shortcode-alert alert alert-info\">Excel<\/div>\n<\/td>\n<\/tr>\n<tr>\n<td>\n<div class=\"bs-shortcode-alert alert alert-info\">7.2.3b<\/div>\n<\/td>\n<td>\n<div class=\"bs-shortcode-alert alert alert-info\"><a href=\"https:\/\/www.umv.gov.co\/portal\/wp-content\/uploads\/2019\/03\/9.Seguimiento-Metas-Plan-de-Desarrollo-Distrital-II-Trimestre-2018.xlsx\">Seguimiento Metas Plan de Desarrollo Distrital &#8211; II Trimestre 2018<\/a><\/div>\n<\/td>\n<td>\n<div class=\"bs-shortcode-alert alert alert-info\">Excel<\/div>\n<\/td>\n<\/tr>\n<tr>\n<td>\n<div class=\"bs-shortcode-alert alert alert-info\">7.2.3c<\/div>\n<\/td>\n<td>\n<div class=\"bs-shortcode-alert alert alert-info\"><a href=\"https:\/\/www.umv.gov.co\/portal\/wp-content\/uploads\/2019\/03\/10.Seguimiento-Metas-Plan-de-Desarrollo-Distrital-III-Trimestre-2018.xlsx\">Seguimiento Metas Plan de Desarrollo Distrital &#8211; III Trimestre 2018<\/a><\/div>\n<\/td>\n<td>\n<div class=\"bs-shortcode-alert alert alert-info\">Word<\/div>\n<\/td>\n<\/tr>\n<\/tbody>\n<\/table>\n<p>[\/vc_column_text][\/vc_tta_section][vc_tta_section i_icon_fontawesome=&#8221;fa fa-file-text-o&#8221; add_icon=&#8221;true&#8221; title=&#8221;4. Seguimiento trimestral al Plan Anual de Adquisiciones&#8221; tab_id=&#8221;1551486629244-4c3c5abc-e7c1&#8243;][vc_column_text]<\/p>\n<table width=\"836\" align=\"center\">\n<tbody>\n<tr>\n<td style=\"text-align: center;\" width=\"70\">\n<div class=\"bs-shortcode-alert alert alert-warning\"><strong>C\u00d3DIGO<\/strong><\/div>\n<\/td>\n<td style=\"text-align: center;\" width=\"692\">\n<div class=\"bs-shortcode-alert alert alert-warning\"><strong>NOMBRE DEL INFORME<\/strong><\/div>\n<\/td>\n<td style=\"text-align: center;\" width=\"74\">\n<div class=\"bs-shortcode-alert alert alert-warning\"><strong>FORMATO\u00a0<\/strong><\/div>\n<\/td>\n<\/tr>\n<tr>\n<td>\n<div class=\"bs-shortcode-alert alert alert-info\">7.2.4a<\/div>\n<\/td>\n<td>\n<div class=\"bs-shortcode-alert alert alert-info\"><a href=\"https:\/\/www.umv.gov.co\/portal\/wp-content\/uploads\/2019\/03\/11.Informe-Plan-Anual-de-Adquisiciones-I-Trimestre-de-2018.odt\">Informe Plan Anual de Adquisiciones &#8211; I Trimestre de\u00a0 2018<\/a><\/div>\n<\/td>\n<td>\n<div class=\"bs-shortcode-alert alert alert-info\">Word<\/div>\n<\/td>\n<\/tr>\n<tr>\n<td>\n<div class=\"bs-shortcode-alert alert alert-info\">7.2.4b<\/div>\n<\/td>\n<td>\n<div class=\"bs-shortcode-alert alert alert-info\"><a href=\"https:\/\/www.umv.gov.co\/portal\/wp-content\/uploads\/2019\/03\/12.Informe-Plan-Anual-de-Adquisiciones-II-Trimestre-de-2018.odt\">Informe Plan Anual de Adquisiciones &#8211; II Trimestre de 2018<\/a><\/div>\n<\/td>\n<td>\n<div class=\"bs-shortcode-alert alert alert-info\">Word<\/div>\n<\/td>\n<\/tr>\n<tr>\n<td>\n<div class=\"bs-shortcode-alert alert alert-info\">7.2.4c<\/div>\n<\/td>\n<td>\n<div class=\"bs-shortcode-alert alert alert-info\"><a href=\"https:\/\/www.umv.gov.co\/portal\/wp-content\/uploads\/2019\/03\/13.Informe-Plan-Anual-de-Adquisiciones-III-Trimestre-de-2018.odt\">Informe Plan Anual de Adquisiciones &#8211; III Trimestre de 2018<\/a><\/div>\n<\/td>\n<td>\n<div class=\"bs-shortcode-alert alert alert-info\">Word<\/div>\n<\/td>\n<\/tr>\n<\/tbody>\n<\/table>\n<p>[\/vc_column_text][\/vc_tta_section][vc_tta_section i_icon_fontawesome=&#8221;fa fa-file-text-o&#8221; add_icon=&#8221;true&#8221; title=&#8221;5. Informe trimestral de austeridad en el gasto p\u00fablico&#8221; tab_id=&#8221;1551487045762-9e39f43e-2a73&#8243;][vc_column_text]<\/p>\n<table width=\"836\" align=\"center\">\n<tbody>\n<tr>\n<td style=\"text-align: center;\" width=\"70\">\n<div class=\"bs-shortcode-alert alert alert-warning\"><strong>C\u00d3DIGO<\/strong><\/div>\n<\/td>\n<td style=\"text-align: center;\" width=\"692\">\n<div class=\"bs-shortcode-alert alert alert-warning\"><strong>NOMBRE DEL INFORME<\/strong><\/div>\n<\/td>\n<td style=\"text-align: center;\" width=\"74\">\n<div class=\"bs-shortcode-alert alert alert-warning\"><strong>FORMATO<\/strong><\/div>\n<\/td>\n<\/tr>\n<tr>\n<td>\n<div class=\"bs-shortcode-alert alert alert-info\">7.2.5a<\/div>\n<\/td>\n<td>\n<div class=\"bs-shortcode-alert alert alert-info\"><a href=\"https:\/\/www.umv.gov.co\/portal\/wp-content\/uploads\/2019\/03\/14.Austeridad-del-Gasto-Publcio-I-Trimestre-de-2018.docx\">Austeridad del Gasto Publico &#8211; I Trimestre de 2018<\/a><\/div>\n<\/td>\n<td>\n<div class=\"bs-shortcode-alert alert alert-info\">Word<\/div>\n<\/td>\n<\/tr>\n<tr>\n<td>\n<div class=\"bs-shortcode-alert alert alert-info\">7.2.5b<\/div>\n<\/td>\n<td>\n<div class=\"bs-shortcode-alert alert alert-info\"><a href=\"https:\/\/www.umv.gov.co\/portal\/wp-content\/uploads\/2019\/03\/15.Austeridad-del-Gasto-Publico-II-Trimestre-de-2018.docx\">Austeridad del Gasto Publico &#8211; II Trimestre de 2018<\/a><\/div>\n<\/td>\n<td>\n<div class=\"bs-shortcode-alert alert alert-info\">Word<\/div>\n<\/td>\n<\/tr>\n<tr>\n<td>\n<div class=\"bs-shortcode-alert alert alert-info\">7.2.5c<\/div>\n<\/td>\n<td>\n<div class=\"bs-shortcode-alert alert alert-info\"><a href=\"https:\/\/www.umv.gov.co\/portal\/wp-content\/uploads\/2019\/03\/16.Austeridad-del-Gasto-Publico-III-Trimestre-2018.docx\">Austeridad del Gasto Publico &#8211; III Trimestre 2018<\/a><\/div>\n<\/td>\n<td>\n<div class=\"bs-shortcode-alert alert alert-info\">Word<\/div>\n<\/td>\n<\/tr>\n<tr>\n<td>\n<div class=\"bs-shortcode-alert alert alert-info\">7.2.5d<\/div>\n<\/td>\n<td>\n<div class=\"bs-shortcode-alert alert alert-info\"><a href=\"https:\/\/www.umv.gov.co\/portal\/wp-content\/uploads\/2019\/03\/17.Austeridad-del-Gasto-Publico-IV-Trimestre-de-2018.docx\">Austeridad del Gasto Publico &#8211; IV Trimestre de 2018<\/a><\/div>\n<\/td>\n<td>\n<div class=\"bs-shortcode-alert alert alert-info\">Word<\/div>\n<\/td>\n<\/tr>\n<\/tbody>\n<\/table>\n<p>[\/vc_column_text][\/vc_tta_section][vc_tta_section i_icon_fontawesome=&#8221;fa fa-file-text-o&#8221; add_icon=&#8221;true&#8221; title=&#8221;6. Informes de seguimiento a las cajas menores&#8221; tab_id=&#8221;1551487880929-7d04fa7e-7975&#8243;][vc_column_text]<\/p>\n<table width=\"836\" align=\"center\">\n<tbody>\n<tr>\n<td style=\"text-align: center;\" width=\"70\">\n<div class=\"bs-shortcode-alert alert alert-warning\"><strong>C\u00d3DIGO<\/strong><\/div>\n<\/td>\n<td style=\"text-align: center;\" width=\"692\">\n<div class=\"bs-shortcode-alert alert alert-warning\"><strong>NOMBRE DEL INFORME<\/strong><\/div>\n<\/td>\n<td style=\"text-align: center;\" width=\"74\">\n<div class=\"bs-shortcode-alert alert alert-warning\"><strong>FORMATO<\/strong><\/div>\n<\/td>\n<\/tr>\n<tr>\n<td>\n<div class=\"bs-shortcode-alert alert alert-info\">7.2.6a<\/div>\n<\/td>\n<td>\n<div class=\"bs-shortcode-alert alert alert-info\"><a href=\"https:\/\/www.umv.gov.co\/portal\/wp-content\/uploads\/2019\/03\/18.Informe-de-Seguimiento-a-Cajas-Menores-I-Trimestre-2018.odt\">Informe de Seguimiento a Cajas Menores &#8211; I Trimestre 2018<\/a><\/div>\n<\/td>\n<td>\n<div class=\"bs-shortcode-alert alert alert-info\">Word<\/div>\n<\/td>\n<\/tr>\n<tr>\n<td>\n<div class=\"bs-shortcode-alert alert alert-info\">7.2.6b<\/div>\n<\/td>\n<td>\n<div class=\"bs-shortcode-alert alert alert-info\"><a href=\"https:\/\/www.umv.gov.co\/portal\/wp-content\/uploads\/2019\/03\/19.Informe-de-Seguimiento-a-Cajas-Menores-II-Trimestre-de-2018.odt\">Informe de Seguimiento a Cajas Menores II Trimestre de 2018<\/a><\/div>\n<\/td>\n<td>\n<div class=\"bs-shortcode-alert alert alert-info\">Word<\/div>\n<\/td>\n<\/tr>\n<tr>\n<td>\n<div class=\"bs-shortcode-alert alert alert-info\">7.2.6c<\/div>\n<\/td>\n<td>\n<div class=\"bs-shortcode-alert alert alert-info\"><a href=\"https:\/\/www.umv.gov.co\/portal\/wp-content\/uploads\/2019\/03\/20.Informe-de-Seguimiento-a-Cajas-Menores-III-Trimestre-2018.odt\">Informe de Seguimiento a Cajas Menores &#8211; III Trimestre 2018<\/a><\/div>\n<\/td>\n<td>\n<div class=\"bs-shortcode-alert alert alert-info\">Word<\/div>\n<\/td>\n<\/tr>\n<\/tbody>\n<\/table>\n<p>[\/vc_column_text][\/vc_tta_section][vc_tta_section i_icon_fontawesome=&#8221;fa fa-file-text-o&#8221; add_icon=&#8221;true&#8221; title=&#8221;7. Informe de seguimiento a la Directiva 003 de 2013&#8243; tab_id=&#8221;1551488378912-a4696374-4b92&#8243;][vc_column_text]<\/p>\n<table width=\"836\" align=\"center\">\n<tbody>\n<tr>\n<td style=\"text-align: center;\" width=\"70\">\n<div class=\"bs-shortcode-alert alert alert-warning\"><strong>C\u00d3DIGO<\/strong><\/div>\n<\/td>\n<td style=\"text-align: center;\" width=\"692\">\n<div class=\"bs-shortcode-alert alert alert-warning\"><strong>NOMBRE DEL INFORME<\/strong><\/div>\n<\/td>\n<td style=\"text-align: center;\" width=\"74\">\n<div class=\"bs-shortcode-alert alert alert-warning\"><strong>FORMATO\u00a0<\/strong><\/div>\n<\/td>\n<\/tr>\n<tr>\n<td>\n<div class=\"bs-shortcode-alert alert alert-info\">7.2.7a<\/div>\n<\/td>\n<td>\n<div class=\"bs-shortcode-alert alert alert-info\"><a href=\"https:\/\/www.umv.gov.co\/portal\/wp-content\/uploads\/2019\/03\/21.Informe-de-Seguimiento-Directiva-003-Noviembre-2017-a-Mayo-2018.docx\">Informe de Seguimiento Directiva 003 &#8211; Noviembre 2017 a Mayo 2018<\/a><\/div>\n<\/td>\n<td>\n<div class=\"bs-shortcode-alert alert alert-info\">Word<\/div>\n<\/td>\n<\/tr>\n<tr>\n<td>\n<div class=\"bs-shortcode-alert alert alert-info\">7.2.7b<\/div>\n<\/td>\n<td>\n<div class=\"bs-shortcode-alert alert alert-info\"><a href=\"https:\/\/www.umv.gov.co\/portal\/wp-content\/uploads\/2019\/03\/22.Informe-de-Seguimiento-Directiva-003-Mayo-a-Noviembre-2018.docx\">Informe de Seguimiento Directiva 003 &#8211; Mayo a Noviembre 2018<\/a><\/div>\n<\/td>\n<td>\n<div class=\"bs-shortcode-alert alert alert-info\">Word<\/div>\n<\/td>\n<\/tr>\n<\/tbody>\n<\/table>\n<p>[\/vc_column_text][\/vc_tta_section][vc_tta_section i_icon_fontawesome=&#8221;fa fa-file-text-o&#8221; add_icon=&#8221;true&#8221; title=&#8221;8. Informe de seguimiento al Decreto 106 de 2015&#8243; tab_id=&#8221;1551488663266-72f90198-caf7&#8243;][vc_column_text]<\/p>\n<table width=\"836\" align=\"center\">\n<tbody>\n<tr>\n<td style=\"text-align: center;\" width=\"70\">\n<div class=\"bs-shortcode-alert alert alert-warning\"><strong>C\u00d3DIGO<\/strong><\/div>\n<\/td>\n<td style=\"text-align: center;\" width=\"692\">\n<div class=\"bs-shortcode-alert alert alert-warning\"><strong>NOMBRE DEL INFORME<\/strong><\/div>\n<\/td>\n<td style=\"text-align: center;\" width=\"74\">\n<div class=\"bs-shortcode-alert alert alert-warning\"><strong>FORMATO<\/strong><\/div>\n<\/td>\n<\/tr>\n<tr>\n<td>\n<div class=\"bs-shortcode-alert alert alert-info\">7.2.8a<\/div>\n<\/td>\n<td>\n<div class=\"bs-shortcode-alert alert alert-info\"><a href=\"https:\/\/www.umv.gov.co\/portal\/wp-content\/uploads\/2019\/03\/23.Informe-seguimiento-Decreto-106-I-Semestre-2018-2.odt\" target=\"_blank\" rel=\"noopener\">Informe seguimiento Decreto 106 &#8211; I Semestre 2018<\/a><\/div>\n<\/td>\n<td>\n<div class=\"bs-shortcode-alert alert alert-info\">Word<\/div>\n<\/td>\n<\/tr>\n<\/tbody>\n<\/table>\n<p>[\/vc_column_text][\/vc_tta_section][vc_tta_section i_icon_fontawesome=&#8221;fa fa-file-text-o&#8221; add_icon=&#8221;true&#8221; title=&#8221;9. Informe de seguimiento a la Directiva 001 de 2017&#8243; tab_id=&#8221;1551488806802-ede8d066-e142&#8243;][vc_column_text]<\/p>\n<table width=\"836\" align=\"center\">\n<tbody>\n<tr>\n<td style=\"text-align: center;\" width=\"70\">\n<div class=\"bs-shortcode-alert alert alert-warning\"><strong>C\u00d3DIGO<\/strong><\/div>\n<\/td>\n<td style=\"text-align: center;\" width=\"692\">\n<div class=\"bs-shortcode-alert alert alert-warning\"><strong>NOMBRE DEL INFORME<\/strong><\/div>\n<\/td>\n<td style=\"text-align: center;\" width=\"74\">\n<div class=\"bs-shortcode-alert alert alert-warning\"><strong>FORMATO<\/strong><\/div>\n<\/td>\n<\/tr>\n<tr>\n<td>\n<div class=\"bs-shortcode-alert alert alert-info\">7.2.9a<\/div>\n<\/td>\n<td>\n<div class=\"bs-shortcode-alert alert alert-info\"><a href=\"https:\/\/www.umv.gov.co\/portal\/wp-content\/uploads\/2019\/03\/24.Informe-de-Seguimiento-Nuevo-Marco-Normativo-Contable-I-Trimestre-2018.docx\">Informe de Seguimiento Nuevo Marco Normativo Contable &#8211; I Trimestre 2018<\/a><\/div>\n<\/td>\n<td>\n<div class=\"bs-shortcode-alert alert alert-info\">Word<\/div>\n<\/td>\n<\/tr>\n<tr>\n<td>\n<div class=\"bs-shortcode-alert alert alert-info\">7.2.9b<\/div>\n<\/td>\n<td>\n<div class=\"bs-shortcode-alert alert alert-info\"><a href=\"https:\/\/www.umv.gov.co\/portal\/wp-content\/uploads\/2019\/03\/25.Informe-de-Seguimiento-Nuevo-Marco-Normativo-Contable-II-Trimestre-2018.docx\">Informe de Seguimiento Nuevo Marco Normativo Contable &#8211; II Trimestre 2018<\/a><\/div>\n<\/td>\n<td>\n<div class=\"bs-shortcode-alert alert alert-info\">Word<\/div>\n<\/td>\n<\/tr>\n<tr>\n<td>\n<div class=\"bs-shortcode-alert alert alert-info\">7.2.9c<\/div>\n<\/td>\n<td>\n<div class=\"bs-shortcode-alert alert alert-info\"><a href=\"https:\/\/www.umv.gov.co\/portal\/wp-content\/uploads\/2019\/03\/26.Informe-de-Seguimiento-Nuevo-Marco-Normativo-Contable-III-Trimestre-2018.docx\">Informe de Seguimiento Nuevo Marco Normativo Contable &#8211; III Trimestre 2018<\/a><\/div>\n<\/td>\n<td>\n<div class=\"bs-shortcode-alert alert alert-info\">Word<\/div>\n<\/td>\n<\/tr>\n<tr>\n<td>\n<div class=\"bs-shortcode-alert alert alert-info\">7.2.9d<\/div>\n<\/td>\n<td>\n<div class=\"bs-shortcode-alert alert alert-info\"><a href=\"https:\/\/www.umv.gov.co\/portal\/wp-content\/uploads\/2019\/03\/27.Informe-de-Seguimiento-Nuevo-Marco-Normativo-Contable-IV-Trimestre-2018.docx\">Informe de Seguimiento Nuevo Marco Normativo Contable &#8211; IV Trimestre 2018<\/a><\/div>\n<\/td>\n<td>\n<div class=\"bs-shortcode-alert alert alert-info\">Word<\/div>\n<\/td>\n<\/tr>\n<\/tbody>\n<\/table>\n<p>[\/vc_column_text][\/vc_tta_section][vc_tta_section i_icon_fontawesome=&#8221;fa fa-file-text-o&#8221; add_icon=&#8221;true&#8221; title=&#8221;10. Otros informes&#8221; tab_id=&#8221;1551489073145-d4c74fbe-c861&#8243;][vc_column_text]<\/p>\n<table width=\"836\" align=\"center\">\n<tbody>\n<tr>\n<td style=\"text-align: center;\" width=\"70\">\n<div class=\"bs-shortcode-alert alert alert-warning\"><strong>C\u00d3DIGO<\/strong><\/div>\n<\/td>\n<td style=\"text-align: center;\" width=\"692\">\n<div class=\"bs-shortcode-alert alert alert-warning\"><strong>NOMBRE DEL INFORME<\/strong><\/div>\n<\/td>\n<td style=\"text-align: center;\" width=\"74\">\n<div class=\"bs-shortcode-alert alert alert-warning\"><strong>FORMATO\u00a0<\/strong><\/div>\n<\/td>\n<\/tr>\n<tr>\n<td>\n<div class=\"bs-shortcode-alert alert alert-info\">7.2.10a<\/div>\n<\/td>\n<td>\n<div class=\"bs-shortcode-alert alert alert-info\"><a href=\"https:\/\/www.umv.gov.co\/portal\/wp-content\/uploads\/2019\/03\/28.Infome-de-Evalaucion-de-Control-Interno-Contable-2018.docx\">Infome de Evaluaci\u00f3n de Control Interno Contable 2018<\/a><\/div>\n<\/td>\n<td>\n<div class=\"bs-shortcode-alert alert alert-info\">Word<\/div>\n<\/td>\n<\/tr>\n<tr>\n<td>\n<div class=\"bs-shortcode-alert alert alert-info\">7.2.11.b<\/div>\n<\/td>\n<td>\n<div class=\"bs-shortcode-alert alert alert-info\"><a href=\"https:\/\/www.umv.gov.co\/oci\/29.%20Informe_de_Inspecciones_a_Frentes_de_Obra_I-_Semestre_de_2018.docx\">Informe de Inspecciones a Frentes de Obra I- Semestre de 2019<\/a><\/div>\n<\/td>\n<td>\n<div class=\"bs-shortcode-alert alert alert-info\">Word<\/div>\n<\/td>\n<\/tr>\n<tr>\n<td>\n<div class=\"bs-shortcode-alert alert alert-info\">7.2.12<\/div>\n<\/td>\n<td>\n<div class=\"bs-shortcode-alert alert alert-info\"><a href=\"https:\/\/www.umv.gov.co\/portal\/wp-content\/uploads\/2019\/03\/30.Informe-de-Seguimiento-Acciones-de-Repeticion-I-Semestre-de-2018.odt\">Informe de Seguimiento Acciones de Repetici\u00f3n &#8211; I Semestre de 2018<\/a><\/div>\n<\/td>\n<td>\n<div class=\"bs-shortcode-alert alert alert-info\">Word<\/div>\n<\/td>\n<\/tr>\n<\/tbody>\n<\/table>\n<p>[\/vc_column_text]<span class=\"pix-badge-element h6 d-inline-flex mr-1 \"  ><span class=\"badge font-weight-bold secondary-font  bg-secondary  vc_custom_1725651106608  \" style=\" \"><span class=\"text-white\" style=\"\">4.8.2 REPORTES DE CONTROL INTERNO<\/span><\/span><\/span>[\/vc_tta_section][\/vc_tta_accordion][\/vc_column][\/vc_row]<\/p>\n<\/div>","protected":false},"excerpt":{"rendered":"[vc_row pix_particles_check=&#8221;&#8221; css=&#8221;.vc_custom_1725651143076{margin-top: -20px !important;}&#8221;][vc_column][vc_tta_accordion section_title_tag=&#8221;h6&#8243; style=&#8221;modern&#8221; color=&#8221;white&#8221; c_icon=&#8221;&#8221; active_section=&#8221;&#8221; collapsible_all=&#8221;true&#8221;][vc_tta_section i_icon_fontawesome=&#8221;fa fa-file-text-o&#8221; add_icon=&#8221;true&#8221; title=&#8221;1. Seguimiento cuatrimestral al Plan Anticorrupci\u00f3n y de Atenci\u00f3n al Ciudadano&#8221; tab_id=&#8221;1551484987948-08c312f8-6f0b&#8221;][vc_column_text] C\u00d3DIGO NOMBRE DEL INFORME FORMATO 7.2.1a Seguimiento Plan Anticorrupcion y de Atencion al Ciudadano&#8230;","protected":false},"author":1,"featured_media":0,"parent":0,"menu_order":0,"comment_status":"closed","ping_status":"closed","template":"","meta":{"_monsterinsights_skip_tracking":false,"_monsterinsights_sitenote_active":false,"_monsterinsights_sitenote_note":"","_monsterinsights_sitenote_category":0,"footnotes":""},"class_list":["post-8071","page","type-page","status-publish","hentry"],"_links":{"self":[{"href":"https:\/\/www.umv.gov.co\/portal\/wp-json\/wp\/v2\/pages\/8071","targetHints":{"allow":["GET"]}}],"collection":[{"href":"https:\/\/www.umv.gov.co\/portal\/wp-json\/wp\/v2\/pages"}],"about":[{"href":"https:\/\/www.umv.gov.co\/portal\/wp-json\/wp\/v2\/types\/page"}],"author":[{"embeddable":true,"href":"https:\/\/www.umv.gov.co\/portal\/wp-json\/wp\/v2\/users\/1"}],"replies":[{"embeddable":true,"href":"https:\/\/www.umv.gov.co\/portal\/wp-json\/wp\/v2\/comments?post=8071"}],"version-history":[{"count":0,"href":"https:\/\/www.umv.gov.co\/portal\/wp-json\/wp\/v2\/pages\/8071\/revisions"}],"wp:attachment":[{"href":"https:\/\/www.umv.gov.co\/portal\/wp-json\/wp\/v2\/media?parent=8071"}],"curies":[{"name":"wp","href":"https:\/\/api.w.org\/{rel}","templated":true}]}}