{"id":628,"date":"2017-03-31T00:55:16","date_gmt":"2017-03-31T00:55:16","guid":{"rendered":"https:\/\/www.umv.gov.co\/portal\/?page_id=628"},"modified":"2026-03-27T00:14:53","modified_gmt":"2026-03-27T00:14:53","slug":"directorio-de-la-entidad","status":"publish","type":"page","link":"https:\/\/www.umv.gov.co\/portal\/directorio-de-la-entidad\/","title":{"rendered":"Directorio de la Entidad"},"content":{"rendered":"<div class=\"wpb-content-wrapper\">[vc_row pix_particles_check=&#8221;&#8221; css=&#8221;.vc_custom_1725220946671{margin-top: -20px !important;}&#8221;][vc_column]<span class=\"pix-badge-element h6 d-inline-flex mr-1 \"  ><span class=\"badge font-weight-bold secondary-font  bg-secondary  vc_custom_1725220929900  \" style=\" \"><span class=\"text-white\" style=\"\">DIRECTORIO DE LA ENTIDAD<\/span><\/span><\/span>[\/vc_column][\/vc_row][vc_row pix_particles_check=&#8221;&#8221; css=&#8221;.vc_custom_1725220936979{margin-top: -20px !important;}&#8221;][vc_column width=&#8221;1\/3&#8243;]<span class=\"pix-badge-element h6 d-inline-flex mr-1 \"  ><span class=\"badge font-weight-bold secondary-font  bg-secondary  vc_custom_1746193529082  \" style=\" \"><span class=\"text-white\" style=\"\">DIRECTORIO SERVIDORES P\u00daBLICOS A\u00d1O 2025<\/span><\/span><\/span>[\/vc_column][vc_column width=&#8221;1\/3&#8243;]<span class=\"pix-badge-element h6 d-inline-flex mr-1 \"  ><span class=\"badge font-weight-bold secondary-font  bg-secondary  vc_custom_1746832405082  \" style=\" \"><span class=\"text-white\" style=\"\">DIRECTORIO CONTRATISTAS A\u00d1O 2025<\/span><\/span><\/span>[\/vc_column][vc_column width=&#8221;1\/3&#8243;]<span class=\"pix-badge-element h6 d-inline-flex mr-1 \"  ><span class=\"badge font-weight-bold secondary-font  bg-secondary  vc_custom_1768678006683  \" style=\" \"><span class=\"text-white\" style=\"\">CONSULTE AQU\u00cd SIDEAP<\/span><\/span><\/span>[\/vc_column][\/vc_row][vc_row pix_particles_check=&#8221;&#8221;][vc_column][\/vc_column][\/vc_row][vc_row pix_particles_check=&#8221;&#8221;][vc_column width=&#8221;1\/3&#8243;][vc_column_text css=&#8221;.vc_custom_1773777180820{border-top-width: 1px !important;border-right-width: 1px !important;border-bottom-width: 1px !important;border-left-width: 1px !important;background-color: #F2F2F2 !important;border-left-style: double !important;border-right-style: double !important;border-top-style: double !important;border-bottom-style: double !important;border-color: #000000 !important;}&#8221;]<p class=\"bs-shortcode-alert alert alert-simple\"><span style=\"color: #000000;\"><a href=\"https:\/\/www.umv.gov.co\/portal\/wp-content\/uploads\/2026\/03\/Directorio-Servidores-Publicos-actualizada-12-03-2026-1.xlsx\" target=\"_blank\" rel=\"noopener\"><strong>Consultar Directorio servidores p\u00fablicos Unidad de Mantenimiento Vial. <\/strong><\/a>\n(Fecha de Actualizaci\u00f3n: 15-03-2026)<\/span>[\/vc_column_text][\/vc_column][vc_column width=&#8221;1\/3&#8243;][vc_column_text css=&#8221;.vc_custom_1774570492240{border-top-width: 1px !important;border-right-width: 1px !important;border-bottom-width: 1px !important;border-left-width: 1px !important;background-color: #0000000D !important;border-left-style: double !important;border-right-style: double !important;border-top-style: double !important;border-bottom-style: double !important;border-color: #000000 !important;}&#8221;]<p class=\"bs-shortcode-alert alert alert-simple\"><span style=\"color: #000000;\"><a href=\"https:\/\/www.umv.gov.co\/portal\/wp-content\/uploads\/2026\/03\/20260326-DirectorioContratistasUMV_Mar25-2026.xlsx\" target=\"_blank\" rel=\"noopener\"><strong>Consultar Directorio de Contratistas <\/strong><strong>U<\/strong><strong>nidad de Mantenimiento Vial<\/strong><\/a>\n(Fecha de Actualizaci\u00f3n 25-03-2026)<\/span><\/p>[\/vc_column_text][\/vc_column][vc_column width=&#8221;1\/3&#8243;][vc_column_text css=&#8221;.vc_custom_1768678112937{border-top-width: 1px !important;border-right-width: 1px !important;border-bottom-width: 1px !important;border-left-width: 1px !important;background-color: #F2F2F2 !important;border-color: #000000 !important;}&#8221;]<center><a href=\"https:\/\/sideap.serviciocivil.gov.co\/sideap\/faces\/directorioServidores.xhtml?idEntidad=227\" target=\"_blank\" rel=\"noopener\"><img loading=\"lazy\" decoding=\"async\" class=\"wp-image-24031 aligncenter\" src=\"https:\/\/www.umv.gov.co\/portal\/wp-content\/uploads\/2022\/08\/sideap-300x74.png\" alt=\"\" width=\"650\" height=\"159\" srcset=\"https:\/\/www.umv.gov.co\/portal\/wp-content\/uploads\/2022\/08\/sideap-300x74.png 300w, https:\/\/www.umv.gov.co\/portal\/wp-content\/uploads\/2022\/08\/sideap.png 640w\" sizes=\"auto, (max-width: 650px) 100vw, 650px\" \/><\/a><\/center>[\/vc_column_text][\/vc_column][\/vc_row][vc_row pix_particles_check=&#8221;&#8221;][vc_column][\/vc_column][\/vc_row][vc_row pix_particles_check=&#8221;&#8221;][vc_column]<span class=\"pix-badge-element h6 d-inline-flex mr-1 \"  ><span class=\"badge font-weight-bold secondary-font  bg-secondary  vc_custom_1725220656589  \" style=\" \"><span class=\"text-white\" style=\"\">EXTENSIONES TELEF\u00d3NICAS SEDES<\/span><\/span><\/span>[\/vc_column][\/vc_row][vc_row pix_particles_check=&#8221;&#8221;][vc_column][vc_tta_tabs style=&#8221;outline&#8221; color=&#8221;mulled-wine&#8221; active_section=&#8221;1&#8243;][vc_tta_section title=&#8221;<b>Sede Administrativa<\/b>&#8221; tab_id=&#8221;sede-administrativa&#8221;][vc_column_text css=&#8221;&#8221;]<table border=\"1\" width=\"70%\" cellspacing=\"1\" cellpadding=\"1\" align=\"center\">\n<tbody>\n<tr>\n<td width=\"448\" height=\"42\">\n<h6 align=\"center\"><strong>Dependencia<\/strong><\/h6>\n<\/td>\n<td width=\"226\">\n<h6 align=\"center\"><strong>Tel\u00e9fono<\/strong><\/h6>\n<\/td>\n<td width=\"190\">\n<h6 align=\"center\"><strong>Extensi\u00f3n\u00a0#<\/strong><\/h6>\n<\/td>\n<\/tr>\n<tr>\n<td height=\"19\">Asesora de Despachos<\/td>\n<td>\n<p align=\"center\">601-3779555<\/p>\n<\/td>\n<td>\n<p align=\"center\">1003<\/p>\n<\/td>\n<\/tr>\n<tr>\n<td height=\"19\">Oficina de Servicio a la Ciudadan\u00eda y Sostenibilidad<\/td>\n<td>\n<p align=\"center\">601-3779555<\/p>\n<\/td>\n<td>\n<p align=\"center\">1001<\/p>\n<\/td>\n<\/tr>\n<tr>\n<td height=\"19\">Oficina de Servicio a la Ciudadan\u00eda y Sostenibilidad<\/td>\n<td>\n<p align=\"center\">601-3779555<\/p>\n<\/td>\n<td>\n<p align=\"center\">1002<\/p>\n<\/td>\n<\/tr>\n<tr>\n<td height=\"19\">Gerencia de Contrataci\u00f3n<\/td>\n<td>\n<p align=\"center\">601-3779555<\/p>\n<\/td>\n<td>\n<p align=\"center\">1022<\/p>\n<\/td>\n<\/tr>\n<tr>\n<td height=\"19\">Correspondencia<\/td>\n<td>\n<p align=\"center\">601-3779555<\/p>\n<\/td>\n<td>\n<p align=\"center\">1000<\/p>\n<\/td>\n<\/tr>\n<tr>\n<td height=\"19\">Direcci\u00f3n General<\/td>\n<td>\n<p align=\"center\">601-3779555<\/p>\n<\/td>\n<td>\n<p align=\"center\">1054<\/p>\n<\/td>\n<\/tr>\n<tr>\n<td height=\"19\">Director<\/td>\n<td>\n<p align=\"center\">601-3779555<\/p>\n<\/td>\n<td>\n<p align=\"center\">1005<\/p>\n<\/td>\n<\/tr>\n<tr>\n<td height=\"19\">Gerencia Administrativa y Financiera<\/td>\n<td>\n<p align=\"center\">601-3779555<\/p>\n<\/td>\n<td>\n<p align=\"center\">1049<\/p>\n<\/td>\n<\/tr>\n<tr>\n<td height=\"19\">Oficina Jur\u00eddica<\/td>\n<td>\n<p align=\"center\">601-3779555<\/p>\n<\/td>\n<td>\n<p align=\"center\">1041<\/p>\n<\/td>\n<\/tr>\n<tr>\n<td height=\"19\">Oficina Jur\u00eddica<\/td>\n<td>\n<p align=\"center\">601-3779555<\/p>\n<\/td>\n<td>\n<p align=\"center\">1039<\/p>\n<\/td>\n<\/tr>\n<tr>\n<td height=\"19\">Oficina Asesora de Planeaci\u00f3n<\/td>\n<td>\n<p align=\"center\">601-3779555<\/p>\n<\/td>\n<td>\n<p align=\"center\">1018<\/p>\n<\/td>\n<\/tr>\n<tr>\n<td height=\"19\">Secretaria General<\/td>\n<td>\n<p align=\"center\">601-3779555<\/p>\n<\/td>\n<td>\n<p align=\"center\">1011<\/p>\n<\/td>\n<\/tr>\n<tr>\n<td height=\"19\">Oficina de Tecnolog\u00edas de la Informaci\u00f3n<\/td>\n<td>\n<p align=\"center\">601-3779555<\/p>\n<\/td>\n<td>\n<p align=\"center\">1025<\/p>\n<\/td>\n<\/tr>\n<tr>\n<td width=\"448\" height=\"24\">Subdirecci\u00f3n de Planificaci\u00f3n y de Conservaci\u00f3n<\/td>\n<td>\n<p align=\"center\">601-3779555<\/p>\n<\/td>\n<td>\n<p align=\"center\">1016<\/p>\n<\/td>\n<\/tr>\n<tr>\n<td width=\"448\" height=\"30\">Subdirecci\u00f3n de Producci\u00f3n y Apoyo Log\u00edstico<\/td>\n<td>\n<p align=\"center\">601-3779555<\/p>\n<\/td>\n<td>\n<p align=\"center\">1040<\/p>\n<\/td>\n<\/tr>\n<\/tbody>\n<\/table>[\/vc_column_text][\/vc_tta_section][vc_tta_section title=&#8221;<b>\u00c1rea Operativa La Elvira<\/b>&#8221; tab_id=&#8221;area-operativa&#8221;][vc_column_text css=&#8221;&#8221;]<table border=\"1\" width=\"70%\" cellspacing=\"1\" cellpadding=\"1\" align=\"center\">\n<tbody>\n<tr>\n<td width=\"262\" height=\"20\">\n<h6 align=\"center\"><strong>Dependencia<\/strong><\/h6>\n<\/td>\n<td width=\"146\">\n<h6 align=\"center\"><strong>Tel\u00e9fono<\/strong><\/h6>\n<\/td>\n<td width=\"138\">\n<h6 align=\"center\"><strong>Extensi\u00f3n\u00a0#<\/strong><\/h6>\n<\/td>\n<\/tr>\n<tr>\n<td height=\"20\">Almac\u00e9n<\/td>\n<td>\n<p align=\"center\">601-3779555<\/p>\n<\/td>\n<td>\n<p align=\"center\">1131<\/p>\n<\/td>\n<\/tr>\n<tr>\n<td height=\"20\">Entrada Principal<\/td>\n<td>\n<p align=\"center\">601-3779555<\/p>\n<\/td>\n<td>\n<p align=\"center\">1113<\/p>\n<\/td>\n<\/tr>\n<tr>\n<td height=\"20\">Oficina de Servicio a la Ciudadan\u00eda y Sostenibilidad<\/td>\n<td>\n<p align=\"center\">601-3779555<\/p>\n<\/td>\n<td>\n<p align=\"center\">1033<\/p>\n<\/td>\n<\/tr>\n<tr>\n<td height=\"20\">Oficina de Servicio a la Ciudadan\u00eda y Sostenibilidad<\/td>\n<td>\n<p align=\"center\">601-3779555<\/p>\n<\/td>\n<td>\n<p align=\"center\">1142<\/p>\n<\/td>\n<\/tr>\n<tr>\n<td height=\"20\">Gerencia De Intervenci\u00f3n Piso 1<\/td>\n<td>\n<p align=\"center\">601-3779555<\/p>\n<\/td>\n<td>\n<p align=\"center\">1036<\/p>\n<\/td>\n<\/tr>\n<tr>\n<td height=\"20\">Subdirecci\u00f3n de Intervenci\u00f3n de la Infraestructura\n\nPiso 1<\/td>\n<td>\n<p align=\"center\">601-3779555<\/p>\n<\/td>\n<td>\n<p align=\"center\">1104<\/p>\n<\/td>\n<\/tr>\n<tr>\n<td height=\"20\">Subdirecci\u00f3n de Intervenci\u00f3n de la Infraestructura\n\nPiso 1<\/td>\n<td>\n<p align=\"center\">601-3779555<\/p>\n<\/td>\n<td>\n<p align=\"center\">1105<\/p>\n<\/td>\n<\/tr>\n<tr>\n<td height=\"20\">Gerencia de Producci\u00f3n<\/td>\n<td>\n<p align=\"center\">601-3779555<\/p>\n<\/td>\n<td>\n<p align=\"center\">1038<\/p>\n<\/td>\n<\/tr>\n<tr>\n<td height=\"20\">Gerencia de Producci\u00f3n<\/td>\n<td>\n<p align=\"center\">601-3779555<\/p>\n<\/td>\n<td>\n<p align=\"center\">1037<\/p>\n<\/td>\n<\/tr>\n<tr>\n<td height=\"20\">Gesti\u00f3n Documental<\/td>\n<td>\n<p align=\"center\">601-3779555<\/p>\n<\/td>\n<td>\n<p align=\"center\">1146<\/p>\n<\/td>\n<\/tr>\n<tr>\n<td height=\"20\">Gesti\u00f3n Documental<\/td>\n<td>\n<p align=\"center\">601-3779555<\/p>\n<\/td>\n<td>\n<p align=\"center\">1135<\/p>\n<\/td>\n<\/tr>\n<tr>\n<td height=\"20\">Subdirecci\u00f3n de Intervenci\u00f3n de la Infraestructura<\/td>\n<td>\n<p align=\"center\">601-3779555<\/p>\n<\/td>\n<td>\n<p align=\"center\">1035<\/p>\n<\/td>\n<\/tr>\n<tr>\n<td height=\"20\">Oficina de Tecnolog\u00edas de la Informaci\u00f3n<\/td>\n<td>\n<p align=\"center\">601-3779555<\/p>\n<\/td>\n<td>\n<p align=\"center\">1111<\/p>\n<\/td>\n<\/tr>\n<tr>\n<td height=\"20\">Oficina de Tecnolog\u00edas de la Informaci\u00f3n<\/td>\n<td>\n<p align=\"center\">601-3779555<\/p>\n<\/td>\n<td>\n<p align=\"center\">1118<\/p>\n<\/td>\n<\/tr>\n<tr>\n<td height=\"20\">Taller de Mec\u00e1nica<\/td>\n<td>\n<p align=\"center\">601-3779555<\/p>\n<\/td>\n<td>\n<p align=\"center\">1102<\/p>\n<\/td>\n<\/tr>\n<\/tbody>\n<\/table>[\/vc_column_text][\/vc_tta_section][vc_tta_section title=&#8221;<b>Sede Producci\u00f3n<\/b>&#8221; tab_id=&#8221;sede-produccion&#8221;][vc_column_text css=&#8221;&#8221;]<table border=\"1\" width=\"70%\" cellspacing=\"1\" cellpadding=\"1\" align=\"center\">\n<tbody>\n<tr>\n<td height=\"20\">\n<h6 align=\"center\"><strong>Dependencia<\/strong><\/h6>\n<\/td>\n<td>\n<h6 align=\"center\"><strong>Tel\u00e9fono<\/strong><\/h6>\n<\/td>\n<td>\n<h6 align=\"center\"><strong>Extensi\u00f3n\u00a0#<\/strong><\/h6>\n<\/td>\n<\/tr>\n<tr>\n<td height=\"20\">Almac\u00e9n<\/td>\n<td>\n<p align=\"center\">601-7470909<\/p>\n<\/td>\n<td>\n<p align=\"center\">1132<\/p>\n<\/td>\n<\/tr>\n<tr>\n<td height=\"20\">Bascula primer piso<\/td>\n<td>\n<p align=\"center\">601-7470909<\/p>\n<\/td>\n<td>\n<p align=\"center\">1140<\/p>\n<\/td>\n<\/tr>\n<tr>\n<td height=\"20\">Bascula segundo piso<\/td>\n<td>\n<p align=\"center\">601-7470909<\/p>\n<\/td>\n<td>\n<p align=\"center\">1141<\/p>\n<\/td>\n<\/tr>\n<tr>\n<td height=\"20\">Laboratorio<\/td>\n<td>\n<p align=\"center\">601-7470909<\/p>\n<\/td>\n<td>\n<p align=\"center\">1145<\/p>\n<\/td>\n<\/tr>\n<\/tbody>\n<\/table>[\/vc_column_text][\/vc_tta_section][\/vc_tta_tabs][\/vc_column][\/vc_row]<\/div>","protected":false},"excerpt":{"rendered":"[vc_row pix_particles_check=&#8221;&#8221; css=&#8221;.vc_custom_1725220946671{margin-top: -20px !important;}&#8221;][vc_column][\/vc_column][\/vc_row][vc_row pix_particles_check=&#8221;&#8221; css=&#8221;.vc_custom_1725220936979{margin-top: -20px !important;}&#8221;][vc_column width=&#8221;1\/3&#8243;][\/vc_column][vc_column width=&#8221;1\/3&#8243;][\/vc_column][vc_column width=&#8221;1\/3&#8243;][\/vc_column][\/vc_row][vc_row pix_particles_check=&#8221;&#8221;][vc_column][\/vc_column][\/vc_row][vc_row pix_particles_check=&#8221;&#8221;][vc_column width=&#8221;1\/3&#8243;][vc_column_text css=&#8221;.vc_custom_1773777180820{border-top-width: 1px !important;border-right-width: 1px !important;border-bottom-width: 1px !important;border-left-width: 1px !important;background-color: #F2F2F2 !important;border-left-style: double !important;border-right-style: double !important;border-top-style: double !important;border-bottom-style: double !important;border-color: #000000 !important;}&#8221;]Consultar Directorio servidores p\u00fablicos Unidad&#8230;","protected":false},"author":1,"featured_media":0,"parent":0,"menu_order":0,"comment_status":"closed","ping_status":"closed","template":"","meta":{"_monsterinsights_skip_tracking":false,"_monsterinsights_sitenote_active":false,"_monsterinsights_sitenote_note":"","_monsterinsights_sitenote_category":0,"footnotes":""},"class_list":["post-628","page","type-page","status-publish","hentry"],"_links":{"self":[{"href":"https:\/\/www.umv.gov.co\/portal\/wp-json\/wp\/v2\/pages\/628","targetHints":{"allow":["GET"]}}],"collection":[{"href":"https:\/\/www.umv.gov.co\/portal\/wp-json\/wp\/v2\/pages"}],"about":[{"href":"https:\/\/www.umv.gov.co\/portal\/wp-json\/wp\/v2\/types\/page"}],"author":[{"embeddable":true,"href":"https:\/\/www.umv.gov.co\/portal\/wp-json\/wp\/v2\/users\/1"}],"replies":[{"embeddable":true,"href":"https:\/\/www.umv.gov.co\/portal\/wp-json\/wp\/v2\/comments?post=628"}],"version-history":[{"count":7,"href":"https:\/\/www.umv.gov.co\/portal\/wp-json\/wp\/v2\/pages\/628\/revisions"}],"predecessor-version":[{"id":56019,"href":"https:\/\/www.umv.gov.co\/portal\/wp-json\/wp\/v2\/pages\/628\/revisions\/56019"}],"wp:attachment":[{"href":"https:\/\/www.umv.gov.co\/portal\/wp-json\/wp\/v2\/media?parent=628"}],"curies":[{"name":"wp","href":"https:\/\/api.w.org\/{rel}","templated":true}]}}