{"id":5984,"date":"2018-07-24T01:11:08","date_gmt":"2018-07-24T01:11:08","guid":{"rendered":"https:\/\/www.umv.gov.co\/portal\/?page_id=5984"},"modified":"2026-03-27T00:18:38","modified_gmt":"2026-03-27T00:18:38","slug":"ejecucion-contratos","status":"publish","type":"page","link":"https:\/\/www.umv.gov.co\/portal\/ejecucion-contratos\/","title":{"rendered":"Ejecuci\u00f3n Contratos"},"content":{"rendered":"<div class=\"wpb-content-wrapper\">[vc_row pix_particles_check=&#8221;&#8221; css=&#8221;.vc_custom_1725230917843{margin-top: -20px !important;margin-bottom: 20px !important;}&#8221;][vc_column]<span class=\"pix-badge-element h6 d-inline-flex mr-1 \"  ><span class=\"badge font-weight-bold secondary-font  bg-secondary  vc_custom_1725230900128  \" style=\" \"><span class=\"text-white\" style=\"\">EJECUCI\u00d3N DE CONTRATOS<\/span><\/span><\/span>[\/vc_column][\/vc_row][vc_row pix_particles_check=&#8221;&#8221;][vc_column width=&#8221;1\/2&#8243;][vc_column_text css=&#8221;.vc_custom_1774570625646{border-top-width: 1px !important;border-right-width: 1px !important;border-bottom-width: 1px !important;border-left-width: 1px !important;padding-top: 5px !important;padding-right: 5px !important;padding-bottom: 5px !important;padding-left: 5px !important;background-color: #F3F3F3 !important;border-left-style: groove !important;border-right-style: groove !important;border-top-style: groove !important;border-bottom-style: groove !important;border-color: #000000 !important;}&#8221;]Consulte\u00a0 el listado de contratos en ejecuci\u00f3n dando cumplimiento a la resoluci\u00f3n 1519 de 2020, Anexo t\u00e9cnico 2 de MINTIC y\u00a0 a lo requerido\u00a0 por el \u00cdndice de Transparencia y Acceso a la Informaci\u00f3n P\u00fablica.[\/vc_column_text][\/vc_column][vc_column width=&#8221;1\/2&#8243;][vc_column_text css=&#8221;&#8221;]<h6 class=\"bs-shortcode-alert alert alert-success\" style=\"text-align: center;\"><a href=\"https:\/\/www.umv.gov.co\/portal\/wp-content\/uploads\/2026\/03\/20260326-ContratosEnEjecucionUMV_Mar25-2026.xlsx\" target=\"_blank\" rel=\"noopener\"><strong><span style=\"color: #000000;\">Consultar archivo. Clic aqu\u00ed<\/span><\/strong><\/a><\/h6>\n<strong>Fecha de Actualizaci\u00f3n:25-03-2026<\/strong>[\/vc_column_text][\/vc_column][\/vc_row][vc_row pix_particles_check=&#8221;&#8221;][vc_column][\/vc_column][\/vc_row]<\/div>","protected":false},"excerpt":{"rendered":"[vc_row pix_particles_check=&#8221;&#8221; css=&#8221;.vc_custom_1725230917843{margin-top: -20px !important;margin-bottom: 20px !important;}&#8221;][vc_column][\/vc_column][\/vc_row][vc_row pix_particles_check=&#8221;&#8221;][vc_column width=&#8221;1\/2&#8243;][vc_column_text css=&#8221;.vc_custom_1774570625646{border-top-width: 1px !important;border-right-width: 1px !important;border-bottom-width: 1px !important;border-left-width: 1px !important;padding-top: 5px !important;padding-right: 5px !important;padding-bottom: 5px !important;padding-left: 5px !important;background-color: #F3F3F3 !important;border-left-style: groove !important;border-right-style: groove !important;border-top-style: groove !important;border-bottom-style: groove !important;border-color: #000000 !important;}&#8221;]Consulte\u00a0 el listado&#8230;","protected":false},"author":1,"featured_media":0,"parent":0,"menu_order":0,"comment_status":"closed","ping_status":"closed","template":"","meta":{"_monsterinsights_skip_tracking":false,"_monsterinsights_sitenote_active":false,"_monsterinsights_sitenote_note":"","_monsterinsights_sitenote_category":0,"footnotes":""},"class_list":["post-5984","page","type-page","status-publish","hentry"],"_links":{"self":[{"href":"https:\/\/www.umv.gov.co\/portal\/wp-json\/wp\/v2\/pages\/5984","targetHints":{"allow":["GET"]}}],"collection":[{"href":"https:\/\/www.umv.gov.co\/portal\/wp-json\/wp\/v2\/pages"}],"about":[{"href":"https:\/\/www.umv.gov.co\/portal\/wp-json\/wp\/v2\/types\/page"}],"author":[{"embeddable":true,"href":"https:\/\/www.umv.gov.co\/portal\/wp-json\/wp\/v2\/users\/1"}],"replies":[{"embeddable":true,"href":"https:\/\/www.umv.gov.co\/portal\/wp-json\/wp\/v2\/comments?post=5984"}],"version-history":[{"count":1,"href":"https:\/\/www.umv.gov.co\/portal\/wp-json\/wp\/v2\/pages\/5984\/revisions"}],"predecessor-version":[{"id":56021,"href":"https:\/\/www.umv.gov.co\/portal\/wp-json\/wp\/v2\/pages\/5984\/revisions\/56021"}],"wp:attachment":[{"href":"https:\/\/www.umv.gov.co\/portal\/wp-json\/wp\/v2\/media?parent=5984"}],"curies":[{"name":"wp","href":"https:\/\/api.w.org\/{rel}","templated":true}]}}