{"id":55235,"date":"2026-02-26T22:34:54","date_gmt":"2026-02-26T22:34:54","guid":{"rendered":"https:\/\/www.umv.gov.co\/portal\/?page_id=55235"},"modified":"2026-03-12T19:17:43","modified_gmt":"2026-03-12T19:17:43","slug":"planes-de-mejoramiento-2026","status":"publish","type":"page","link":"https:\/\/www.umv.gov.co\/portal\/planes-de-mejoramiento-2026\/","title":{"rendered":"Planes de Mejoramiento 2026"},"content":{"rendered":"<div class=\"wpb-content-wrapper\">[vc_row pix_particles_check=&#8221;&#8221; css=&#8221;.vc_custom_1725578103739{margin-top: -20px !important;}&#8221;][vc_column]<span class=\"pix-badge-element h6 d-inline-flex mr-1 \"  ><span class=\"badge font-weight-bold secondary-font  bg-secondary  vc_custom_1725578093128  \" style=\" \"><span class=\"text-white\" style=\"\">4.7.5 PLANES DE MEJORAMIENTO<\/span><\/span><\/span>[vc_tta_accordion section_title_tag=&#8221;h6&#8243; style=&#8221;modern&#8221; color=&#8221;white&#8221; c_icon=&#8221;&#8221; active_section=&#8221;&#8221; collapsible_all=&#8221;true&#8221;][vc_tta_section i_icon_fontawesome=&#8221;&#8221; add_icon=&#8221;true&#8221; title=&#8221;4.7.5.1. Derivados de auditor\u00edas ejecutadas por la Contralor\u00eda de Bogot\u00e1&#8221; tab_id=&#8221;Derivados-de-auditorias-ejecutadas-por-la-Contraloria-de-Bogota&#8221;][\/vc_tta_section][vc_tta_section i_icon_fontawesome=&#8221;&#8221; add_icon=&#8221;true&#8221; title=&#8221;4.7.5.2. Derivados de auditor\u00edas ejecutadas por la Oficina de Control Interno&#8221; tab_id=&#8221;Derivados-de-auditorias-ejecutadas-por-la-Oficina-de-Control-Interno&#8221;][vc_column_text css=&#8221;&#8221;]<table width=\"936\" align=\"center\">\n<tbody>\n<tr>\n<td style=\"text-align: center;\" align=\"center\" width=\"70\">\n<div class=\"bs-shortcode-alert alert alert-warning\"><strong>C\u00d3DIGO<\/strong><\/div><\/td>\n<td style=\"text-align: center;\" width=\"692\">\n<div class=\"bs-shortcode-alert alert alert-warning\"><strong>NOMBRE DEL INFORME<\/strong><\/div><\/td>\n<td style=\"text-align: center;\" width=\"74\">\n<div class=\"bs-shortcode-alert alert alert-warning\"><strong>FORMATO<\/strong><\/div><\/td>\n<\/tr>\n<tr>\n<td>\n<div class=\"bs-shortcode-alert alert alert-info\">4.7.5.2a<\/div><\/td>\n<td>\n<div class=\"bs-shortcode-alert alert alert-info\">\n\n<a href=\"https:\/\/www.umv.gov.co\/portal\/wp-content\/uploads\/2026\/02\/4.7.5.2-a-Plan-de-Mejoramiento-Gestion-de-Talento-Humano.pdf\" target=\"_blank\" rel=\"noopener\"><span data-olk-copy-source=\"MessageBody\">Plan de Mejoramiento Gesti\u00f3n de Talento Humano<\/span><\/a>\n\n<\/div><\/td>\n<td>\n<div class=\"bs-shortcode-alert alert alert-info\">Pdf<\/div><\/td>\n<\/tr>\n<tr>\n<td>\n<div class=\"bs-shortcode-alert alert alert-info\">4.7.5.2b<\/div><\/td>\n<td>\n<div class=\"bs-shortcode-alert alert alert-info\">\n\n<a href=\"https:\/\/www.umv.gov.co\/portal\/wp-content\/uploads\/2026\/03\/4.7.5.2b-plan-de-mejoramiento-formulado-por-el-Proceso-INFRA-Intervencion-de-la-Infraestructura.pdf\" target=\"_blank\" rel=\"noopener\"><span data-olk-copy-source=\"MessageBody\">Plan de mejoramiento formulado por el &nbsp;Proceso INFRA &#8211; Intervenci\u00f3n de la Infraestructura<\/span><\/a>\n\n<\/div><\/td>\n<td>\n<div class=\"bs-shortcode-alert alert alert-info\">Pdf<\/div><\/td>\n<\/tr>\n\n<\/tbody>\n<\/table>[\/vc_column_text][\/vc_tta_section][vc_tta_section i_icon_fontawesome=&#8221;&#8221; add_icon=&#8221;true&#8221; title=&#8221;4.7.5.3. Derivados de visitas efectuadas por el Consejo Distrital de Archivos&#8221; tab_id=&#8221;Derivados-de-visitas-efectuadas-por-el-Consejo-Distrital-de-Archivos&#8221;][vc_column_text][\/vc_column_text][\/vc_tta_section][vc_tta_section i_icon_fontawesome=&#8221;&#8221; add_icon=&#8221;true&#8221; title=&#8221;4.7.5.4. Derivados de la autoevaluaci\u00f3n de los procesos&#8221; tab_id=&#8221;Derivados-de-la-autoevaluacion-de-los-procesos&#8221;][vc_column_text css=&#8221;&#8221;]<table width=\"936\" align=\"center\">\n<tbody>\n<tr>\n<td style=\"text-align: center;\" align=\"center\" width=\"70\">\n<div class=\"bs-shortcode-alert alert alert-warning\"><strong>C\u00d3DIGO<\/strong><\/div><\/td>\n<td style=\"text-align: center;\" width=\"692\">\n<div class=\"bs-shortcode-alert alert alert-warning\"><strong>NOMBRE DEL INFORME<\/strong><\/div><\/td>\n<td style=\"text-align: center;\" width=\"74\">\n<div class=\"bs-shortcode-alert alert alert-warning\"><strong>FORMATO<\/strong><\/div><\/td>\n<\/tr>\n<tr>\n<td>\n<div class=\"bs-shortcode-alert alert alert-info\">4.7.5.4a<\/div><\/td>\n<td>\n<div class=\"bs-shortcode-alert alert alert-info\">\n\n<a href=\"https:\/\/www.umv.gov.co\/portal\/wp-content\/uploads\/2026\/03\/4.7.5.4A-plan-de-mejoramiento-formulado-por-el-area-SST-producto-de-la-auditoria-internaSistema-de-Gestion-de-SST.pdf\" target=\"_blank\" rel=\"noopener\"><span data-olk-copy-source=\"MessageBody\">Plan de mejoramiento formulado por el \u00e1rea SST producto de la auditor\u00eda interna Sistema de Gesti\u00f3n de SST.<\/span><\/a>\n\n<\/div><\/td>\n<td>\n<div class=\"bs-shortcode-alert alert alert-info\">Pdf<\/div><\/td>\n<\/tr>\n<\/tbody>\n<\/table>[\/vc_column_text][\/vc_tta_section][vc_tta_section i_icon_fontawesome=&#8221;&#8221; add_icon=&#8221;true&#8221; title=&#8221;4.7.5.5. Derivados de auditor\u00edas Externas&#8221; tab_id=&#8221;1658931068265-1981b5cf-78b0&#8243;][\/vc_tta_section][\/vc_tta_accordion][\/vc_column][\/vc_row]<\/div>","protected":false},"excerpt":{"rendered":"[vc_row pix_particles_check=&#8221;&#8221; css=&#8221;.vc_custom_1725578103739{margin-top: -20px !important;}&#8221;][vc_column][vc_tta_accordion section_title_tag=&#8221;h6&#8243; style=&#8221;modern&#8221; color=&#8221;white&#8221; c_icon=&#8221;&#8221; active_section=&#8221;&#8221; collapsible_all=&#8221;true&#8221;][vc_tta_section i_icon_fontawesome=&#8221;&#8221; add_icon=&#8221;true&#8221; title=&#8221;4.7.5.1. Derivados de auditor\u00edas ejecutadas por la Contralor\u00eda de Bogot\u00e1&#8221; tab_id=&#8221;Derivados-de-auditorias-ejecutadas-por-la-Contraloria-de-Bogota&#8221;][\/vc_tta_section][vc_tta_section i_icon_fontawesome=&#8221;&#8221; add_icon=&#8221;true&#8221; title=&#8221;4.7.5.2. Derivados de auditor\u00edas ejecutadas por la Oficina de Control Interno&#8221; tab_id=&#8221;Derivados-de-auditorias-ejecutadas-por-la-Oficina-de-Control-Interno&#8221;][vc_column_text css=&#8221;&#8221;] C\u00d3DIGO&#8230;","protected":false},"author":1,"featured_media":0,"parent":0,"menu_order":0,"comment_status":"closed","ping_status":"closed","template":"","meta":{"_monsterinsights_skip_tracking":false,"_monsterinsights_sitenote_active":false,"_monsterinsights_sitenote_note":"","_monsterinsights_sitenote_category":0,"footnotes":""},"class_list":["post-55235","page","type-page","status-publish","hentry"],"_links":{"self":[{"href":"https:\/\/www.umv.gov.co\/portal\/wp-json\/wp\/v2\/pages\/55235","targetHints":{"allow":["GET"]}}],"collection":[{"href":"https:\/\/www.umv.gov.co\/portal\/wp-json\/wp\/v2\/pages"}],"about":[{"href":"https:\/\/www.umv.gov.co\/portal\/wp-json\/wp\/v2\/types\/page"}],"author":[{"embeddable":true,"href":"https:\/\/www.umv.gov.co\/portal\/wp-json\/wp\/v2\/users\/1"}],"replies":[{"embeddable":true,"href":"https:\/\/www.umv.gov.co\/portal\/wp-json\/wp\/v2\/comments?post=55235"}],"version-history":[{"count":6,"href":"https:\/\/www.umv.gov.co\/portal\/wp-json\/wp\/v2\/pages\/55235\/revisions"}],"predecessor-version":[{"id":55592,"href":"https:\/\/www.umv.gov.co\/portal\/wp-json\/wp\/v2\/pages\/55235\/revisions\/55592"}],"wp:attachment":[{"href":"https:\/\/www.umv.gov.co\/portal\/wp-json\/wp\/v2\/media?parent=55235"}],"curies":[{"name":"wp","href":"https:\/\/api.w.org\/{rel}","templated":true}]}}