{"id":537,"date":"2017-03-25T23:21:05","date_gmt":"2017-03-25T23:21:05","guid":{"rendered":"https:\/\/www.umv.gov.co\/portal\/?page_id=537"},"modified":"2024-08-30T23:24:18","modified_gmt":"2024-08-30T23:24:18","slug":"manual-de-gestion","status":"publish","type":"page","link":"https:\/\/www.umv.gov.co\/portal\/manual-de-gestion\/","title":{"rendered":"Manual SIG"},"content":{"rendered":"<div class=\"wpb-content-wrapper\"><p>[vc_row pix_particles_check=&#8221;&#8221;][vc_column width=&#8221;2\/3&#8243;]<span class=\"pix-badge-element h6 d-inline-flex mr-1 \"  ><span class=\"badge font-weight-bold secondary-font  bg-secondary  vc_custom_1725060219727  \" style=\" \"><span class=\"text-white\" style=\"\">MANUAL SISTEMA INTEGRADO DE GESTI\u00d3N- PRESENTACI\u00d3N<\/span><\/span><\/span>[vc_column_text css=&#8221;&#8221;]<\/p>\n<div align=\"justify\">La Unidad Administrativa Especial de Rehabilitaci\u00f3n y Mantenimiento Vial \u2013 UAERMV, para la planificaci\u00f3n del Sistema Integrado de Gesti\u00f3n, elabora el presente manual como un documento que representa el Sistema Integrado de Gesti\u00f3n, como lo describe el Decreto Distrital 176 de 2010 \u201c<em>Por el cual se definen los lineamientos para la conformaci\u00f3n articulada de un Sistema Integrado de Gesti\u00f3n en las entidades\u00a0del Distrito Capital y se asignan unas funciones<\/em><\/div>\n<p>&nbsp;[\/vc_column_text][\/vc_column][vc_column width=&#8221;1\/3&#8243;]<span class=\"pix-badge-element h5 d-inline-flex mr-1 \"  ><span class=\"badge font-weight-bold secondary-font  bg-secondary  vc_custom_1725060256286  \" style=\" \"><span class=\"text-white\" style=\"\">Archivos Relacionados:<\/span><\/span><\/span>[vc_btn title=&#8221;Descargar Manual Sistema Integrado de Gesti\u00f3n&#8221; style=&#8221;gradient-custom&#8221; gradient_custom_color_2=&#8221;#a9b71b&#8221; size=&#8221;lg&#8221; align=&#8221;center&#8221; i_icon_fontawesome=&#8221;fa fa-file-text-o&#8221; button_block=&#8221;true&#8221; add_icon=&#8221;true&#8221; link=&#8221;url:https%3A%2F%2Fwww.umv.gov.co%2Fsisgestion2019%2FDocumentos%2FESTRATEGICOS%2FDESI%2FDESI-MC-001-V11_Manual_del_Sistema_de_Gestion.docx|title:Manual%20Sistema%20Integrado%20de%20Gesti%C3%B3n|target:%20_blank|&#8221;][\/vc_column][\/vc_row][vc_row pix_particles_check=&#8221;&#8221;][vc_column][\/vc_column][\/vc_row]<\/p>\n<\/div>","protected":false},"excerpt":{"rendered":"[vc_row pix_particles_check=&#8221;&#8221;][vc_column width=&#8221;2\/3&#8243;][vc_column_text css=&#8221;&#8221;] La Unidad Administrativa Especial de Rehabilitaci\u00f3n y Mantenimiento Vial \u2013 UAERMV, para la planificaci\u00f3n del Sistema Integrado de Gesti\u00f3n, elabora el presente manual como un documento que representa el Sistema Integrado de Gesti\u00f3n, como lo describe&#8230;","protected":false},"author":1,"featured_media":0,"parent":0,"menu_order":0,"comment_status":"closed","ping_status":"closed","template":"","meta":{"_monsterinsights_skip_tracking":false,"_monsterinsights_sitenote_active":false,"_monsterinsights_sitenote_note":"","_monsterinsights_sitenote_category":0,"footnotes":""},"class_list":["post-537","page","type-page","status-publish","hentry"],"_links":{"self":[{"href":"https:\/\/www.umv.gov.co\/portal\/wp-json\/wp\/v2\/pages\/537","targetHints":{"allow":["GET"]}}],"collection":[{"href":"https:\/\/www.umv.gov.co\/portal\/wp-json\/wp\/v2\/pages"}],"about":[{"href":"https:\/\/www.umv.gov.co\/portal\/wp-json\/wp\/v2\/types\/page"}],"author":[{"embeddable":true,"href":"https:\/\/www.umv.gov.co\/portal\/wp-json\/wp\/v2\/users\/1"}],"replies":[{"embeddable":true,"href":"https:\/\/www.umv.gov.co\/portal\/wp-json\/wp\/v2\/comments?post=537"}],"version-history":[{"count":0,"href":"https:\/\/www.umv.gov.co\/portal\/wp-json\/wp\/v2\/pages\/537\/revisions"}],"wp:attachment":[{"href":"https:\/\/www.umv.gov.co\/portal\/wp-json\/wp\/v2\/media?parent=537"}],"curies":[{"name":"wp","href":"https:\/\/api.w.org\/{rel}","templated":true}]}}