{"id":4955,"date":"2018-04-24T01:28:42","date_gmt":"2018-04-24T01:28:42","guid":{"rendered":"https:\/\/www.umv.gov.co\/portal\/?page_id=4955"},"modified":"2024-09-06T15:50:02","modified_gmt":"2024-09-06T15:50:02","slug":"encuesta-de-percepcion-ciudadana","status":"publish","type":"page","link":"https:\/\/www.umv.gov.co\/portal\/encuesta-de-percepcion-ciudadana\/","title":{"rendered":"Encuesta de percepci\u00f3n ciudadana"},"content":{"rendered":"<div class=\"wpb-content-wrapper\"><p>[vc_row pix_particles_check=&#8221;&#8221;][vc_column]<span class=\"pix-badge-element h6 d-inline-flex mr-1 \"  ><span class=\"badge font-weight-bold secondary-font  bg-secondary  vc_custom_1725637801045  \" style=\" \"><span class=\"text-white\" style=\"\">ENCUESTA DE PERCEPCI\u00d3N DE LA CIUDADAN\u00cdA<\/span><\/span><\/span>[vc_column_text css=&#8221;&#8221;]Encuesta de percepci\u00f3n de la ciudadan\u00eda y partes interesadas, frente al acceso y consulta de la informaci\u00f3n publicada en la p\u00e1gina web de la Unidad de Mantenimiento Vial<\/p>\n<p><iframe loading=\"lazy\" src=\"https:\/\/docs.google.com\/forms\/d\/e\/1FAIpQLSfdlsIrV1e_St7sFxzJkLOal-wAXpjljmdAbBVgXJ5wRy0kYg\/viewform?embedded=true\" width=\"100%\" height=\"1710\" frameborder=\"0\" marginwidth=\"0\" marginheight=\"0\">Cargando&#8230;<\/iframe>[\/vc_column_text][\/vc_column][\/vc_row][vc_row pix_particles_check=&#8221;&#8221;][vc_column][\/vc_column][\/vc_row]<\/p>\n<\/div>","protected":false},"excerpt":{"rendered":"[vc_row pix_particles_check=&#8221;&#8221;][vc_column][vc_column_text css=&#8221;&#8221;]Encuesta de percepci\u00f3n de la ciudadan\u00eda y partes interesadas, frente al acceso y consulta de la informaci\u00f3n publicada en la p\u00e1gina web de la Unidad de Mantenimiento Vial Cargando&#8230;[\/vc_column_text][\/vc_column][\/vc_row][vc_row pix_particles_check=&#8221;&#8221;][vc_column][\/vc_column][\/vc_row]","protected":false},"author":1,"featured_media":0,"parent":0,"menu_order":0,"comment_status":"closed","ping_status":"closed","template":"","meta":{"_monsterinsights_skip_tracking":false,"_monsterinsights_sitenote_active":false,"_monsterinsights_sitenote_note":"","_monsterinsights_sitenote_category":0,"footnotes":""},"class_list":["post-4955","page","type-page","status-publish","hentry"],"_links":{"self":[{"href":"https:\/\/www.umv.gov.co\/portal\/wp-json\/wp\/v2\/pages\/4955","targetHints":{"allow":["GET"]}}],"collection":[{"href":"https:\/\/www.umv.gov.co\/portal\/wp-json\/wp\/v2\/pages"}],"about":[{"href":"https:\/\/www.umv.gov.co\/portal\/wp-json\/wp\/v2\/types\/page"}],"author":[{"embeddable":true,"href":"https:\/\/www.umv.gov.co\/portal\/wp-json\/wp\/v2\/users\/1"}],"replies":[{"embeddable":true,"href":"https:\/\/www.umv.gov.co\/portal\/wp-json\/wp\/v2\/comments?post=4955"}],"version-history":[{"count":0,"href":"https:\/\/www.umv.gov.co\/portal\/wp-json\/wp\/v2\/pages\/4955\/revisions"}],"wp:attachment":[{"href":"https:\/\/www.umv.gov.co\/portal\/wp-json\/wp\/v2\/media?parent=4955"}],"curies":[{"name":"wp","href":"https:\/\/api.w.org\/{rel}","templated":true}]}}