{"id":47474,"date":"2025-05-21T16:05:32","date_gmt":"2025-05-21T16:05:32","guid":{"rendered":"https:\/\/www.umv.gov.co\/portal\/?page_id=47474"},"modified":"2025-12-26T16:35:47","modified_gmt":"2025-12-26T16:35:47","slug":"clico-umv-al-barrio","status":"publish","type":"page","link":"https:\/\/www.umv.gov.co\/portal\/clico-umv-al-barrio\/","title":{"rendered":"Clico UMV al Barrio"},"content":{"rendered":"<div class=\"wpb-content-wrapper\">[vc_row pix_particles_check=&#8221;&#8221; css=&#8221;.vc_custom_1729203371442{margin-top: -20px !important;}&#8221;][vc_column]<span class=\"pix-badge-element h6 d-inline-flex mr-1 \"  ><span class=\"badge font-weight-bold secondary-font  bg-secondary  vc_custom_1752075453455  \" style=\" \"><span class=\"text-white\" style=\"\">VIGENCIA 2025<\/span><\/span><\/span>[\/vc_column][\/vc_row][vc_row pix_particles_check=&#8221;&#8221;][vc_column]<span class=\"pix-badge-element h6 d-inline-flex mr-1 \"  ><span class=\"badge font-weight-bold secondary-font  bg-secondary  vc_custom_1766766855807  \" style=\" \"><span class=\"text-white\" style=\"\">Umv al Barrio Colegio Barrios Unidos<\/span><\/span><\/span>[vc_column_text css=&#8221;.vc_custom_1766766944655{margin-bottom: 20px !important;}&#8221;]<ul>\n \t<li><a href=\"https:\/\/www.umv.gov.co\/portal\/wp-content\/uploads\/2025\/12\/20251028-Informe-de-Satisfaccion-Colegio-Heladia-Mejia-Barrios-Unidos.pdf\" target=\"_blank\" rel=\"noopener\">Informe de Satisfacci\u00f3n Colegio Helad\u00eda Mej\u00eda Barrios Unidos<\/a><\/li>\n \t<li><a href=\"https:\/\/www.umv.gov.co\/portal\/wp-content\/uploads\/2025\/12\/20251028-Sistematizacion_UMV-al-barrio-colegio-Barrios-Unidos.xlsx\" target=\"_blank\" rel=\"noopener\">Sistematizaci\u00f3n UMV al barrio colegio Barrios Unidos<\/a><\/li>\n<\/ul>[\/vc_column_text][\/vc_column][\/vc_row][vc_row pix_particles_check=&#8221;&#8221;][vc_column]<span class=\"pix-badge-element h6 d-inline-flex mr-1 \"  ><span class=\"badge font-weight-bold secondary-font  bg-secondary  vc_custom_1766766603599  \" style=\" \"><span class=\"text-white\" style=\"\">Sesi\u00f3n I Barrios Unidos<\/span><\/span><\/span>[vc_column_text css=&#8221;.vc_custom_1766766673668{margin-bottom: 20px !important;}&#8221;]<ul>\n \t<li><a href=\"https:\/\/www.umv.gov.co\/portal\/wp-content\/uploads\/2025\/12\/20251112-Informe-convocatoria.pdf\" target=\"_blank\" rel=\"noopener\">INFORME DE CONVOCATORIA SESION I BARRIOS UNIDOS<\/a><\/li>\n \t<li><a href=\"https:\/\/www.umv.gov.co\/portal\/wp-content\/uploads\/2025\/12\/20251112-Informe-de-satisfaccion-Barrios-Unidos-sesion-I.pdf\" target=\"_blank\" rel=\"noopener\">INFORME_ANALISIS DE SATISFACCION ENGATIVA SESION I&nbsp;<\/a><\/li>\n \t<li><a href=\"https:\/\/www.umv.gov.co\/portal\/wp-content\/uploads\/2025\/12\/20251112-Sistematizacion-Barrios-Unidos-sesion-I.xlsx\" target=\"_blank\" rel=\"noopener\">Sistematizaci\u00f3n UMV al barrio ciclo de empoderamiento ciudadano Sesio\u0301n I<\/a><\/li>\n<\/ul>[\/vc_column_text][\/vc_column][\/vc_row][vc_row pix_particles_check=&#8221;&#8221;][vc_column]<span class=\"pix-badge-element h6 d-inline-flex mr-1 \"  ><span class=\"badge font-weight-bold secondary-font  bg-secondary  vc_custom_1766766699876  \" style=\" \"><span class=\"text-white\" style=\"\">Sesi\u00f3n II Barrios Unidos<\/span><\/span><\/span>[vc_column_text css=&#8221;.vc_custom_1766766791991{margin-bottom: 20px !important;}&#8221;]<ul>\n \t<li><a href=\"https:\/\/www.umv.gov.co\/portal\/wp-content\/uploads\/2025\/12\/20251119-Informe-de-convocatoria.pdf\" target=\"_blank\" rel=\"noopener\">INFORME DE CONVOCATORIA SESION II BARRIOS UNIDOS<\/a><\/li>\n \t<li><a href=\"https:\/\/www.umv.gov.co\/portal\/wp-content\/uploads\/2025\/12\/20251219-Informe-de-satisfaccion-sesion-ll-Barrios-Unidos.pdf\" target=\"_blank\" rel=\"noopener\">INFORME_ANALISIS DE SATISFACCION ENGATIVA SESION II&nbsp;<\/a><\/li>\n \t<li><a href=\"https:\/\/www.umv.gov.co\/portal\/wp-content\/uploads\/2025\/12\/20251119-Sistematizacion-Barrios-Unudos-sesion-II.xlsx\" target=\"_blank\" rel=\"noopener\">Sistematizaci\u00f3n UMV al barrio ciclo de empoderamiento ciudadano Sesio\u0301n II<\/a><\/li>\n<\/ul>[\/vc_column_text][\/vc_column][\/vc_row][vc_row pix_particles_check=&#8221;&#8221;][vc_column]<span class=\"pix-badge-element h6 d-inline-flex mr-1 \"  ><span class=\"badge font-weight-bold secondary-font  bg-secondary  vc_custom_1759507310628  \" style=\" \"><span class=\"text-white\" style=\"\">Sesi\u00f3n I Engativ\u00e1<\/span><\/span><\/span>[vc_column_text css=&#8221;.vc_custom_1761927774504{margin-bottom: 20px !important;}&#8221;]<ul>\n \t<li><a href=\"https:\/\/www.umv.gov.co\/portal\/wp-content\/uploads\/2025\/10\/UMV-al-Barrio_-aviso-de-convocatoria_Sesio-I.pdf\" target=\"_blank\" rel=\"noopener\">INFORME DE CONVOCATORIA SESION I ENGATIVA<\/a><\/li>\n \t<li><a href=\"https:\/\/www.umv.gov.co\/portal\/wp-content\/uploads\/2025\/10\/20250811_-Informe-de-Satisfaccion-UMV-al-Barrio-sesion-I.pdf\" target=\"_blank\" rel=\"noopener\">INFORME_ANALISIS DE SATISFACCION ENGATIVA SESION I&nbsp;<\/a><\/li>\n \t<li><a href=\"https:\/\/www.umv.gov.co\/portal\/wp-content\/uploads\/2025\/10\/20250811_Sistematizacion_UMValBarrio_engativa-sesion-I.xlsx\" target=\"_blank\" rel=\"noopener\">Sistematizaci\u00f3n UMV al barrio ciclo de empoderamiento ciudadano Sesio\u0301n I<\/a><\/li>\n<\/ul>[\/vc_column_text][\/vc_column][\/vc_row][vc_row pix_particles_check=&#8221;&#8221;][vc_column]<span class=\"pix-badge-element h6 d-inline-flex mr-1 \"  ><span class=\"badge font-weight-bold secondary-font  bg-secondary  vc_custom_1759507403649  \" style=\" \"><span class=\"text-white\" style=\"\">Sesi\u00f3n II Engativ\u00e1<\/span><\/span><\/span>[vc_column_text css=&#8221;.vc_custom_1761927807072{margin-bottom: 20px !important;}&#8221;]<ul>\n \t<li><a href=\"https:\/\/www.umv.gov.co\/portal\/wp-content\/uploads\/2025\/10\/UMV-al-Barrio_-aviso-de-convocatoria_Sesio-II.pdf\" target=\"_blank\" rel=\"noopener\">INFORME DE CONVOCATORIA SESION II ENGATIVA<\/a><\/li>\n \t<li><a href=\"https:\/\/www.umv.gov.co\/portal\/wp-content\/uploads\/2025\/10\/20250819_-Informe-de-satisfaccion_UMV-al-Barrio_-Sesion-II.pdf\" target=\"_blank\" rel=\"noopener\">INFORME_ANALISIS DE SATISFACCION ENGATIVA SESION II&nbsp;<\/a><\/li>\n \t<li><a href=\"https:\/\/www.umv.gov.co\/portal\/wp-content\/uploads\/2025\/10\/Sistematizacion_UMValBarrio_engativa-sesion-II.xlsx\" target=\"_blank\" rel=\"noopener\">Sistematizaci\u00f3n UMV al barrio ciclo de empoderamiento ciudadano Sesio\u0301n I<\/a><\/li>\n<\/ul>[\/vc_column_text][\/vc_column][\/vc_row][vc_row pix_particles_check=&#8221;&#8221;][vc_column]<span class=\"pix-badge-element h6 d-inline-flex mr-1 \"  ><span class=\"badge font-weight-bold secondary-font  bg-secondary  vc_custom_1752075446735  \" style=\" \"><span class=\"text-white\" style=\"\">Sesi\u00f3n I Kennedy<\/span><\/span><\/span>[vc_column_text css=&#8221;.vc_custom_1747845384588{margin-bottom: 20px !important;}&#8221;]<ul>\n \t<li><a href=\"https:\/\/www.umv.gov.co\/portal\/wp-content\/uploads\/2025\/05\/20251180118983_00001_-INFORME_CONVOCATORIA-SESION-I_KENNEDY.pdf\" target=\"_blank\" rel=\"noopener\">INFORME_CONVOCATORIA SESION I KENNEDY<\/a><\/li>\n \t<li><a href=\"https:\/\/www.umv.gov.co\/portal\/wp-content\/uploads\/2025\/05\/20251180129883_00001_INFORME_ANALISIS-DE-SATISFACCION_KENNEDY-SESION-I.pdf\" target=\"_blank\" rel=\"noopener\">INFORME_ANALISIS DE SATISFACCION KENNEDY SESION I&nbsp;<\/a><\/li>\n \t<li><a href=\"https:\/\/www.umv.gov.co\/portal\/wp-content\/uploads\/2025\/05\/Sistematizacion-UMV-al-barrio-ciclo-de-empoderamiento-ciudadano-Sesion-1-29-marzo-2025-2.xlsx\" target=\"_blank\" rel=\"noopener\">Sistematizaci\u00f3n UMV al barrio ciclo de empoderamiento ciudadano Sesio\u0301n I<\/a><\/li>\n<\/ul>[\/vc_column_text][\/vc_column][\/vc_row][vc_row pix_particles_check=&#8221;&#8221;][vc_column]<span class=\"pix-badge-element h6 d-inline-flex mr-1 \"  ><span class=\"badge font-weight-bold secondary-font  bg-secondary  vc_custom_1747845275051  \" style=\" \"><span class=\"text-white\" style=\"\">Sesi\u00f3n II Kennedy<\/span><\/span><\/span>[vc_column_text css=&#8221;.vc_custom_1747845375571{margin-bottom: 20px !important;}&#8221;]<ul>\n \t<li><a href=\"https:\/\/www.umv.gov.co\/portal\/wp-content\/uploads\/2025\/05\/20251180118983_00001_-INFORME_CONVOCATORIA-SESION-II_KENNEDY.pdf\" target=\"_blank\" rel=\"noopener\">INFORME CONVOCATORIA SESION II KENNEDY<\/a><\/li>\n \t<li><a href=\"https:\/\/www.umv.gov.co\/portal\/wp-content\/uploads\/2025\/05\/20251180129883_00001_INFORME_ANALISIS-DE-SATISFACCION_KENNEDY-SESION-II.pdf\" target=\"_blank\" rel=\"noopener\">INFORME ANALISIS DE SATISFACCION KENNEDY SESION II&nbsp;<\/a><\/li>\n \t<li><a href=\"https:\/\/www.umv.gov.co\/portal\/wp-content\/uploads\/2025\/05\/Sistematizacion-UMV-al-barrio-ciclo-de-empoderamiento-ciudadano-Sesion-1-29-marzo-2025-2-1.xlsx\" target=\"_blank\" rel=\"noopener\">Sistematizaci\u00f3n UMV al barrio ciclo de empoderamiento ciudadano Sesio\u0301n II<\/a><\/li>\n<\/ul>[\/vc_column_text][\/vc_column][\/vc_row][vc_row pix_particles_check=&#8221;&#8221;][vc_column]<span class=\"pix-badge-element h6 d-inline-flex mr-1 \"  ><span class=\"badge font-weight-bold secondary-font  bg-secondary  vc_custom_1750792148621  \" style=\" \"><span class=\"text-white\" style=\"\">Umv al Barrio Colegio kennedy<\/span><\/span><\/span>[vc_column_text css=&#8221;.vc_custom_1750792401884{margin-bottom: 20px !important;}&#8221;]<ul>\n \t<li><a href=\"https:\/\/www.umv.gov.co\/portal\/wp-content\/uploads\/2025\/06\/20250603_-Analisis-de-satisfaccion_Colegio-Kennedy.pdf\" target=\"_blank\" rel=\"noopener\">An\u00e1lisis satisfacci\u00f3n UMV al Barrio Colegio Kennedy<\/a><\/li>\n \t<li><a href=\"https:\/\/www.umv.gov.co\/portal\/wp-content\/uploads\/2025\/06\/Sistematizacion-UMV-al-barrio-ciclo-de-empoderamiento-ciudadano-Sesion-II_FONTIBON.xlsx\" target=\"_blank\" rel=\"noopener\">Sistematizaci\u00f3n UMV al Barrio Colegio Kennedy<\/a><\/li>\n<\/ul>[\/vc_column_text][\/vc_column][\/vc_row][vc_row pix_particles_check=&#8221;&#8221;][vc_column]<span class=\"pix-badge-element h6 d-inline-flex mr-1 \"  ><span class=\"badge font-weight-bold secondary-font  bg-secondary  vc_custom_1750789443457  \" style=\" \"><span class=\"text-white\" style=\"\">Sesi\u00f3n I Fontib\u00f3n<\/span><\/span><\/span>[vc_column_text css=&#8221;.vc_custom_1750789770206{margin-bottom: 20px !important;}&#8221;]<ul>\n \t<li><a href=\"https:\/\/www.umv.gov.co\/portal\/wp-content\/uploads\/2025\/06\/20250519_INFORME-DE-CONVOCATORIA-UMV-AL-BARRIO-FONTIBON.pdf\" target=\"_blank\" rel=\"noopener\">INFORME DE CONVOCATORIA UMV AL BARRIO FONTIBO\u0301N<\/a><\/li>\n \t<li><a href=\"https:\/\/www.umv.gov.co\/portal\/wp-content\/uploads\/2025\/06\/20250519_Analisis-satisfaccion_UMValBarrio_fontibon-sesion-I.xlsx-1.pdf\" target=\"_blank\" rel=\"noopener\">An\u00e1lisis satisfacci\u00f3n UMV al Barrio Fontib\u00f3n sesi\u00f3n I<\/a><\/li>\n \t<li><a href=\"https:\/\/www.umv.gov.co\/portal\/wp-content\/uploads\/2025\/06\/20250519_Sistematizacion_UMValBarrio_fontibon-sesion-I.xlsx\" target=\"_blank\" rel=\"noopener\">Sistematizaci\u00f3n UMV al Barrio Fontib\u00f3n Sesi\u00f3n I<\/a><\/li>\n<\/ul>[\/vc_column_text][\/vc_column][\/vc_row][vc_row pix_particles_check=&#8221;&#8221;][vc_column]<span class=\"pix-badge-element h6 d-inline-flex mr-1 \"  ><span class=\"badge font-weight-bold secondary-font  bg-secondary  vc_custom_1750789684058  \" style=\" \"><span class=\"text-white\" style=\"\">Sesi\u00f3n II Fontib\u00f3n<\/span><\/span><\/span>[vc_column_text css=&#8221;.vc_custom_1750789747019{margin-bottom: 20px !important;}&#8221;]<ul>\n \t<li><a href=\"https:\/\/www.umv.gov.co\/portal\/wp-content\/uploads\/2025\/06\/20250531_Informe-de-convocatoria_Sesion-II_fontibon.pdf\" target=\"_blank\" rel=\"noopener\">INFORME DE CONVOCATORIA UMV AL BARRIO FONTIBO\u0301N<\/a><\/li>\n \t<li><a href=\"https:\/\/www.umv.gov.co\/portal\/wp-content\/uploads\/2025\/06\/Analisis-de-encuesta-sesion-ll-Fontibon-.pdf\" target=\"_blank\" rel=\"noopener\">An\u00e1lisis satisfacci\u00f3n UMV al Barrio Fontib\u00f3n sesi\u00f3n I<\/a><\/li>\n \t<li><a href=\"https:\/\/www.umv.gov.co\/portal\/wp-content\/uploads\/2025\/06\/Sistematizacion-UMV-al-barrio-ciclo-de-empoderamiento-ciudadano-Sesion-II_FONTIBON.xlsx\" target=\"_blank\" rel=\"noopener\">Sistematizaci\u00f3n UMV al Barrio Fontib\u00f3n Sesi\u00f3n I<\/a><\/li>\n<\/ul>[\/vc_column_text][\/vc_column][\/vc_row][vc_row pix_particles_check=&#8221;&#8221;][vc_column]<span class=\"pix-badge-element h6 d-inline-flex mr-1 \"  ><span class=\"badge font-weight-bold secondary-font  bg-secondary  vc_custom_1750792460159  \" style=\" \"><span class=\"text-white\" style=\"\">Umv al Barrio Colegio Fontib\u00f3n<\/span><\/span><\/span>[vc_column_text css=&#8221;.vc_custom_1750792528601{margin-bottom: 20px !important;}&#8221;]<ul>\n \t<li><a href=\"https:\/\/www.umv.gov.co\/portal\/wp-content\/uploads\/2025\/06\/20250527_Informe-Analisis-de-satisfaccion-_Colegio-Fontibon.pdf\" target=\"_blank\" rel=\"noopener\">An\u00e1lisis satisfacci\u00f3n UMV al Barrio Colegio Fontib\u00f3n<\/a><\/li>\n \t<li><a href=\"https:\/\/www.umv.gov.co\/portal\/wp-content\/uploads\/2025\/06\/Sistematizacion_UMValBarrio_Colegio-Fontibon.xlsx-ok.xlsx\" target=\"_blank\" rel=\"noopener\">Sistematizaci\u00f3n UMV al Barrio Colegio Fontib\u00f3n<\/a><\/li>\n<\/ul>[\/vc_column_text][\/vc_column][\/vc_row][vc_row pix_particles_check=&#8221;&#8221;][vc_column][\/vc_column][\/vc_row]<\/div>","protected":false},"excerpt":{"rendered":"[vc_row pix_particles_check=&#8221;&#8221; css=&#8221;.vc_custom_1729203371442{margin-top: -20px !important;}&#8221;][vc_column][\/vc_column][\/vc_row][vc_row pix_particles_check=&#8221;&#8221;][vc_column][vc_column_text css=&#8221;.vc_custom_1766766944655{margin-bottom: 20px !important;}&#8221;] Informe de Satisfacci\u00f3n Colegio Helad\u00eda Mej\u00eda Barrios Unidos Sistematizaci\u00f3n UMV al barrio colegio Barrios Unidos [\/vc_column_text][\/vc_column][\/vc_row][vc_row pix_particles_check=&#8221;&#8221;][vc_column][vc_column_text css=&#8221;.vc_custom_1766766673668{margin-bottom: 20px !important;}&#8221;] INFORME DE CONVOCATORIA SESION I BARRIOS UNIDOS INFORME_ANALISIS DE SATISFACCION ENGATIVA&#8230;","protected":false},"author":1,"featured_media":0,"parent":0,"menu_order":0,"comment_status":"closed","ping_status":"closed","template":"","meta":{"_monsterinsights_skip_tracking":false,"_monsterinsights_sitenote_active":false,"_monsterinsights_sitenote_note":"","_monsterinsights_sitenote_category":0,"footnotes":""},"class_list":["post-47474","page","type-page","status-publish","hentry"],"_links":{"self":[{"href":"https:\/\/www.umv.gov.co\/portal\/wp-json\/wp\/v2\/pages\/47474","targetHints":{"allow":["GET"]}}],"collection":[{"href":"https:\/\/www.umv.gov.co\/portal\/wp-json\/wp\/v2\/pages"}],"about":[{"href":"https:\/\/www.umv.gov.co\/portal\/wp-json\/wp\/v2\/types\/page"}],"author":[{"embeddable":true,"href":"https:\/\/www.umv.gov.co\/portal\/wp-json\/wp\/v2\/users\/1"}],"replies":[{"embeddable":true,"href":"https:\/\/www.umv.gov.co\/portal\/wp-json\/wp\/v2\/comments?post=47474"}],"version-history":[{"count":0,"href":"https:\/\/www.umv.gov.co\/portal\/wp-json\/wp\/v2\/pages\/47474\/revisions"}],"wp:attachment":[{"href":"https:\/\/www.umv.gov.co\/portal\/wp-json\/wp\/v2\/media?parent=47474"}],"curies":[{"name":"wp","href":"https:\/\/api.w.org\/{rel}","templated":true}]}}