{"id":46131,"date":"2025-02-28T14:49:46","date_gmt":"2025-02-28T14:49:46","guid":{"rendered":"https:\/\/www.umv.gov.co\/portal\/?page_id=46131"},"modified":"2026-01-17T19:50:11","modified_gmt":"2026-01-17T19:50:11","slug":"control-social","status":"publish","type":"page","link":"https:\/\/www.umv.gov.co\/portal\/participacion-ciudadana-2022\/control-social\/","title":{"rendered":"Control Social"},"content":{"rendered":"<div class=\"wpb-content-wrapper\">[vc_row pix_particles_check=&#8221;&#8221; css=&#8221;.vc_custom_1725637256706{margin-top: -20px !important;}&#8221;][vc_column][vc_column_text css=&#8221;&#8221;]<table border=\"1\" width=\"100%\" cellspacing=\"0\" cellpadding=\"0\" align=\"center\">\n<tbody>\n<tr>\n<td style=\"text-align: center;\" bgcolor=\"#FFFFFF\"><strong><span style=\"color: #ffffff;\"><a href=\"https:\/\/www.umv.gov.co\/portal\/participacion-ciudadana-2022\/participacion-para-el-diagnostico-e-identificacion-de-necesidades\/\"><img loading=\"lazy\" decoding=\"async\" class=\"alignnone wp-image-49693\" src=\"https:\/\/www.umv.gov.co\/portal\/wp-content\/uploads\/2025\/08\/PaginaWeb_SeccionParticipa_Participa_20250801_ParticipacionIdentificacion-1-150x150.jpg\" alt=\"\" width=\"180\" height=\"163\" srcset=\"https:\/\/www.umv.gov.co\/portal\/wp-content\/uploads\/2025\/08\/PaginaWeb_SeccionParticipa_Participa_20250801_ParticipacionIdentificacion-1-300x272.jpg 300w, https:\/\/www.umv.gov.co\/portal\/wp-content\/uploads\/2025\/08\/PaginaWeb_SeccionParticipa_Participa_20250801_ParticipacionIdentificacion-1.jpg 400w\" sizes=\"auto, (max-width: 180px) 100vw, 180px\" \/><\/a><\/span><\/strong><\/td>\n<td bgcolor=\"#FFFFFF\"><a href=\"https:\/\/www.umv.gov.co\/portal\/participacion-ciudadana-2022\/planeacion-y-o-presupuesto-participativo\/\"><img loading=\"lazy\" decoding=\"async\" class=\"alignnone wp-image-49682\" src=\"https:\/\/www.umv.gov.co\/portal\/wp-content\/uploads\/2025\/08\/PaginaWeb_SeccionParticipa_Participa_20250801_PlaneacionPresupuesto-300x272.jpg\" alt=\"Participaci\u00f3n para la identificaci\u00f3n de problemas y diagn\u00f3stico de necesidades\" width=\"180\" height=\"163\" srcset=\"https:\/\/www.umv.gov.co\/portal\/wp-content\/uploads\/2025\/08\/PaginaWeb_SeccionParticipa_Participa_20250801_PlaneacionPresupuesto-300x272.jpg 300w, https:\/\/www.umv.gov.co\/portal\/wp-content\/uploads\/2025\/08\/PaginaWeb_SeccionParticipa_Participa_20250801_PlaneacionPresupuesto.jpg 400w\" sizes=\"auto, (max-width: 180px) 100vw, 180px\" \/><\/a><\/td>\n<td bgcolor=\"#FFFFFF\"><span style=\"color: #ffffff;\"><strong><a href=\"https:\/\/www.umv.gov.co\/portal\/participacion-ciudadana-2022\/participacion-y-consulta-ciudadana-de-proyectos-normas-politicas-o-programas\/\"><img loading=\"lazy\" decoding=\"async\" class=\"alignnone wp-image-49696\" src=\"https:\/\/www.umv.gov.co\/portal\/wp-content\/uploads\/2025\/08\/PaginaWeb_SeccionParticipa_Participa_20250801_ParticipacionConsulta-300x272.jpg\" alt=\"Participaci\u00f3n y consulta ciudadana\" width=\"180\" height=\"163\" srcset=\"https:\/\/www.umv.gov.co\/portal\/wp-content\/uploads\/2025\/08\/PaginaWeb_SeccionParticipa_Participa_20250801_ParticipacionConsulta-300x272.jpg 300w, https:\/\/www.umv.gov.co\/portal\/wp-content\/uploads\/2025\/08\/PaginaWeb_SeccionParticipa_Participa_20250801_ParticipacionConsulta.jpg 400w\" sizes=\"auto, (max-width: 180px) 100vw, 180px\" \/><\/a><\/strong><\/span><\/td>\n<td bgcolor=\"#FFFFFF\"><span style=\"color: #ffffff;\"><strong><a href=\"https:\/\/www.umv.gov.co\/portal\/participacion-ciudadana-2022\/colaboracion-e-innovacion-abierta\/\"><img loading=\"lazy\" decoding=\"async\" class=\"alignnone wp-image-49697\" src=\"https:\/\/www.umv.gov.co\/portal\/wp-content\/uploads\/2025\/08\/PaginaWeb_SeccionParticipa_Participa_20250801_ColaboracionInnovacion-300x272.jpg\" alt=\"Colaboraci\u00f3n e innovaci\u00f3n abierta\" width=\"180\" height=\"163\" srcset=\"https:\/\/www.umv.gov.co\/portal\/wp-content\/uploads\/2025\/08\/PaginaWeb_SeccionParticipa_Participa_20250801_ColaboracionInnovacion-300x272.jpg 300w, https:\/\/www.umv.gov.co\/portal\/wp-content\/uploads\/2025\/08\/PaginaWeb_SeccionParticipa_Participa_20250801_ColaboracionInnovacion.jpg 400w\" sizes=\"auto, (max-width: 180px) 100vw, 180px\" \/><\/a><\/strong><\/span><\/td>\n<td bgcolor=\"#FFFFFF\"><span style=\"color: #ffffff;\"><strong><a href=\"https:\/\/www.umv.gov.co\/portal\/participacion-ciudadana-2022\/rendicion-de-cuentas\/\"><img loading=\"lazy\" decoding=\"async\" class=\"alignnone wp-image-49698\" src=\"https:\/\/www.umv.gov.co\/portal\/wp-content\/uploads\/2025\/08\/PaginaWeb_SeccionParticipa_Participa_20250801_RendicionCuentas-300x272.jpg\" alt=\"Rendici\u00f3n de cuentas\" width=\"180\" height=\"163\" srcset=\"https:\/\/www.umv.gov.co\/portal\/wp-content\/uploads\/2025\/08\/PaginaWeb_SeccionParticipa_Participa_20250801_RendicionCuentas-300x272.jpg 300w, https:\/\/www.umv.gov.co\/portal\/wp-content\/uploads\/2025\/08\/PaginaWeb_SeccionParticipa_Participa_20250801_RendicionCuentas.jpg 400w\" sizes=\"auto, (max-width: 180px) 100vw, 180px\" \/><\/a>&nbsp;<\/strong><\/span><\/td>\n<td bgcolor=\"#FFFFFF\"><span style=\"color: #ffffff;\"><strong><a href=\"https:\/\/www.umv.gov.co\/portal\/participacion-ciudadana-2022\/control-social\/\"><img loading=\"lazy\" decoding=\"async\" class=\"alignnone wp-image-49699\" src=\"https:\/\/www.umv.gov.co\/portal\/wp-content\/uploads\/2025\/08\/PaginaWeb_SeccionParticipa_Participa_20250801_ControlSocial-1-300x272.jpg\" alt=\"Control social\" width=\"180\" height=\"163\" srcset=\"https:\/\/www.umv.gov.co\/portal\/wp-content\/uploads\/2025\/08\/PaginaWeb_SeccionParticipa_Participa_20250801_ControlSocial-1-300x272.jpg 300w, https:\/\/www.umv.gov.co\/portal\/wp-content\/uploads\/2025\/08\/PaginaWeb_SeccionParticipa_Participa_20250801_ControlSocial-1.jpg 400w\" sizes=\"auto, (max-width: 180px) 100vw, 180px\" \/><\/a><\/strong><\/span><\/td>\n<\/tr>\n<\/tbody>\n<\/table>[\/vc_column_text][\/vc_column][\/vc_row][vc_row pix_particles_check=&#8221;&#8221;][vc_column]<span class=\"pix-badge-element h6 d-inline-flex mr-1 \"  ><span class=\"badge font-weight-bold secondary-font  bg-secondary  vc_custom_1740756181530  \" style=\" \"><span class=\"text-white\" style=\"\">CONTROL SOCIAL<\/span><\/span><\/span>[vc_column_text css=&#8221;&#8221;]De acuerdo con lo establecido en la Ley 1757 de 2015, el control social es el derecho y el deber que tienen todos los ciudadanos a participar de manera individual o a trav\u00e9s de organizaciones, redes e instituciones, en la vigilancia de la gesti\u00f3n p\u00fablica y sus resultados, para la correcta utilizaci\u00f3n de los recursos y bienes p\u00fablicos.[\/vc_column_text][\/vc_column][\/vc_row][vc_row pix_particles_check=&#8221;&#8221;][vc_column][vc_tta_accordion section_title_tag=&#8221;h6&#8243; style=&#8221;outline&#8221; color=&#8221;mulled-wine&#8221; active_section=&#8221;&#8221; collapsible_all=&#8221;true&#8221;][vc_tta_section i_icon_fontawesome=&#8221;fas fa-envelope-open-text&#8221; add_icon=&#8221;true&#8221; title=&#8221;Modalidades de control social&#8221; tab_id=&#8221;tematica-rendicion-de-cuentas&#8221;][vc_column_text css=&#8221;&#8221;]<ul>\n \t<li>\n<p class=\"bs-shortcode-alert alert alert-danger\"><span style=\"color: #000000;\"><a style=\"color: #000000;\" href=\"https:\/\/www.umv.gov.co\/portal\/participacion-ciudadana-2022\/rendicion-de-cuentas\/\" target=\"_blank\" rel=\"noopener\"><strong>Rendici\u00f3n de Cuentas<\/strong><\/a><\/span><\/p>\n<\/li>\n \t<li>\n<p class=\"bs-shortcode-alert alert alert-danger\"><span style=\"color: #000000;\"><a style=\"color: #000000;\" href=\"https:\/\/www.umv.gov.co\/portal\/proyecto-mejoramiento-de-vias-terciarias-en-bogota\/\" target=\"_blank\" rel=\"noopener\"><strong>Mejoramiento De V\u00edas Terciarias En Bogot\u00e1<\/strong><\/a><\/span><\/p>\n<\/li>\n \t<li>\n<p class=\"bs-shortcode-alert alert alert-danger\"><a href=\"https:\/\/www.umv.gov.co\/portal\/participacion-ciudadana\/\" target=\"_blank\" rel=\"noopener\"><span style=\"color: #000000;\"><strong>Ejercicios de Participaci\u00f3n<\/strong><\/span><\/a><\/p>\n<\/li>\n \t<li>\n<p class=\"bs-shortcode-alert alert alert-danger\"><span style=\"color: #000000;\"><a style=\"color: #000000;\" href=\"https:\/\/www.umv.gov.co\/portal\/canales-de-atencion\/\" target=\"_blank\" rel=\"noopener\"><strong>Canales de atenci\u00f3n al ciudadano<\/strong><\/a><\/span><\/p>\n<\/li>\n<\/ul>[\/vc_column_text][\/vc_tta_section][vc_tta_section i_icon_fontawesome=&#8221;fas fa-envelope-open-text&#8221; add_icon=&#8221;true&#8221; title=&#8221;Convocatoria inicio de ejecuci\u00f3n proyecto&#8221; tab_id=&#8221;1740755440534-f498d6ad-4193&#8243;][vc_column_text css=&#8221;&#8221;]<p class=\"title bs-shortcode-alert alert alert-danger\"><strong><span style=\"color: #000000;\"><a class=\"post-url post-title\" style=\"color: #000000;\" href=\"https:\/\/www.umv.gov.co\/portal\/2022\/04\/08\/con-recursos-del-sistema-general-de-regalias-la-umv-mejorara-mas-de-33-kilometros-de-vias-terciarias-en-sumapaz\/\">Con recursos del Sistema General de Regal\u00edas, la UMV mejorar\u00e1 m\u00e1s de 33 kil\u00f3metros de v\u00edas terciarias en Sumapaz&nbsp;<\/a><\/span><\/strong><\/p>[\/vc_column_text][\/vc_tta_section][vc_tta_section i_icon_fontawesome=&#8221;far fa-comment-dots&#8221; add_icon=&#8221;true&#8221; title=&#8221;Proyecto: Mejoramiento de V\u00edas Terciarias en Bogot\u00e1&#8221; tab_id=&#8221;entrategia-rendicion-cuentas&#8221;][vc_column_text css=&#8221;&#8221;]<p class=\"bs-shortcode-alert alert alert-danger\"><span style=\"color: #000000;\"><a style=\"color: #000000;\" href=\"https:\/\/www.umv.gov.co\/portal\/proyecto-mejoramiento-de-vias-terciarias-en-bogota\/\" target=\"_blank\" rel=\"noopener\"><strong>Consultar informaci\u00f3n del proyecto. Clic aqu\u00ed<\/strong><\/a><\/span><\/p>[\/vc_column_text][\/vc_tta_section][vc_tta_section i_icon_fontawesome=&#8221;fas fa-calendar-alt&#8221; add_icon=&#8221;true&#8221; title=&#8221;Informes del interventor o Supervisor&#8221; tab_id=&#8221;calendario-eventos-dialogo&#8221;][vc_column_text css=&#8221;&#8221;]<p class=\"bs-shortcode-alert alert alert-danger\"><span style=\"color: #000000;\"><a style=\"color: #000000;\" href=\"https:\/\/www.umv.gov.co\/portal\/wp-content\/uploads\/2022\/10\/Rendicion-de-cuentas-sumapaz-pagina-web.docx\" target=\"_blank\" rel=\"noopener\"><strong>Informe de Auditoria Visible Rendici\u00f3n de Cuentas <\/strong><\/a><\/span><\/p>\n<p class=\"bs-shortcode-alert alert alert-danger\"><span style=\"color: #000000;\"><a style=\"color: #000000;\" href=\"https:\/\/www.umv.gov.co\/portal\/proyecto-mejoramiento-de-vias-terciarias-en-bogota\/\" target=\"_blank\" rel=\"noopener\"><strong>Consultar toda la informaci\u00f3n del proyecto. Clic aqu\u00ed<\/strong><\/a><\/span><\/p>\n<p class=\"bs-shortcode-alert alert alert-danger\"><strong><span style=\"color: #000000;\">Aplicativo Auditores Ciudadanos: Herramienta de participaci\u00f3n ciudadana para el control social a los proyectos del SGR.\n<a style=\"color: #000000;\" href=\"https:\/\/auditoresciudadanos.dnp.gov.co\/\" target=\"_blank\" rel=\"noopener\">Para&nbsp; registrase o Ingresar&nbsp; clic aqu\u00ed<\/a><\/span><\/strong><\/p>\n<p class=\"bs-shortcode-alert alert alert-danger\"><span style=\"color: #000000;\"><a style=\"color: #000000;\" href=\"https:\/\/mapainversiones.dnp.gov.co\/Home\/FichaProyectosMenuAllUsers?Bpin=2018000050020\" target=\"_blank\" rel=\"noopener\"><strong>Nota:&nbsp; Para revisar los avances del proyecto&nbsp; consultar el portal del Mapa de Inversiones del DNP. Clic Aqu\u00ed.<\/strong><\/a><\/span><\/p>[\/vc_column_text][\/vc_tta_section][vc_tta_section i_icon_fontawesome=&#8221;fas fa-file-invoice&#8221; add_icon=&#8221;true&#8221; title=&#8221;Herramienta de evaluaci\u00f3n de las actividades&#8221; tab_id=&#8221;1661903068235-76b4ffee-a514&#8243;][vc_column_text css=&#8221;&#8221;]<p class=\"bs-shortcode-alert alert alert-danger\"><span style=\"color: #000000;\"><a style=\"color: #000000;\" href=\"https:\/\/www.umv.gov.co\/portal\/encuesta-evaluacion-rendicion-cuentas\/\" target=\"_blank\" rel=\"noopener\"><strong>Diligenciar la Encuesta Evaluaci\u00f3n de Rendici\u00f3n de Cuentas. Clic aqu\u00ed<\/strong><\/a><\/span><\/p>\n<p class=\"bs-shortcode-alert alert alert-danger\"><a href=\"https:\/\/www.umv.gov.co\/portal\/wp-content\/uploads\/2022\/10\/Analisis-de-UMV-Puertas-Abiertas-2022-2.pdf\" target=\"_blank\" rel=\"noopener\"><span style=\"color: #000000;\"><strong>An\u00e1lisis de los resultados del espacio de participaci\u00f3n UMV de Puertas Abiertas<\/strong><\/span><\/a><\/p>[\/vc_column_text][\/vc_tta_section][vc_tta_section i_icon_fontawesome=&#8221;fas fa-file-invoice&#8221; add_icon=&#8221;true&#8221; title=&#8221;Registro de las observaciones de las veedur\u00edas&#8221; tab_id=&#8221;1740755939631-45eb00a5-1d99&#8243;][vc_column_text css=&#8221;&#8221;]<p class=\"bs-shortcode-alert alert alert-danger\"><a href=\"https:\/\/www.umv.gov.co\/portal\/wp-content\/uploads\/2023\/04\/20_Rc_local_sumapaz_Sistematizacion_Participacion_RdC.xlsx\"><span style=\"color: #000000;\"><strong>Durante la ejecuci\u00f3n del proyecto se tienen contempladas 2 ejercicios de control social entre ellos la auditoria visible. Clic aqu\u00ed<\/strong><\/span><\/a><\/p>\n<p class=\"bs-shortcode-alert alert alert-danger\"><strong>Nota:&nbsp; La Veedur\u00eda Distrital y las Veedur\u00edas Ciudadanas no han solicitado y presentado observaciones al proyecto<\/strong><\/p>[\/vc_column_text][\/vc_tta_section][vc_tta_section i_icon_fontawesome=&#8221;fab fa-facebook-square&#8221; add_icon=&#8221;true&#8221; title=&#8221;Acciones de mejora&#8221; tab_id=&#8221;1661903256183-8fc5560d-68e8&#8243;][vc_column_text css=&#8221;&#8221;]<p class=\"bs-shortcode-alert alert alert-danger\"><a href=\"https:\/\/www.umv.gov.co\/portal\/wp-content\/uploads\/2023\/04\/20_Rc_local_sumapaz_Sistematizacion_Participacion_RdC.xlsx\"><span style=\"color: #000000;\"><strong>Hasta el momento no se han generado acciones de mejora en los espacios de auditor\u00edas visibles al proyecto Mejoramiento de V\u00edas Terciarias en Bogot\u00e1.<\/strong><\/span><\/a><\/p>[\/vc_column_text][\/vc_tta_section][\/vc_tta_accordion][\/vc_column][\/vc_row]<\/div>","protected":false},"excerpt":{"rendered":"[vc_row pix_particles_check=&#8221;&#8221; css=&#8221;.vc_custom_1725637256706{margin-top: -20px !important;}&#8221;][vc_column][vc_column_text css=&#8221;&#8221;] &nbsp; [\/vc_column_text][\/vc_column][\/vc_row][vc_row pix_particles_check=&#8221;&#8221;][vc_column][vc_column_text css=&#8221;&#8221;]De acuerdo con lo establecido en la Ley 1757 de 2015, el control social es el derecho y el deber que tienen todos los ciudadanos a participar de manera individual o&#8230;","protected":false},"author":1,"featured_media":0,"parent":22252,"menu_order":0,"comment_status":"closed","ping_status":"closed","template":"","meta":{"_monsterinsights_skip_tracking":false,"_monsterinsights_sitenote_active":false,"_monsterinsights_sitenote_note":"","_monsterinsights_sitenote_category":0,"footnotes":""},"class_list":["post-46131","page","type-page","status-publish","hentry"],"_links":{"self":[{"href":"https:\/\/www.umv.gov.co\/portal\/wp-json\/wp\/v2\/pages\/46131","targetHints":{"allow":["GET"]}}],"collection":[{"href":"https:\/\/www.umv.gov.co\/portal\/wp-json\/wp\/v2\/pages"}],"about":[{"href":"https:\/\/www.umv.gov.co\/portal\/wp-json\/wp\/v2\/types\/page"}],"author":[{"embeddable":true,"href":"https:\/\/www.umv.gov.co\/portal\/wp-json\/wp\/v2\/users\/1"}],"replies":[{"embeddable":true,"href":"https:\/\/www.umv.gov.co\/portal\/wp-json\/wp\/v2\/comments?post=46131"}],"version-history":[{"count":2,"href":"https:\/\/www.umv.gov.co\/portal\/wp-json\/wp\/v2\/pages\/46131\/revisions"}],"predecessor-version":[{"id":54169,"href":"https:\/\/www.umv.gov.co\/portal\/wp-json\/wp\/v2\/pages\/46131\/revisions\/54169"}],"up":[{"embeddable":true,"href":"https:\/\/www.umv.gov.co\/portal\/wp-json\/wp\/v2\/pages\/22252"}],"wp:attachment":[{"href":"https:\/\/www.umv.gov.co\/portal\/wp-json\/wp\/v2\/media?parent=46131"}],"curies":[{"name":"wp","href":"https:\/\/api.w.org\/{rel}","templated":true}]}}