{"id":45950,"date":"2025-02-20T16:46:46","date_gmt":"2025-02-20T16:46:46","guid":{"rendered":"https:\/\/www.umv.gov.co\/portal\/?page_id=45950"},"modified":"2026-03-12T18:45:47","modified_gmt":"2026-03-12T18:45:47","slug":"comite-institucional-de-gestion-y-desempeno","status":"publish","type":"page","link":"https:\/\/www.umv.gov.co\/portal\/comite-institucional-de-gestion-y-desempeno\/","title":{"rendered":"Comit\u00e9 institucional de gesti\u00f3n y desempe\u00f1o"},"content":{"rendered":"<div class=\"wpb-content-wrapper\">[vc_row pix_particles_check=&#8221;&#8221; css=&#8221;.vc_custom_1725574641012{margin-top: -30px !important;background-color: #ffffff !important;}&#8221;][vc_column]<span class=\"pix-badge-element h6 d-inline-flex mr-1 \"  ><span class=\"badge font-weight-bold secondary-font  bg-secondary  vc_custom_1740070643625  \" style=\" \"><span class=\"text-white\" style=\"\">COMIT\u00c9 INSTITUCIONAL DE GESTI\u00d3N Y DESEMPE\u00d1O<\/span><\/span><\/span>[\/vc_column][\/vc_row][vc_row pix_particles_check=&#8221;&#8221;][vc_column width=&#8221;1\/3&#8243;]<span class=\"pix-badge-element h6 d-inline-flex mr-1 \"  ><span class=\"badge font-weight-bold secondary-font  bg-secondary  vc_custom_1740070652622  \" style=\" \"><span class=\"text-white\" style=\"\">VIGENCIA 2025<\/span><\/span><\/span>[\/vc_column][vc_column width=&#8221;1\/3&#8243;][\/vc_column][vc_column width=&#8221;1\/3&#8243;][\/vc_column][\/vc_row][vc_row pix_particles_check=&#8221;&#8221; css=&#8221;.vc_custom_1740070760156{margin-top: 20px !important;background-color: #ffffff !important;}&#8221;][vc_column width=&#8221;1\/3&#8243;][vc_column_text css=&#8221;.vc_custom_1743174532788{margin-top: 5px !important;margin-right: 5px !important;margin-bottom: 5px !important;margin-left: 5px !important;border-top-width: 5px !important;border-right-width: 5px !important;border-bottom-width: 5px !important;border-left-width: 5px !important;padding-top: 5px !important;padding-right: 5px !important;padding-bottom: 5px !important;padding-left: 5px !important;}&#8221;]<div class=\"bs-shortcode-alert alert alert-danger\"><a href=\"https:\/\/www.umv.gov.co\/portal\/wp-content\/uploads\/2025\/03\/2025-01-30-Acta-de-CIGD-N\u00b0-1-L-f.pdf\" target=\"_blank\" rel=\"noopener\"><strong>Comit\u00e9 Institucional de Gesti\u00f3n y Desempe\u00f1o ACTA No. 1 &#8211; 202<\/strong><strong>5<\/strong><\/a><\/div>[\/vc_column_text][vc_column_text css=&#8221;.vc_custom_1773341111747{margin-top: 5px !important;margin-right: 5px !important;margin-bottom: 5px !important;margin-left: 5px !important;border-top-width: 5px !important;border-right-width: 5px !important;border-bottom-width: 5px !important;border-left-width: 5px !important;padding-top: 5px !important;padding-right: 5px !important;padding-bottom: 5px !important;padding-left: 5px !important;}&#8221;]<div class=\"bs-shortcode-alert alert alert-danger\"><a href=\"https:\/\/www.umv.gov.co\/portal\/wp-content\/uploads\/2026\/03\/2025-08-04-Acta-de-CIGD-N\u00b04-20251500241373.pdf\" target=\"_blank\" rel=\"noopener\"><strong>Comit\u00e9 Institucional de Gesti\u00f3n y Desempe\u00f1o ACTA No. 4 &#8211; 202<\/strong><strong>5<\/strong><\/a><\/div>[\/vc_column_text][\/vc_column][vc_column width=&#8221;1\/3&#8243;][vc_column_text css=&#8221;.vc_custom_1773341058011{margin-top: 5px !important;margin-right: 5px !important;margin-bottom: 5px !important;margin-left: 5px !important;border-top-width: 5px !important;border-right-width: 5px !important;border-bottom-width: 5px !important;border-left-width: 5px !important;padding-top: 5px !important;padding-right: 5px !important;padding-bottom: 5px !important;padding-left: 5px !important;}&#8221;]<div class=\"bs-shortcode-alert alert alert-danger\"><a href=\"https:\/\/www.umv.gov.co\/portal\/wp-content\/uploads\/2026\/03\/2025-03-28-Acta-de-CIGD-N\u00b02-20251500117553.pdf\" target=\"_blank\" rel=\"noopener\"><strong>Comit\u00e9 Institucional de Gesti\u00f3n y Desempe\u00f1o ACTA No. 2 &#8211; 202<\/strong><strong>5<\/strong><\/a><\/div>[\/vc_column_text][vc_column_text css=&#8221;.vc_custom_1773341128295{margin-top: 5px !important;margin-right: 5px !important;margin-bottom: 5px !important;margin-left: 5px !important;border-top-width: 5px !important;border-right-width: 5px !important;border-bottom-width: 5px !important;border-left-width: 5px !important;padding-top: 5px !important;padding-right: 5px !important;padding-bottom: 5px !important;padding-left: 5px !important;}&#8221;]<div class=\"bs-shortcode-alert alert alert-danger\"><a href=\"https:\/\/www.umv.gov.co\/portal\/wp-content\/uploads\/2026\/03\/2025-11-20-Acta-de-CIGD-N\u00b05-20251920360783.pdf\" target=\"_blank\" rel=\"noopener\"><strong>Comit\u00e9 Institucional de Gesti\u00f3n y Desempe\u00f1o ACTA No. 5 &#8211; 202<\/strong><strong>5<\/strong><\/a><\/div>[\/vc_column_text][\/vc_column][vc_column width=&#8221;1\/3&#8243;][vc_column_text css=&#8221;.vc_custom_1773341082466{margin-top: 5px !important;margin-right: 5px !important;margin-bottom: 5px !important;margin-left: 5px !important;border-top-width: 5px !important;border-right-width: 5px !important;border-bottom-width: 5px !important;border-left-width: 5px !important;padding-top: 5px !important;padding-right: 5px !important;padding-bottom: 5px !important;padding-left: 5px !important;}&#8221;]<div class=\"bs-shortcode-alert alert alert-danger\"><a href=\"https:\/\/www.umv.gov.co\/portal\/wp-content\/uploads\/2026\/03\/2025-05-05-Acta-de-CIGD-N\u00b03-20251500161123.pdf\" target=\"_blank\" rel=\"noopener\"><strong>Comit\u00e9 Institucional de Gesti\u00f3n y Desempe\u00f1o ACTA No. 3 &#8211; 202<\/strong><strong>5<\/strong><\/a><\/div>[\/vc_column_text][vc_column_text css=&#8221;.vc_custom_1773341144816{margin-top: 5px !important;margin-right: 5px !important;margin-bottom: 5px !important;margin-left: 5px !important;border-top-width: 5px !important;border-right-width: 5px !important;border-bottom-width: 5px !important;border-left-width: 5px !important;padding-top: 5px !important;padding-right: 5px !important;padding-bottom: 5px !important;padding-left: 5px !important;}&#8221;]<div class=\"bs-shortcode-alert alert alert-danger\"><a href=\"https:\/\/www.umv.gov.co\/portal\/wp-content\/uploads\/2026\/03\/2025-12-15-Acta-de-CIGD-N\u00b06-20251920379893.pdf\" target=\"_blank\" rel=\"noopener\"><strong>Comit\u00e9 Institucional de Gesti\u00f3n y Desempe\u00f1o ACTA No. 6 &#8211; 202<\/strong><strong>5<\/strong><\/a><\/div>[\/vc_column_text][\/vc_column][\/vc_row][vc_row pix_particles_check=&#8221;&#8221; css=&#8221;.vc_custom_1741881061032{margin-top: 20px !important;}&#8221;][vc_column width=&#8221;1\/3&#8243;]<span class=\"pix-badge-element h6 d-inline-flex mr-1 \"  ><span class=\"badge font-weight-bold secondary-font  bg-secondary  vc_custom_1741880781715  \" style=\" \"><span class=\"text-white\" style=\"\">VIGENCIA 2024<\/span><\/span><\/span>[\/vc_column][vc_column width=&#8221;1\/3&#8243;][\/vc_column][vc_column width=&#8221;1\/3&#8243;][\/vc_column][\/vc_row][vc_row pix_particles_check=&#8221;&#8221; css=&#8221;.vc_custom_1740070760156{margin-top: 20px !important;background-color: #ffffff !important;}&#8221;][vc_column width=&#8221;1\/3&#8243;][vc_column_text css=&#8221;.vc_custom_1741880825691{margin-top: 5px !important;margin-right: 5px !important;margin-bottom: 5px !important;margin-left: 5px !important;border-top-width: 5px !important;border-right-width: 5px !important;border-bottom-width: 5px !important;border-left-width: 5px !important;padding-top: 5px !important;padding-right: 5px !important;padding-bottom: 5px !important;padding-left: 5px !important;}&#8221;]<div class=\"bs-shortcode-alert alert alert-danger\"><a href=\"https:\/\/www.umv.gov.co\/portal\/wp-content\/uploads\/2025\/03\/2024-01-10-Acta-de-CIGD-N\u00b01-20241500051433.pdf\" target=\"_blank\" rel=\"noopener\"><strong>Comit\u00e9 Institucional de Gesti\u00f3n y Desempe\u00f1o ACTA No. 1 &#8211; 202<\/strong><strong>4<\/strong><\/a><\/div>[\/vc_column_text][\/vc_column][vc_column width=&#8221;1\/3&#8243;][vc_column_text css=&#8221;.vc_custom_1741880859764{margin-top: 5px !important;margin-right: 5px !important;margin-bottom: 5px !important;margin-left: 5px !important;border-top-width: 5px !important;border-right-width: 5px !important;border-bottom-width: 5px !important;border-left-width: 5px !important;padding-top: 5px !important;padding-right: 5px !important;padding-bottom: 5px !important;padding-left: 5px !important;}&#8221;]<div class=\"bs-shortcode-alert alert alert-danger\"><a href=\"https:\/\/www.umv.gov.co\/portal\/wp-content\/uploads\/2025\/03\/2024-01-30-Acta-de-CIGD-N\u00b02-20241500061553.pdf\" target=\"_blank\" rel=\"noopener\"><strong>Comit\u00e9 Institucional de Gesti\u00f3n y Desempe\u00f1o ACTA No. 2 &#8211; 202<\/strong><strong>4<\/strong><\/a><\/div>[\/vc_column_text][\/vc_column][vc_column width=&#8221;1\/3&#8243;][vc_column_text css=&#8221;.vc_custom_1741880887391{margin-top: 5px !important;margin-right: 5px !important;margin-bottom: 5px !important;margin-left: 5px !important;border-top-width: 5px !important;border-right-width: 5px !important;border-bottom-width: 5px !important;border-left-width: 5px !important;padding-top: 5px !important;padding-right: 5px !important;padding-bottom: 5px !important;padding-left: 5px !important;}&#8221;]<div class=\"bs-shortcode-alert alert alert-danger\"><a href=\"https:\/\/www.umv.gov.co\/portal\/wp-content\/uploads\/2025\/03\/2024-03-22-Acta-de-CIGD-N\u00b03-20241500081083.pdf\" target=\"_blank\" rel=\"noopener\"><strong>Comit\u00e9 Institucional de Gesti\u00f3n y Desempe\u00f1o ACTA No. 3 &#8211; 202<\/strong><strong>4<\/strong><\/a><\/div>[\/vc_column_text][\/vc_column][\/vc_row][vc_row pix_particles_check=&#8221;&#8221; css=&#8221;.vc_custom_1740070760156{margin-top: 20px !important;background-color: #ffffff !important;}&#8221;][vc_column width=&#8221;1\/3&#8243;][vc_column_text css=&#8221;.vc_custom_1741880937358{margin-top: 5px !important;margin-right: 5px !important;margin-bottom: 5px !important;margin-left: 5px !important;border-top-width: 5px !important;border-right-width: 5px !important;border-bottom-width: 5px !important;border-left-width: 5px !important;padding-top: 5px !important;padding-right: 5px !important;padding-bottom: 5px !important;padding-left: 5px !important;}&#8221;]<div class=\"bs-shortcode-alert alert alert-danger\"><a href=\"https:\/\/www.umv.gov.co\/portal\/wp-content\/uploads\/2025\/03\/2024-05-02-Acta-de-CIGD-N\u00b04-20241500221583.pdf\" target=\"_blank\" rel=\"noopener\"><strong>Comit\u00e9 Institucional de Gesti\u00f3n y Desempe\u00f1o ACTA No. 4 &#8211; 202<\/strong><strong>4<\/strong><\/a><\/div>[\/vc_column_text][\/vc_column][vc_column width=&#8221;1\/3&#8243;][vc_column_text css=&#8221;.vc_custom_1741880957463{margin-top: 5px !important;margin-right: 5px !important;margin-bottom: 5px !important;margin-left: 5px !important;border-top-width: 5px !important;border-right-width: 5px !important;border-bottom-width: 5px !important;border-left-width: 5px !important;padding-top: 5px !important;padding-right: 5px !important;padding-bottom: 5px !important;padding-left: 5px !important;}&#8221;]<div class=\"bs-shortcode-alert alert alert-danger\"><a href=\"https:\/\/www.umv.gov.co\/portal\/wp-content\/uploads\/2025\/03\/2024-08-02-Acta-de-CIGD-N\u00b05-20241500271253.pdf\" target=\"_blank\" rel=\"noopener\"><strong>Comit\u00e9 Institucional de Gesti\u00f3n y Desempe\u00f1o ACTA No. 5 &#8211; 202<\/strong><strong>4<\/strong><\/a><\/div>[\/vc_column_text][\/vc_column][vc_column width=&#8221;1\/3&#8243;][vc_column_text css=&#8221;.vc_custom_1741880973762{margin-top: 5px !important;margin-right: 5px !important;margin-bottom: 5px !important;margin-left: 5px !important;border-top-width: 5px !important;border-right-width: 5px !important;border-bottom-width: 5px !important;border-left-width: 5px !important;padding-top: 5px !important;padding-right: 5px !important;padding-bottom: 5px !important;padding-left: 5px !important;}&#8221;]<div class=\"bs-shortcode-alert alert alert-danger\"><a href=\"https:\/\/www.umv.gov.co\/portal\/wp-content\/uploads\/2025\/03\/2024-09-04-Acta-de-CIGD-N\u00b06-20241900284893.pdf\" target=\"_blank\" rel=\"noopener\"><strong>Comit\u00e9 Institucional de Gesti\u00f3n y Desempe\u00f1o ACTA No. 6 &#8211; 202<\/strong><strong>4<\/strong><\/a><\/div>[\/vc_column_text][\/vc_column][\/vc_row][vc_row pix_particles_check=&#8221;&#8221; css=&#8221;.vc_custom_1740070760156{margin-top: 20px !important;background-color: #ffffff !important;}&#8221;][vc_column width=&#8221;1\/3&#8243;][vc_column_text css=&#8221;.vc_custom_1741881002709{margin-top: 5px !important;margin-right: 5px !important;margin-bottom: 5px !important;margin-left: 5px !important;border-top-width: 5px !important;border-right-width: 5px !important;border-bottom-width: 5px !important;border-left-width: 5px !important;padding-top: 5px !important;padding-right: 5px !important;padding-bottom: 5px !important;padding-left: 5px !important;}&#8221;]<div class=\"bs-shortcode-alert alert alert-danger\"><a href=\"https:\/\/www.umv.gov.co\/portal\/wp-content\/uploads\/2025\/03\/2024-11-22-Acta-de-CIGD-N\u00b07-20241500337833.pdf\" target=\"_blank\" rel=\"noopener\"><strong>Comit\u00e9 Institucional de Gesti\u00f3n y Desempe\u00f1o ACTA No. 7 &#8211; 202<\/strong><strong>4<\/strong><\/a><\/div>[\/vc_column_text][\/vc_column][vc_column width=&#8221;1\/3&#8243;][vc_column_text css=&#8221;.vc_custom_1741881021057{margin-top: 5px !important;margin-right: 5px !important;margin-bottom: 5px !important;margin-left: 5px !important;border-top-width: 5px !important;border-right-width: 5px !important;border-bottom-width: 5px !important;border-left-width: 5px !important;padding-top: 5px !important;padding-right: 5px !important;padding-bottom: 5px !important;padding-left: 5px !important;}&#8221;]<div class=\"bs-shortcode-alert alert alert-danger\"><a href=\"https:\/\/www.umv.gov.co\/portal\/wp-content\/uploads\/2025\/03\/2024-12-09-Acta-de-CIGD-N\u00b08-20241500335303-1.pdf\" target=\"_blank\" rel=\"noopener\"><strong>Comit\u00e9 Institucional de Gesti\u00f3n y Desempe\u00f1o ACTA No. 8 &#8211; 202<\/strong><strong>4<\/strong><\/a><\/div>[\/vc_column_text][\/vc_column][vc_column width=&#8221;1\/3&#8243;][\/vc_column][\/vc_row][vc_row pix_particles_check=&#8221;&#8221;][vc_column][vc_column_text css=&#8221;&#8221;][\/vc_column_text][\/vc_column][\/vc_row]<\/div>","protected":false},"excerpt":{"rendered":"[vc_row pix_particles_check=&#8221;&#8221; css=&#8221;.vc_custom_1725574641012{margin-top: -30px !important;background-color: #ffffff !important;}&#8221;][vc_column][\/vc_column][\/vc_row][vc_row pix_particles_check=&#8221;&#8221;][vc_column width=&#8221;1\/3&#8243;][\/vc_column][vc_column width=&#8221;1\/3&#8243;][\/vc_column][vc_column width=&#8221;1\/3&#8243;][\/vc_column][\/vc_row][vc_row pix_particles_check=&#8221;&#8221; css=&#8221;.vc_custom_1740070760156{margin-top: 20px !important;background-color: #ffffff !important;}&#8221;][vc_column width=&#8221;1\/3&#8243;][vc_column_text css=&#8221;.vc_custom_1743174532788{margin-top: 5px !important;margin-right: 5px !important;margin-bottom: 5px !important;margin-left: 5px !important;border-top-width: 5px !important;border-right-width: 5px !important;border-bottom-width: 5px !important;border-left-width: 5px !important;padding-top: 5px !important;padding-right: 5px !important;padding-bottom: 5px&#8230;","protected":false},"author":1,"featured_media":0,"parent":0,"menu_order":0,"comment_status":"closed","ping_status":"closed","template":"","meta":{"_monsterinsights_skip_tracking":false,"_monsterinsights_sitenote_active":false,"_monsterinsights_sitenote_note":"","_monsterinsights_sitenote_category":0,"footnotes":""},"class_list":["post-45950","page","type-page","status-publish","hentry"],"_links":{"self":[{"href":"https:\/\/www.umv.gov.co\/portal\/wp-json\/wp\/v2\/pages\/45950","targetHints":{"allow":["GET"]}}],"collection":[{"href":"https:\/\/www.umv.gov.co\/portal\/wp-json\/wp\/v2\/pages"}],"about":[{"href":"https:\/\/www.umv.gov.co\/portal\/wp-json\/wp\/v2\/types\/page"}],"author":[{"embeddable":true,"href":"https:\/\/www.umv.gov.co\/portal\/wp-json\/wp\/v2\/users\/1"}],"replies":[{"embeddable":true,"href":"https:\/\/www.umv.gov.co\/portal\/wp-json\/wp\/v2\/comments?post=45950"}],"version-history":[{"count":1,"href":"https:\/\/www.umv.gov.co\/portal\/wp-json\/wp\/v2\/pages\/45950\/revisions"}],"predecessor-version":[{"id":55583,"href":"https:\/\/www.umv.gov.co\/portal\/wp-json\/wp\/v2\/pages\/45950\/revisions\/55583"}],"wp:attachment":[{"href":"https:\/\/www.umv.gov.co\/portal\/wp-json\/wp\/v2\/media?parent=45950"}],"curies":[{"name":"wp","href":"https:\/\/api.w.org\/{rel}","templated":true}]}}