{"id":45153,"date":"2025-01-22T00:04:07","date_gmt":"2025-01-22T00:04:07","guid":{"rendered":"https:\/\/www.umv.gov.co\/portal\/?page_id=45153"},"modified":"2026-01-07T23:13:28","modified_gmt":"2026-01-07T23:13:28","slug":"informes-evaluacion-y-auditoria-2025","status":"publish","type":"page","link":"https:\/\/www.umv.gov.co\/portal\/informes-evaluacion-y-auditoria-2025\/","title":{"rendered":"Informes evaluaci\u00f3n y auditor\u00eda 2025"},"content":{"rendered":"<div class=\"wpb-content-wrapper\">[vc_row pix_particles_check=&#8221;&#8221; css=&#8221;.vc_custom_1725648742193{margin-top: -20px !important;}&#8221;][vc_column]<span class=\"pix-badge-element h6 d-inline-flex mr-1 \"  ><span class=\"badge font-weight-bold secondary-font  bg-secondary  vc_custom_1725648714154  \" style=\" \"><span class=\"text-white\" style=\"\">4.8.1 INFORMES DE EVALUACI\u00d3N Y AUDITOR\u00cdA:<\/span><\/span><\/span>[vc_tta_accordion section_title_tag=&#8221;h6&#8243; style=&#8221;modern&#8221; color=&#8221;white&#8221; c_icon=&#8221;&#8221; active_section=&#8221;&#8221; collapsible_all=&#8221;true&#8221;][vc_tta_section i_icon_fontawesome=&#8221;far fa-file-alt&#8221; add_icon=&#8221;true&#8221; title=&#8221;4.8.1.1. Plan anual de Auditor\u00edas&#8221; tab_id=&#8221;1549495924496-320e321a-10d9&#8243;][vc_column_text css=&#8221;&#8221;]<table width=\"915\" align=\"center\">\n<tbody>\n<tr>\n<td style=\"text-align: center;\" align=\"center\" width=\"70\">\n<div class=\"bs-shortcode-alert alert alert-warning\"><strong>C\u00d3DIGO<\/strong><\/div><\/td>\n<td style=\"text-align: center;\" width=\"692\">\n<div class=\"bs-shortcode-alert alert alert-warning\"><strong>NOMBRE DEL INFORME<\/strong><\/div><\/td>\n<td style=\"text-align: center;\" width=\"74\">\n<div class=\"bs-shortcode-alert alert alert-warning\"><strong>FORMATO<\/strong><\/div><\/td>\n<\/tr>\n<tr bgcolor=\"#efefef\">\n<td>\n<div class=\"bs-shortcode-alert alert alert-info\">4.8.1.1a<\/div><\/td>\n<td>\n<div class=\"bs-shortcode-alert alert alert-info\">\n<p class=\"x_elementToProof\"><a href=\"https:\/\/www.umv.gov.co\/portal\/wp-content\/uploads\/2025\/02\/4.8.1.1a-plan-anual-de-auditorias-2025-2.pdf\" target=\"_blank\" rel=\"noopener\"><span data-olk-copy-source=\"MessageBody\">Plan anual de auditor\u00edas 2025<\/span><\/a><\/p>\n\n<\/div><\/td>\n<td>\n<div class=\"bs-shortcode-alert alert alert-info\">Pdf<\/div><\/td>\n<\/tr>\n<tr bgcolor=\"#efefef\">\n<td>\n<div class=\"bs-shortcode-alert alert alert-info\">4.8.1.1b<\/div><\/td>\n<td>\n<div class=\"bs-shortcode-alert alert alert-info\">\n<p class=\"x_elementToProof\"><a href=\"https:\/\/www.umv.gov.co\/portal\/wp-content\/uploads\/2025\/04\/4.8.1.1b-plan-anual-de-auditorias-2025-V2.xlsx\" target=\"_blank\" rel=\"noopener\"><span data-olk-copy-source=\"MessageBody\">Plan anual de auditor\u00edas 2025 V2<\/span><\/a><\/p>\n\n<\/div><\/td>\n<td>\n<div class=\"bs-shortcode-alert alert alert-info\">Pdf<\/div><\/td>\n<\/tr>\n<tr bgcolor=\"#efefef\">\n<td>\n<div class=\"bs-shortcode-alert alert alert-info\">4.8.1.1c<\/div><\/td>\n<td>\n<div class=\"bs-shortcode-alert alert alert-info\">\n<p class=\"x_elementToProof\"><a href=\"https:\/\/www.umv.gov.co\/portal\/wp-content\/uploads\/2025\/05\/4.8.1.1C-plan-anual-de-auditorias-2025-v3-publicar.pdf\" target=\"_blank\" rel=\"noopener\"><span data-olk-copy-source=\"MessageBody\">Plan anual de auditor\u00edas 2025 V3<\/span><\/a><\/p>\n\n<\/div><\/td>\n<td>\n<div class=\"bs-shortcode-alert alert alert-info\">Pdf<\/div><\/td>\n<\/tr>\n<tr bgcolor=\"#efefef\">\n<td>\n<div class=\"bs-shortcode-alert alert alert-info\">4.8.1.1d<\/div><\/td>\n<td>\n<div class=\"bs-shortcode-alert alert alert-info\">\n<p class=\"x_elementToProof\"><a href=\"https:\/\/www.umv.gov.co\/portal\/wp-content\/uploads\/2025\/06\/4.8.1.1d-plan-anual-de-auditorias-2025-vf-1.pdf\" target=\"_blank\" rel=\"noopener\"><span data-olk-copy-source=\"MessageBody\">Plan anual de auditor\u00edas 2025 V4<\/span><\/a><\/p>\n\n<\/div><\/td>\n<td>\n<div class=\"bs-shortcode-alert alert alert-info\">Pdf<\/div><\/td>\n<\/tr>\n<tr bgcolor=\"#efefef\">\n<td>\n<div class=\"bs-shortcode-alert alert alert-info\">4.8.1.1e<\/div><\/td>\n<td>\n<div class=\"bs-shortcode-alert alert alert-info\">\n<p class=\"x_elementToProof\"><a href=\"https:\/\/www.umv.gov.co\/portal\/wp-content\/uploads\/2025\/09\/4.8.1.1e-plan-anual-de-auditorias-2025-basadas-en-riesgos-V5.pdf\" target=\"_blank\" rel=\"noopener\"><span data-olk-copy-source=\"MessageBody\">Plan anual de auditor\u00edas 2025 V5<\/span><\/a><\/p>\n\n<\/div><\/td>\n<td>\n<div class=\"bs-shortcode-alert alert alert-info\">Pdf<\/div><\/td>\n<\/tr>\n<tr bgcolor=\"#efefef\">\n<td>\n<div class=\"bs-shortcode-alert alert alert-info\">4.8.1.1f<\/div><\/td>\n<td>\n<div class=\"bs-shortcode-alert alert alert-info\">\n<p class=\"x_elementToProof\"><a href=\"https:\/\/www.umv.gov.co\/portal\/wp-content\/uploads\/2026\/01\/4.8.1.1f-PLAN-ANUAL-DE-AUDITORIAS-VERSION-6-VF-2025.pdf\" target=\"_blank\" rel=\"noopener\"><span data-olk-copy-source=\"MessageBody\">Plan anual de auditor\u00edas 2025 V6<\/span><\/a><\/p>\n\n<\/div><\/td>\n<td>\n<div class=\"bs-shortcode-alert alert alert-info\">Pdf<\/div><\/td>\n<\/tr>\n<\/tbody>\n<\/table>\n&nbsp;[\/vc_column_text][\/vc_tta_section][vc_tta_section i_icon_fontawesome=&#8221;far fa-file-alt&#8221; add_icon=&#8221;true&#8221; title=&#8221;4.8.1.2. Informes finales de auditor\u00eda&#8221; tab_id=&#8221;1549495924539-1d9fcb52-efe0&#8243;][vc_column_text css=&#8221;&#8221;]<table width=\"915\" align=\"center\">\n<tbody>\n<tr>\n<td style=\"text-align: center;\" align=\"center\" width=\"70\">\n<div class=\"bs-shortcode-alert alert alert-warning\"><strong>C\u00d3DIGO<\/strong><\/div><\/td>\n<td style=\"text-align: center;\" width=\"692\">\n<div class=\"bs-shortcode-alert alert alert-warning\"><strong>NOMBRE DEL INFORME<\/strong><\/div><\/td>\n<td style=\"text-align: center;\" width=\"74\">\n<div class=\"bs-shortcode-alert alert alert-warning\"><strong>FORMATO<\/strong><\/div><\/td>\n<\/tr>\n<tr bgcolor=\"#efefef\">\n<td>\n<div class=\"bs-shortcode-alert alert alert-info\">4.8.1.2a<\/div><\/td>\n<td>\n<div class=\"bs-shortcode-alert alert alert-info\">\n<p class=\"x_elementToProof\"><a href=\"https:\/\/www.umv.gov.co\/portal\/wp-content\/uploads\/2025\/01\/4.8.1.2a-Informe-Ejecutivo-Auditoria-proceso-Talento-humano-Nomina-2024.pdf\" target=\"_blank\" rel=\"noopener\"><span data-olk-copy-source=\"MessageBody\">Informe Ejecutivo de Auditor\u00eda del proceso Talento Humano &#8211; N\u00f3mina 2024<\/span><\/a><\/p>\n\n<\/div><\/td>\n<td>\n<div class=\"bs-shortcode-alert alert alert-info\">Pdf<\/div><\/td>\n<\/tr>\n<tr bgcolor=\"#efefef\">\n<td>\n<div class=\"bs-shortcode-alert alert alert-info\">4.8.1.2b<\/div><\/td>\n<td>\n<div class=\"bs-shortcode-alert alert alert-info\">\n<p class=\"x_elementToProof\"><a href=\"https:\/\/www.umv.gov.co\/portal\/wp-content\/uploads\/2025\/06\/4.8.1.2b-Informe-Ejecutivo-de-Auditoria-prevencion-de-dano-antijuridico.pdf\" target=\"_blank\" rel=\"noopener\"><span data-olk-copy-source=\"MessageBody\">Informe Ejecutivo de Auditor\u00eda pol\u00edtica de prevenci\u00f3n de da\u00f1o antijur\u00eddico.<\/span><\/a><\/p>\n\n<\/div><\/td>\n<td>\n<div class=\"bs-shortcode-alert alert alert-info\">Pdf<\/div><\/td>\n<\/tr>\n<tr bgcolor=\"#efefef\">\n<td>\n<div class=\"bs-shortcode-alert alert alert-info\">4.8.1.2c<\/div><\/td>\n<td>\n<div class=\"bs-shortcode-alert alert alert-info\">\n<p class=\"x_elementToProof\"><a href=\"https:\/\/www.umv.gov.co\/portal\/wp-content\/uploads\/2025\/08\/4.8.1.2c-Informe-Ejecutivo-de-Auditoria-ambiental-social-y-seguridad-y-salud-en-el-trabajo-en-obra-.pdf\" target=\"_blank\" rel=\"noopener\"><span data-olk-copy-source=\"MessageBody\">Informe Ejecutivo de Auditor\u00eda&nbsp; ambiental, social y seguridad y salud en el trabajo en obra<\/span><\/a><\/p>\n\n<\/div><\/td>\n<td>\n<div class=\"bs-shortcode-alert alert alert-info\">Pdf<\/div><\/td>\n<\/tr>\n<tr bgcolor=\"#efefef\">\n<td>\n<div class=\"bs-shortcode-alert alert alert-info\">4.8.1.2d<\/div><\/td>\n<td>\n<div class=\"bs-shortcode-alert alert alert-info\">\n<p class=\"x_elementToProof\"><a href=\"https:\/\/www.umv.gov.co\/portal\/wp-content\/uploads\/2025\/09\/4.8.1.2d-Informe-Ejecutivo-Auditoria-Especial-Contratacion-Informe-Final.pdf\" target=\"_blank\" rel=\"noopener\"><span data-olk-copy-source=\"MessageBody\">Informe Ejecutivo Auditor\u00eda Especial Contrataci\u00f3n Informe final.<\/span><\/a><\/p>\n\n<\/div><\/td>\n<td>\n<div class=\"bs-shortcode-alert alert alert-info\">Pdf<\/div><\/td>\n<\/tr>\n<tr bgcolor=\"#efefef\">\n<td>\n<div class=\"bs-shortcode-alert alert alert-info\">4.8.1.2e<\/div><\/td>\n<td>\n<div class=\"bs-shortcode-alert alert alert-info\">\n<p class=\"x_elementToProof\"><a href=\"https:\/\/www.umv.gov.co\/portal\/wp-content\/uploads\/2025\/09\/4.8.1.2-e-Informe-ejecutivo-de-Auditoria-Mantenimiento-y-Maquinaria-Y-Equipo.pdf\" target=\"_blank\" rel=\"noopener\"><span data-olk-copy-source=\"MessageBody\">Informe ejecutivo de Auditor\u00eda Mantenimiento y Maquinaria Y Equipos<\/span><\/a><\/p>\n\n<\/div><\/td>\n<td>\n<div class=\"bs-shortcode-alert alert alert-info\">Pdf<\/div><\/td>\n<\/tr>\n<tr bgcolor=\"#efefef\">\n<td>\n<div class=\"bs-shortcode-alert alert alert-info\">4.8.1.2f<\/div><\/td>\n<td>\n<div class=\"bs-shortcode-alert alert alert-info\">\n<p class=\"x_elementToProof\"><a href=\"https:\/\/www.umv.gov.co\/portal\/wp-content\/uploads\/2025\/09\/4.8.1.2f-Informe-Ejecutivo-Auditoria-tratamiento-y-poteccion-de-datos-personales.pdf\" target=\"_blank\" rel=\"noopener\"><span data-olk-copy-source=\"MessageBody\">Informe Ejecutivo Auditor\u00eda Tratamiento y Protecci\u00f3n de Datos Personales<\/span><\/a><\/p>\n\n<\/div><\/td>\n<td>\n<div class=\"bs-shortcode-alert alert alert-info\">Pdf<\/div><\/td>\n<\/tr>\n<tr bgcolor=\"#efefef\">\n<td>\n<div class=\"bs-shortcode-alert alert alert-info\">4.8.1.2g<\/div><\/td>\n<td>\n<div class=\"bs-shortcode-alert alert alert-info\">\n<div class=\"x_elementToProof\" data-olk-copy-source=\"MessageBody\"><a href=\"https:\/\/www.umv.gov.co\/portal\/wp-content\/uploads\/2025\/09\/4.8.1.2g-informe-ejecutivo-auditoria-Responsabilidad-social-participacion-ciudadana-y-servicio-a-la-ciudadania.-1.pdf\" target=\"_blank\" rel=\"noopener\">Informe ejecutivo auditor\u00eda &nbsp;Responsabilidad social, participaci\u00f3n ciudadana y servicio a la ciudadan\u00eda.<\/a><\/div>\n<\/div><\/td>\n<td>\n<div class=\"bs-shortcode-alert alert alert-info\">Pdf<\/div><\/td>\n<\/tr>\n<tr bgcolor=\"#efefef\">\n<td>\n<div class=\"bs-shortcode-alert alert alert-info\">4.8.1.2h<\/div><\/td>\n<td>\n<div class=\"bs-shortcode-alert alert alert-info\">\n<div class=\"x_elementToProof\" data-olk-copy-source=\"MessageBody\"><a href=\"https:\/\/www.umv.gov.co\/portal\/wp-content\/uploads\/2025\/10\/4.8.1.2h-informe-ejecutivo-auditoria-estados-financieros.pdf\" target=\"_blank\" rel=\"noopener\"><span data-olk-copy-source=\"MessageBody\">Informe ejecutivo auditor\u00eda estados financieros<\/span><\/a><\/div>\n<\/div><\/td>\n<td>\n<div class=\"bs-shortcode-alert alert alert-info\">Pdf<\/div><\/td>\n<\/tr>\n<tr bgcolor=\"#efefef\">\n<td>\n<div class=\"bs-shortcode-alert alert alert-info\">4.8.1.2i<\/div><\/td>\n<td>\n<div class=\"bs-shortcode-alert alert alert-info\">\n<div class=\"x_elementToProof\" data-olk-copy-source=\"MessageBody\"><a href=\"https:\/\/www.umv.gov.co\/portal\/wp-content\/uploads\/2025\/11\/4.8.1.2-i-Informe-Ejecutivo-de-Auditoria-a-Gestion-Ambiental-\u2013-GAM.pdf\" target=\"_blank\" rel=\"noopener\"><span data-olk-copy-source=\"MessageBody\"> Informe Ejecutivo de Auditor\u00eda a Gesti\u00f3n Ambiental \u2013 GAM<\/span><\/a><\/div>\n<\/div><\/td>\n<td>\n<div class=\"bs-shortcode-alert alert alert-info\">Pdf<\/div><\/td>\n<\/tr>\n<tr bgcolor=\"#efefef\">\n<td>\n<div class=\"bs-shortcode-alert alert alert-info\">4.8.1.2j<\/div><\/td>\n<td>\n<div class=\"bs-shortcode-alert alert alert-info\">\n<div class=\"x_elementToProof\" data-olk-copy-source=\"MessageBody\"><a href=\"https:\/\/www.umv.gov.co\/portal\/wp-content\/uploads\/2025\/11\/4.8.1.2-J-Informe-Ejecutivo-de-Auditoria-liquidacion-de-contratos-y-riesgos-del-proceso.pdf\" target=\"_blank\" rel=\"noopener\"><span data-olk-copy-source=\"MessageBody\">Informe Ejecutivo de Auditor\u00eda liquidaci\u00f3n de contratos y riesgos del proceso<\/span><\/a><\/div>\n<\/div><\/td>\n<td>\n<div class=\"bs-shortcode-alert alert alert-info\">Pdf<\/div><\/td>\n<\/tr>\n<tr bgcolor=\"#efefef\">\n<td>\n<div class=\"bs-shortcode-alert alert alert-info\">4.8.1.2k<\/div><\/td>\n<td>\n<div class=\"bs-shortcode-alert alert alert-info\">\n<div class=\"x_elementToProof\" data-olk-copy-source=\"MessageBody\"><a href=\"https:\/\/www.umv.gov.co\/portal\/wp-content\/uploads\/2025\/11\/4.8.1.2-k-Informe-ejecutivo-Politica-de-Gobierno-Digital-1.pdf\" target=\"_blank\" rel=\"noopener\"><span data-olk-copy-source=\"MessageBody\">Informe ejecutivo &nbsp;Pol\u00edtica de Gobierno Digital<\/span><\/a><\/div>\n<\/div><\/td>\n<td>\n<div class=\"bs-shortcode-alert alert alert-info\">Pdf<\/div><\/td>\n<\/tr>\n<tr bgcolor=\"#efefef\">\n<td>\n<div class=\"bs-shortcode-alert alert alert-info\">4.8.1.2l<\/div><\/td>\n<td>\n<div class=\"bs-shortcode-alert alert alert-info\">\n<div class=\"x_elementToProof\" data-olk-copy-source=\"MessageBody\"><a href=\"https:\/\/www.umv.gov.co\/portal\/wp-content\/uploads\/2025\/11\/4.8.1.2-L-Informe-ejecutivo-del-Proceso-de-Seguimiento-y-Monitoreo-a-la-Calidad-Tecnica.pdf\" target=\"_blank\" rel=\"noopener\"><span data-olk-copy-source=\"MessageBody\">Informe ejecutivo del Proceso de Seguimiento y Monitoreo a la Calidad T\u00e9cnica<\/span><\/a><\/div>\n<\/div><\/td>\n<td>\n<div class=\"bs-shortcode-alert alert alert-info\">Pdf<\/div><\/td>\n<\/tr>\n<tr bgcolor=\"#efefef\">\n<td>\n<div class=\"bs-shortcode-alert alert alert-info\">4.8.1.2m<\/div><\/td>\n<td>\n<div class=\"bs-shortcode-alert alert alert-info\">\n<div class=\"x_elementToProof\" data-olk-copy-source=\"MessageBody\"><a href=\"https:\/\/www.umv.gov.co\/portal\/wp-content\/uploads\/2025\/12\/4.8.1.2-m-Informe-ejecutivo-Auditoria-manejo-de-bienes.pdf\" target=\"_blank\" rel=\"noopener\"><span data-olk-copy-source=\"MessageBody\">Informe ejecutivo Auditor\u00eda manejo de bienes<\/span><\/a><\/div>\n<\/div><\/td>\n<td>\n<div class=\"bs-shortcode-alert alert alert-info\">Pdf<\/div><\/td>\n<\/tr>\n<tr bgcolor=\"#efefef\">\n<td>\n<div class=\"bs-shortcode-alert alert alert-info\">4.8.1.2n<\/div><\/td>\n<td>\n<div class=\"bs-shortcode-alert alert alert-info\">\n<div class=\"x_elementToProof\" data-olk-copy-source=\"MessageBody\"><a href=\"https:\/\/www.umv.gov.co\/portal\/wp-content\/uploads\/2025\/12\/CEI-FM-022-V1_Formato_infome_ejecutivo-PETH-ACR-22122025-para-publicar-2.pdf\" target=\"_blank\" rel=\"noopener\"><span data-olk-copy-source=\"MessageBody\">Informe ejecutivo de Auditor\u00eda al Plan Estrat\u00e9gico proceso de Gesti\u00f3n del Talento Humano<\/span><\/a><\/div>\n<\/div><\/td>\n<td>\n<div class=\"bs-shortcode-alert alert alert-info\">Pdf<\/div><\/td>\n<\/tr>\n<tr bgcolor=\"#efefef\">\n<td>\n<div class=\"bs-shortcode-alert alert alert-info\">4.8.1.2o<\/div><\/td>\n<td>\n<div class=\"bs-shortcode-alert alert alert-info\">\n<div class=\"x_elementToProof\" data-olk-copy-source=\"MessageBody\"><a href=\"https:\/\/www.umv.gov.co\/portal\/wp-content\/uploads\/2026\/01\/4.8.1.2.o-Informe-ejecutivo-de-Auditoria-Desarrollo-misional-y-comercializacion.pdf\" target=\"_blank\" rel=\"noopener\"><span data-olk-copy-source=\"MessageBody\">Informe Ejecutivo de Auditor\u00eda&nbsp; Desarrollo misional y comercializaci\u00f3n<\/span><\/a><\/div>\n<\/div><\/td>\n<td>\n<div class=\"bs-shortcode-alert alert alert-info\">Pdf<\/div><\/td>\n<\/tr>\n<\/tbody>\n<\/table>[\/vc_column_text][\/vc_tta_section][vc_tta_section i_icon_fontawesome=&#8221;far fa-file-alt&#8221; add_icon=&#8221;true&#8221; title=&#8221;4.8.1.3. Informe semestral de evaluaci\u00f3n del Sistema de Control Interno&#8221; tab_id=&#8221;1551475014488-6087b092-7ceb&#8221;][vc_column_text css=&#8221;&#8221;]<table width=\"915\" align=\"center\">\n<tbody>\n<tr>\n<td style=\"text-align: center;\" align=\"center\" width=\"70\">\n<div class=\"bs-shortcode-alert alert alert-warning\"><strong>C\u00d3DIGO<\/strong><\/div><\/td>\n<td style=\"text-align: center;\" width=\"692\">\n<div class=\"bs-shortcode-alert alert alert-warning\"><strong>NOMBRE DEL INFORME<\/strong><\/div><\/td>\n<td style=\"text-align: center;\" width=\"74\">\n<div class=\"bs-shortcode-alert alert alert-warning\"><strong>FORMATO<\/strong><\/div><\/td>\n<\/tr>\n<tr bgcolor=\"#efefef\">\n<td>\n<div class=\"bs-shortcode-alert alert alert-info\">4.8.1.3a<\/div><\/td>\n<td>\n<div class=\"bs-shortcode-alert alert alert-info\">\n<p class=\"x_elementToProof\"><a href=\"https:\/\/www.umv.gov.co\/portal\/wp-content\/uploads\/2025\/01\/4.8.1.3.a-Informe-semestral-de-evaluacion-del-Sistema-de-Control-Interno.pdf\" target=\"_blank\" rel=\"noopener\"><span data-olk-copy-source=\"MessageBody\">Informe &nbsp;de evaluaci\u00f3n&nbsp;<\/span>del sistema de control interno en la UAERMV&nbsp;II semestre 2024<\/a><\/p>\n\n<\/div><\/td>\n<td>\n<div class=\"bs-shortcode-alert alert alert-info\">Pdf<\/div><\/td>\n<\/tr>\n<tr bgcolor=\"#efefef\">\n<td>\n<div class=\"bs-shortcode-alert alert alert-info\">4.8.1.3b<\/div><\/td>\n<td>\n<div class=\"bs-shortcode-alert alert alert-info\">\n<p class=\"x_elementToProof\"><a href=\"https:\/\/www.umv.gov.co\/portal\/wp-content\/uploads\/2025\/07\/4.8.1.3b-Informe-de-evaluacion-del-sistema-de-control-interno-en-la-UAERMV-I-semestre-2025.pdf\" target=\"_blank\" rel=\"noopener\"><span data-olk-copy-source=\"MessageBody\">Informe &nbsp;de evaluaci\u00f3n del sistema de control interno en la UAERMV&nbsp;I semestre 2025.<\/span><\/a><\/p>\n\n<\/div><\/td>\n<td>\n<div class=\"bs-shortcode-alert alert alert-info\">Pdf<\/div><\/td>\n<\/tr>\n<tr bgcolor=\"#efefef\">\n<td>\n<div class=\"bs-shortcode-alert alert alert-info\">4.8.1.3c<\/div><\/td>\n<td>\n<div class=\"bs-shortcode-alert alert alert-info\">\n<p class=\"x_elementToProof\"><a href=\"https:\/\/www.umv.gov.co\/portal\/wp-content\/uploads\/2025\/12\/4.8.1.3c-Informe-de-evaluacion-del-sistema-de-control-interno-en-la-UAERMV-II-semestre-2025.pdf\" target=\"_blank\" rel=\"noopener\"><span data-olk-copy-source=\"MessageBody\">Informe&nbsp; preliminar de evaluaci\u00f3n del sistema de control interno en la UAERMV II semestre 2025.<\/span><\/a><\/p>\n\n<\/div><\/td>\n<td>\n<div class=\"bs-shortcode-alert alert alert-info\">Pdf<\/div><\/td>\n<\/tr>\n<\/tbody>\n<\/table>[\/vc_column_text][\/vc_tta_section][vc_tta_section i_icon_fontawesome=&#8221;&#8221; add_icon=&#8221;true&#8221; title=&#8221;4.8.1.4. Informes elaborados por \u00f3rganos de control externos 2025&#8243; tab_id=&#8221;1577831656919-26c4f820-a897&#8243;][vc_column_text css=&#8221;&#8221;]<table width=\"915\" align=\"center\">\n<tbody>\n<tr>\n<td style=\"text-align: center;\" align=\"center\" width=\"70\">\n<div class=\"bs-shortcode-alert alert alert-warning\"><strong>C\u00d3DIGO<\/strong><\/div><\/td>\n<td style=\"text-align: center;\" width=\"692\">\n<div class=\"bs-shortcode-alert alert alert-warning\"><strong>NOMBRE DEL INFORME<\/strong><\/div><\/td>\n<td style=\"text-align: center;\" width=\"74\">\n<div class=\"bs-shortcode-alert alert alert-warning\"><strong>FORMATO<\/strong><\/div><\/td>\n<\/tr>\n<tr bgcolor=\"#efefef\">\n<td>\n<div class=\"bs-shortcode-alert alert alert-info\">4.8.1.1a<\/div><\/td>\n<td>\n<div class=\"bs-shortcode-alert alert alert-info\">\n<p class=\"x_elementToProof\"><a href=\"https:\/\/www.umv.gov.co\/portal\/wp-content\/uploads\/2025\/12\/4.8.1.4-a-Informe-de-Auditoria-Financiera-de-Gestion-y-Resultados-CODIGO-91-2025.pdf\" target=\"_blank\" rel=\"noopener\"><span data-olk-copy-source=\"MessageBody\">&nbsp;Informe de Auditor\u00eda Financiera, de Gesti\u00f3n y Resultados &nbsp;CODIGO &nbsp;91 &#8211; 2025<\/span><\/a><\/p>\n\n<\/div><\/td>\n<td>\n<div class=\"bs-shortcode-alert alert alert-info\">Pdf<\/div><\/td>\n<\/tr>\n<\/tbody>\n<\/table>\n&nbsp;[\/vc_column_text][\/vc_tta_section][\/vc_tta_accordion][\/vc_column][\/vc_row]<\/div>","protected":false},"excerpt":{"rendered":"[vc_row pix_particles_check=&#8221;&#8221; css=&#8221;.vc_custom_1725648742193{margin-top: -20px !important;}&#8221;][vc_column][vc_tta_accordion section_title_tag=&#8221;h6&#8243; style=&#8221;modern&#8221; color=&#8221;white&#8221; c_icon=&#8221;&#8221; active_section=&#8221;&#8221; collapsible_all=&#8221;true&#8221;][vc_tta_section i_icon_fontawesome=&#8221;far fa-file-alt&#8221; add_icon=&#8221;true&#8221; title=&#8221;4.8.1.1. Plan anual de Auditor\u00edas&#8221; tab_id=&#8221;1549495924496-320e321a-10d9&#8243;][vc_column_text css=&#8221;&#8221;] C\u00d3DIGO NOMBRE DEL INFORME FORMATO 4.8.1.1a Plan anual de auditor\u00edas 2025 Pdf 4.8.1.1b Plan anual de auditor\u00edas 2025 V2&#8230;","protected":false},"author":1,"featured_media":0,"parent":0,"menu_order":0,"comment_status":"closed","ping_status":"closed","template":"","meta":{"_monsterinsights_skip_tracking":false,"_monsterinsights_sitenote_active":false,"_monsterinsights_sitenote_note":"","_monsterinsights_sitenote_category":0,"footnotes":""},"class_list":["post-45153","page","type-page","status-publish","hentry"],"_links":{"self":[{"href":"https:\/\/www.umv.gov.co\/portal\/wp-json\/wp\/v2\/pages\/45153","targetHints":{"allow":["GET"]}}],"collection":[{"href":"https:\/\/www.umv.gov.co\/portal\/wp-json\/wp\/v2\/pages"}],"about":[{"href":"https:\/\/www.umv.gov.co\/portal\/wp-json\/wp\/v2\/types\/page"}],"author":[{"embeddable":true,"href":"https:\/\/www.umv.gov.co\/portal\/wp-json\/wp\/v2\/users\/1"}],"replies":[{"embeddable":true,"href":"https:\/\/www.umv.gov.co\/portal\/wp-json\/wp\/v2\/comments?post=45153"}],"version-history":[{"count":0,"href":"https:\/\/www.umv.gov.co\/portal\/wp-json\/wp\/v2\/pages\/45153\/revisions"}],"wp:attachment":[{"href":"https:\/\/www.umv.gov.co\/portal\/wp-json\/wp\/v2\/media?parent=45153"}],"curies":[{"name":"wp","href":"https:\/\/api.w.org\/{rel}","templated":true}]}}