{"id":44978,"date":"2025-01-14T23:57:15","date_gmt":"2025-01-14T23:57:15","guid":{"rendered":"https:\/\/www.umv.gov.co\/portal\/?page_id=44978"},"modified":"2025-12-31T14:54:24","modified_gmt":"2025-12-31T14:54:24","slug":"planes-de-mejoramiento-2025","status":"publish","type":"page","link":"https:\/\/www.umv.gov.co\/portal\/planes-de-mejoramiento-2025\/","title":{"rendered":"Planes de Mejoramiento 2025"},"content":{"rendered":"<div class=\"wpb-content-wrapper\">[vc_row pix_particles_check=&#8221;&#8221; css=&#8221;.vc_custom_1725578103739{margin-top: -20px !important;}&#8221;][vc_column]<span class=\"pix-badge-element h6 d-inline-flex mr-1 \"  ><span class=\"badge font-weight-bold secondary-font  bg-secondary  vc_custom_1725578093128  \" style=\" \"><span class=\"text-white\" style=\"\">4.7.5 PLANES DE MEJORAMIENTO<\/span><\/span><\/span>[vc_tta_accordion section_title_tag=&#8221;h6&#8243; style=&#8221;modern&#8221; color=&#8221;white&#8221; c_icon=&#8221;&#8221; active_section=&#8221;&#8221; collapsible_all=&#8221;true&#8221;][vc_tta_section i_icon_fontawesome=&#8221;&#8221; add_icon=&#8221;true&#8221; title=&#8221;4.7.5.1. Derivados de auditor\u00edas ejecutadas por la Contralor\u00eda de Bogot\u00e1&#8221; tab_id=&#8221;Derivados-de-auditorias-ejecutadas-por-la-Contraloria-de-Bogota&#8221;][vc_column_text css=&#8221;&#8221;]<table width=\"936\" align=\"center\">\n<tbody>\n<tr>\n<td style=\"text-align: center;\" align=\"center\" width=\"70\">\n<div class=\"bs-shortcode-alert alert alert-warning\"><strong>C\u00d3DIGO<\/strong><\/div><\/td>\n<td style=\"text-align: center;\" width=\"692\">\n<div class=\"bs-shortcode-alert alert alert-warning\"><strong>NOMBRE DEL INFORME<\/strong><\/div><\/td>\n<td style=\"text-align: center;\" width=\"74\">\n<div class=\"bs-shortcode-alert alert alert-warning\"><strong>FORMATO<\/strong><\/div><\/td>\n<\/tr>\n<tr>\n<td>\n<div class=\"bs-shortcode-alert alert alert-info\">4.7.5.1a<\/div><\/td>\n<td>\n<div class=\"bs-shortcode-alert alert alert-info\">\n\n<a href=\"https:\/\/www.umv.gov.co\/portal\/wp-content\/uploads\/2025\/12\/70_000000227_20251203.pdf\" target=\"_blank\" rel=\"noopener\">Plan de Mejoramiento (Auditor\u00eda Contralor\u00eda Distrital COD 91 \u2013 2025)<\/a>\n\n<\/div><\/td>\n<td>\n<div class=\"bs-shortcode-alert alert alert-info\">Pdf<\/div><\/td>\n<\/tr>\n<\/tbody>\n<\/table>[\/vc_column_text][\/vc_tta_section][vc_tta_section i_icon_fontawesome=&#8221;&#8221; add_icon=&#8221;true&#8221; title=&#8221;4.7.5.2. Derivados de auditor\u00edas ejecutadas por la Oficina de Control Interno&#8221; tab_id=&#8221;Derivados-de-auditorias-ejecutadas-por-la-Oficina-de-Control-Interno&#8221;][vc_column_text css=&#8221;&#8221;]<table width=\"936\" align=\"center\">\n<tbody>\n<tr>\n<td style=\"text-align: center;\" align=\"center\" width=\"70\">\n<div class=\"bs-shortcode-alert alert alert-warning\"><strong>C\u00d3DIGO<\/strong><\/div><\/td>\n<td style=\"text-align: center;\" width=\"692\">\n<div class=\"bs-shortcode-alert alert alert-warning\"><strong>NOMBRE DEL INFORME<\/strong><\/div><\/td>\n<td style=\"text-align: center;\" width=\"74\">\n<div class=\"bs-shortcode-alert alert alert-warning\"><strong>FORMATO<\/strong><\/div><\/td>\n<\/tr>\n<tr>\n<td>\n<div class=\"bs-shortcode-alert alert alert-info\">4.7.5.2a<\/div><\/td>\n<td>\n<div class=\"bs-shortcode-alert alert alert-info\">\n\n<a href=\"https:\/\/www.umv.gov.co\/portal\/wp-content\/uploads\/2025\/01\/4.7.5.2a-Plan-Mejoramiento-auditoria-al-proceso-contractual.pdf\" target=\"_blank\" rel=\"noopener\"><span data-olk-copy-source=\"MessageBody\">Plan Mejoramiento auditor\u00eda al proceso &nbsp;contractual<\/span><\/a>\n\n<\/div><\/td>\n<td>\n<div class=\"bs-shortcode-alert alert alert-info\">Pdf<\/div><\/td>\n<\/tr>\n<tr>\n<td>\n<div class=\"bs-shortcode-alert alert alert-info\">4.7.5.2b<\/div><\/td>\n<td>\n<div class=\"bs-shortcode-alert alert alert-info\">\n\n<a href=\"https:\/\/www.umv.gov.co\/portal\/wp-content\/uploads\/2025\/01\/4.7.5.2b-Plan-de-mejoramiento-gerencia-administrativa-producto-de-informe-trimestal-a-frentes-de-obra_.pdf\" target=\"_blank\" rel=\"noopener\"><span data-olk-copy-source=\"MessageBody\">Plan de mejoramiento Gerencia administrativa producto de informe trimestral a frentes de obra.<\/span><\/a>\n\n<\/div><\/td>\n<td>\n<div class=\"bs-shortcode-alert alert alert-info\">Pdf<\/div><\/td>\n<\/tr>\n<tr>\n<td>\n<div class=\"bs-shortcode-alert alert alert-info\">4.7.5.2c<\/div><\/td>\n<td>\n<div class=\"bs-shortcode-alert alert alert-info\">\n\n<a href=\"https:\/\/www.umv.gov.co\/portal\/wp-content\/uploads\/2025\/01\/4.7.5.2c-Plan-de-mejoramiento-servicio-a-la-ciudadania-poducto-de-auditoria-al-proceso-contractual_.pdf\" target=\"_blank\" rel=\"noopener\"><span data-olk-copy-source=\"MessageBody\">Plan de mejoramiento &nbsp; servicio a la ciudadan\u00eda producto de auditor\u00eda al proceso contractual.<\/span><\/a>\n\n<\/div><\/td>\n<td>\n<div class=\"bs-shortcode-alert alert alert-info\">Pdf<\/div><\/td>\n<\/tr>\n<tr>\n<td>\n<div class=\"bs-shortcode-alert alert alert-info\">4.7.5.2d<\/div><\/td>\n<td>\n<div class=\"bs-shortcode-alert alert alert-info\">\n\n<a href=\"https:\/\/www.umv.gov.co\/portal\/wp-content\/uploads\/2025\/01\/4.7.5.2d-Plan-de-mejoramiento-Gerencia-de-maquinaria-y-equipo-producto-de-auditoria-al-proceso-contractual.pdf\" target=\"_blank\" rel=\"noopener\"><span data-olk-copy-source=\"MessageBody\">Plan de mejoramiento Log\u00edstica y manejo de maquinaria y equipos&nbsp; producto de auditor\u00eda al proceso contractual.<\/span><\/a>\n\n<\/div><\/td>\n<td>\n<div class=\"bs-shortcode-alert alert alert-info\">Pdf<\/div><\/td>\n<\/tr>\n<tr>\n<td>\n<div class=\"bs-shortcode-alert alert alert-info\">4.7.5.2e<\/div><\/td>\n<td>\n<div class=\"bs-shortcode-alert alert alert-info\">\n\n<a href=\"https:\/\/www.umv.gov.co\/portal\/wp-content\/uploads\/2025\/01\/4.7.5.2e-Plan-de-mejoramiento-de-auditoria-al-proceso-INFRA-2024.pdf\" target=\"_blank\" rel=\"noopener\"><span data-olk-copy-source=\"MessageBody\">Plan de mejoramiento de auditori\u0301a INFRA 2024<\/span><\/a>\n\n<\/div><\/td>\n<td>\n<div class=\"bs-shortcode-alert alert alert-info\">Pdf<\/div><\/td>\n<\/tr>\n<tr>\n<td>\n<div class=\"bs-shortcode-alert alert alert-info\">4.7.5.2f<\/div><\/td>\n<td>\n<div class=\"bs-shortcode-alert alert alert-info\">\n\n<a href=\"https:\/\/www.umv.gov.co\/portal\/wp-content\/uploads\/2025\/02\/4.7.5.2f-Plan-de-mejoramiento-producto-de-inspecciones-en-obra-cuarto-trimestre-2024.pdf\" target=\"_blank\" rel=\"noopener\"><span data-olk-copy-source=\"MessageBody\">Plan de &nbsp;mejoramiento &nbsp;producto de inspecciones en obra cuarto trimestre 2024<\/span><\/a>\n\n<\/div><\/td>\n<td>\n<div class=\"bs-shortcode-alert alert alert-info\">Pdf<\/div><\/td>\n<\/tr>\n<tr>\n<td>\n<div class=\"bs-shortcode-alert alert alert-info\">4.7.5.2g<\/div><\/td>\n<td>\n<div class=\"bs-shortcode-alert alert alert-info\">\n\n<a href=\"https:\/\/www.umv.gov.co\/portal\/wp-content\/uploads\/2025\/03\/4.7.5.2g-Plan-de-mejoramiento-GTHU-producto-de-informe-de-seguimiento-a-SIDEAP-SIGEP.pdf\" target=\"_blank\" rel=\"noopener\"><span data-olk-copy-source=\"MessageBody\">Plan de mejoramiento GTHU producto del informe de seguimiento a SIDEAP- SIGEP<\/span><\/a>\n\n<\/div><\/td>\n<td>\n<div class=\"bs-shortcode-alert alert alert-info\">Pdf<\/div><\/td>\n<\/tr>\n<tr>\n<td>\n<div class=\"bs-shortcode-alert alert alert-info\">4.7.5.2h<\/div><\/td>\n<td>\n<div class=\"bs-shortcode-alert alert alert-info\">\n\n<a href=\"https:\/\/www.umv.gov.co\/portal\/wp-content\/uploads\/2025\/03\/4.7.5.2h-Plan-de-mejoramiento-GCON-producto-de-informe-de-seguimiento-a-SIDEAP-SIGEP.pdf\" target=\"_blank\" rel=\"noopener\"><span data-olk-copy-source=\"MessageBody\">Plan de mejoramiento GCON producto del informe de seguimiento a SIDEAP- SIGEP<\/span><\/a>\n\n<\/div><\/td>\n<td>\n<div class=\"bs-shortcode-alert alert alert-info\">Pdf<\/div><\/td>\n<\/tr>\n<tr>\n<td>\n<div class=\"bs-shortcode-alert alert alert-info\">4.7.5.2i<\/div><\/td>\n<td>\n<div class=\"bs-shortcode-alert alert alert-info\">\n\n<a href=\"https:\/\/www.umv.gov.co\/portal\/wp-content\/uploads\/2025\/06\/4.7.5.2i-plan-de-mejoramiento-de-Planificacion-de-la-Conservacion-de-la-Infraestructura-producto-de-la-auditoria-interna-de-inspecciones-misionales.pdf\" target=\"_blank\" rel=\"noopener\"><span data-olk-copy-source=\"MessageBody\">Plan de mejoramiento proceso de Planificaci\u00f3n de la Conservaci\u00f3n de la Infraestructura&nbsp;producto de la auditor\u00eda interna de inspecciones misionales abril \u2013mayo de 2025<\/span><\/a>\n\n<\/div><\/td>\n<td>\n<div class=\"bs-shortcode-alert alert alert-info\">Pdf<\/div><\/td>\n<\/tr>\n<tr>\n<td>\n<div class=\"bs-shortcode-alert alert alert-info\">4.7.5.2j<\/div><\/td>\n<td>\n<div class=\"bs-shortcode-alert alert alert-info\">\n\n<a href=\"https:\/\/www.umv.gov.co\/portal\/wp-content\/uploads\/2025\/06\/4.7.5.2.j-Plan-de-mejoramiento-producto-de-la-auditoria-interna-politica-de-dano-antijuridico-1.pdf\" target=\"_blank\" rel=\"noopener\"><span data-olk-copy-source=\"MessageBody\">Plan de mejoramiento producto de la auditor\u00eda interna pol\u00edtica de da\u00f1o antijur\u00eddico<\/span><\/a>\n\n<\/div><\/td>\n<td>\n<div class=\"bs-shortcode-alert alert alert-info\">Pdf<\/div><\/td>\n<\/tr>\n<tr>\n<td>\n<div class=\"bs-shortcode-alert alert alert-info\">4.7.5.2k<\/div><\/td>\n<td>\n<div class=\"bs-shortcode-alert alert alert-info\">\n\n<a href=\"https:\/\/www.umv.gov.co\/portal\/wp-content\/uploads\/2025\/06\/4.7.5.2k-Plan-de-mejoramiento-proceso-INFRA-de-inspecciones-en-frentes-de-obra-y-sedes.pdf\" target=\"_blank\" rel=\"noopener\"><span data-olk-copy-source=\"MessageBody\">Plan de mejoramiento &nbsp;proceso INFRA &nbsp;de inspecciones en frentes de obra y sedes<\/span><\/a>\n\n<\/div><\/td>\n<td>\n<div class=\"bs-shortcode-alert alert alert-info\">Pdf<\/div><\/td>\n<\/tr>\n<tr>\n<td>\n<div class=\"bs-shortcode-alert alert alert-info\">4.7.5.2l<\/div><\/td>\n<td>\n<div class=\"bs-shortcode-alert alert alert-info\">\n\n<a href=\"https:\/\/www.umv.gov.co\/portal\/wp-content\/uploads\/2025\/08\/4.7.5.2L-plan-de-mejoramiento-proceso-maquinaria-y-equipo-producto-de-informe-de-inspecciones-en-frentes-de-obra-y-sedes-mayo.pdf\" target=\"_blank\" rel=\"noopener\"><span data-olk-copy-source=\"MessageBody\">Plan de mejoramiento proceso Maquinar\u00eda y equipo en inspecciones en frentes de obra y sedes consolidado mayo 2025<\/span><\/a>\n\n<\/div><\/td>\n<td>\n<div class=\"bs-shortcode-alert alert alert-info\">Pdf<\/div><\/td>\n<\/tr>\n<tr>\n<td>\n<div class=\"bs-shortcode-alert alert alert-info\">4.7.5.2m<\/div><\/td>\n<td>\n<div class=\"bs-shortcode-alert alert alert-info\">\n\n<a href=\"https:\/\/www.umv.gov.co\/portal\/wp-content\/uploads\/2025\/09\/4.7.5.2-m-plan-de-mejoramiento-del-proceso-GREF-producto-de-las-inspecciones-misionales-realizadas-en-abril-y-mayo-de-2025.pdf\" target=\"_blank\" rel=\"noopener\"><span data-olk-copy-source=\"MessageBody\">Plan de mejoramiento del proceso GREF producto de las inspecciones misionales realizadas en abril y mayo de 2025<\/span><\/a>\n\n<\/div><\/td>\n<td>\n<div class=\"bs-shortcode-alert alert alert-info\">Pdf<\/div><\/td>\n<\/tr>\n<tr>\n<td>\n<div class=\"bs-shortcode-alert alert alert-info\">4.7.5.2n<\/div><\/td>\n<td>\n<div class=\"bs-shortcode-alert alert alert-info\">\n\n<a href=\"https:\/\/www.umv.gov.co\/portal\/wp-content\/uploads\/2025\/09\/4.7.5.2-n-plan-de-mejoramiento-de-Auditoria-Gestion-Ambiental-Social-y-SST-en-obra-2025.pdf\" target=\"_blank\" rel=\"noopener\"><span data-olk-copy-source=\"MessageBody\">Plan de mejoramiento de Auditor\u00eda Gesti\u00f3n Ambiental; Social y SST en obra -2025.<\/span><\/a>\n\n<\/div><\/td>\n<td>\n<div class=\"bs-shortcode-alert alert alert-info\">Pdf<\/div><\/td>\n<\/tr>\n<tr>\n<td>\n<div class=\"bs-shortcode-alert alert alert-info\">4.7.5.2o<\/div><\/td>\n<td>\n<div class=\"bs-shortcode-alert alert alert-info\">\n\n<a href=\"https:\/\/www.umv.gov.co\/portal\/wp-content\/uploads\/2025\/09\/4.7.5.2o-Plan-de-Mejoramiento-Gestion-Documental-de-auditoria-de-Politica-de-Tratamiento-de-Datos-Personales.pdf\" target=\"_blank\" rel=\"noopener\"><span data-olk-copy-source=\"MessageBody\">Plan de Mejoramiento Gesti\u00f3n Documental de auditor\u00eda de Pol\u00edtica de Tratamiento de Datos Personales<\/span><\/a>\n\n<\/div><\/td>\n<td>\n<div class=\"bs-shortcode-alert alert alert-info\">Pdf<\/div><\/td>\n<\/tr>\n<tr>\n<td>\n<div class=\"bs-shortcode-alert alert alert-info\">4.7.5.2p<\/div><\/td>\n<td>\n<div class=\"bs-shortcode-alert alert alert-info\">\n\n<a href=\"https:\/\/www.umv.gov.co\/portal\/wp-content\/uploads\/2025\/09\/4.7.5.2p-Plan-de-Mejoramiento-Gestion-de-talento-humano-de-auditoria-de-Politica-de-Tratamiento-de-Datos-Personales.pdf\" target=\"_blank\" rel=\"noopener\"><span data-olk-copy-source=\"MessageBody\">Plan de Mejoramiento Gesti\u00f3n de talento humano de auditor\u00eda de Pol\u00edtica de Tratamiento de Datos Personales<\/span><\/a>\n\n<\/div><\/td>\n<td>\n<div class=\"bs-shortcode-alert alert alert-info\">Pdf<\/div><\/td>\n<\/tr>\n<tr>\n<td>\n<div class=\"bs-shortcode-alert alert alert-info\">4.7.5.2q<\/div><\/td>\n<td>\n<div class=\"bs-shortcode-alert alert alert-info\">\n\n<a href=\"https:\/\/www.umv.gov.co\/portal\/wp-content\/uploads\/2025\/09\/4.7.5.2q-Plan-de-Mejoramiento-Gestion-de-recursos-fisicos-de-informe-de-inventarios-junio.pdf\" target=\"_blank\" rel=\"noopener\"><span data-olk-copy-source=\"MessageBody\">Plan de Mejoramiento Gesti\u00f3n de recursos f\u00edsicos de informe de seguimiento a inventarios junio 2025<\/span><\/a>\n\n<\/div><\/td>\n<td>\n<div class=\"bs-shortcode-alert alert alert-info\">Pdf<\/div><\/td>\n<\/tr>\n<tr>\n<td>\n<div class=\"bs-shortcode-alert alert alert-info\">4.7.5.2r<\/div><\/td>\n<td>\n<div class=\"bs-shortcode-alert alert alert-info\">\n\n<a href=\"https:\/\/www.umv.gov.co\/portal\/wp-content\/uploads\/2025\/09\/4.7.5.2r-Plan-de-Mejoramiento-OTI-de-Auditoria-de-Politica-de-Tratamiento-de-Datos-Personales.pdf\" target=\"_blank\" rel=\"noopener\"><span data-olk-copy-source=\"MessageBody\">Plan de Mejoramiento &nbsp;OTI de Auditor\u00eda de Pol\u00edtica de Tratamiento de Datos Personales<\/span><\/a>\n\n<\/div><\/td>\n<td>\n<div class=\"bs-shortcode-alert alert alert-info\">Pdf<\/div><\/td>\n<\/tr>\n<tr>\n<td>\n<div class=\"bs-shortcode-alert alert alert-info\">4.7.5.2s<\/div><\/td>\n<td>\n<div class=\"bs-shortcode-alert alert alert-info\">\n\n<a href=\"https:\/\/www.umv.gov.co\/portal\/wp-content\/uploads\/2025\/10\/4.7.5.2s-Plan-de-mejoramiento-proceso-de-seguimiento-y-monitoreo-de-la-calidad-del-informe-de-inspecciones-en-obra-junio-2025.pdf\" target=\"_blank\" rel=\"noopener\"><span data-olk-copy-source=\"MessageBody\">Plan de mejoramiento proceso de seguimiento y monitoreo de la calidad del informe de inspecciones en obra junio 2025<\/span><\/a>\n\n<\/div><\/td>\n<td>\n<div class=\"bs-shortcode-alert alert alert-info\">Pdf<\/div><\/td>\n<\/tr>\n<tr>\n<td>\n<div class=\"bs-shortcode-alert alert alert-info\">4.7.5.2t<\/div><\/td>\n<td>\n<div class=\"bs-shortcode-alert alert alert-info\">\n\n<a href=\"https:\/\/www.umv.gov.co\/portal\/wp-content\/uploads\/2025\/10\/4.7.5.2t-Plan-de-mejoramiento-del-proceso-de-Intervencion-de-la-Infraestructura-producto-de-las-inspecciones-misionales-junio-y-julio-de-2025.pdf\" target=\"_blank\" rel=\"noopener\"><span data-olk-copy-source=\"MessageBody\">Plan de mejoramiento del proceso de Intervenci\u00f3n de la Infraestructura producto de las inspecciones misionales junio y julio de 2025<\/span><\/a>\n\n<\/div><\/td>\n<td>\n<div class=\"bs-shortcode-alert alert alert-info\">Pdf<\/div><\/td>\n<\/tr>\n<tr>\n<td>\n<div class=\"bs-shortcode-alert alert alert-info\">4.7.5.2u<\/div><\/td>\n<td>\n<div class=\"bs-shortcode-alert alert alert-info\">\n\n<a href=\"https:\/\/www.umv.gov.co\/portal\/wp-content\/uploads\/2025\/10\/4.7.5.2u-plan-de-mejoramiento-auditoria-responsabilidad-social.pdf\" target=\"_blank\" rel=\"noopener\"><span data-olk-copy-source=\"MessageBody\">Plan de mejoramiento &nbsp;auditor\u00eda responsabilidad social<\/span><\/a>\n\n<\/div><\/td>\n<td>\n<div class=\"bs-shortcode-alert alert alert-info\">Pdf<\/div><\/td>\n<\/tr>\n<tr>\n<td>\n<div class=\"bs-shortcode-alert alert alert-info\">4.7.5.2v<\/div><\/td>\n<td>\n<div class=\"bs-shortcode-alert alert alert-info\">\n\n<a href=\"https:\/\/www.umv.gov.co\/portal\/wp-content\/uploads\/2025\/10\/4.7.5.2v-plan-de-mejoramiento-a-Encuesta-de-valores-institucionales_.pdf\" target=\"_blank\" rel=\"noopener\"><span data-olk-copy-source=\"MessageBody\">Plan de mejoramiento a Encuesta de valores institucionales.<\/span><\/a>\n\n<\/div><\/td>\n<td>\n<div class=\"bs-shortcode-alert alert alert-info\">Pdf<\/div><\/td>\n<\/tr>\n<tr>\n<td>\n<div class=\"bs-shortcode-alert alert alert-info\">4.7.5.2x<\/div><\/td>\n<td>\n<div class=\"bs-shortcode-alert alert alert-info\">\n\n<a href=\"https:\/\/www.umv.gov.co\/portal\/wp-content\/uploads\/2025\/10\/4.7.5.2x-Plan-de-Mejoramiento-auditoria-interna-Logistica-y-Manejo-de-Maquinaria-y-Equipo-2025.pdf\" target=\"_blank\" rel=\"noopener\"><span data-olk-copy-source=\"MessageBody\">Plan de Mejoramiento auditoria interna Log\u00edstica y Manejo de Maquinaria y Equipo&nbsp; 2025<\/span><\/a>\n\n<\/div><\/td>\n<td>\n<div class=\"bs-shortcode-alert alert alert-info\">Pdf<\/div><\/td>\n<\/tr>\n<tr>\n<td>\n<div class=\"bs-shortcode-alert alert alert-info\">4.7.5.2y<\/div><\/td>\n<td>\n<div class=\"bs-shortcode-alert alert alert-info\">\n\n<a href=\"https:\/\/www.umv.gov.co\/portal\/wp-content\/uploads\/2025\/11\/4.7.5.2Y-Plan-de-mejoramiento-GJUR-de-la-Auditoria-a-la-Politica-de-Prevencion-del-Dano-Antijuridico.pdf\" target=\"_blank\" rel=\"noopener\"><span data-olk-copy-source=\"MessageBody\">Plan de mejoramiento GJUR de la Auditor\u00eda a la Pol\u00edtica de Prevenci\u00f3n del Da\u00f1o Antijur\u00eddico<\/span><\/a>\n\n<\/div><\/td>\n<td>\n<div class=\"bs-shortcode-alert alert alert-info\">Pdf<\/div><\/td>\n<\/tr>\n<tr>\n<td>\n<div class=\"bs-shortcode-alert alert alert-info\">4.7.5.2z<\/div><\/td>\n<td>\n<div class=\"bs-shortcode-alert alert alert-info\">\n\n<a href=\"https:\/\/www.umv.gov.co\/portal\/wp-content\/uploads\/2025\/11\/4.7.5.2-z-Plan-de-mejoramiento-GCON-producto-de-la-auditoria-Especial-a-la-Contratacion.pdf\" target=\"_blank\" rel=\"noopener\"><span data-olk-copy-source=\"MessageBody\">Plan de mejoramiento GCON producto de la auditor\u00eda Especial a la Contrataci\u00f3n<\/span><\/a>\n\n<\/div><\/td>\n<td>\n<div class=\"bs-shortcode-alert alert alert-info\">Pdf<\/div><\/td>\n<\/tr>\n<tr>\n<td>\n<div class=\"bs-shortcode-alert alert alert-info\">4.7.5.2aa<\/div><\/td>\n<td>\n<div class=\"bs-shortcode-alert alert alert-info\">\n\n<a href=\"https:\/\/www.umv.gov.co\/portal\/wp-content\/uploads\/2025\/11\/4.7.5.2aa-Plan-Mejoramiento-proceso-INFRA-producto-de-las-inspecciones-frente-Sumapaz-Regalias-en-el-periodo-de-marzo-a-junio-de-2025.pdf\" target=\"_blank\" rel=\"noopener\"><span data-olk-copy-source=\"MessageBody\">Plan Mejoramiento proceso INFRA producto de las inspecciones frente Sumapaz Regal\u00edas en el periodo de marzo a junio de 2025<\/span><\/a>\n\n<\/div><\/td>\n<td>\n<div class=\"bs-shortcode-alert alert alert-info\">Pdf<\/div><\/td>\n<\/tr>\n<tr>\n<td>\n<div class=\"bs-shortcode-alert alert alert-info\">4.7.5.2ab<\/div><\/td>\n<td>\n<div class=\"bs-shortcode-alert alert alert-info\">\n\n<a href=\"https:\/\/www.umv.gov.co\/portal\/wp-content\/uploads\/2025\/11\/4.7.5.2ab-Plan-Mejoramiento-proceso-de-planificacion-y-conservacion-producto-de-las-inspecciones-frentes-septiembre-de-2025.pdf\" target=\"_blank\" rel=\"noopener\"><span data-olk-copy-source=\"MessageBody\">Plan Mejoramiento proceso INFRA producto de las inspecciones frentes septiembre de 2025<\/span><\/a>\n\n<\/div><\/td>\n<td>\n<div class=\"bs-shortcode-alert alert alert-info\">Pdf<\/div><\/td>\n<\/tr>\n<tr>\n<td>\n<div class=\"bs-shortcode-alert alert alert-info\">4.7.5.2ac<\/div><\/td>\n<td>\n<div class=\"bs-shortcode-alert alert alert-info\">\n\n<a href=\"https:\/\/www.umv.gov.co\/portal\/wp-content\/uploads\/2025\/11\/4.7.5.2-ac-Plan-de-mejoramiento-formulado-por-el-proceso-LMME-producto-de-las-inspecciones-misionales.pdf\" target=\"_blank\" rel=\"noopener\"><span data-olk-copy-source=\"MessageBody\">Plan de mejoramiento formulado por el proceso &nbsp;LMME producto de las inspecciones misionales<\/span><\/a>\n\n<\/div><\/td>\n<td>\n<div class=\"bs-shortcode-alert alert alert-info\">Pdf<\/div><\/td>\n<\/tr>\n<tr>\n<td>\n<div class=\"bs-shortcode-alert alert alert-info\">4.7.5.2ad<\/div><\/td>\n<td>\n<div class=\"bs-shortcode-alert alert alert-info\">\n\n<a href=\"https:\/\/www.umv.gov.co\/portal\/wp-content\/uploads\/2025\/12\/4.7.5.2ad-Plan-de-mejoramiento-formulado-por-el-proceso-Gestion-Ambiental.pdf\" target=\"_blank\" rel=\"noopener\"><span data-olk-copy-source=\"MessageBody\">Plan de mejoramiento formulado por el proceso Gesti\u00f3n Ambiental<\/span><\/a>\n\n<\/div><\/td>\n<td>\n<div class=\"bs-shortcode-alert alert alert-info\">Pdf<\/div><\/td>\n<\/tr>\n<tr>\n<td>\n<div class=\"bs-shortcode-alert alert alert-info\">4.7.5.2ae<\/div><\/td>\n<td>\n<div class=\"bs-shortcode-alert alert alert-info\">\n\n<a href=\"https:\/\/www.umv.gov.co\/portal\/wp-content\/uploads\/2025\/12\/4.7.5.2ae-Plan-de-mejoramiento-formulado-por-el-Proceso-de-Planificacion-de-la-Conservacion-de-la-Infraestructura-de-auditoria-GAM-2025.-1.pdf\" target=\"_blank\" rel=\"noopener\"><span data-olk-copy-source=\"MessageBody\">Plan de mejoramiento formulado por el Proceso de Planificaci\u00f3n de la Conservaci\u00f3n de la Infraestructura &#8211; PCI a la auditor\u00eda realizada al Proceso de Gesti\u00f3n Ambiental en la vigencia 2025.&nbsp;<\/span><\/a>\n\n<\/div><\/td>\n<td>\n<div class=\"bs-shortcode-alert alert alert-info\">Pdf<\/div><\/td>\n<\/tr>\n<tr>\n<td>\n<div class=\"bs-shortcode-alert alert alert-info\">4.7.5.2af<\/div><\/td>\n<td>\n<div class=\"bs-shortcode-alert alert alert-info\">\n\n<a href=\"https:\/\/www.umv.gov.co\/portal\/wp-content\/uploads\/2025\/12\/4.7.5.2af-Plan-de-mejoramiento-producto-de-auditoria-por-el-proceso-de-calidad-Tecnica.pdf\"><span data-olk-copy-source=\"MessageBody\">Plan de mejoramiento formulado por<\/span>&nbsp;el proceso de calidad T\u00e9cnica<\/a>\n\n<\/div><\/td>\n<td>\n<div class=\"bs-shortcode-alert alert alert-info\">Pdf<\/div><\/td>\n<\/tr>\n<tr>\n<td>\n<div class=\"bs-shortcode-alert alert alert-info\">4.7.5.2ag<\/div><\/td>\n<td>\n<div class=\"bs-shortcode-alert alert alert-info\">\n\n<a href=\"https:\/\/www.umv.gov.co\/portal\/wp-content\/uploads\/2025\/12\/4.7.5.2ag-Plan-de-mejoramiento-formulado-por-el-proceso-de-contratacion-liquidacion-contratos.pdf\" target=\"_blank\" rel=\"noopener\"><span data-olk-copy-source=\"MessageBody\">Plan de mejoramiento formulado por<\/span>&nbsp;el proceso de contrataci\u00f3n &#8211;liquidaci\u00f3n contratos<\/a>\n\n<\/div><\/td>\n<td>\n<div class=\"bs-shortcode-alert alert alert-info\">Pdf<\/div><\/td>\n<\/tr>\n<\/tbody>\n<\/table>[\/vc_column_text][\/vc_tta_section][vc_tta_section i_icon_fontawesome=&#8221;&#8221; add_icon=&#8221;true&#8221; title=&#8221;4.7.5.3. Derivados de visitas efectuadas por el Consejo Distrital de Archivos&#8221; tab_id=&#8221;Derivados-de-visitas-efectuadas-por-el-Consejo-Distrital-de-Archivos&#8221;][vc_column_text][\/vc_column_text][\/vc_tta_section][vc_tta_section i_icon_fontawesome=&#8221;&#8221; add_icon=&#8221;true&#8221; title=&#8221;4.7.5.4. Derivados de la autoevaluaci\u00f3n de los procesos&#8221; tab_id=&#8221;Derivados-de-la-autoevaluacion-de-los-procesos&#8221;][vc_column_text css=&#8221;&#8221;][\/vc_column_text][\/vc_tta_section][vc_tta_section i_icon_fontawesome=&#8221;&#8221; add_icon=&#8221;true&#8221; title=&#8221;4.7.5.5. Derivados de auditor\u00edas Externas&#8221; tab_id=&#8221;1658931068265-1981b5cf-78b0&#8243;][vc_column_text css=&#8221;&#8221;]<table width=\"936\" align=\"center\">\n<tbody>\n<tr>\n<td style=\"text-align: center;\" align=\"center\" width=\"70\">\n<div class=\"bs-shortcode-alert alert alert-warning\"><strong>C\u00d3DIGO<\/strong><\/div><\/td>\n<td style=\"text-align: center;\" width=\"692\">\n<div class=\"bs-shortcode-alert alert alert-warning\"><strong>NOMBRE DEL INFORME<\/strong><\/div><\/td>\n<td style=\"text-align: center;\" width=\"74\">\n<div class=\"bs-shortcode-alert alert alert-warning\"><strong>FORMATO<\/strong><\/div><\/td>\n<\/tr>\n<tr>\n<td>\n<div class=\"bs-shortcode-alert alert alert-info\">4.7.5.5a<\/div><\/td>\n<td>\n<div class=\"bs-shortcode-alert alert alert-info\">\n\n<a href=\"https:\/\/www.umv.gov.co\/portal\/wp-content\/uploads\/2025\/06\/4.7.5.5.a-plan-de-mejoramiento-producto-del-resultado-de-la-auditoria-realizada-por-ICONTEC-a-el-laboratorio-de-la-UMV-1.pdf\" target=\"_blank\" rel=\"noopener\"><span data-olk-copy-source=\"MessageBody\">Plan de mejoramiento producto del resultado de la auditoria realizada por ICONTEC a el laboratorio de la UMV<\/span><\/a>\n\n<\/div><\/td>\n<td>\n<div class=\"bs-shortcode-alert alert alert-info\">Pdf<\/div><\/td>\n<\/tr>\n<tr>\n<td>\n<div class=\"bs-shortcode-alert alert alert-info\">4.7.5.5b<\/div><\/td>\n<td>\n<div class=\"bs-shortcode-alert alert alert-info\">\n\n<a href=\"https:\/\/www.umv.gov.co\/portal\/wp-content\/uploads\/2025\/09\/4.7.5.5b-plan-de-mejoramiento-formulado-por-Gestion-de-laboratorio-GLAB-de-auditoria-externa.pdf\" target=\"_blank\" rel=\"noopener\"><span data-olk-copy-source=\"MessageBody\">Plan de mejoramiento formulado por Gesti\u00f3n de laboratorio GLAB de auditor\u00eda externa<\/span><\/a>\n\n<\/div><\/td>\n<td>\n<div class=\"bs-shortcode-alert alert alert-info\">Pdf<\/div><\/td>\n<\/tr>\n<\/tbody>\n<\/table>[\/vc_column_text][\/vc_tta_section][\/vc_tta_accordion][\/vc_column][\/vc_row]<\/div>","protected":false},"excerpt":{"rendered":"[vc_row pix_particles_check=&#8221;&#8221; css=&#8221;.vc_custom_1725578103739{margin-top: -20px !important;}&#8221;][vc_column][vc_tta_accordion section_title_tag=&#8221;h6&#8243; style=&#8221;modern&#8221; color=&#8221;white&#8221; c_icon=&#8221;&#8221; active_section=&#8221;&#8221; collapsible_all=&#8221;true&#8221;][vc_tta_section i_icon_fontawesome=&#8221;&#8221; add_icon=&#8221;true&#8221; title=&#8221;4.7.5.1. Derivados de auditor\u00edas ejecutadas por la Contralor\u00eda de Bogot\u00e1&#8221; tab_id=&#8221;Derivados-de-auditorias-ejecutadas-por-la-Contraloria-de-Bogota&#8221;][vc_column_text css=&#8221;&#8221;] C\u00d3DIGO NOMBRE DEL INFORME FORMATO 4.7.5.1a Plan de Mejoramiento (Auditor\u00eda Contralor\u00eda Distrital COD 91 \u2013&#8230;","protected":false},"author":1,"featured_media":0,"parent":0,"menu_order":0,"comment_status":"closed","ping_status":"closed","template":"","meta":{"_monsterinsights_skip_tracking":false,"_monsterinsights_sitenote_active":false,"_monsterinsights_sitenote_note":"","_monsterinsights_sitenote_category":0,"footnotes":""},"class_list":["post-44978","page","type-page","status-publish","hentry"],"_links":{"self":[{"href":"https:\/\/www.umv.gov.co\/portal\/wp-json\/wp\/v2\/pages\/44978","targetHints":{"allow":["GET"]}}],"collection":[{"href":"https:\/\/www.umv.gov.co\/portal\/wp-json\/wp\/v2\/pages"}],"about":[{"href":"https:\/\/www.umv.gov.co\/portal\/wp-json\/wp\/v2\/types\/page"}],"author":[{"embeddable":true,"href":"https:\/\/www.umv.gov.co\/portal\/wp-json\/wp\/v2\/users\/1"}],"replies":[{"embeddable":true,"href":"https:\/\/www.umv.gov.co\/portal\/wp-json\/wp\/v2\/comments?post=44978"}],"version-history":[{"count":0,"href":"https:\/\/www.umv.gov.co\/portal\/wp-json\/wp\/v2\/pages\/44978\/revisions"}],"wp:attachment":[{"href":"https:\/\/www.umv.gov.co\/portal\/wp-json\/wp\/v2\/media?parent=44978"}],"curies":[{"name":"wp","href":"https:\/\/api.w.org\/{rel}","templated":true}]}}