{"id":446,"date":"2017-03-24T19:19:02","date_gmt":"2017-03-24T19:19:02","guid":{"rendered":"https:\/\/www.umv.gov.co\/portal\/?page_id=446"},"modified":"2026-01-18T19:27:01","modified_gmt":"2026-01-18T19:27:01","slug":"sedes-y-horarios-de-atencion","status":"publish","type":"page","link":"https:\/\/www.umv.gov.co\/portal\/sedes-y-horarios-de-atencion\/","title":{"rendered":"Sedes y Horarios de Atenci\u00f3n al ciudadano"},"content":{"rendered":"<div class=\"wpb-content-wrapper\">[vc_row pix_particles_check=&#8221;&#8221; css=&#8221;.vc_custom_1725050054070{margin-top: -20px !important;}&#8221;][vc_column]<div class=\"d-block w-100 text-center\"><span  class=\"btn mb-2    vc_custom_1768764418504   btn-secondary d-flex w-100  justify-content-center  align-items-center    secondary-font btn-rounded pix-btn-div btn-lg\"     ><span class=\" \" >Sede de Atenci\u00f3n al Ciudadano: Calle 26 No. 69-76, Edificio Elemento, Torre AIRE - piso 3 -Bogot\u00e1 D.C. Colombia<br>L\u00ednea de atenci\u00f3n al ciudadano: (+57) 601-3779555 Ext. 1001 -1002<\/span><\/span><\/div>[\/vc_column][\/vc_row][vc_row pix_particles_check=&#8221;&#8221; css=&#8221;.vc_custom_1768764400186{margin-top: 20px !important;}&#8221;][vc_column width=&#8221;2\/3&#8243;][vc_column_text css=&#8221;.vc_custom_1768764321717{border-top-width: 1px !important;border-right-width: 1px !important;border-bottom-width: 1px !important;border-left-width: 1px !important;background-color: #F2F2F2 !important;border-left-style: double !important;border-right-style: double !important;border-top-style: double !important;border-bottom-style: double !important;border-color: #000000 !important;}&#8221;]<strong>Direcci\u00f3n: &nbsp;<\/strong>Calle 26 No. 69-76, Edificio Elemento, Torre AIRE \u2013 piso 3 -Bogot\u00e1 D.C. Colombia.\n<strong>C\u00f3digo Postal: 111071\nPBX:<\/strong>&nbsp;<strong>(+57) 601-3779555 Ext. 1001 \u2013 L\u00ednea 195<\/strong>\n<b>Horario de Atenci\u00f3n Presencial:<\/b> Lunes a viernes de 7:00 am&nbsp; a 4:30 pm\n<b>Tel\u00e9fono Conmutador:<\/b>&nbsp;(+57) 601-3779555 Ext. 1001 -1002\n\n<a href=\"https:\/\/www.umv.gov.co\/portal\/agendamiento-citas-presenciales\/\" rel=\"noopener\"><strong>Clic Aqu\u00ed para agendar una cita presencial<\/strong><\/a>[\/vc_column_text][\/vc_column][vc_column width=&#8221;1\/3&#8243;][vc_single_image image=&#8221;23702&#8243; img_size=&#8221;323 x 245&#8243; alignment=&#8221;center&#8221;][\/vc_column][\/vc_row][vc_row pix_particles_check=&#8221;&#8221;][vc_column][vc_gmaps link=&#8221;#E-8_JTNDaWZyYW1lJTIwc3JjJTNEJTIyaHR0cHMlM0ElMkYlMkZ3d3cuZ29vZ2xlLmNvbSUyRm1hcHMlMkZlbWJlZCUzRnBiJTNEJTIxMW0xOCUyMTFtMTIlMjExbTMlMjExZDM5NzYuNjMyNDY5MzE1NjkzJTIxMmQtNzQuMTA3NzY5MDg1NzI1MzElMjEzZDQuNjU5NDUxODk2NjE1MzgyJTIxMm0zJTIxMWYwJTIxMmYwJTIxM2YwJTIxM20yJTIxMWkxMDI0JTIxMmk3NjglMjE0ZjEzLjElMjEzbTMlMjExbTIlMjExczB4OGUzZjliOTk4OTlhNzVmNSUyNTNBMHg0ZDJkNDFkMGIzZTMwZDU5JTIxMnNBdi4lMjUyMEVsJTI1MjBEb3JhZG8lMjUyMCUyNTIzNjktNzYlMjUyQyUyNTIwQm9nb3QlMjVDMyUyNUExJTIxNWUwJTIxM20yJTIxMXNlcyUyMTJzY28lMjE0djE2NTk3MjU3MTYyODAlMjE1bTIlMjExc2VzJTIxMnNjbyUyMiUyMHdpZHRoJTNEJTIyNDAwJTIyJTIwaGVpZ2h0JTNEJTIyNDAwJTIyJTIwc3R5bGUlM0QlMjJib3JkZXIlM0EwJTNCJTIyJTIwYWxsb3dmdWxsc2NyZWVuJTNEJTIyJTIyJTIwbG9hZGluZyUzRCUyMmxhenklMjIlMjByZWZlcnJlcnBvbGljeSUzRCUyMm5vLXJlZmVycmVyLXdoZW4tZG93bmdyYWRlJTIyJTNFJTNDJTJGaWZyYW1lJTNF&#8221;][\/vc_column][\/vc_row][vc_row pix_particles_check=&#8221;&#8221;][vc_column][\/vc_column][\/vc_row]<\/div>","protected":false},"excerpt":{"rendered":"[vc_row pix_particles_check=&#8221;&#8221; css=&#8221;.vc_custom_1725050054070{margin-top: -20px !important;}&#8221;][vc_column][\/vc_column][\/vc_row][vc_row pix_particles_check=&#8221;&#8221; css=&#8221;.vc_custom_1768764400186{margin-top: 20px !important;}&#8221;][vc_column width=&#8221;2\/3&#8243;][vc_column_text css=&#8221;.vc_custom_1768764321717{border-top-width: 1px !important;border-right-width: 1px !important;border-bottom-width: 1px !important;border-left-width: 1px !important;background-color: #F2F2F2 !important;border-left-style: double !important;border-right-style: double !important;border-top-style: double !important;border-bottom-style: double !important;border-color: #000000 !important;}&#8221;]Direcci\u00f3n: &nbsp;Calle 26 No. 69-76, Edificio Elemento, Torre AIRE \u2013&#8230;","protected":false},"author":1,"featured_media":0,"parent":0,"menu_order":0,"comment_status":"closed","ping_status":"closed","template":"","meta":{"_monsterinsights_skip_tracking":false,"_monsterinsights_sitenote_active":false,"_monsterinsights_sitenote_note":"","_monsterinsights_sitenote_category":0,"footnotes":""},"class_list":["post-446","page","type-page","status-publish","hentry"],"_links":{"self":[{"href":"https:\/\/www.umv.gov.co\/portal\/wp-json\/wp\/v2\/pages\/446","targetHints":{"allow":["GET"]}}],"collection":[{"href":"https:\/\/www.umv.gov.co\/portal\/wp-json\/wp\/v2\/pages"}],"about":[{"href":"https:\/\/www.umv.gov.co\/portal\/wp-json\/wp\/v2\/types\/page"}],"author":[{"embeddable":true,"href":"https:\/\/www.umv.gov.co\/portal\/wp-json\/wp\/v2\/users\/1"}],"replies":[{"embeddable":true,"href":"https:\/\/www.umv.gov.co\/portal\/wp-json\/wp\/v2\/comments?post=446"}],"version-history":[{"count":3,"href":"https:\/\/www.umv.gov.co\/portal\/wp-json\/wp\/v2\/pages\/446\/revisions"}],"predecessor-version":[{"id":54266,"href":"https:\/\/www.umv.gov.co\/portal\/wp-json\/wp\/v2\/pages\/446\/revisions\/54266"}],"wp:attachment":[{"href":"https:\/\/www.umv.gov.co\/portal\/wp-json\/wp\/v2\/media?parent=446"}],"curies":[{"name":"wp","href":"https:\/\/api.w.org\/{rel}","templated":true}]}}