{"id":39726,"date":"2024-06-11T15:37:17","date_gmt":"2024-06-11T15:37:17","guid":{"rendered":"https:\/\/www.umv.gov.co\/portal\/?page_id=39726"},"modified":"2025-01-24T00:02:56","modified_gmt":"2025-01-24T00:02:56","slug":"modelo-de-gestion-juridica-anticorrupcion","status":"publish","type":"page","link":"https:\/\/www.umv.gov.co\/portal\/modelo-de-gestion-juridica-anticorrupcion\/","title":{"rendered":"Modelo de Gesti\u00f3n Jur\u00eddica Anticorrupci\u00f3n"},"content":{"rendered":"<div class=\"wpb-content-wrapper\"><p>[vc_row pix_particles_check=&#8221;&#8221;][vc_column]<span class=\"pix-badge-element h6 d-inline-flex mr-1 \"  ><span class=\"badge font-weight-bold secondary-font  bg-secondary  vc_custom_1737676731957  \" style=\" \"><span class=\"text-white\" style=\"\">MODELO DE GESTI\u00d3N JUR\u00cdDICA ANTICORRUPCI\u00d3N<\/span><\/span><\/span>[vc_column_text css=&#8221;&#8221;]<\/p>\n<div class=\"field field-name-title field-type-ds field-label-hidden\">\n<div class=\"field-items\">\n<div class=\"field-item even\">\n<h4 class=\"centertil\" style=\"text-align: center;\"><\/h4>\n<\/div>\n<\/div>\n<\/div>\n<div class=\"field field-name-body field-type-text-with-summary field-label-hidden\">\n<div class=\"field-items\">\n<div class=\"field-item even\">\n<h6>El Decreto Distrital 610 de 2022, adopt\u00f3 el Modelo de Gesti\u00f3n Jur\u00eddica Anticorrupci\u00f3n -MGJA, como un instrumento de gerencia p\u00fablica para la coordinaci\u00f3n integral de las actividades jur\u00eddicas anticorrupci\u00f3n en materia de derecho administrativo, disciplinario y penal en el Distrito Capital, con el objeto fomentar la cultura de la legalidad, prevenir los actos de corrupci\u00f3n, disponer medidas \u00e1giles para su detecci\u00f3n, correcci\u00f3n y no repetici\u00f3n, el cual debe ser implementado por todas las entidades y organismos distritales.<\/h6>\n<\/div>\n<\/div>\n<\/div>\n<p>[\/vc_column_text][vc_tta_accordion title_tag=&#8221;h6&#8243; section_title_tag=&#8221;h6&#8243; style=&#8221;outline&#8221; shape=&#8221;round&#8221; color=&#8221;green&#8221; active_section=&#8221;0&#8243; collapsible_all=&#8221;true&#8221;][vc_tta_section title=&#8221;<b>ORGANO DE CUMPLIMIENTO<\/b>&#8221; tab_id=&#8221;1718119803379-149faccc-ca3e&#8221;][vc_column_text]<\/p>\n<ul>\n<li>\n<h6><a href=\"https:\/\/www.umv.gov.co\/portal\/wp-content\/uploads\/2024\/06\/ORGANO-DE-CUMPLIMIENTO.pdf\" target=\"_blank\" rel=\"noopener\">Conformaci\u00f3n \u00d3rgano de Cumplimiento\u00a0 de la UAERMV<\/a><\/h6>\n<\/li>\n<\/ul>\n<p>[\/vc_column_text][\/vc_tta_section][vc_tta_section title=&#8221;<b>POL\u00cdTICA DE CUMPLIMIENTO NORMATIVO<\/b>&#8221; tab_id=&#8221;1718119803386-223e4392-cb5f&#8221;][vc_column_text]<\/p>\n<ul>\n<li>\n<h6><a href=\"https:\/\/www.umv.gov.co\/portal\/wp-content\/uploads\/2024\/06\/POLITICA-DE-CUMPLIMIENTO-NORMATIVO.pdf\" target=\"_blank\" rel=\"noopener\">Pol\u00edtica de Cumplimiento Normativo UAERMV<\/a><\/h6>\n<\/li>\n<\/ul>\n<p>[\/vc_column_text][\/vc_tta_section][vc_tta_section title=&#8221;<b>DECLARACIONES DE CONOCIMIENTO Y ACEPTACI\u00d3N<\/b>&#8221; tab_id=&#8221;1718120450111-dd8c129c-369a&#8221;][vc_column_text css=&#8221;&#8221;]<\/p>\n<h6>2025 Vigente:<\/h6>\n<ol>\n<li>\n<h6>Orlando Molano P\u00e9rez\u00a0 &#8211; <a href=\"https:\/\/www.umv.gov.co\/portal\/wp-content\/uploads\/2024\/06\/Director-General.-Alvaro-Sandoval-Reyes.pdf\">Director General (E)<\/a><\/h6>\n<\/li>\n<li>\n<h6><a href=\"https:\/\/www.umv.gov.co\/portal\/wp-content\/uploads\/2024\/06\/Dra-Rosita-Barrios-Figueroa.pdf\">Rosita Barrios Figueroa &#8211; Secretaria General<\/a><\/h6>\n<\/li>\n<li>\n<h6><a href=\"https:\/\/www.umv.gov.co\/portal\/wp-content\/uploads\/2024\/06\/Dr.-Rafael-Antonio-Uribe-Echeverri.pdf\">Rafael Antonio Uribe Echeverri &#8211; Jefe de Oficina Jur\u00eddica<\/a><\/h6>\n<\/li>\n<li>\n<h6><a href=\"https:\/\/www.umv.gov.co\/portal\/wp-content\/uploads\/2024\/06\/Dra.-Monica-Hernandez-Peraza.pdf\">M\u00f3nica Hern\u00e1ndez Peraza &#8211; Gerente de Contrataci\u00f3n<\/a><\/h6>\n<\/li>\n<li>\n<h6><a href=\"https:\/\/www.umv.gov.co\/portal\/wp-content\/uploads\/2024\/06\/Ing.-Gloria-Mendez-Ruiz.pdf\">\u00a0Gloria M\u00e9ndez Ruiz &#8211; Jefe de Oficina de Tecnolog\u00edas de la Informaci\u00f3n<\/a><\/h6>\n<\/li>\n<li>\n<h6><a href=\"https:\/\/www.umv.gov.co\/portal\/wp-content\/uploads\/2024\/06\/Ing.-Jose-Fernando-Franco-Buitrago-1.pdf\">Jos\u00e9 Fernando Franco Buitrago &#8211; Jefe de Oficina de Servicio a la Ciudadan\u00eda y Sostenibilidad<\/a><\/h6>\n<\/li>\n<li>\n<h6><a href=\"https:\/\/www.umv.gov.co\/portal\/wp-content\/uploads\/2024\/06\/Ing.-Julio-Cesar-Pinzon-Reyes.pdf\">Julio Cesar Pinz\u00f3n Reyes &#8211; Subdirector de Intervenci\u00f3n de la Infraestructura<\/a><\/h6>\n<\/li>\n<li>\n<h6><a href=\"https:\/\/www.umv.gov.co\/portal\/wp-content\/uploads\/2024\/06\/John-Henry-Cueca-Malagon.pdf\">John Henry Cueca Malag\u00f3n &#8211; Gerente Administrativo y Financiero<\/a><\/h6>\n<\/li>\n<li>\n<h6><a href=\"https:\/\/www.umv.gov.co\/portal\/wp-content\/uploads\/2024\/06\/Diana-Carolina-Torres-Pinzon.pdf\">Diana Carolina Torres Pinz\u00f3n &#8211; Jefe Oficina de Control Disciplinario Interno<\/a><\/h6>\n<\/li>\n<li>\n<h6><a href=\"https:\/\/www.umv.gov.co\/portal\/wp-content\/uploads\/2024\/06\/Andres-Mauricio-de-Avila.pdf\">Andr\u00e9s Mauricio de \u00c1vila &#8211; Gerente de Producci\u00f3n<\/a><\/h6>\n<\/li>\n<li>\n<h6><a href=\"https:\/\/www.umv.gov.co\/portal\/wp-content\/uploads\/2024\/06\/Natalia-Ahumada-Daza.pdf\">Natalia Ahumada Daza &#8211; Gerente de Maquinaria y Equipos<\/a><\/h6>\n<\/li>\n<li>\n<h6><a href=\"https:\/\/www.umv.gov.co\/portal\/wp-content\/uploads\/2024\/06\/Dr-Edgar-Forero-Castro-1.pdf\">Edgar Forero Castro &#8211;\u00a0 Jefe Oficina Asesora de Planeaci\u00f3n<\/a><\/h6>\n<\/li>\n<li>\n<h6><a href=\"https:\/\/www.umv.gov.co\/portal\/wp-content\/uploads\/2024\/06\/Ing.-Carlos-Roberto-Castano.pdf\">Carlos Roberto Casta\u00f1o &#8211; Gerente de Infraestructura Urbana<\/a><\/h6>\n<\/li>\n<li>\n<h6><a href=\"https:\/\/www.umv.gov.co\/portal\/wp-content\/uploads\/2024\/06\/Pablo-Emilio-Munoz-Puentes-1.pdf\">Pablo Emilio Mu\u00f1oz Puentes &#8211; Subdirector de Planificaci\u00f3n y de Conservaci\u00f3n<\/a><\/h6>\n<\/li>\n<li>\n<h6><a href=\"https:\/\/www.umv.gov.co\/portal\/wp-content\/uploads\/2024\/06\/Dr-Orlando-Correa-Nunez.pdf\">Orlando Correa Nu\u00f1ez &#8211; Jefe Oficina de Control Interno<\/a><\/h6>\n<\/li>\n<li>\n<h6><a href=\"https:\/\/www.umv.gov.co\/portal\/wp-content\/uploads\/2024\/06\/Ing-Camilo-Enrique-Marrugo.pdf\">Camilo Enrique Marrugo &#8211; Gerente para el Desarrollo, la Calidad y la Innovaci\u00f3n<\/a><\/h6>\n<\/li>\n<li>\n<h6><a href=\"https:\/\/www.umv.gov.co\/portal\/wp-content\/uploads\/2024\/07\/Ing.-Giacomo-Marcenaro-Jimenez.pdf\" target=\"_blank\" rel=\"noopener\">Giacomo Santiago Marcenaro Jim\u00e9nez &#8211; Subdirector de Producci\u00f3n y Apoyo Log\u00edstico<\/a><\/h6>\n<\/li>\n<\/ol>\n<p>[\/vc_column_text][\/vc_tta_section][\/vc_tta_accordion][\/vc_column][\/vc_row]<\/p>\n<\/div>","protected":false},"excerpt":{"rendered":"[vc_row pix_particles_check=&#8221;&#8221;][vc_column][vc_column_text css=&#8221;&#8221;] El Decreto Distrital 610 de 2022, adopt\u00f3 el Modelo de Gesti\u00f3n Jur\u00eddica Anticorrupci\u00f3n -MGJA, como un instrumento de gerencia p\u00fablica para la coordinaci\u00f3n integral de las actividades jur\u00eddicas anticorrupci\u00f3n en materia de derecho administrativo, disciplinario y penal&#8230;","protected":false},"author":1,"featured_media":0,"parent":0,"menu_order":0,"comment_status":"closed","ping_status":"closed","template":"","meta":{"_monsterinsights_skip_tracking":false,"_monsterinsights_sitenote_active":false,"_monsterinsights_sitenote_note":"","_monsterinsights_sitenote_category":0,"footnotes":""},"class_list":["post-39726","page","type-page","status-publish","hentry"],"_links":{"self":[{"href":"https:\/\/www.umv.gov.co\/portal\/wp-json\/wp\/v2\/pages\/39726","targetHints":{"allow":["GET"]}}],"collection":[{"href":"https:\/\/www.umv.gov.co\/portal\/wp-json\/wp\/v2\/pages"}],"about":[{"href":"https:\/\/www.umv.gov.co\/portal\/wp-json\/wp\/v2\/types\/page"}],"author":[{"embeddable":true,"href":"https:\/\/www.umv.gov.co\/portal\/wp-json\/wp\/v2\/users\/1"}],"replies":[{"embeddable":true,"href":"https:\/\/www.umv.gov.co\/portal\/wp-json\/wp\/v2\/comments?post=39726"}],"version-history":[{"count":0,"href":"https:\/\/www.umv.gov.co\/portal\/wp-json\/wp\/v2\/pages\/39726\/revisions"}],"wp:attachment":[{"href":"https:\/\/www.umv.gov.co\/portal\/wp-json\/wp\/v2\/media?parent=39726"}],"curies":[{"name":"wp","href":"https:\/\/api.w.org\/{rel}","templated":true}]}}