{"id":37036,"date":"2024-01-17T14:16:58","date_gmt":"2024-01-17T14:16:58","guid":{"rendered":"https:\/\/www.umv.gov.co\/portal\/?page_id=37036"},"modified":"2024-08-27T01:01:21","modified_gmt":"2024-08-27T01:01:21","slug":"galeria-de-imagenes-ejercicios-de-participacion-ciudadana-y-rendicion-de-cuentas-vigencia-2023","status":"publish","type":"page","link":"https:\/\/www.umv.gov.co\/portal\/galeria-de-imagenes-ejercicios-de-participacion-ciudadana-y-rendicion-de-cuentas-vigencia-2023\/","title":{"rendered":"Galer\u00eda de Im\u00e1genes Ejercicios de Participaci\u00f3n Ciudadana y Rendici\u00f3n de Cuentas Vigencia 2023"},"content":{"rendered":"<div class=\"wpb-content-wrapper\">[vc_row][vc_column][bs-text title=&#8221;Galer\u00eda de Im\u00e1genes Espacios de Dialogo de Rendici\u00f3n de Cuentas de la Entidad 2023&#8243; show_title=&#8221;1&#8243; icon=&#8221;&#8221; title_link=&#8221;&#8221; heading_color=&#8221;&#8221; heading_style=&#8221;default&#8221; heading_tag=&#8221;h3&#8243; bs-show-desktop=&#8221;1&#8243; bs-show-tablet=&#8221;1&#8243; bs-show-phone=&#8221;1&#8243; bs-text-color-scheme=&#8221;&#8221; css=&#8221;&#8221; custom-css-class=&#8221;&#8221; custom-id=&#8221;&#8221;][vc_gallery interval=&#8221;10&#8243; images=&#8221;37113,37114,37116,37117,37118,37119&#8243; img_size=&#8221;large&#8221;][\/vc_column][\/vc_row][vc_row][vc_column][bs-text title=&#8221;Galer\u00eda de Im\u00e1genes Ejercicios de Participaci\u00f3n Ciudadana y Rendici\u00f3n de Cuentas&#8221; show_title=&#8221;1&#8243; icon=&#8221;&#8221; title_link=&#8221;&#8221; heading_color=&#8221;&#8221; heading_style=&#8221;default&#8221; heading_tag=&#8221;h3&#8243; bs-show-desktop=&#8221;1&#8243; bs-show-tablet=&#8221;1&#8243; bs-show-phone=&#8221;1&#8243; bs-text-color-scheme=&#8221;&#8221; css=&#8221;&#8221; custom-css-class=&#8221;&#8221; custom-id=&#8221;&#8221;][\/vc_column][\/vc_row][vc_row][vc_column][vc_tta_tabs style=&#8221;outline&#8221; color=&#8221;green&#8221; active_section=&#8221;1&#8243;][vc_tta_section title=&#8221;Sumapaz&#8221; tab_id=&#8221;1663971799671-44ba9de9-2d0a&#8221;][vc_gallery interval=&#8221;10&#8243; images=&#8221;37057&#8243; img_size=&#8221;1021 x 423&#8243;][\/vc_tta_section][vc_tta_section title=&#8221;Antonio Nari\u00f1o&#8221; tab_id=&#8221;1672950122716-68aea621-41fc&#8221;][vc_gallery interval=&#8221;10&#8243; images=&#8221;37122,37123&#8243; img_size=&#8221;800 x 600&#8243;][\/vc_tta_section][vc_tta_section title=&#8221;Keneddy&#8221; tab_id=&#8221;1663971508874-6a6963c0-7400&#8243;][vc_gallery interval=&#8221;10&#8243; images=&#8221;37043,37044,37045&#8243; img_size=&#8221;326 x 439&#8243;][\/vc_tta_section][vc_tta_section title=&#8221;Martires&#8221; tab_id=&#8221;1663971771218-df752d52-f563&#8243;][vc_gallery interval=&#8221;10&#8243; images=&#8221;37048,37047&#8243; img_size=&#8221;509 x 449&#8243;][\/vc_tta_section][vc_tta_section title=&#8221;Fontib\u00f3n&#8221; tab_id=&#8221;1672950227913-211e1a22-2a79&#8243;][vc_gallery interval=&#8221;10&#8243; images=&#8221;37062,37063&#8243; img_size=&#8221;718 x 442&#8243;][\/vc_tta_section][vc_tta_section title=&#8221;Puente Aranda&#8221; tab_id=&#8221;1672950310051-c8e92d03-4081&#8243;][vc_gallery interval=&#8221;10&#8243; images=&#8221;37065,37066,37067&#8243;][\/vc_tta_section][vc_tta_section title=&#8221;Engativ\u00e1&#8221; tab_id=&#8221;1672950403908-fa36cdd3-9b4b&#8221;][\/vc_tta_section][vc_tta_section title=&#8221;Puente Aranda&#8221; tab_id=&#8221;1672950660461-0e9bfc6a-2b31&#8243;][vc_gallery interval=&#8221;10&#8243; images=&#8221;37067,37066,37065&#8243; img_size=&#8221;531 x 418&#8243;][\/vc_tta_section][vc_tta_section title=&#8221;Usme&#8221; tab_id=&#8221;1672950873734-dd5db415-f137&#8243;][vc_gallery interval=&#8221;10&#8243; images=&#8221;37069,37070&#8243; img_size=&#8221;620&#215;445&#8243;][\/vc_tta_section][vc_tta_section title=&#8221;Bosa&#8221; tab_id=&#8221;1663971508865-9c65fd70-29e3&#8243;][vc_gallery interval=&#8221;10&#8243; images=&#8221;37037,37038,37039&#8243; img_size=&#8221;660 x 488&#8243;][\/vc_tta_section][vc_tta_section title=&#8221;Usaqu\u00e9n&#8221; tab_id=&#8221;1672950944660-8a86b0a1-98bc&#8221;][vc_gallery interval=&#8221;10&#8243; images=&#8221;37071,37072,37073&#8243;][\/vc_tta_section][vc_tta_section title=&#8221;Teusaquillo&#8221; tab_id=&#8221;1672951072579-36a3dcbe-7870&#8243;][vc_gallery interval=&#8221;10&#8243; images=&#8221;37076,37077&#8243; img_size=&#8221;747x 424&#8243;][\/vc_tta_section][vc_tta_section title=&#8221;Santa fe&#8221; tab_id=&#8221;1672951263504-99d98542-735b&#8221;][vc_gallery interval=&#8221;15&#8243; images=&#8221;37079,37081&#8243; img_size=&#8221;748 x 497&#8243;][\/vc_tta_section][vc_tta_section title=&#8221;San Cristobal&#8221; tab_id=&#8221;1672951408056-94102b80-9658&#8243;][vc_gallery interval=&#8221;10&#8243; images=&#8221;37083,37084&#8243; img_size=&#8221;640 x 443&#8243;][\/vc_tta_section][vc_tta_section title=&#8221;Rafael Uribe Uribe&#8221; tab_id=&#8221;1672951551985-ea93f68a-73ae&#8221;][vc_gallery interval=&#8221;10&#8243; images=&#8221;37086,37087,37088&#8243;][\/vc_tta_section][vc_tta_section title=&#8221;Ciudad Bolivar&#8221; tab_id=&#8221;1672951634546-41aec120-c770&#8243;][vc_gallery interval=&#8221;10&#8243; images=&#8221;37090,37091&#8243; img_size=&#8221;585 x 439&#8243;][\/vc_tta_section][vc_tta_section title=&#8221;Chapinero&#8221; tab_id=&#8221;1672951810536-962c88ed-e0de&#8221;][vc_gallery interval=&#8221;10&#8243; images=&#8221;37094&#8243; img_size=&#8221;625 x 426&#8243;][\/vc_tta_section][vc_tta_section title=&#8221;Barrios Unidos&#8221; tab_id=&#8221;1672951919888-1de72b23-3a44&#8243;][vc_gallery interval=&#8221;10&#8243; images=&#8221;37096,37097,37098&#8243; img_size=&#8221;601 x 428&#8243;][\/vc_tta_section][vc_tta_section title=&#8221;La Candelaria&#8221; tab_id=&#8221;1672952234179-06158aec-a891&#8243;][vc_gallery interval=&#8221;10&#8243; images=&#8221;37099,37100&#8243; img_size=&#8221;655 x 457&#8243;][\/vc_tta_section][vc_tta_section title=&#8221;Tunjuelito&#8221; tab_id=&#8221;1672952264328-1bc990cd-f3a9&#8243;][vc_gallery interval=&#8221;10&#8243; images=&#8221;37102,37103,37104&#8243;][\/vc_tta_section][vc_tta_section title=&#8221;Suba&#8221; tab_id=&#8221;1673040001578-83eae8d3-aa17&#8243;][vc_gallery interval=&#8221;10&#8243; images=&#8221;37105,37106,37107&#8243;][\/vc_tta_section][\/vc_tta_tabs][\/vc_column][\/vc_row]<\/div>","protected":false},"excerpt":{"rendered":"[vc_row][vc_column][bs-text title=&#8221;Galer\u00eda de Im\u00e1genes Espacios de Dialogo de Rendici\u00f3n de Cuentas de la Entidad 2023&#8243; show_title=&#8221;1&#8243; icon=&#8221;&#8221; title_link=&#8221;&#8221; heading_color=&#8221;&#8221; heading_style=&#8221;default&#8221; heading_tag=&#8221;h3&#8243; bs-show-desktop=&#8221;1&#8243; bs-show-tablet=&#8221;1&#8243; bs-show-phone=&#8221;1&#8243; bs-text-color-scheme=&#8221;&#8221; css=&#8221;&#8221; custom-css-class=&#8221;&#8221; custom-id=&#8221;&#8221;][vc_gallery interval=&#8221;10&#8243; images=&#8221;37113,37114,37116,37117,37118,37119&#8243; img_size=&#8221;large&#8221;][\/vc_column][\/vc_row][vc_row][vc_column][bs-text title=&#8221;Galer\u00eda de Im\u00e1genes Ejercicios de Participaci\u00f3n Ciudadana y Rendici\u00f3n&#8230;","protected":false},"author":1,"featured_media":0,"parent":0,"menu_order":0,"comment_status":"closed","ping_status":"closed","template":"","meta":{"_monsterinsights_skip_tracking":false,"_monsterinsights_sitenote_active":false,"_monsterinsights_sitenote_note":"","_monsterinsights_sitenote_category":0,"footnotes":""},"class_list":["post-37036","page","type-page","status-publish","hentry"],"_links":{"self":[{"href":"https:\/\/www.umv.gov.co\/portal\/wp-json\/wp\/v2\/pages\/37036","targetHints":{"allow":["GET"]}}],"collection":[{"href":"https:\/\/www.umv.gov.co\/portal\/wp-json\/wp\/v2\/pages"}],"about":[{"href":"https:\/\/www.umv.gov.co\/portal\/wp-json\/wp\/v2\/types\/page"}],"author":[{"embeddable":true,"href":"https:\/\/www.umv.gov.co\/portal\/wp-json\/wp\/v2\/users\/1"}],"replies":[{"embeddable":true,"href":"https:\/\/www.umv.gov.co\/portal\/wp-json\/wp\/v2\/comments?post=37036"}],"version-history":[{"count":0,"href":"https:\/\/www.umv.gov.co\/portal\/wp-json\/wp\/v2\/pages\/37036\/revisions"}],"wp:attachment":[{"href":"https:\/\/www.umv.gov.co\/portal\/wp-json\/wp\/v2\/media?parent=37036"}],"curies":[{"name":"wp","href":"https:\/\/api.w.org\/{rel}","templated":true}]}}