{"id":36264,"date":"2023-12-15T21:57:59","date_gmt":"2023-12-15T21:57:59","guid":{"rendered":"https:\/\/www.umv.gov.co\/portal\/?page_id=36264"},"modified":"2024-01-20T00:04:35","modified_gmt":"2024-01-20T00:04:35","slug":"acciones-de-mejora-incorporadas","status":"publish","type":"page","link":"https:\/\/www.umv.gov.co\/portal\/acciones-de-mejora-incorporadas\/","title":{"rendered":"Acciones de mejora incorporadas"},"content":{"rendered":"<div class=\"wpb-content-wrapper\">[vc_row][vc_column][bs-text title=&#8221;Acciones de mejora incorporadas&#8221; show_title=&#8221;1&#8243; icon=&#8221;&#8221; title_link=&#8221;&#8221; heading_color=&#8221;&#8221; heading_style=&#8221;default&#8221; heading_tag=&#8221;h3&#8243; bs-show-desktop=&#8221;1&#8243; bs-show-tablet=&#8221;1&#8243; bs-show-phone=&#8221;1&#8243; bs-text-color-scheme=&#8221;&#8221; css=&#8221;&#8221; custom-css-class=&#8221;&#8221; custom-id=&#8221;&#8221;][\/vc_column][\/vc_row][vc_row][vc_column][bs-text title=&#8221;Vigencia 2023&#8243; show_title=&#8221;1&#8243; icon=&#8221;&#8221; title_link=&#8221;&#8221; heading_color=&#8221;&#8221; heading_style=&#8221;default&#8221; heading_tag=&#8221;h3&#8243; bs-show-desktop=&#8221;1&#8243; bs-show-tablet=&#8221;1&#8243; bs-show-phone=&#8221;1&#8243; bs-text-color-scheme=&#8221;&#8221; css=&#8221;&#8221; custom-css-class=&#8221;&#8221; custom-id=&#8221;&#8221;][vc_column_text]\r\n<h6 class=\"bs-shortcode-alert alert alert-success\"><a href=\"https:\/\/www.umv.gov.co\/portal\/wp-content\/uploads\/2024\/01\/2023-12-30-SEGUIMIENTO-DEL-REPORTE-DEL-4TO-TRIMESTRE-PAS-MIPG.xlsx\"><strong>Consultar Plan de Adecuaci\u00f3n y Sostenibilidad MIPG Rendici\u00f3n de Cuentas 2023<\/strong><\/a><\/h6>\r\n<h6 class=\"bs-shortcode-alert alert alert-success\"><a href=\"https:\/\/docs.google.com\/forms\/d\/1LA0yyR0DExGIGeL4G9s8db8FJ8ruxoc-Pk-gTX8ebiw\/edit\" target=\"_blank\" rel=\"noopener\"><strong>Diligenciar la Encuesta Evaluaci\u00f3n de Rendici\u00f3n de Cuentas 2023. Clic aqu\u00ed<\/strong><\/a><\/h6>\r\n<h6 class=\"bs-shortcode-alert alert alert-success\"><a href=\"#\"><strong>An\u00e1lisis de los resultados del espacio de participaci\u00f3n UMV de Puertas Abiertas 2023<\/strong><\/a><\/h6>\r\n<h6 class=\"bs-shortcode-alert alert alert-success\"><strong>\u00a0<a href=\"https:\/\/www.umv.gov.co\/portal\/transparencia2020\/seguimiento-de-rendicion-de-cuentas\/\" target=\"_blank\" rel=\"noopener\">Informes de seguimiento y evaluaci\u00f3n de Rendici\u00f3n de Cuentas 2023<\/a><\/strong><\/h6>\r\n[\/vc_column_text][bs-text title=&#8221;Vigencia 2022&#8243; show_title=&#8221;1&#8243; icon=&#8221;&#8221; title_link=&#8221;&#8221; heading_color=&#8221;&#8221; heading_style=&#8221;default&#8221; heading_tag=&#8221;h3&#8243; bs-show-desktop=&#8221;1&#8243; bs-show-tablet=&#8221;1&#8243; bs-show-phone=&#8221;1&#8243; bs-text-color-scheme=&#8221;&#8221; css=&#8221;&#8221; custom-css-class=&#8221;&#8221; custom-id=&#8221;&#8221;][vc_column_text]\r\n<h6 class=\"bs-shortcode-alert alert alert-success\"><a href=\"https:\/\/www.umv.gov.co\/portal\/wp-content\/uploads\/2024\/01\/2022-12-30-V3-PLAN-DE-ADECUACION-Y-SOSTENIBILIDAD-MIPG.xlsx\"><strong>Consultar Plan de Adecuaci\u00f3n y Sostenibilidad MIPG Rendici\u00f3n de Cuentas 2022<\/strong><\/a><\/h6>\r\n<h6 class=\"bs-shortcode-alert alert alert-success\"><a href=\"https:\/\/www.umv.gov.co\/portal\/encuesta-evaluacion-rendicion-cuentas\/\" target=\"_blank\" rel=\"noopener\"><strong>Diligenciar la Encuesta Evaluaci\u00f3n de Rendici\u00f3n de Cuentas 2022. Clic aqu\u00ed<\/strong><\/a><\/h6>\r\n<h6 class=\"bs-shortcode-alert alert alert-success\"><a href=\"https:\/\/www.umv.gov.co\/portal\/wp-content\/uploads\/2022\/10\/Analisis-de-UMV-Puertas-Abiertas-2022-2.pdf\" target=\"_blank\" rel=\"noopener\"><strong>An\u00e1lisis de los resultados del espacio de participaci\u00f3n UMV de Puertas Abiertas 2022<\/strong><\/a><\/h6>\r\n<h6 class=\"bs-shortcode-alert alert alert-success\"><strong>\u00a0<a href=\"https:\/\/www.umv.gov.co\/portal\/transparencia2020\/seguimiento-de-rendicion-de-cuentas\/\" target=\"_blank\" rel=\"noopener\">Informes de seguimiento y evaluaci\u00f3n de Rendici\u00f3n de Cuentas 2022<\/a><\/strong><\/h6>\r\n[\/vc_column_text][\/vc_column][\/vc_row]<\/div>","protected":false},"excerpt":{"rendered":"[vc_row][vc_column][bs-text title=&#8221;Acciones de mejora incorporadas&#8221; show_title=&#8221;1&#8243; icon=&#8221;&#8221; title_link=&#8221;&#8221; heading_color=&#8221;&#8221; heading_style=&#8221;default&#8221; heading_tag=&#8221;h3&#8243; bs-show-desktop=&#8221;1&#8243; bs-show-tablet=&#8221;1&#8243; bs-show-phone=&#8221;1&#8243; bs-text-color-scheme=&#8221;&#8221; css=&#8221;&#8221; custom-css-class=&#8221;&#8221; custom-id=&#8221;&#8221;][\/vc_column][\/vc_row][vc_row][vc_column][bs-text title=&#8221;Vigencia 2023&#8243; show_title=&#8221;1&#8243; icon=&#8221;&#8221; title_link=&#8221;&#8221; heading_color=&#8221;&#8221; heading_style=&#8221;default&#8221; heading_tag=&#8221;h3&#8243; bs-show-desktop=&#8221;1&#8243; bs-show-tablet=&#8221;1&#8243; bs-show-phone=&#8221;1&#8243; bs-text-color-scheme=&#8221;&#8221; css=&#8221;&#8221; custom-css-class=&#8221;&#8221; custom-id=&#8221;&#8221;][vc_column_text] Consultar Plan de Adecuaci\u00f3n y Sostenibilidad MIPG&#8230;","protected":false},"author":1,"featured_media":0,"parent":0,"menu_order":0,"comment_status":"closed","ping_status":"closed","template":"","meta":{"_monsterinsights_skip_tracking":false,"_monsterinsights_sitenote_active":false,"_monsterinsights_sitenote_note":"","_monsterinsights_sitenote_category":0,"footnotes":""},"class_list":["post-36264","page","type-page","status-publish","hentry"],"_links":{"self":[{"href":"https:\/\/www.umv.gov.co\/portal\/wp-json\/wp\/v2\/pages\/36264","targetHints":{"allow":["GET"]}}],"collection":[{"href":"https:\/\/www.umv.gov.co\/portal\/wp-json\/wp\/v2\/pages"}],"about":[{"href":"https:\/\/www.umv.gov.co\/portal\/wp-json\/wp\/v2\/types\/page"}],"author":[{"embeddable":true,"href":"https:\/\/www.umv.gov.co\/portal\/wp-json\/wp\/v2\/users\/1"}],"replies":[{"embeddable":true,"href":"https:\/\/www.umv.gov.co\/portal\/wp-json\/wp\/v2\/comments?post=36264"}],"version-history":[{"count":0,"href":"https:\/\/www.umv.gov.co\/portal\/wp-json\/wp\/v2\/pages\/36264\/revisions"}],"wp:attachment":[{"href":"https:\/\/www.umv.gov.co\/portal\/wp-json\/wp\/v2\/media?parent=36264"}],"curies":[{"name":"wp","href":"https:\/\/api.w.org\/{rel}","templated":true}]}}