{"id":34579,"date":"2023-08-23T21:11:00","date_gmt":"2023-08-23T21:11:00","guid":{"rendered":"https:\/\/www.umv.gov.co\/portal\/?page_id=34579"},"modified":"2023-08-23T21:11:00","modified_gmt":"2023-08-23T21:11:00","slug":"encuesta-evaluacion-de-espacios-de-participacion-y-consulta-ciudadana-a-las-normas-politicas-o-programas-o-proyectos","status":"publish","type":"page","link":"https:\/\/www.umv.gov.co\/portal\/encuesta-evaluacion-de-espacios-de-participacion-y-consulta-ciudadana-a-las-normas-politicas-o-programas-o-proyectos\/","title":{"rendered":"Encuesta Evaluaci\u00f3n de Espacios de Participaci\u00f3n y a las normas, pol\u00edticas o programas o proyectos"},"content":{"rendered":"<div class=\"wpb-content-wrapper\">[vc_row][vc_column][vc_column_text]\r\n\r\n<center><iframe loading=\"lazy\" src=\"https:\/\/docs.google.com\/forms\/d\/e\/1FAIpQLSfkh94TvGWCPO2cfe8uuTW8XQH9kby64y-knem8rNJq1CjeYA\/viewform?embedded=true\" width=\"760\" height=\"1739\" frameborder=\"0\" marginwidth=\"0\" marginheight=\"0\">Cargando\u2026<\/iframe><\/center>[\/vc_column_text][\/vc_column][\/vc_row]<\/div>","protected":false},"excerpt":{"rendered":"[vc_row][vc_column][vc_column_text] Cargando\u2026[\/vc_column_text][\/vc_column][\/vc_row]","protected":false},"author":1,"featured_media":0,"parent":0,"menu_order":0,"comment_status":"closed","ping_status":"closed","template":"","meta":{"_monsterinsights_skip_tracking":false,"_monsterinsights_sitenote_active":false,"_monsterinsights_sitenote_note":"","_monsterinsights_sitenote_category":0,"footnotes":""},"class_list":["post-34579","page","type-page","status-publish","hentry"],"_links":{"self":[{"href":"https:\/\/www.umv.gov.co\/portal\/wp-json\/wp\/v2\/pages\/34579","targetHints":{"allow":["GET"]}}],"collection":[{"href":"https:\/\/www.umv.gov.co\/portal\/wp-json\/wp\/v2\/pages"}],"about":[{"href":"https:\/\/www.umv.gov.co\/portal\/wp-json\/wp\/v2\/types\/page"}],"author":[{"embeddable":true,"href":"https:\/\/www.umv.gov.co\/portal\/wp-json\/wp\/v2\/users\/1"}],"replies":[{"embeddable":true,"href":"https:\/\/www.umv.gov.co\/portal\/wp-json\/wp\/v2\/comments?post=34579"}],"version-history":[{"count":0,"href":"https:\/\/www.umv.gov.co\/portal\/wp-json\/wp\/v2\/pages\/34579\/revisions"}],"wp:attachment":[{"href":"https:\/\/www.umv.gov.co\/portal\/wp-json\/wp\/v2\/media?parent=34579"}],"curies":[{"name":"wp","href":"https:\/\/api.w.org\/{rel}","templated":true}]}}