{"id":34245,"date":"2023-08-04T15:35:30","date_gmt":"2023-08-04T15:35:30","guid":{"rendered":"https:\/\/www.umv.gov.co\/portal\/?page_id=34245"},"modified":"2024-09-11T19:16:49","modified_gmt":"2024-09-11T19:16:49","slug":"memorias-eventos-de-dialogo-vigencia-2023","status":"publish","type":"page","link":"https:\/\/www.umv.gov.co\/portal\/memorias-eventos-de-dialogo-vigencia-2023\/","title":{"rendered":"Memorias Eventos de Dialogo Vigencia 2023"},"content":{"rendered":"<div class=\"wpb-content-wrapper\"><p>[vc_row pix_particles_check=&#8221;&#8221; css=&#8221;.vc_custom_1726082182038{margin-top: -20px !important;}&#8221;][vc_column]<span class=\"pix-badge-element h6 d-inline-flex mr-1 \"  ><span class=\"badge font-weight-bold secondary-font  bg-secondary  vc_custom_1726082173283  \" style=\" \"><span class=\"text-white\" style=\"\">MEMORIAS EVENTOS DE DIALOGO VIGENCIA 2023<\/span><\/span><\/span>[\/vc_column][\/vc_row][vc_row pix_particles_check=&#8221;&#8221;][vc_column][vc_column_text css=&#8221;&#8221;]<\/p>\n<p class=\"bs-shortcode-alert alert alert-danger\"><a href=\"https:\/\/www.youtube.com\/watch?v=s1P4hCVO9cM\" target=\"_blank\" rel=\"noopener\"><strong>Video Rendici\u00f3n de cuentas del Nodo Sector Movilidad Distrital 2023 (Junio 2022- Julio 2023)<\/strong><\/a><\/p>\n<p class=\"bs-shortcode-alert alert alert-danger\"><a href=\"https:\/\/www.youtube.com\/watch?v=jNdSIBfOnCs\" target=\"_blank\" rel=\"noopener\"><strong>Video Rendici\u00f3n de cuentas\u00a0 de la Entidad 202<\/strong><strong>3 (Enero &#8211; Diciembre 2022)<\/strong><\/a><\/p>\n<p class=\"style-scope ytd-watch-metadata bs-shortcode-alert alert alert-danger\"><strong><a href=\"https:\/\/www.youtube.com\/watch?v=KKf8n8_3Ts0\" target=\"_blank\" rel=\"noopener\">Video Rendici\u00f3n de cuentas del Nodo Sector Movilidad Distrital 2023 (Enero &#8211; Septiembre 2023)<\/a><\/strong><\/p>\n<p class=\"bs-shortcode-alert alert alert-danger\"><a href=\"https:\/\/www.umv.gov.co\/portal\/wp-content\/uploads\/2023\/05\/2023-02-24_informe_consolidado_audiencia_publica-dialogo_ciudadano_nodo_sector_movilidad_2022_realizado_en_2023.pdf\" target=\"_blank\" rel=\"noopener\"><strong>Sistematizaci\u00f3n del Espacio de Di\u00e1logo\u00a0 de Audiencia P\u00fablica de\u00a0 Rendici\u00f3n de Cuentas del Nodo Sector Movilidad Distrital 2023 (Enero &#8211; Diciembre 2022)<\/strong><\/a><\/p>\n<p class=\"bs-shortcode-alert alert alert-danger\"><a href=\"https:\/\/www.umv.gov.co\/portal\/wp-content\/uploads\/2023\/12\/INFORME-CONSOLIDADO-AUDIENCIA-PUBLICA-DIALOGO-CIUDADANO-NODO-SECTOR-MOVILIDAD-2023.pdf\" target=\"_blank\" rel=\"noopener\"><strong>Sistematizaci\u00f3n del Espacio de Di\u00e1logo\u00a0 de Audiencia P\u00fablica de\u00a0 Rendici\u00f3n de Cuentas del Nodo Sector Movilidad Distrital 2023 (Enero &#8211; Septiembre 2023)<\/strong><\/a><\/p>\n<p class=\"bs-shortcode-alert alert alert-danger\"><a href=\"https:\/\/www.umv.gov.co\/portal\/ejercicios-de-participacion-ciudadana-y-rendicion-de-cuentas-vigencia-2023\/\" target=\"_blank\" rel=\"noopener\"><strong>Sistematizaci\u00f3n de las PQRSD\u00a0 en el marco de los Espacios de Dialogo de Rendici\u00f3n de Cuentas 2023<\/strong><\/a><\/p>\n<p class=\"bs-shortcode-alert alert alert-danger\"><a href=\"https:\/\/www.umv.gov.co\/portal\/galeria-de-imagenes-ejercicios-de-participacion-ciudadana-y-rendicion-de-cuentas-vigencia-2023\/\" target=\"_blank\" rel=\"noopener\"><strong>Galer\u00eda de Im\u00e1genes Ejercicios de Participaci\u00f3n Ciudadana y Rendici\u00f3n de Cuentas 2023<\/strong><\/a><\/p>\n<p>[\/vc_column_text][\/vc_column][\/vc_row]<\/p>\n<\/div>","protected":false},"excerpt":{"rendered":"[vc_row pix_particles_check=&#8221;&#8221; css=&#8221;.vc_custom_1726082182038{margin-top: -20px !important;}&#8221;][vc_column][\/vc_column][\/vc_row][vc_row pix_particles_check=&#8221;&#8221;][vc_column][vc_column_text css=&#8221;&#8221;] Video Rendici\u00f3n de cuentas del Nodo Sector Movilidad Distrital 2023 (Junio 2022- Julio 2023) Video Rendici\u00f3n de cuentas\u00a0 de la Entidad 2023 (Enero &#8211; Diciembre 2022) Video Rendici\u00f3n de cuentas del Nodo Sector&#8230;","protected":false},"author":1,"featured_media":0,"parent":0,"menu_order":0,"comment_status":"closed","ping_status":"closed","template":"","meta":{"_monsterinsights_skip_tracking":false,"_monsterinsights_sitenote_active":false,"_monsterinsights_sitenote_note":"","_monsterinsights_sitenote_category":0,"footnotes":""},"class_list":["post-34245","page","type-page","status-publish","hentry"],"_links":{"self":[{"href":"https:\/\/www.umv.gov.co\/portal\/wp-json\/wp\/v2\/pages\/34245","targetHints":{"allow":["GET"]}}],"collection":[{"href":"https:\/\/www.umv.gov.co\/portal\/wp-json\/wp\/v2\/pages"}],"about":[{"href":"https:\/\/www.umv.gov.co\/portal\/wp-json\/wp\/v2\/types\/page"}],"author":[{"embeddable":true,"href":"https:\/\/www.umv.gov.co\/portal\/wp-json\/wp\/v2\/users\/1"}],"replies":[{"embeddable":true,"href":"https:\/\/www.umv.gov.co\/portal\/wp-json\/wp\/v2\/comments?post=34245"}],"version-history":[{"count":0,"href":"https:\/\/www.umv.gov.co\/portal\/wp-json\/wp\/v2\/pages\/34245\/revisions"}],"wp:attachment":[{"href":"https:\/\/www.umv.gov.co\/portal\/wp-json\/wp\/v2\/media?parent=34245"}],"curies":[{"name":"wp","href":"https:\/\/api.w.org\/{rel}","templated":true}]}}