{"id":34243,"date":"2023-08-04T15:30:05","date_gmt":"2023-08-04T15:30:05","guid":{"rendered":"https:\/\/www.umv.gov.co\/portal\/?page_id=34243"},"modified":"2023-08-04T15:30:40","modified_gmt":"2023-08-04T15:30:40","slug":"memorias-eventos-de-dialogo-vigencia-2022","status":"publish","type":"page","link":"https:\/\/www.umv.gov.co\/portal\/memorias-eventos-de-dialogo-vigencia-2022\/","title":{"rendered":"Memorias Eventos de Dialogo Vigencia 2022"},"content":{"rendered":"<div class=\"wpb-content-wrapper\">[vc_row][vc_column]\r\n\r\n[bs-text title=&#8221;Memorias Eventos de Dialogo Vigencia 2022&#8243; show_title=&#8221;1&#8243; icon=&#8221;&#8221; title_link=&#8221;&#8221; heading_color=&#8221;&#8221; heading_style=&#8221;default&#8221; heading_tag=&#8221;h3&#8243; bs-show-desktop=&#8221;1&#8243; bs-show-tablet=&#8221;1&#8243; bs-show-phone=&#8221;1&#8243; bs-text-color-scheme=&#8221;&#8221; css=&#8221;&#8221; custom-css-class=&#8221;&#8221; custom-id=&#8221;&#8221;]\r\n\r\n[\/vc_column][\/vc_row][vc_row][vc_column][vc_column_text]\r\n<h6 class=\"bs-shortcode-alert alert alert-danger\"><a href=\"https:\/\/www.facebook.com\/100064325156127\/videos\/3001812236703244\" target=\"_blank\" rel=\"noopener\"><strong>Video Rendici\u00f3n de cuentas con el sector movilidad 2022<\/strong><\/a><\/h6>\r\n<h6 class=\"bs-shortcode-alert alert alert-danger\"><strong><a href=\"https:\/\/www.umv.gov.co\/portal\/wp-content\/uploads\/2022\/10\/2022-03-14_Informe_consolidado_audiencia_publica-dialogo_ciudadano_sector_movilidad_2021_realizado_en_2022-1.pdf\" target=\"_blank\" rel=\"noopener\">Sistematizaci\u00f3n del Espacio de Di\u00e1logo\u00a0 de Audiencia P\u00fablica de Rendici\u00f3n de Cuentas del Sector Movilidad 2022<\/a><\/strong><\/h6>\r\n<h6 class=\"bs-shortcode-alert alert alert-danger\"><a href=\"https:\/\/www.youtube.com\/watch?v=BrRmwpPw6Fw\" target=\"_blank\" rel=\"noopener\"><strong>Video Rendici\u00f3n de cuentas\u00a0 de la Entidad 2022<\/strong><\/a><\/h6>\r\n<h6 class=\"bs-shortcode-alert alert alert-danger\"><a href=\"https:\/\/www.umv.gov.co\/portal\/wp-content\/uploads\/2023\/01\/2022-12-05_Sistematizacion_Participacion-y-RdC-Entidad-1.xlsx\" target=\"_blank\" rel=\"noopener\"><strong>Sistematizaci\u00f3n de Informaci\u00f3n de los Espacios de Dialogo de Rendici\u00f3n de Cuentas de la Entidad 2022<\/strong><\/a><\/h6>\r\n<h6 class=\"bs-shortcode-alert alert alert-danger\"><a href=\"https:\/\/www.umv.gov.co\/portal\/galeria-participacion-ciudadana\" target=\"_blank\" rel=\"noopener\"><strong>Galer\u00eda de Im\u00e1genes Ejercicios de Participaci\u00f3n Ciudadana y Rendici\u00f3n de Cuentas 2022<\/strong><\/a><\/h6>\r\n<h6 class=\"bs-shortcode-alert alert alert-danger\"><a href=\"https:\/\/www.umv.gov.co\/portal\/sistematizacion-ejercicios-de-participacion-ciudadana-y-rendicion-de-cuentas\/\" target=\"_blank\" rel=\"noopener\"><strong>Sistematizaci\u00f3n de las PQRSD\u00a0 en el marco de los Espacios de Dialogo de Rendici\u00f3n de Cuentas 2022<\/strong><\/a><\/h6>\r\n[\/vc_column_text][\/vc_column][\/vc_row]<\/div>","protected":false},"excerpt":{"rendered":"[vc_row][vc_column] [bs-text title=&#8221;Memorias Eventos de Dialogo Vigencia 2022&#8243; show_title=&#8221;1&#8243; icon=&#8221;&#8221; title_link=&#8221;&#8221; heading_color=&#8221;&#8221; heading_style=&#8221;default&#8221; heading_tag=&#8221;h3&#8243; bs-show-desktop=&#8221;1&#8243; bs-show-tablet=&#8221;1&#8243; bs-show-phone=&#8221;1&#8243; bs-text-color-scheme=&#8221;&#8221; css=&#8221;&#8221; custom-css-class=&#8221;&#8221; custom-id=&#8221;&#8221;] [\/vc_column][\/vc_row][vc_row][vc_column][vc_column_text] Video Rendici\u00f3n de cuentas con el sector movilidad 2022 Sistematizaci\u00f3n del Espacio de Di\u00e1logo\u00a0 de Audiencia P\u00fablica de&#8230;","protected":false},"author":1,"featured_media":0,"parent":0,"menu_order":0,"comment_status":"closed","ping_status":"closed","template":"","meta":{"_monsterinsights_skip_tracking":false,"_monsterinsights_sitenote_active":false,"_monsterinsights_sitenote_note":"","_monsterinsights_sitenote_category":0,"footnotes":""},"class_list":["post-34243","page","type-page","status-publish","hentry"],"_links":{"self":[{"href":"https:\/\/www.umv.gov.co\/portal\/wp-json\/wp\/v2\/pages\/34243","targetHints":{"allow":["GET"]}}],"collection":[{"href":"https:\/\/www.umv.gov.co\/portal\/wp-json\/wp\/v2\/pages"}],"about":[{"href":"https:\/\/www.umv.gov.co\/portal\/wp-json\/wp\/v2\/types\/page"}],"author":[{"embeddable":true,"href":"https:\/\/www.umv.gov.co\/portal\/wp-json\/wp\/v2\/users\/1"}],"replies":[{"embeddable":true,"href":"https:\/\/www.umv.gov.co\/portal\/wp-json\/wp\/v2\/comments?post=34243"}],"version-history":[{"count":0,"href":"https:\/\/www.umv.gov.co\/portal\/wp-json\/wp\/v2\/pages\/34243\/revisions"}],"wp:attachment":[{"href":"https:\/\/www.umv.gov.co\/portal\/wp-json\/wp\/v2\/media?parent=34243"}],"curies":[{"name":"wp","href":"https:\/\/api.w.org\/{rel}","templated":true}]}}