{"id":33842,"date":"2023-07-17T22:06:58","date_gmt":"2023-07-17T22:06:58","guid":{"rendered":"https:\/\/www.umv.gov.co\/portal\/?page_id=33842"},"modified":"2025-12-12T01:21:38","modified_gmt":"2025-12-12T01:21:38","slug":"retroalimentacion-de-la-participacion","status":"publish","type":"page","link":"https:\/\/www.umv.gov.co\/portal\/retroalimentacion-de-la-participacion\/","title":{"rendered":"Retroalimentaci\u00f3n de la Participaci\u00f2n"},"content":{"rendered":"<div class=\"wpb-content-wrapper\"><p>[vc_row pix_particles_check=&#8221;&#8221; css=&#8221;.vc_custom_1725911234072{margin-top: -20px !important;}&#8221;][vc_column]<span class=\"pix-badge-element h6 d-inline-flex mr-1 \"  ><span class=\"badge font-weight-bold secondary-font  bg-secondary  vc_custom_1744310273699  \" style=\" \"><span class=\"text-white\" style=\"\">VIGENCIA 2025<\/span><\/span><\/span>[vc_column_text css=&#8221;&#8221;]<\/p>\n<h6 class=\"bs-shortcode-alert alert alert-danger\"><a href=\"https:\/\/www.umv.gov.co\/portal\/wp-content\/uploads\/2025\/12\/20251108_INFORME-DE-CONVOCATORIA_UMV-PUERTAS-ABIERTAS.pdf\" target=\"_blank\" rel=\"noopener\"><strong>Informe de Convocatoria UMV de Puertas Abiertas noviembre 2025&nbsp;<\/strong><\/a><\/h6>\n<h6 class=\"bs-shortcode-alert alert alert-danger\"><a href=\"https:\/\/www.umv.gov.co\/portal\/wp-content\/uploads\/2025\/12\/20251108_INFORME-SATISFACCION-DE-ESPACIOS_UMV-PUERTAS-ABIERTAS.pdf\" target=\"_blank\" rel=\"noopener\"><strong>Informe de An\u00e1lisis de Satisfacci\u00f3n<\/strong><\/a><\/h6>\n<h6 class=\"bs-shortcode-alert alert alert-danger\"><a href=\"https:\/\/www.umv.gov.co\/portal\/wp-content\/uploads\/2025\/12\/Sistematizacion-UMV-de-Puertas-Abiertas-8-de-Noviembre-2025.xlsx\" target=\"_blank\" rel=\"noopener\"><strong>Sistematizaci\u00f3n UMV de Puertas Abiertas Noviembre 2025<\/strong><\/a><\/h6>\n<p>[\/vc_column_text][vc_column_text css=&#8221;&#8221;]<\/p>\n<h6 class=\"bs-shortcode-alert alert alert-danger\"><strong><a href=\"https:\/\/www.umv.gov.co\/portal\/wp-content\/uploads\/2025\/07\/20251180182293_INFORME-DE-CONVOCATORIA.pdf\">Informe de Convocatoria UMV de Puertas Abiertas Junio 2025&nbsp;<\/a><\/strong><\/h6>\n<h6 class=\"bs-shortcode-alert alert alert-danger\"><strong><a href=\"https:\/\/www.umv.gov.co\/portal\/wp-content\/uploads\/2025\/07\/20251180183623_Informe-de-Analisis-de-Satisfaccion.pdf\">Informe de An\u00e1lisis de Satisfacci\u00f3n<\/a><\/strong><\/h6>\n<h6 class=\"bs-shortcode-alert alert alert-danger\"><strong><a href=\"https:\/\/www.umv.gov.co\/portal\/wp-content\/uploads\/2025\/07\/Sistematizacion-UMV-de-Puertas-Abiertas-Junio-2025.xlsx\">Sistematizaci\u00f3n UMV de Puertas Abiertas Junio 2025<\/a><\/strong><\/h6>\n<p>[\/vc_column_text][\/vc_column][\/vc_row][vc_row pix_particles_check=&#8221;&#8221; css=&#8221;.vc_custom_1725911234072{margin-top: -20px !important;}&#8221;][vc_column]<span class=\"pix-badge-element h6 d-inline-flex mr-1 \"  ><span class=\"badge font-weight-bold secondary-font  bg-secondary  vc_custom_1751416385349  \" style=\" \"><span class=\"text-white\" style=\"\">VIGENCIA 2024<\/span><\/span><\/span>[vc_column_text css=&#8221;&#8221;]<\/p>\n<h6 class=\"bs-shortcode-alert alert alert-danger\"><a href=\"https:\/\/www.umv.gov.co\/portal\/wp-content\/uploads\/2024\/09\/Sistematizacion-UMV-de-Puertas-Abiertas-Julio-2024-1.xlsx\"><strong>Formato de sistematizaci\u00f3n segunda jornada UMV de Puertas Abiertas<\/strong><\/a><\/h6>\n<h6 class=\"bs-shortcode-alert alert alert-danger\"><a href=\"https:\/\/www.umv.gov.co\/portal\/wp-content\/uploads\/2024\/04\/18032024_Formato-de-Sistematizacion-UMV-de-Puertas-Abiertas-Retroalimentacion.xlsx\"><strong>Formato de sistematizaci\u00f3n UMV de Puertas Abiertas<\/strong><\/a><\/h6>\n<h6 class=\"bs-shortcode-alert alert alert-danger\"><a href=\"https:\/\/www.umv.gov.co\/portal\/wp-content\/uploads\/2024\/06\/26042024_Formato-de-sistematizacion-conversatorio-accesibilidad-y-movilidad-reducida-publicar.xlsx\"><strong>Formato para la sistematizaci\u00f3n de los di\u00e1logos ciudadanos y la Audiencia P\u00fablica de Rendici\u00f3n de cuentas<\/strong><\/a><\/h6>\n<h6 class=\"bs-shortcode-alert alert alert-danger\"><a href=\"https:\/\/www.umv.gov.co\/portal\/wp-content\/uploads\/2024\/12\/Sistematizacion-UMV-de-Puertas-Abiertas.xlsx\" target=\"_blank\" rel=\"noopener\"><strong>Formato de sistematizaci\u00f3n UMV Puertas Abiertas\/ Sigma<\/strong><\/a><\/h6>\n<p>[\/vc_column_text]<span class=\"pix-badge-element h6 d-inline-flex mr-1 \"  ><span class=\"badge font-weight-bold secondary-font  bg-secondary  vc_custom_1725911285034  \" style=\" \"><span class=\"text-white\" style=\"\">VIGENCIA 2023<\/span><\/span><\/span>[vc_column_text]<\/p>\n<h6 class=\"bs-shortcode-alert alert alert-danger\"><a href=\"https:\/\/www.umv.gov.co\/portal\/wp-content\/uploads\/2024\/02\/Informe-de-Participacion-Ciudadana-ene-dic-2023.docx\"><strong>Informe de Participaci\u00f3n Ciudadana vigencia 2023<\/strong><\/a><\/h6>\n<h6 class=\"bs-shortcode-alert alert alert-danger\"><a href=\"https:\/\/www.umv.gov.co\/portal\/wp-content\/uploads\/2023\/07\/Informe-Espacio-Taller-Generando-Capacidades.pdf\" target=\"_blank\" rel=\"noopener\"><strong>Taller Generando Capacidades<\/strong><\/a><\/h6>\n<p>[\/vc_column_text][\/vc_column][\/vc_row]<\/p>\n<\/div>","protected":false},"excerpt":{"rendered":"[vc_row pix_particles_check=&#8221;&#8221; css=&#8221;.vc_custom_1725911234072{margin-top: -20px !important;}&#8221;][vc_column][vc_column_text css=&#8221;&#8221;] Informe de Convocatoria UMV de Puertas Abiertas noviembre 2025&nbsp; Informe de An\u00e1lisis de Satisfacci\u00f3n Sistematizaci\u00f3n UMV de Puertas Abiertas Noviembre 2025 [\/vc_column_text][vc_column_text css=&#8221;&#8221;] Informe de Convocatoria UMV de Puertas Abiertas Junio 2025&nbsp; Informe de&#8230;","protected":false},"author":1,"featured_media":0,"parent":0,"menu_order":0,"comment_status":"closed","ping_status":"closed","template":"","meta":{"_monsterinsights_skip_tracking":false,"_monsterinsights_sitenote_active":false,"_monsterinsights_sitenote_note":"","_monsterinsights_sitenote_category":0,"footnotes":""},"class_list":["post-33842","page","type-page","status-publish","hentry"],"_links":{"self":[{"href":"https:\/\/www.umv.gov.co\/portal\/wp-json\/wp\/v2\/pages\/33842","targetHints":{"allow":["GET"]}}],"collection":[{"href":"https:\/\/www.umv.gov.co\/portal\/wp-json\/wp\/v2\/pages"}],"about":[{"href":"https:\/\/www.umv.gov.co\/portal\/wp-json\/wp\/v2\/types\/page"}],"author":[{"embeddable":true,"href":"https:\/\/www.umv.gov.co\/portal\/wp-json\/wp\/v2\/users\/1"}],"replies":[{"embeddable":true,"href":"https:\/\/www.umv.gov.co\/portal\/wp-json\/wp\/v2\/comments?post=33842"}],"version-history":[{"count":0,"href":"https:\/\/www.umv.gov.co\/portal\/wp-json\/wp\/v2\/pages\/33842\/revisions"}],"wp:attachment":[{"href":"https:\/\/www.umv.gov.co\/portal\/wp-json\/wp\/v2\/media?parent=33842"}],"curies":[{"name":"wp","href":"https:\/\/api.w.org\/{rel}","templated":true}]}}