{"id":31274,"date":"2023-03-30T00:57:26","date_gmt":"2023-03-30T00:57:26","guid":{"rendered":"https:\/\/www.umv.gov.co\/portal\/?page_id=31274"},"modified":"2025-01-09T19:12:52","modified_gmt":"2025-01-09T19:12:52","slug":"manual-de-funciones","status":"publish","type":"page","link":"https:\/\/www.umv.gov.co\/portal\/manual-de-funciones\/","title":{"rendered":"Manual de Funciones"},"content":{"rendered":"<div class=\"wpb-content-wrapper\"><p>[vc_row pix_particles_check=&#8221;&#8221;][vc_column]<span class=\"pix-badge-element h6 d-inline-flex mr-1 \"  ><span class=\"badge font-weight-bold secondary-font  bg-secondary  vc_custom_1736449948914  \" style=\" \"><span class=\"text-white\" style=\"\">MANUAL DE FUNCIONES<\/span><\/span><\/span>[vc_column_text]<\/p>\n<table border=\"1\" width=\"937\" cellspacing=\"1\" cellpadding=\"1\" align=\"center\">\n<tbody>\n<tr>\n<td bgcolor=\"#AEBB2D\" width=\"114\" height=\"60\">\n<div style=\"text-align: center;\" align=\"center\"><span style=\"color: #ffffff;\"><strong>Tipo de acto<\/strong><\/span><\/div>\n<\/td>\n<td style=\"text-align: center;\" bgcolor=\"#AEBB2D\" width=\"56\">\n<div align=\"center\"><span style=\"color: #ffffff;\"><strong>N\u00famero<\/strong><\/span><\/div>\n<\/td>\n<td style=\"text-align: center;\" bgcolor=\"#AEBB2D\" width=\"86\">\n<div align=\"center\"><span style=\"color: #ffffff;\"><strong>fecha<\/strong><\/span><\/div>\n<\/td>\n<td style=\"text-align: center;\" bgcolor=\"#AEBB2D\" width=\"500\">\n<div align=\"center\"><span style=\"color: #ffffff;\"><strong>Asunto<\/strong><\/span><\/div>\n<\/td>\n<td style=\"text-align: center;\" bgcolor=\"#AEBB2D\" width=\"96\">\n<div align=\"center\"><span style=\"color: #ffffff;\"><strong>Empleados P\u00fablicos<\/strong><\/span><\/div>\n<\/td>\n<td bgcolor=\"#AEBB2D\" width=\"85\">\n<div style=\"text-align: center;\" align=\"center\"><span style=\"color: #ffffff;\"><strong>Trabajadores Oficiales<\/strong><\/span><\/div>\n<\/td>\n<\/tr>\n<tr>\n<td height=\"80\">\n<div align=\"center\"><a href=\"https:\/\/www.umv.gov.co\/portal\/wp-content\/uploads\/2023\/05\/Resolucion_333_20231000123083_MEFCL.pdf\" target=\"_blank\" rel=\"noopener noreferrer\" data-auth=\"NotApplicable\" data-safelink=\"true\" data-linkindex=\"7\"><strong>Resoluci\u00f3n<\/strong><\/a><\/div>\n<\/td>\n<td>\n<div align=\"center\">333<\/div>\n<\/td>\n<td>11-may-23<\/td>\n<td>Por la cual se modifica el Manual Espec\u00edfico de Funciones y de Competencias Laborales para los empleos de la planta de personal de la Unidad Administrativa Especial de Rehabilitaci\u00f3n y Mantenimiento Vial.<\/td>\n<td>\n<div align=\"center\">X<\/div>\n<\/td>\n<td><\/td>\n<\/tr>\n<tr>\n<td height=\"80\">\n<div align=\"center\"><a href=\"https:\/\/www.umv.gov.co\/portal\/wp-content\/uploads\/2023\/05\/Acuerdo-2-Estructura-Firmado.pdf\" target=\"_blank\" rel=\"noopener\"><strong>Acuerdo<\/strong><\/a><\/div>\n<\/td>\n<td>\n<div align=\"center\">002<\/div>\n<\/td>\n<td>02-may-23<\/td>\n<td>Por el cual se establece la estructura organizacional de la Unidad Administrativa Especial de Rehabilitaci\u00f3n y Mantenimiento Vial y las funciones de sus dependencias<\/td>\n<td>\n<div align=\"center\">X<\/div>\n<\/td>\n<td><\/td>\n<\/tr>\n<tr>\n<td width=\"114\" height=\"60\">\n<div align=\"center\"><strong><a href=\"https:\/\/www.umv.gov.co\/portal\/wp-content\/uploads\/2023\/02\/Resolucion-108-del-22.02.2023-adicion-al-MFCL-1.pdf\" target=\"_blank\" rel=\"noopener noreferrer\" data-auth=\"NotApplicable\" data-safelink=\"true\" data-linkindex=\"6\">Resoluci\u00f3n<\/a><\/strong><\/div>\n<\/td>\n<td>\n<div align=\"center\">108<\/div>\n<\/td>\n<td>22-feb-23<\/td>\n<td width=\"500\">Por la cual se adiciona el Manual Especifico de Funciones y de Competencias Laborales de la Unidad Administrativa Especial de Rehabilitaci\u00f3n y Mantenimiento Vial (UAERMV)<\/td>\n<td>\n<div align=\"center\">X<\/div>\n<\/td>\n<td><\/td>\n<\/tr>\n<tr>\n<td width=\"114\" height=\"60\">\n<div align=\"center\"><strong><a href=\"https:\/\/www.umv.gov.co\/portal\/wp-content\/uploads\/2021\/09\/Resolucion-349-2021-1.pdf\" target=\"_blank\" rel=\"noopener noreferrer\" data-auth=\"NotApplicable\" data-safelink=\"true\" data-linkindex=\"5\">Resoluci\u00f3n<\/a><\/strong><\/div>\n<\/td>\n<td>\n<div align=\"center\">349<\/div>\n<\/td>\n<td>13-sep-21<\/td>\n<td width=\"500\">\u2019Por la cual se modifica el Manual Espec\u00edfico de Funciones y de Competencias Laborales para los empleos de la planta de personal de la Unidad Administrativa Especial de Rehabilitaci\u00f3n y Mantenimiento Vial (UAERMV)<\/td>\n<td>\n<div align=\"center\">X<\/div>\n<\/td>\n<td><\/td>\n<\/tr>\n<tr>\n<td width=\"114\" height=\"60\">\n<div align=\"center\"><strong><a href=\"https:\/\/www.umv.gov.co\/portal\/wp-content\/uploads\/2020\/08\/Resoluci%C3%B3n-267-de-2020.pdf\" target=\"_blank\" rel=\"noopener noreferrer\" data-auth=\"NotApplicable\" data-safelink=\"true\" data-linkindex=\"4\">Resoluci\u00f3n<\/a><\/strong><\/div>\n<\/td>\n<td>\n<div align=\"center\">267<\/div>\n<\/td>\n<td>18-ago-20<\/td>\n<td width=\"500\">Por la cual se modifica el Manual Espec\u00edfico de Funciones y de Competencias Laborales de los empleos de la planta de personal de la Unidad Administrativa Especial de Rehabilitaci\u00f3n y Mantenimiento Vial (UAERMV).<\/td>\n<td>\n<div align=\"center\">X<\/div>\n<\/td>\n<td><\/td>\n<\/tr>\n<tr>\n<td width=\"114\" height=\"80\">\n<div align=\"center\"><a href=\"https:\/\/www.umv.gov.co\/portal\/wp-content\/uploads\/2020\/02\/Resoluci%C3%B3n-N%C2%BA060-de-27-de-febrero-2020.pdf\" target=\"_blank\" rel=\"noopener noreferrer\" data-auth=\"NotApplicable\" data-safelink=\"true\" data-linkindex=\"7\"><strong>Resoluci\u00f3n<\/strong><\/a><\/div>\n<\/td>\n<td>\n<div align=\"center\">60<\/div>\n<\/td>\n<td>27-feb-20<\/td>\n<td width=\"500\">Por la cual de adopta Gu\u00eda de Perfiles, Habilidades Laborales y Requisitos M\u00ednimos de la Planta de Trabajadores Oficiales de la Unidad Administrativa Especial de Rehabilitaci\u00f3n y Mantenimiento Vial y se derogan unas resoluciones<\/td>\n<td>\n<div align=\"center\"><\/div>\n<\/td>\n<td>\n<div align=\"center\">X<\/div>\n<\/td>\n<\/tr>\n<tr>\n<td width=\"114\" height=\"40\">\n<div align=\"center\"><strong><a href=\"https:\/\/www.umv.gov.co\/portal\/wp-content\/uploads\/2020\/01\/Resoluci%C3%B3n-001-del-03.01.2020-MFCL.pdf\" target=\"_blank\" rel=\"noopener noreferrer\" data-auth=\"NotApplicable\" data-safelink=\"true\" data-linkindex=\"3\">Resoluci\u00f3n<\/a><\/strong><\/div>\n<\/td>\n<td>\n<div align=\"center\">1<\/div>\n<\/td>\n<td>3-ene-20<\/td>\n<td width=\"500\">Por la cual se aclara la Resoluci\u00f3n N\u00b0 599 del 27 de diciembre de 2019 expedida por la Unidad Administrativa Especial de Rehabilitaci\u00f3n y Mantenimiento Vial.<\/td>\n<td>\n<div align=\"center\">X<\/div>\n<\/td>\n<td><\/td>\n<\/tr>\n<tr>\n<td height=\"60\">\n<div align=\"center\"><strong><a href=\"https:\/\/www.umv.gov.co\/boletin\/Resolucion%20599%202019.pdf\" target=\"_blank\" rel=\"noopener noreferrer\" data-auth=\"NotApplicable\" data-loopstyle=\"link\" data-safelink=\"true\" data-linkindex=\"2\">Resoluci\u00f3n<\/a><\/strong><\/div>\n<\/td>\n<td>\n<div align=\"center\">599<\/div>\n<\/td>\n<td>27-dic-19<\/td>\n<td>Por la cual se modifica el Manual Especifico de Funciones y de Competencias Laborales para los empleos de la planta de personal de la Unidad Administrativa Especial de Rehabilitaci\u00f3n y Mantenimiento Vial (UAERMV)<\/td>\n<td>\n<div align=\"center\">X<\/div>\n<\/td>\n<td><\/td>\n<\/tr>\n<\/tbody>\n<\/table>\n<p>[\/vc_column_text][\/vc_column][\/vc_row]<\/p>\n<\/div>","protected":false},"excerpt":{"rendered":"[vc_row pix_particles_check=&#8221;&#8221;][vc_column][vc_column_text] Tipo de acto N\u00famero fecha Asunto Empleados P\u00fablicos Trabajadores Oficiales Resoluci\u00f3n 333 11-may-23 Por la cual se modifica el Manual Espec\u00edfico de Funciones y de Competencias Laborales para los empleos de la planta de personal de la Unidad&#8230;","protected":false},"author":1,"featured_media":0,"parent":0,"menu_order":0,"comment_status":"closed","ping_status":"closed","template":"","meta":{"_monsterinsights_skip_tracking":false,"_monsterinsights_sitenote_active":false,"_monsterinsights_sitenote_note":"","_monsterinsights_sitenote_category":0,"footnotes":""},"class_list":["post-31274","page","type-page","status-publish","hentry"],"_links":{"self":[{"href":"https:\/\/www.umv.gov.co\/portal\/wp-json\/wp\/v2\/pages\/31274","targetHints":{"allow":["GET"]}}],"collection":[{"href":"https:\/\/www.umv.gov.co\/portal\/wp-json\/wp\/v2\/pages"}],"about":[{"href":"https:\/\/www.umv.gov.co\/portal\/wp-json\/wp\/v2\/types\/page"}],"author":[{"embeddable":true,"href":"https:\/\/www.umv.gov.co\/portal\/wp-json\/wp\/v2\/users\/1"}],"replies":[{"embeddable":true,"href":"https:\/\/www.umv.gov.co\/portal\/wp-json\/wp\/v2\/comments?post=31274"}],"version-history":[{"count":0,"href":"https:\/\/www.umv.gov.co\/portal\/wp-json\/wp\/v2\/pages\/31274\/revisions"}],"wp:attachment":[{"href":"https:\/\/www.umv.gov.co\/portal\/wp-json\/wp\/v2\/media?parent=31274"}],"curies":[{"name":"wp","href":"https:\/\/api.w.org\/{rel}","templated":true}]}}