{"id":29742,"date":"2023-01-20T18:50:33","date_gmt":"2023-01-20T18:50:33","guid":{"rendered":"https:\/\/www.umv.gov.co\/portal\/?page_id=29742"},"modified":"2024-09-06T18:55:24","modified_gmt":"2024-09-06T18:55:24","slug":"control-4-8-1-informes-evaluacion-y-auditoria-2023","status":"publish","type":"page","link":"https:\/\/www.umv.gov.co\/portal\/control-4-8-1-informes-evaluacion-y-auditoria-2023\/","title":{"rendered":"Informes evaluaci\u00f3n y auditor\u00eda 2023"},"content":{"rendered":"<div class=\"wpb-content-wrapper\"><p>[vc_row pix_particles_check=&#8221;&#8221; css=&#8221;.vc_custom_1725648921178{margin-top: -20px !important;}&#8221;][vc_column]<span class=\"pix-badge-element h6 d-inline-flex mr-1 \"  ><span class=\"badge font-weight-bold secondary-font  bg-secondary  vc_custom_1725648912187  \" style=\" \"><span class=\"text-white\" style=\"\">4.8.1 INFORMES DE EVALUACI\u00d3N Y AUDITOR\u00cdA:<\/span><\/span><\/span>[vc_tta_accordion section_title_tag=&#8221;h6&#8243; style=&#8221;modern&#8221; color=&#8221;white&#8221; c_icon=&#8221;&#8221; active_section=&#8221;&#8221; collapsible_all=&#8221;true&#8221;][vc_tta_section i_icon_fontawesome=&#8221;far fa-file-alt&#8221; add_icon=&#8221;true&#8221; title=&#8221;4.8.1.1. Plan anual de Auditor\u00edas&#8221; tab_id=&#8221;1549495924496-320e321a-10d9&#8243;][vc_column_text]<\/p>\n<table width=\"1000\" align=\"center\">\n<tbody>\n<tr>\n<td width=\"79\">\n<div class=\"bs-shortcode-alert alert alert-warning\" style=\"text-align: center;\"><b>C\u00d3DIGO<\/b><\/div>\n<\/td>\n<td style=\"text-align: center;\" width=\"345\">\n<div class=\"bs-shortcode-alert alert alert-warning\"><strong>NOMBRE DEL INFORME<\/strong><\/div>\n<\/td>\n<td width=\"74\">\n<div class=\"bs-shortcode-alert alert alert-warning\" style=\"text-align: center;\"><strong>FORMATO<\/strong><\/div>\n<\/td>\n<\/tr>\n<tr>\n<td>\n<div class=\"bs-shortcode-alert alert alert-info\">4.8.1.1a<\/div>\n<\/td>\n<td>\n<div class=\"bs-shortcode-alert alert alert-info\">\n<p><a href=\"https:\/\/www.umv.gov.co\/portal\/wp-content\/uploads\/2023\/02\/4.8.1.1A-plan-anual-de-auditorias-2023-v1.pdf\" target=\"_blank\" rel=\"noopener\">Plan anual de auditor\u00edas 2023<\/a><\/div>\n<\/td>\n<td>\n<div class=\"bs-shortcode-alert alert alert-info\">Pdf<\/div>\n<\/td>\n<\/tr>\n<\/tbody>\n<\/table>\n<p>[\/vc_column_text][\/vc_tta_section][vc_tta_section i_icon_fontawesome=&#8221;far fa-file-alt&#8221; add_icon=&#8221;true&#8221; title=&#8221;4.8.1.2. Informes finales de auditor\u00eda&#8221; tab_id=&#8221;1549495924539-1d9fcb52-efe0&#8243;][vc_column_text]&nbsp;<\/p>\n<p>&nbsp;<\/p>\n<table width=\"1000\" align=\"center\">\n<tbody>\n<tr>\n<td width=\"79\">\n<div class=\"bs-shortcode-alert alert alert-warning\" style=\"text-align: center;\"><b>C\u00d3DIGO<\/b><\/div>\n<\/td>\n<td style=\"text-align: center;\" width=\"345\">\n<div class=\"bs-shortcode-alert alert alert-warning\"><strong>NOMBRE DEL INFORME<\/strong><\/div>\n<\/td>\n<td width=\"74\">\n<div class=\"bs-shortcode-alert alert alert-warning\" style=\"text-align: center;\"><strong>FORMATO<\/strong><\/div>\n<\/td>\n<\/tr>\n<tr>\n<td>\n<div class=\"bs-shortcode-alert alert alert-info\">4.8.1.2a<\/div>\n<\/td>\n<td>\n<div class=\"bs-shortcode-alert alert alert-info\">\n<p><a href=\"https:\/\/www.umv.gov.co\/portal\/wp-content\/uploads\/2023\/01\/4.8.1.2a-Informe-de-Auditoria-Interna-al-sistema-de-seguridad-y-salud-en-el-trabajo-UAERMV..pdf\" target=\"_blank\" rel=\"noopener\">Informe de Auditor\u00eda Interna al sistema de seguridad y salud en el trabajo UAERMV<\/a><\/div>\n<\/td>\n<td>\n<div class=\"bs-shortcode-alert alert alert-info\">Pdf<\/div>\n<\/td>\n<\/tr>\n<tr>\n<td>\n<div class=\"bs-shortcode-alert alert alert-info\">4.8.1.2b<\/div>\n<\/td>\n<td>\n<div class=\"bs-shortcode-alert alert alert-info\">\n<p><a href=\"https:\/\/www.umv.gov.co\/portal\/wp-content\/uploads\/2023\/03\/4.8.1.2b-Presentacion-Informe-final-de-auditoria-proceso-GSIT-2022.pdf\" target=\"_blank\" rel=\"noopener\">Presentaci\u00f3n Informe final de auditor\u00eda proceso GSIT 2022<\/a><\/div>\n<\/td>\n<td>\n<div class=\"bs-shortcode-alert alert alert-info\">Pdf<\/div>\n<\/td>\n<\/tr>\n<tr>\n<td>\n<div class=\"bs-shortcode-alert alert alert-info\">4.8.1.2c<\/div>\n<\/td>\n<td>\n<div class=\"bs-shortcode-alert alert alert-info\">\n<p><a href=\"https:\/\/www.umv.gov.co\/portal\/wp-content\/uploads\/2023\/04\/4.8.1.2C-Presentacion-de-Cierre-Auditoria-Gestion-de-recursos-Fisicos-y-Gestion-de-Talento-Humano-norma-tecnica-NTC-6047-y-plan-de-emergencia.pdf\" target=\"_blank\" rel=\"noopener\">Presentaci\u00f3n de Cierre Auditoria Gesti\u00f3n de recursos F\u00edsicos y Gesti\u00f3n de Talento Humano (norma t\u00e9cnica NTC 6047 y plan de emergencias)<\/a><\/div>\n<\/td>\n<td>\n<div class=\"bs-shortcode-alert alert alert-info\">Pdf<\/div>\n<\/td>\n<\/tr>\n<tr>\n<td>\n<div class=\"bs-shortcode-alert alert alert-info\">4.8.1.2d<\/div>\n<\/td>\n<td>\n<div class=\"bs-shortcode-alert alert alert-info\">\n<div class=\"x_elementToProof\" dir=\"ltr\"><a href=\"https:\/\/www.umv.gov.co\/portal\/wp-content\/uploads\/2023\/05\/4.8.1.2-d-Presentacion-Auditoria-al-proceso-de-Gestion-Contractual-GCON-2023-1.pdf\" target=\"_blank\" rel=\"noopener\"><span class=\"x_ContentPasted0\">Presentaci\u00f3n Informe de auditor\u00eda proceso de Gesti\u00f3n Contractual GCON\u00a0 2023<\/span><\/a><\/div>\n<\/div>\n<\/td>\n<td>\n<div class=\"bs-shortcode-alert alert alert-info\">Pdf<\/div>\n<\/td>\n<\/tr>\n<tr>\n<td>\n<div class=\"bs-shortcode-alert alert alert-info\">4.8.1.2e<\/div>\n<\/td>\n<td>\n<div class=\"bs-shortcode-alert alert alert-info\">\n<div class=\"x_elementToProof\" dir=\"ltr\"><a href=\"https:\/\/www.umv.gov.co\/portal\/wp-content\/uploads\/2023\/05\/4.8.1.2e-Presentacion-cierre-Auditoria-procesoAtencion-a-partes-interesadas-y-comunicaciones-APIC-2023.pdf\" target=\"_blank\" rel=\"noopener\">Presentaci\u00f3n cierre Auditor\u00eda proceso Atenci\u00f3n a partes interesadas y comunicaciones APIC 2023<\/a><\/div>\n<\/div>\n<\/td>\n<td>\n<div class=\"bs-shortcode-alert alert alert-info\">Pdf<\/div>\n<\/td>\n<\/tr>\n<tr>\n<td>\n<div class=\"bs-shortcode-alert alert alert-info\">4.8.1.2f<\/div>\n<\/td>\n<td>\n<div class=\"bs-shortcode-alert alert alert-info\">\n<div class=\"x_elementToProof\" dir=\"ltr\"><a href=\"https:\/\/www.umv.gov.co\/portal\/wp-content\/uploads\/2023\/06\/4.8.1.2f-Presentacion-cierre-de-auditoria-NTC-5854-Accesibilidad-Web.pdf\" target=\"_blank\" rel=\"noopener\">Presentaci\u00f3n cierre de auditor\u00eda NTC 5854 -Accesibilidad Web<\/a><\/div>\n<\/div>\n<\/td>\n<td>\n<div class=\"bs-shortcode-alert alert alert-info\">Pdf<\/div>\n<\/td>\n<\/tr>\n<tr>\n<td>\n<div class=\"bs-shortcode-alert alert alert-info\">4.8.1.2g<\/div>\n<\/td>\n<td>\n<div class=\"bs-shortcode-alert alert alert-info\">\n<div class=\"x_elementToProof\" dir=\"ltr\"><a href=\"https:\/\/www.umv.gov.co\/portal\/wp-content\/uploads\/2023\/07\/4.8.1.2g-Presentacion-cierre-de-auditoria-Proyecto-inversion-7858.pdf\" target=\"_blank\" rel=\"noopener\">Presentaci\u00f3n cierre de auditor\u00eda Proyecto inversi\u00f3n 7858<\/a><\/div>\n<\/div>\n<\/td>\n<td>\n<div class=\"bs-shortcode-alert alert alert-info\">Pdf<\/div>\n<\/td>\n<\/tr>\n<tr>\n<td>\n<div class=\"bs-shortcode-alert alert alert-info\">4.8.1.2h<\/div>\n<\/td>\n<td>\n<div class=\"bs-shortcode-alert alert alert-info\">\n<div class=\"x_elementToProof\" dir=\"ltr\"><a href=\"https:\/\/www.umv.gov.co\/portal\/wp-content\/uploads\/2023\/07\/4.8.1.2h-Informe-ejecutivo-de-Auditoria-Interna-Proceso-Gestion-Ambiental-GAM-2023-2.pdf\" target=\"_blank\" rel=\"noopener\">Informe ejecutivo de Auditor\u00eda Interna Proceso Gesti\u00f3n Ambiental -GAM 2023<\/a><\/div>\n<\/div>\n<\/td>\n<td>\n<div class=\"bs-shortcode-alert alert alert-info\">Pdf<\/div>\n<\/td>\n<\/tr>\n<tr>\n<td>\n<div class=\"bs-shortcode-alert alert alert-info\">4.8.1.2i<\/div>\n<\/td>\n<td>\n<div class=\"bs-shortcode-alert alert alert-info\">\n<div class=\"x_elementToProof\" dir=\"ltr\"><a href=\"https:\/\/www.umv.gov.co\/portal\/wp-content\/uploads\/2023\/08\/4.8.1.2i-Informe-ejecutivo-de-Auditoria-Interna-Proceso-Direccionamiento-Estrategico-e-Innovacion-DESI-2023.pdf\" target=\"_blank\" rel=\"noopener\">Informe \u00a0ejecutivo de Auditor\u00eda Interna Proceso Direccionamiento Estrat\u00e9gico e Innovaci\u00f3n DESI \u00a02023<\/a><\/div>\n<\/div>\n<\/td>\n<td>\n<div class=\"bs-shortcode-alert alert alert-info\">Pdf<\/div>\n<\/td>\n<\/tr>\n<tr>\n<td>\n<div class=\"bs-shortcode-alert alert alert-info\">4.8.1.2j<\/div>\n<\/td>\n<td>\n<div class=\"bs-shortcode-alert alert alert-info\">\n<div class=\"x_elementToProof\" dir=\"ltr\"><a href=\"https:\/\/www.umv.gov.co\/portal\/wp-content\/uploads\/2023\/08\/4.8.1.2-j-Informe-ejecutivo-auditoria-Proceso-Estrategia-y-Gobierno-de-TI-EGTI-2023.pdf\" target=\"_blank\" rel=\"noopener\">Informe ejecutivo auditoria Proceso Estrategia y Gobierno de TI -EGTI 2023<\/a><\/div>\n<\/div>\n<\/td>\n<td>\n<div class=\"bs-shortcode-alert alert alert-info\">Pdf<\/div>\n<\/td>\n<\/tr>\n<tr>\n<td>\n<div class=\"bs-shortcode-alert alert alert-info\">4.8.1.2k<\/div>\n<\/td>\n<td>\n<div class=\"bs-shortcode-alert alert alert-info\">\n<div class=\"x_elementToProof\" dir=\"ltr\"><a href=\"https:\/\/www.umv.gov.co\/portal\/wp-content\/uploads\/2023\/10\/CEM-FM-028-V2_Formato_presentacion_de_cierre_auditoria-7859-1.pdf\" target=\"_blank\" rel=\"noopener\">Presentaci\u00f3n cierre de auditor\u00eda Proyecto inversi\u00f3n 7859<\/a><\/div>\n<\/div>\n<\/td>\n<td>\n<div class=\"bs-shortcode-alert alert alert-info\">Pdf<\/div>\n<\/td>\n<\/tr>\n<tr>\n<td>\n<div class=\"bs-shortcode-alert alert alert-info\">4.8.1.2l<\/div>\n<\/td>\n<td>\n<div class=\"bs-shortcode-alert alert alert-info\">\n<div class=\"x_elementToProof\" dir=\"ltr\"><a href=\"https:\/\/www.umv.gov.co\/portal\/wp-content\/uploads\/2023\/10\/4.8.1.2-L-Informe-ejecutivo-de-Auditoria-Interna-Proceso-de-planificacion-de-la-Intervencion-Vial-PIV-2023.pdf\" target=\"_blank\" rel=\"noopener\">Informe ejecutivo de Auditor\u00eda al Proceso de planificaci\u00f3n\u00a0 a la Intervenci\u00f3n Vial &#8211; PIV 2023<\/a><\/div>\n<\/div>\n<\/td>\n<td>\n<div class=\"bs-shortcode-alert alert alert-info\">Pdf<\/div>\n<\/td>\n<\/tr>\n<tr>\n<td>\n<div class=\"bs-shortcode-alert alert alert-info\">4.8.1.2m<\/div>\n<\/td>\n<td>\n<div class=\"bs-shortcode-alert alert alert-info\">\n<div class=\"x_elementToProof\" dir=\"ltr\">\n<p class=\"x_elementToProof\"><a href=\"https:\/\/www.umv.gov.co\/portal\/wp-content\/uploads\/2023\/12\/4.8.1.2m-Informe-ejecutivo-auditoria-Gestion-documental-2023.pdf\" target=\"_blank\" rel=\"noopener\">Informe ejecutivo auditor\u00eda Gesti\u00f3n documental 2023<\/a><\/p>\n<\/div>\n<\/div>\n<\/td>\n<td>\n<div class=\"bs-shortcode-alert alert alert-info\">Pdf<\/div>\n<\/td>\n<\/tr>\n<tr>\n<td>\n<div class=\"bs-shortcode-alert alert alert-info\">4.8.1.2n<\/div>\n<\/td>\n<td>\n<div class=\"bs-shortcode-alert alert alert-info\">\n<div class=\"x_elementToProof\" dir=\"ltr\">\n<p class=\"x_elementToProof\"><a href=\"https:\/\/www.umv.gov.co\/portal\/wp-content\/uploads\/2023\/12\/4.8.1.2n-Infome-ejecutivo-Auditoria-proceso-de-recursos-fisicos-GREF-2023.pdf\" target=\"_blank\" rel=\"noopener\">Informe ejecutivo Auditor\u00eda proceso de recursos f\u00edsicos \u00a0GREF 2023<\/a><\/p>\n<\/div>\n<\/div>\n<\/td>\n<td>\n<div class=\"bs-shortcode-alert alert alert-info\">Pdf<\/div>\n<\/td>\n<\/tr>\n<tr>\n<td>\n<div class=\"bs-shortcode-alert alert alert-info\">4.8.1.2o<\/div>\n<\/td>\n<td>\n<div class=\"bs-shortcode-alert alert alert-info\">\n<div class=\"x_elementToProof\" dir=\"ltr\">\n<p class=\"x_elementToProof\"><a href=\"https:\/\/www.umv.gov.co\/portal\/wp-content\/uploads\/2023\/12\/4.8.1.2O-Informe-ejecutivo-auditoria-proceso-de-Logistica-y-Manejo-de-Maquinaria-y-Equipos-LMME-2023.pdf\" target=\"_blank\" rel=\"noopener\">Informe ejecutivo auditor\u00eda proceso de Log\u00edstica y Manejo de Maquinaria y Equipos- LMME 2023<\/a><\/p>\n<\/div>\n<\/div>\n<\/td>\n<td>\n<div class=\"bs-shortcode-alert alert alert-info\">Pdf<\/div>\n<\/td>\n<\/tr>\n<\/tbody>\n<\/table>\n<p>[\/vc_column_text][\/vc_tta_section][vc_tta_section i_icon_fontawesome=&#8221;far fa-file-alt&#8221; add_icon=&#8221;true&#8221; title=&#8221;4.8.1.3. Informe semestral de evaluaci\u00f3n del Sistema de Control Interno&#8221; tab_id=&#8221;1551475014488-6087b092-7ceb&#8221;][vc_column_text]<\/p>\n<table width=\"1000\" align=\"center\">\n<tbody>\n<tr>\n<td width=\"79\">\n<div class=\"bs-shortcode-alert alert alert-warning\" style=\"text-align: center;\"><b>C\u00d3DIGO<\/b><\/div>\n<\/td>\n<td style=\"text-align: center;\" width=\"345\">\n<div class=\"bs-shortcode-alert alert alert-warning\"><strong>NOMBRE DEL INFORME<\/strong><\/div>\n<\/td>\n<td width=\"74\">\n<div class=\"bs-shortcode-alert alert alert-warning\" style=\"text-align: center;\"><strong>FORMATO<\/strong><\/div>\n<\/td>\n<\/tr>\n<tr>\n<td>\n<div class=\"bs-shortcode-alert alert alert-info\">4.8.1.3a<\/div>\n<\/td>\n<td>\n<div class=\"bs-shortcode-alert alert alert-info\">\n<p><a href=\"https:\/\/www.umv.gov.co\/portal\/wp-content\/uploads\/2023\/01\/4.8.1.3a-Informe-Evaluacion-del-Sistema-de-Control-Interno-II-Semestre-2022-copia.pdf\" target=\"_blank\" rel=\"noopener\">Informe Evaluaci\u00f3n del Sistema de Control Interno II Semestre 2022<\/a><\/div>\n<\/td>\n<td>\n<div class=\"bs-shortcode-alert alert alert-info\">Pdf<\/div>\n<\/td>\n<\/tr>\n<tr>\n<td>\n<div class=\"bs-shortcode-alert alert alert-info\">4.8.1.3b<\/div>\n<\/td>\n<td>\n<div class=\"bs-shortcode-alert alert alert-info\">\n<p><a href=\"https:\/\/www.umv.gov.co\/portal\/wp-content\/uploads\/2023\/07\/4.8.1.3.b-Informe-semestral-de-evaluacion-del-Sistema-de-Control-Interno.pdf\" target=\"_blank\" rel=\"noopener\">Informe Evaluaci\u00f3n del Sistema de Control Interno I Semestre 2023<\/a><\/div>\n<\/td>\n<td>\n<div class=\"bs-shortcode-alert alert alert-info\">Pdf<\/div>\n<\/td>\n<\/tr>\n<tr>\n<td>\n<div class=\"bs-shortcode-alert alert alert-info\">4.8.1.3c<\/div>\n<\/td>\n<td>\n<div class=\"bs-shortcode-alert alert alert-info\">\n<p><a href=\"https:\/\/www.umv.gov.co\/portal\/wp-content\/uploads\/2023\/07\/4.8.1.3.c-Informe-semestral-de-evaluacion-del-Sistema-de-Control-Interno-resultado-Final-MECI-I-2023.pdf\" target=\"_blank\" rel=\"noopener\">Informe semestral de evaluaci\u00f3n del Sistema de Control Interno resultado Final MECI I 2023<\/a><\/div>\n<\/td>\n<td>\n<div class=\"bs-shortcode-alert alert alert-info\">Pdf<\/div>\n<\/td>\n<\/tr>\n<\/tbody>\n<\/table>\n<p>[\/vc_column_text][\/vc_tta_section][vc_tta_section i_icon_fontawesome=&#8221;far fa-file-alt&#8221; add_icon=&#8221;true&#8221; title=&#8221;4.8.1.4. Informes elaborados por \u00f3rganos de control externos 2023&#8243; tab_id=&#8221;1577831656919-26c4f820-a897&#8243;][vc_column_text]<\/p>\n<table width=\"1000\" align=\"center\">\n<tbody>\n<tr>\n<td width=\"79\">\n<div class=\"bs-shortcode-alert alert alert-warning\" style=\"text-align: center;\"><b>C\u00d3DIGO<\/b><\/div>\n<\/td>\n<td style=\"text-align: center;\" width=\"345\">\n<div class=\"bs-shortcode-alert alert alert-warning\"><strong>NOMBRE DEL INFORME<\/strong><\/div>\n<\/td>\n<td width=\"74\">\n<div class=\"bs-shortcode-alert alert alert-warning\" style=\"text-align: center;\"><strong>FORMATO<\/strong><\/div>\n<\/td>\n<\/tr>\n<tr>\n<td>\n<div class=\"bs-shortcode-alert alert alert-info\">4.8.1.4a<\/div>\n<\/td>\n<td>\n<div class=\"bs-shortcode-alert alert alert-info\">\n<p><a href=\"https:\/\/www.umv.gov.co\/portal\/wp-content\/uploads\/2023\/12\/4.8.1.4.a-Informe-Final-Auditoria-Financiera-y-de-Gestion-codigo-92-PAD-2023.pdf\" target=\"_blank\" rel=\"noopener\">Informe Final Auditor\u00eda Financiera y de Gesti\u00f3n c\u00f3digo 92 PAD 2023<\/a><\/div>\n<\/td>\n<td>\n<div class=\"bs-shortcode-alert alert alert-info\">Pdf<\/div>\n<\/td>\n<\/tr>\n<tr>\n<td>\n<div class=\"bs-shortcode-alert alert alert-info\">4.8.1.4b<\/div>\n<\/td>\n<td>\n<div class=\"bs-shortcode-alert alert alert-info\">\n<p><a href=\"https:\/\/www.umv.gov.co\/portal\/wp-content\/uploads\/2024\/01\/4.8.1.4b-Informe-Auditoria-Seguimiento-del-Proyecto-BPIN-2018000050020-Mejoramiento-de-Vias-terciarias-en-Bogota-por-la-Contraloria-General-de-la-Republica-2023-2.pdf\" target=\"_blank\" rel=\"noopener\">Mejoramiento de V\u00edas terciarias en Bogot\u00e1 por la Contralor\u00eda General de la Rep\u00fablica 2023<\/a><\/div>\n<\/td>\n<td>\n<div class=\"bs-shortcode-alert alert alert-info\">Pdf<\/div>\n<\/td>\n<\/tr>\n<\/tbody>\n<\/table>\n<p>[\/vc_column_text][\/vc_tta_section][\/vc_tta_accordion][\/vc_column][\/vc_row]<\/p>\n<\/div>","protected":false},"excerpt":{"rendered":"[vc_row pix_particles_check=&#8221;&#8221; css=&#8221;.vc_custom_1725648921178{margin-top: -20px !important;}&#8221;][vc_column][vc_tta_accordion section_title_tag=&#8221;h6&#8243; style=&#8221;modern&#8221; color=&#8221;white&#8221; c_icon=&#8221;&#8221; active_section=&#8221;&#8221; collapsible_all=&#8221;true&#8221;][vc_tta_section i_icon_fontawesome=&#8221;far fa-file-alt&#8221; add_icon=&#8221;true&#8221; title=&#8221;4.8.1.1. Plan anual de Auditor\u00edas&#8221; tab_id=&#8221;1549495924496-320e321a-10d9&#8243;][vc_column_text] C\u00d3DIGO NOMBRE DEL INFORME FORMATO 4.8.1.1a Plan anual de auditor\u00edas 2023 Pdf [\/vc_column_text][\/vc_tta_section][vc_tta_section i_icon_fontawesome=&#8221;far fa-file-alt&#8221; add_icon=&#8221;true&#8221; title=&#8221;4.8.1.2. Informes finales de&#8230;","protected":false},"author":1,"featured_media":0,"parent":0,"menu_order":0,"comment_status":"closed","ping_status":"closed","template":"","meta":{"_monsterinsights_skip_tracking":false,"_monsterinsights_sitenote_active":false,"_monsterinsights_sitenote_note":"","_monsterinsights_sitenote_category":0,"footnotes":""},"class_list":["post-29742","page","type-page","status-publish","hentry"],"_links":{"self":[{"href":"https:\/\/www.umv.gov.co\/portal\/wp-json\/wp\/v2\/pages\/29742","targetHints":{"allow":["GET"]}}],"collection":[{"href":"https:\/\/www.umv.gov.co\/portal\/wp-json\/wp\/v2\/pages"}],"about":[{"href":"https:\/\/www.umv.gov.co\/portal\/wp-json\/wp\/v2\/types\/page"}],"author":[{"embeddable":true,"href":"https:\/\/www.umv.gov.co\/portal\/wp-json\/wp\/v2\/users\/1"}],"replies":[{"embeddable":true,"href":"https:\/\/www.umv.gov.co\/portal\/wp-json\/wp\/v2\/comments?post=29742"}],"version-history":[{"count":0,"href":"https:\/\/www.umv.gov.co\/portal\/wp-json\/wp\/v2\/pages\/29742\/revisions"}],"wp:attachment":[{"href":"https:\/\/www.umv.gov.co\/portal\/wp-json\/wp\/v2\/media?parent=29742"}],"curies":[{"name":"wp","href":"https:\/\/api.w.org\/{rel}","templated":true}]}}