{"id":24799,"date":"2022-09-23T22:18:39","date_gmt":"2022-09-23T22:18:39","guid":{"rendered":"https:\/\/www.umv.gov.co\/portal\/?page_id=24799"},"modified":"2023-12-19T18:50:07","modified_gmt":"2023-12-19T18:50:07","slug":"galeria-participacion-ciudadana","status":"publish","type":"page","link":"https:\/\/www.umv.gov.co\/portal\/galeria-participacion-ciudadana\/","title":{"rendered":"Ejercicios de Participaci\u00f3n Ciudadana y Rendici\u00f3n de Cuentas"},"content":{"rendered":"<div class=\"wpb-content-wrapper\"><p>[vc_row][vc_column][bs-text title=&#8221;Galer\u00eda de Im\u00e1genes Espacios de Dialogo de Rendici\u00f3n de Cuentas de la Entidad 2022&#8243; show_title=&#8221;1&#8243; icon=&#8221;&#8221; title_link=&#8221;&#8221; heading_color=&#8221;&#8221; heading_style=&#8221;default&#8221; heading_tag=&#8221;h3&#8243; bs-show-desktop=&#8221;1&#8243; bs-show-tablet=&#8221;1&#8243; bs-show-phone=&#8221;1&#8243; bs-text-color-scheme=&#8221;&#8221; css=&#8221;&#8221; custom-css-class=&#8221;&#8221; custom-id=&#8221;&#8221;][vc_gallery interval=&#8221;5&#8243; images=&#8221;29040,29041,29042,29043,29044,29045,29046,29047,29048,29049,29050,29051&#8243; img_size=&#8221;900&#215;600&#8243;][\/vc_column][\/vc_row][vc_row][vc_column][bs-text title=&#8221;Galer\u00eda de Im\u00e1genes Ejercicios de Participaci\u00f3n Ciudadana y Rendici\u00f3n de Cuentas&#8221; show_title=&#8221;1&#8243; icon=&#8221;&#8221; title_link=&#8221;&#8221; heading_color=&#8221;&#8221; heading_style=&#8221;default&#8221; heading_tag=&#8221;h3&#8243; bs-show-desktop=&#8221;1&#8243; bs-show-tablet=&#8221;1&#8243; bs-show-phone=&#8221;1&#8243; bs-text-color-scheme=&#8221;&#8221; css=&#8221;&#8221; custom-css-class=&#8221;&#8221; custom-id=&#8221;&#8221;][\/vc_column][\/vc_row][vc_row][vc_column][vc_tta_tabs style=&#8221;outline&#8221; color=&#8221;green&#8221; active_section=&#8221;1&#8243;][vc_tta_section title=&#8221;Bosa&#8221; tab_id=&#8221;1663971508865-9c65fd70-29e3&#8243;][vc_gallery interval=&#8221;10&#8243; images=&#8221;24802,24803,24804&#8243; img_size=&#8221;859 x 459&#8243;][\/vc_tta_section][vc_tta_section title=&#8221;Keneddy&#8221; tab_id=&#8221;1663971508874-6a6963c0-7400&#8243;][vc_gallery interval=&#8221;10&#8243; images=&#8221;24805,24806,24807&#8243; img_size=&#8221;859 x 469&#8243;][\/vc_tta_section][vc_tta_section title=&#8221;Martires&#8221; tab_id=&#8221;1663971771218-df752d52-f563&#8243;][vc_gallery interval=&#8221;10&#8243; images=&#8221;24808,24809,24810&#8243; img_size=&#8221;800 x 470&#8243;][\/vc_tta_section][vc_tta_section title=&#8221;Sumapaz&#8221; tab_id=&#8221;1663971799671-44ba9de9-2d0a&#8221;][vc_gallery interval=&#8221;3&#8243; images=&#8221;24811,24812&#8243; img_size=&#8221;980 x534&#8243;][\/vc_tta_section][vc_tta_section title=&#8221;Antonio Nari\u00f1o&#8221; tab_id=&#8221;1672950122716-68aea621-41fc&#8221;][vc_gallery interval=&#8221;3&#8243; images=&#8221;29137,29138,29139&#8243; img_size=&#8221;980 x 735&#8243;][\/vc_tta_section][vc_tta_section title=&#8221;Fontib\u00f3n&#8221; tab_id=&#8221;1672950227913-211e1a22-2a79&#8243;][vc_gallery interval=&#8221;3&#8243; images=&#8221;29140,29141,29142&#8243; img_size=&#8221;980 x735&#8243;][\/vc_tta_section][vc_tta_section title=&#8221;Puente Aranda&#8221; tab_id=&#8221;1672950310051-c8e92d03-4081&#8243;][vc_gallery interval=&#8221;3&#8243; images=&#8221;29143,29144,29145&#8243; img_size=&#8221;980 x 653&#8243;][\/vc_tta_section][vc_tta_section title=&#8221;Engativ\u00e1&#8221; tab_id=&#8221;1672950403908-fa36cdd3-9b4b&#8221;][vc_gallery interval=&#8221;3&#8243; images=&#8221;29151,29150,29149&#8243; img_size=&#8221;980 x 735&#8243;][\/vc_tta_section][vc_tta_section title=&#8221;Puente Aranda&#8221; tab_id=&#8221;1672950660461-0e9bfc6a-2b31&#8243;][vc_gallery interval=&#8221;3&#8243; images=&#8221;29152,29153,29154&#8243; img_size=&#8221;980 x 653&#8243;][\/vc_tta_section][vc_tta_section title=&#8221;Usme&#8221; tab_id=&#8221;1672950873734-dd5db415-f137&#8243;][vc_gallery interval=&#8221;3&#8243; images=&#8221;29155,29156,29157&#8243; img_size=&#8221;980 x 735&#8243;][\/vc_tta_section][vc_tta_section title=&#8221;Usaqu\u00e9n&#8221; tab_id=&#8221;1672950944660-8a86b0a1-98bc&#8221;][vc_gallery interval=&#8221;3&#8243; images=&#8221;29158,29159,29160&#8243; img_size=&#8221;980 x 735&#8243;][\/vc_tta_section][vc_tta_section title=&#8221;Teusaquillo&#8221; tab_id=&#8221;1672951072579-36a3dcbe-7870&#8243;][vc_gallery interval=&#8221;3&#8243; images=&#8221;29161,29162,29163&#8243; img_size=&#8221;980 x 652&#8243;][\/vc_tta_section][vc_tta_section title=&#8221;Santa fe&#8221; tab_id=&#8221;1672951263504-99d98542-735b&#8221;][vc_gallery interval=&#8221;3&#8243; images=&#8221;29164,29165,29166&#8243; img_size=&#8221;980 x 735&#8243;][\/vc_tta_section][vc_tta_section title=&#8221;San Cristobal&#8221; tab_id=&#8221;1672951408056-94102b80-9658&#8243;][vc_gallery interval=&#8221;3&#8243; images=&#8221;29167,29168,29169&#8243; img_size=&#8221;980 x 441&#8243;][\/vc_tta_section][vc_tta_section title=&#8221;Rafael Uribe Uribe&#8221; tab_id=&#8221;1672951551985-ea93f68a-73ae&#8221;][vc_gallery interval=&#8221;3&#8243; images=&#8221;29170,29171,29172&#8243; img_size=&#8221;980 x 735&#8243;][\/vc_tta_section][vc_tta_section title=&#8221;Ciudad Bolivar&#8221; tab_id=&#8221;1672951634546-41aec120-c770&#8243;][vc_gallery interval=&#8221;3&#8243; images=&#8221;29173,29174,29175&#8243; img_size=&#8221;980 x 735&#8243;][\/vc_tta_section][vc_tta_section title=&#8221;Chapinero&#8221; tab_id=&#8221;1672951810536-962c88ed-e0de&#8221;][vc_gallery interval=&#8221;3&#8243; images=&#8221;29176,29177,29178&#8243; img_size=&#8221;980 x 551&#8243;][\/vc_tta_section][vc_tta_section title=&#8221;Barrios Unidos&#8221; tab_id=&#8221;1672951919888-1de72b23-3a44&#8243;][vc_gallery interval=&#8221;3&#8243; images=&#8221;29185,29186,29187&#8243; img_size=&#8221;600 x 449&#8243;][\/vc_tta_section][vc_tta_section title=&#8221;La Candelaria&#8221; tab_id=&#8221;1672952234179-06158aec-a891&#8243;][vc_gallery interval=&#8221;3&#8243; images=&#8221;29189,29190&#8243; img_size=&#8221;980 x 735&#8243;][\/vc_tta_section][vc_tta_section title=&#8221;Tunjuelito&#8221; tab_id=&#8221;1672952264328-1bc990cd-f3a9&#8243;][vc_gallery interval=&#8221;3&#8243; images=&#8221;29191,29192&#8243; img_size=&#8221;980 x735&#8243;][\/vc_tta_section][vc_tta_section title=&#8221;Suba&#8221; tab_id=&#8221;1673040001578-83eae8d3-aa17&#8243;][vc_gallery interval=&#8221;3&#8243; images=&#8221;29226,29227,29228&#8243; img_size=&#8221;980 x 753&#8243;][\/vc_tta_section][\/vc_tta_tabs][\/vc_column][\/vc_row]<\/p>\r\n<\/div>","protected":false},"excerpt":{"rendered":"[vc_row][vc_column][bs-text title=&#8221;Galer\u00eda de Im\u00e1genes Espacios de Dialogo de Rendici\u00f3n de Cuentas de la Entidad 2022&#8243; show_title=&#8221;1&#8243; icon=&#8221;&#8221; title_link=&#8221;&#8221; heading_color=&#8221;&#8221; heading_style=&#8221;default&#8221; heading_tag=&#8221;h3&#8243; bs-show-desktop=&#8221;1&#8243; bs-show-tablet=&#8221;1&#8243; bs-show-phone=&#8221;1&#8243; bs-text-color-scheme=&#8221;&#8221; css=&#8221;&#8221; custom-css-class=&#8221;&#8221; custom-id=&#8221;&#8221;][vc_gallery interval=&#8221;5&#8243; images=&#8221;29040,29041,29042,29043,29044,29045,29046,29047,29048,29049,29050,29051&#8243; img_size=&#8221;900&#215;600&#8243;][\/vc_column][\/vc_row][vc_row][vc_column][bs-text title=&#8221;Galer\u00eda de Im\u00e1genes Ejercicios de Participaci\u00f3n Ciudadana y Rendici\u00f3n&#8230;","protected":false},"author":1,"featured_media":0,"parent":0,"menu_order":0,"comment_status":"closed","ping_status":"closed","template":"","meta":{"_monsterinsights_skip_tracking":false,"_monsterinsights_sitenote_active":false,"_monsterinsights_sitenote_note":"","_monsterinsights_sitenote_category":0,"footnotes":""},"class_list":["post-24799","page","type-page","status-publish","hentry"],"_links":{"self":[{"href":"https:\/\/www.umv.gov.co\/portal\/wp-json\/wp\/v2\/pages\/24799","targetHints":{"allow":["GET"]}}],"collection":[{"href":"https:\/\/www.umv.gov.co\/portal\/wp-json\/wp\/v2\/pages"}],"about":[{"href":"https:\/\/www.umv.gov.co\/portal\/wp-json\/wp\/v2\/types\/page"}],"author":[{"embeddable":true,"href":"https:\/\/www.umv.gov.co\/portal\/wp-json\/wp\/v2\/users\/1"}],"replies":[{"embeddable":true,"href":"https:\/\/www.umv.gov.co\/portal\/wp-json\/wp\/v2\/comments?post=24799"}],"version-history":[{"count":0,"href":"https:\/\/www.umv.gov.co\/portal\/wp-json\/wp\/v2\/pages\/24799\/revisions"}],"wp:attachment":[{"href":"https:\/\/www.umv.gov.co\/portal\/wp-json\/wp\/v2\/media?parent=24799"}],"curies":[{"name":"wp","href":"https:\/\/api.w.org\/{rel}","templated":true}]}}