{"id":24569,"date":"2022-09-15T18:35:58","date_gmt":"2022-09-15T18:35:58","guid":{"rendered":"https:\/\/www.umv.gov.co\/portal\/?page_id=24569"},"modified":"2024-09-06T23:10:37","modified_gmt":"2024-09-06T23:10:37","slug":"politica-de-derechos-de-autor","status":"publish","type":"page","link":"https:\/\/www.umv.gov.co\/portal\/bs-homepage-1-default\/politica-de-derechos-de-autor\/","title":{"rendered":"Pol\u00edtica de derechos de autor"},"content":{"rendered":"<div class=\"wpb-content-wrapper\"><p>[vc_row pix_particles_check=&#8221;&#8221;][vc_column]<span class=\"pix-badge-element h6 d-inline-flex mr-1 \"  ><span class=\"badge font-weight-bold secondary-font  bg-secondary  vc_custom_1725664231689  \" style=\" \"><span class=\"text-white\" style=\"\">POL\u00cdTICA DE DERECHOS DE AUTOR<\/span><\/span><\/span>[vc_column_text]La Unidad Administrativa Especial de Rehabilitaci\u00f3n y Mantenimiento Vial es titular de todos los derechos sobre el software de este sitio web, as\u00ed como de los derechos de propiedad industrial e intelectual referidos a los contenidos que en ella se incluyan, adem\u00e1s se reserva todos los derechos de autor, incluidos los no mencionados en este documento.<\/p>\n<p>&nbsp;<\/p>\n<p>La propiedad intelectual sobre los contenidos del sitio web (textos, gr\u00e1ficos, logos, animaciones, sonidos y bases de datos, entre otros) o bien hacen parte del patrimonio de la Entidad o, en su caso, su titularidad es de terceros que autorizaron el uso de estos en el sitio web o es informaci\u00f3n p\u00fablica que se rige por las leyes de acceso a la informaci\u00f3n p\u00fablica colombianas. Los textos y elementos gr\u00e1ficos que constituyen el sitio web, as\u00ed como su presentaci\u00f3n y montaje son titularidad exclusiva de La Unidad Administrativa Especial de Rehabilitaci\u00f3n y Mantenimiento Vial y \u00e9sta ostenta los derechos de explotaci\u00f3n necesarios.<\/p>\n<p>&nbsp;<\/p>\n<p>Algunos de los materiales de este sitio web pueden estar protegidos por derechos de autor cuando as\u00ed sea mencionado en el contenido. Por tanto, cualquier uso no autorizado, as\u00ed como el incumplimiento de los t\u00e9rminos, condiciones o avisos contenidos en ella, puede violar la normatividad nacional vigente al respecto.<\/p>\n<p>&nbsp;<\/p>\n<p>En todo caso, La Unidad Administrativa Especial de Rehabilitaci\u00f3n y Mantenimiento Vial al hacer uso de estas im\u00e1genes har\u00e1 referencia a las fuentes oficiales de las mismas.<\/p>\n<p>.[\/vc_column_text][\/vc_column][\/vc_row]<\/p>\n<\/div>","protected":false},"excerpt":{"rendered":"[vc_row pix_particles_check=&#8221;&#8221;][vc_column][vc_column_text]La Unidad Administrativa Especial de Rehabilitaci\u00f3n y Mantenimiento Vial es titular de todos los derechos sobre el software de este sitio web, as\u00ed como de los derechos de propiedad industrial e intelectual referidos a los contenidos que en ella&#8230;","protected":false},"author":1,"featured_media":0,"parent":168,"menu_order":0,"comment_status":"closed","ping_status":"closed","template":"","meta":{"_monsterinsights_skip_tracking":false,"_monsterinsights_sitenote_active":false,"_monsterinsights_sitenote_note":"","_monsterinsights_sitenote_category":0,"footnotes":""},"class_list":["post-24569","page","type-page","status-publish","hentry"],"_links":{"self":[{"href":"https:\/\/www.umv.gov.co\/portal\/wp-json\/wp\/v2\/pages\/24569","targetHints":{"allow":["GET"]}}],"collection":[{"href":"https:\/\/www.umv.gov.co\/portal\/wp-json\/wp\/v2\/pages"}],"about":[{"href":"https:\/\/www.umv.gov.co\/portal\/wp-json\/wp\/v2\/types\/page"}],"author":[{"embeddable":true,"href":"https:\/\/www.umv.gov.co\/portal\/wp-json\/wp\/v2\/users\/1"}],"replies":[{"embeddable":true,"href":"https:\/\/www.umv.gov.co\/portal\/wp-json\/wp\/v2\/comments?post=24569"}],"version-history":[{"count":0,"href":"https:\/\/www.umv.gov.co\/portal\/wp-json\/wp\/v2\/pages\/24569\/revisions"}],"up":[{"embeddable":true,"href":"https:\/\/www.umv.gov.co\/portal\/wp-json\/wp\/v2\/pages\/168"}],"wp:attachment":[{"href":"https:\/\/www.umv.gov.co\/portal\/wp-json\/wp\/v2\/media?parent=24569"}],"curies":[{"name":"wp","href":"https:\/\/api.w.org\/{rel}","templated":true}]}}