{"id":24189,"date":"2022-08-25T23:11:36","date_gmt":"2022-08-25T23:11:36","guid":{"rendered":"https:\/\/www.umv.gov.co\/portal\/?page_id=24189"},"modified":"2024-09-04T21:41:25","modified_gmt":"2024-09-04T21:41:25","slug":"agendamiento-citas-presenciales","status":"publish","type":"page","link":"https:\/\/www.umv.gov.co\/portal\/agendamiento-citas-presenciales\/","title":{"rendered":"Agendamiento de Citas Presenciales"},"content":{"rendered":"<div class=\"wpb-content-wrapper\"><p>[vc_row pix_particles_check=&#8221;&#8221; css=&#8221;.vc_custom_1725484856330{margin-top: -20px !important;}&#8221;][vc_column][vc_column_text]<iframe loading=\"lazy\" id=\"blockrandom\" class=\"wrapper\" src=\"https:\/\/www.umv.gov.co\/agendamiento\/agendamiento.php\" name=\"iframe\" width=\"100%\" height=\"755\" frameborder=\"0\" scrolling=\"no\">Esta opci\u00f3n no funcionar\u00e1 correctamente. Lamentablemente, su navegador no soporta URLs embebidas.&nbsp;<\/p>\n<p><\/iframe><\/p>\n<p><strong>Sede principal \u2013 Atenci\u00f3n al Ciudadano<\/strong><\/p>\n<p>Direcci\u00f3n: Calle 26 No. 69-76, Edificio Elemento, Torre AIRE &#8211; piso 3 -Bogot\u00e1 D.C. Colombia<br \/>\nHorario de Atenci\u00f3n Presencial: Lunes a Viernes de 7:00 am a 4:30 pm<br \/>\nTel\u00e9fono Conmutador: (+57) 601-3779555 Ext.1001 -1002<\/p>\n<p>&nbsp;[\/vc_column_text][\/vc_column][\/vc_row]<\/p>\n<\/div>","protected":false},"excerpt":{"rendered":"[vc_row pix_particles_check=&#8221;&#8221; css=&#8221;.vc_custom_1725484856330{margin-top: -20px !important;}&#8221;][vc_column][vc_column_text]Esta opci\u00f3n no funcionar\u00e1 correctamente. Lamentablemente, su navegador no soporta URLs embebidas.&nbsp; Sede principal \u2013 Atenci\u00f3n al Ciudadano Direcci\u00f3n: Calle 26 No. 69-76, Edificio Elemento, Torre AIRE &#8211; piso 3 -Bogot\u00e1 D.C. Colombia Horario de Atenci\u00f3n&#8230;","protected":false},"author":1,"featured_media":0,"parent":0,"menu_order":0,"comment_status":"closed","ping_status":"closed","template":"","meta":{"_monsterinsights_skip_tracking":false,"_monsterinsights_sitenote_active":false,"_monsterinsights_sitenote_note":"","_monsterinsights_sitenote_category":0,"footnotes":""},"class_list":["post-24189","page","type-page","status-publish","hentry"],"_links":{"self":[{"href":"https:\/\/www.umv.gov.co\/portal\/wp-json\/wp\/v2\/pages\/24189","targetHints":{"allow":["GET"]}}],"collection":[{"href":"https:\/\/www.umv.gov.co\/portal\/wp-json\/wp\/v2\/pages"}],"about":[{"href":"https:\/\/www.umv.gov.co\/portal\/wp-json\/wp\/v2\/types\/page"}],"author":[{"embeddable":true,"href":"https:\/\/www.umv.gov.co\/portal\/wp-json\/wp\/v2\/users\/1"}],"replies":[{"embeddable":true,"href":"https:\/\/www.umv.gov.co\/portal\/wp-json\/wp\/v2\/comments?post=24189"}],"version-history":[{"count":0,"href":"https:\/\/www.umv.gov.co\/portal\/wp-json\/wp\/v2\/pages\/24189\/revisions"}],"wp:attachment":[{"href":"https:\/\/www.umv.gov.co\/portal\/wp-json\/wp\/v2\/media?parent=24189"}],"curies":[{"name":"wp","href":"https:\/\/api.w.org\/{rel}","templated":true}]}}