{"id":23704,"date":"2022-08-04T18:26:05","date_gmt":"2022-08-04T18:26:05","guid":{"rendered":"https:\/\/www.umv.gov.co\/portal\/?page_id=23704"},"modified":"2024-09-01T22:53:16","modified_gmt":"2024-09-01T22:53:16","slug":"formatos-o-modelos-de-contratos-o-pliegos-tipo","status":"publish","type":"page","link":"https:\/\/www.umv.gov.co\/portal\/formatos-o-modelos-de-contratos-o-pliegos-tipo\/","title":{"rendered":"Formatos o modelos de contratos o pliegos tipo"},"content":{"rendered":"<div class=\"wpb-content-wrapper\"><p>[vc_row pix_particles_check=&#8221;&#8221; css=&#8221;.vc_custom_1725231194074{margin-top: -30px !important;}&#8221;][vc_column]<span class=\"pix-badge-element h6 d-inline-flex mr-1 \"  ><span class=\"badge font-weight-bold secondary-font  bg-secondary  vc_custom_1725231137553  \" style=\" \"><span class=\"text-white\" style=\"\">FORMATOS O MODELOS DE CONTRATOS O PLIEGOS TIPO.<\/span><\/span><\/span>[vc_column_text css=&#8221;&#8221;]<\/p>\n<div class=\"alert-simple bs-shortcode-alert alert\">\n<p>Corresponde a la Agencia Nacional de Contrataci\u00f3n P\u00fablica, Colombia Compra Eficiente, o a quien haga sus veces adoptar &#8220;documentos tipo que ser\u00e1n de obligatorio cumplimiento en la actividad contractual de todas las entidades sometidas al Estatuto General de Contrataci\u00f3n de la Administraci\u00f3n P\u00fablica&#8221;, de conformidad con lo establecido en el par\u00e1grafo 7 del art\u00edculo 2 de la Ley 1150 de 2007, que fue adicionado por el art\u00edculo 4 de la Ley 1882 de 2018.<\/p>\n<p>Los documentos tipo adoptados que corresponden a los procesos de Obra P\u00fablica de\u00a0 Infraestructura de transporte pueden ser consultados en la <a href=\"https:\/\/www.colombiacompra.gov.co\/content\/01-documentos-tipo-para-licitacion-de-obra-publica-de-infraestructura-de-transporte\" target=\"_blank\" rel=\"noopener\">Agencia Nacional de Contrataci\u00f3n P\u00fablica Colombia Compra Eficiente.<\/a><\/p>\n<\/div>\n<p>[\/vc_column_text][vc_btn title=&#8221;<b>Consultar Documentos Tipo para Licitaci\u00f3n de Obra P\u00fablica de Infraestructura de Transporte<\/b>&#8221; style=&#8221;gradient-custom&#8221; gradient_custom_color_2=&#8221;#dd3333&#8243; align=&#8221;center&#8221; link=&#8221;url:https%3A%2F%2Fwww.colombiacompra.gov.co%2Fcontent%2F01-documentos-tipo-para-licitacion-de-obra-publica-de-infraestructura-de-transporte|target:_blank&#8221;][\/vc_column][\/vc_row][vc_row pix_particles_check=&#8221;&#8221;][vc_column][\/vc_column][\/vc_row]<\/p>\n<\/div>","protected":false},"excerpt":{"rendered":"[vc_row pix_particles_check=&#8221;&#8221; css=&#8221;.vc_custom_1725231194074{margin-top: -30px !important;}&#8221;][vc_column][vc_column_text css=&#8221;&#8221;] Corresponde a la Agencia Nacional de Contrataci\u00f3n P\u00fablica, Colombia Compra Eficiente, o a quien haga sus veces adoptar &#8220;documentos tipo que ser\u00e1n de obligatorio cumplimiento en la actividad contractual de todas las entidades sometidas&#8230;","protected":false},"author":1,"featured_media":0,"parent":0,"menu_order":0,"comment_status":"closed","ping_status":"closed","template":"","meta":{"_monsterinsights_skip_tracking":false,"_monsterinsights_sitenote_active":false,"_monsterinsights_sitenote_note":"","_monsterinsights_sitenote_category":0,"footnotes":""},"class_list":["post-23704","page","type-page","status-publish","hentry"],"_links":{"self":[{"href":"https:\/\/www.umv.gov.co\/portal\/wp-json\/wp\/v2\/pages\/23704","targetHints":{"allow":["GET"]}}],"collection":[{"href":"https:\/\/www.umv.gov.co\/portal\/wp-json\/wp\/v2\/pages"}],"about":[{"href":"https:\/\/www.umv.gov.co\/portal\/wp-json\/wp\/v2\/types\/page"}],"author":[{"embeddable":true,"href":"https:\/\/www.umv.gov.co\/portal\/wp-json\/wp\/v2\/users\/1"}],"replies":[{"embeddable":true,"href":"https:\/\/www.umv.gov.co\/portal\/wp-json\/wp\/v2\/comments?post=23704"}],"version-history":[{"count":0,"href":"https:\/\/www.umv.gov.co\/portal\/wp-json\/wp\/v2\/pages\/23704\/revisions"}],"wp:attachment":[{"href":"https:\/\/www.umv.gov.co\/portal\/wp-json\/wp\/v2\/media?parent=23704"}],"curies":[{"name":"wp","href":"https:\/\/api.w.org\/{rel}","templated":true}]}}