{"id":22279,"date":"2022-05-30T23:45:18","date_gmt":"2022-05-30T23:45:18","guid":{"rendered":"https:\/\/www.umv.gov.co\/portal\/?page_id=22279"},"modified":"2026-01-17T19:47:11","modified_gmt":"2026-01-17T19:47:11","slug":"rendicion-de-cuentas","status":"publish","type":"page","link":"https:\/\/www.umv.gov.co\/portal\/participacion-ciudadana-2022\/rendicion-de-cuentas\/","title":{"rendered":"Rendici\u00f3n de Cuentas"},"content":{"rendered":"<div class=\"wpb-content-wrapper\">[vc_row pix_particles_check=&#8221;&#8221; css=&#8221;.vc_custom_1725637256706{margin-top: -20px !important;}&#8221;][vc_column][vc_column_text css=&#8221;&#8221;]<table border=\"1\" width=\"100%\" cellspacing=\"0\" cellpadding=\"0\" align=\"center\">\n<tbody>\n<tr>\n<td style=\"text-align: center;\" bgcolor=\"#FFFFFF\"><strong><span style=\"color: #ffffff;\"><a href=\"https:\/\/www.umv.gov.co\/portal\/participacion-ciudadana-2022\/participacion-para-el-diagnostico-e-identificacion-de-necesidades\/\"><img loading=\"lazy\" decoding=\"async\" class=\"alignnone wp-image-49693\" src=\"https:\/\/www.umv.gov.co\/portal\/wp-content\/uploads\/2025\/08\/PaginaWeb_SeccionParticipa_Participa_20250801_ParticipacionIdentificacion-1-150x150.jpg\" alt=\"\" width=\"180\" height=\"163\" srcset=\"https:\/\/www.umv.gov.co\/portal\/wp-content\/uploads\/2025\/08\/PaginaWeb_SeccionParticipa_Participa_20250801_ParticipacionIdentificacion-1-300x272.jpg 300w, https:\/\/www.umv.gov.co\/portal\/wp-content\/uploads\/2025\/08\/PaginaWeb_SeccionParticipa_Participa_20250801_ParticipacionIdentificacion-1.jpg 400w\" sizes=\"auto, (max-width: 180px) 100vw, 180px\" \/><\/a><\/span><\/strong><\/td>\n<td bgcolor=\"#FFFFFF\"><a href=\"https:\/\/www.umv.gov.co\/portal\/participacion-ciudadana-2022\/planeacion-y-o-presupuesto-participativo\/\"><img loading=\"lazy\" decoding=\"async\" class=\"alignnone wp-image-49682\" src=\"https:\/\/www.umv.gov.co\/portal\/wp-content\/uploads\/2025\/08\/PaginaWeb_SeccionParticipa_Participa_20250801_PlaneacionPresupuesto-300x272.jpg\" alt=\"Participaci\u00f3n para la identificaci\u00f3n de problemas y diagn\u00f3stico de necesidades\" width=\"180\" height=\"163\" srcset=\"https:\/\/www.umv.gov.co\/portal\/wp-content\/uploads\/2025\/08\/PaginaWeb_SeccionParticipa_Participa_20250801_PlaneacionPresupuesto-300x272.jpg 300w, https:\/\/www.umv.gov.co\/portal\/wp-content\/uploads\/2025\/08\/PaginaWeb_SeccionParticipa_Participa_20250801_PlaneacionPresupuesto.jpg 400w\" sizes=\"auto, (max-width: 180px) 100vw, 180px\" \/><\/a><\/td>\n<td bgcolor=\"#FFFFFF\"><span style=\"color: #ffffff;\"><strong><a href=\"https:\/\/www.umv.gov.co\/portal\/participacion-ciudadana-2022\/participacion-y-consulta-ciudadana-de-proyectos-normas-politicas-o-programas\/\"><img loading=\"lazy\" decoding=\"async\" class=\"alignnone wp-image-49696\" src=\"https:\/\/www.umv.gov.co\/portal\/wp-content\/uploads\/2025\/08\/PaginaWeb_SeccionParticipa_Participa_20250801_ParticipacionConsulta-300x272.jpg\" alt=\"Participaci\u00f3n y consulta ciudadana\" width=\"180\" height=\"163\" srcset=\"https:\/\/www.umv.gov.co\/portal\/wp-content\/uploads\/2025\/08\/PaginaWeb_SeccionParticipa_Participa_20250801_ParticipacionConsulta-300x272.jpg 300w, https:\/\/www.umv.gov.co\/portal\/wp-content\/uploads\/2025\/08\/PaginaWeb_SeccionParticipa_Participa_20250801_ParticipacionConsulta.jpg 400w\" sizes=\"auto, (max-width: 180px) 100vw, 180px\" \/><\/a><\/strong><\/span><\/td>\n<td bgcolor=\"#FFFFFF\"><span style=\"color: #ffffff;\"><strong><a href=\"https:\/\/www.umv.gov.co\/portal\/participacion-ciudadana-2022\/colaboracion-e-innovacion-abierta\/\"><img loading=\"lazy\" decoding=\"async\" class=\"alignnone wp-image-49697\" src=\"https:\/\/www.umv.gov.co\/portal\/wp-content\/uploads\/2025\/08\/PaginaWeb_SeccionParticipa_Participa_20250801_ColaboracionInnovacion-300x272.jpg\" alt=\"Colaboraci\u00f3n e innovaci\u00f3n abierta\" width=\"180\" height=\"163\" srcset=\"https:\/\/www.umv.gov.co\/portal\/wp-content\/uploads\/2025\/08\/PaginaWeb_SeccionParticipa_Participa_20250801_ColaboracionInnovacion-300x272.jpg 300w, https:\/\/www.umv.gov.co\/portal\/wp-content\/uploads\/2025\/08\/PaginaWeb_SeccionParticipa_Participa_20250801_ColaboracionInnovacion.jpg 400w\" sizes=\"auto, (max-width: 180px) 100vw, 180px\" \/><\/a><\/strong><\/span><\/td>\n<td bgcolor=\"#FFFFFF\"><span style=\"color: #ffffff;\"><strong><a href=\"https:\/\/www.umv.gov.co\/portal\/participacion-ciudadana-2022\/rendicion-de-cuentas\/\"><img loading=\"lazy\" decoding=\"async\" class=\"alignnone wp-image-49698\" src=\"https:\/\/www.umv.gov.co\/portal\/wp-content\/uploads\/2025\/08\/PaginaWeb_SeccionParticipa_Participa_20250801_RendicionCuentas-300x272.jpg\" alt=\"Rendici\u00f3n de cuentas\" width=\"180\" height=\"163\" srcset=\"https:\/\/www.umv.gov.co\/portal\/wp-content\/uploads\/2025\/08\/PaginaWeb_SeccionParticipa_Participa_20250801_RendicionCuentas-300x272.jpg 300w, https:\/\/www.umv.gov.co\/portal\/wp-content\/uploads\/2025\/08\/PaginaWeb_SeccionParticipa_Participa_20250801_RendicionCuentas.jpg 400w\" sizes=\"auto, (max-width: 180px) 100vw, 180px\" \/><\/a>&nbsp;<\/strong><\/span><\/td>\n<td bgcolor=\"#FFFFFF\"><span style=\"color: #ffffff;\"><strong><a href=\"https:\/\/www.umv.gov.co\/portal\/participacion-ciudadana-2022\/control-social\/\"><img loading=\"lazy\" decoding=\"async\" class=\"alignnone wp-image-49699\" src=\"https:\/\/www.umv.gov.co\/portal\/wp-content\/uploads\/2025\/08\/PaginaWeb_SeccionParticipa_Participa_20250801_ControlSocial-1-300x272.jpg\" alt=\"Control social\" width=\"180\" height=\"163\" srcset=\"https:\/\/www.umv.gov.co\/portal\/wp-content\/uploads\/2025\/08\/PaginaWeb_SeccionParticipa_Participa_20250801_ControlSocial-1-300x272.jpg 300w, https:\/\/www.umv.gov.co\/portal\/wp-content\/uploads\/2025\/08\/PaginaWeb_SeccionParticipa_Participa_20250801_ControlSocial-1.jpg 400w\" sizes=\"auto, (max-width: 180px) 100vw, 180px\" \/><\/a><\/strong><\/span><\/td>\n<\/tr>\n<\/tbody>\n<\/table>[\/vc_column_text][\/vc_column][\/vc_row][vc_row pix_particles_check=&#8221;&#8221;][vc_column]<span class=\"pix-badge-element h6 d-inline-flex mr-1 \"  ><span class=\"badge font-weight-bold secondary-font  bg-secondary  vc_custom_1740756216986  \" style=\" \"><span class=\"text-white\" style=\"\">RENDICI\u00d3N DE CUENTAS<\/span><\/span><\/span>[vc_column_text css=&#8221;&#8221;]El proceso de rendici\u00f3n de cuentas se entiende como la obligaci\u00f3n de las entidades p\u00fablicas de informar, dialogar y dar respuesta clara, concreta y eficaz a las peticiones y necesidades de los grupos de inter\u00e9s, sobre la gesti\u00f3n realizada, los resultados de sus planes institucionales y el respeto, garant\u00eda y protecci\u00f3n de los derechos.\nEn el marco de lo dispuesto por la Ley 1474 de 2011, la Ley 1757 de 2015 y el Decreto 124 de 2016, la UAERMV formula anualmente su Estrategia de rendici\u00f3n de Cuentas, y la integra al Plan Anticorrupci\u00f3n y de Atenci\u00f3n al Ciudadano y al Plan de Participaci\u00f3n Ciudadana y Rendici\u00f3n de Cuentas.[\/vc_column_text][\/vc_column][\/vc_row][vc_row pix_particles_check=&#8221;&#8221;][vc_column][vc_tta_accordion section_title_tag=&#8221;h6&#8243; style=&#8221;outline&#8221; color=&#8221;mulled-wine&#8221; active_section=&#8221;&#8221; collapsible_all=&#8221;true&#8221;][vc_tta_section i_icon_fontawesome=&#8221;fas fa-envelope-open-text&#8221; add_icon=&#8221;true&#8221; title=&#8221;Proponga su tem\u00e1tica para la rendici\u00f3n de Cuentas Aqu\u00ed&#8221; tab_id=&#8221;tematica-rendicion-de-cuentas&#8221;][vc_column_text css=&#8221;&#8221;]<p class=\"bs-shortcode-alert alert alert-danger\" style=\"text-align: center;\"><span style=\"color: #000000;\"><strong>Participa en la priorizaci\u00f3n de temas para la Rendici\u00f3n de Cuentas 2024.<\/strong><\/span><\/p>\n<p class=\"bs-shortcode-alert alert alert-danger\" style=\"text-align: center;\"><span style=\"color: #000000;\"><a style=\"color: #000000;\" href=\"https:\/\/forms.gle\/pD8PmEyaNPvPNCTFA\" target=\"_blank\" rel=\"noopener\"><strong>Clic aqu\u00ed para diligenciar el formulario\u00a0<\/strong><\/a><\/span><\/p>[\/vc_column_text][\/vc_tta_section][vc_tta_section i_icon_fontawesome=&#8221;far fa-comment-dots&#8221; add_icon=&#8221;true&#8221; title=&#8221;Estrategia de rendici\u00f3n de cuentas.&#8221; tab_id=&#8221;entrategia-rendicion-cuentas&#8221;][vc_column_text css=&#8221;&#8221;]<p class=\"alert-danger bs-shortcode-alert alert\"><span style=\"color: #000000;\"><a style=\"color: #000000;\" href=\"https:\/\/www.umv.gov.co\/portal\/transparencia2020\/estrategia-rendicion-de-cuentas\/\" target=\"_blank\" rel=\"noopener\"><strong>Conozca la Estrategia de Rendici\u00f3n de Cuentas<\/strong><\/a><\/span><\/p>\n<p class=\"alert-danger bs-shortcode-alert alert\"><a href=\"https:\/\/www.umv.gov.co\/portal\/transparencia2020\/seguimiento-de-rendicion-de-cuentas\/\" target=\"_blank\" rel=\"noopener\"><span style=\"color: #000000;\"><strong>Conozca los resultados de la Estrategia de Rendici\u00f3n de Cuentas<\/strong><\/span><\/a><\/p>\n<p class=\"alert-danger bs-shortcode-alert alert\"><span style=\"color: #000000;\"><a style=\"color: #000000;\" href=\"https:\/\/colibri.veeduriadistrital.gov.co\/compromisos?titulo=&amp;sector=53&amp;entidad=38&amp;temas=All&amp;localidad=All&amp;estado1=All&amp;tipo_instancia=All&amp;instancia=All&amp;field_nombre_instancia_no_reglam_value=All&amp;fecha_suscripcion=&amp;fecha_cumplimiento=\" target=\"_blank\" rel=\"noopener\"><strong>Co<\/strong><strong>nsulte el reporte de Compromisos<\/strong><\/a><\/span><\/p>\n\n<div>\n<p class=\"bs-shortcode-alert alert alert-danger\"><a href=\"https:\/\/www.umv.gov.co\/portal\/resultados-participacion-ciudadana\/\" target=\"_blank\" rel=\"noopener\"><span style=\"color: #000000;\"><strong>Conozca el Plan de Participaci\u00f3n Ciudadana<\/strong><\/span><\/a><\/p>\n<p class=\"bs-shortcode-alert alert alert-danger\"><a href=\"https:\/\/www.umv.gov.co\/portal\/transparencia2020\/plan-anticorrupcion-y-de-atencion-al-ciudadano\/\" target=\"_blank\" rel=\"noopener\"><span style=\"color: #000000;\"><b style=\"color: #000000;\">Conozca los Programas de Transparencia y <\/b><span style=\"color: #000000;\"><b>\u00c9tica<\/b><\/span><b style=\"color: #000000;\"> P\u00fablica&nbsp; (Plan Anticorrupci\u00f3n y de Atenci\u00f3n al Ciudadano)<\/b><\/span><\/a><\/p>\n\n<\/div>[\/vc_column_text][\/vc_tta_section][vc_tta_section i_icon_fontawesome=&#8221;far fa-comment-dots&#8221; add_icon=&#8221;true&#8221; title=&#8221;Estrategia de comunicaciones para las rendiciones de cuentas&#8221; tab_id=&#8221;1679409159639-c835abf4-a4e9&#8243;][vc_column_text css=&#8221;&#8221;]<p class=\"bs-shortcode-alert alert alert-danger\"><a href=\"https:\/\/www.umv.gov.co\/portal\/estrategia-de-comunicaciones-para-las-rendiciones-de-cuentas-2023\/\"><strong>Consultar Informaci\u00f3n Vigencia 2023<\/strong><\/a><\/p>\n<p class=\"bs-shortcode-alert alert alert-danger\"><a href=\"https:\/\/www.umv.gov.co\/portal\/estrategia-de-comunicaciones-para-las-rendiciones-de-cuentas-2022\/\"><strong>Consultar Informaci\u00f3n Vigencia 2022<\/strong><\/a><\/p>[\/vc_column_text][\/vc_tta_section][vc_tta_section i_icon_fontawesome=&#8221;fas fa-calendar-alt&#8221; add_icon=&#8221;true&#8221; title=&#8221;Calendario eventos de di\u00e1logo&#8221; tab_id=&#8221;calendario-eventos-dialogo&#8221;][vc_btn title=&#8221;<b>Calendario de Actividades de Participaci\u00f3n y Rendici\u00f3n de Cuentas<\/b>&#8221; style=&#8221;gradient-custom&#8221; gradient_custom_color_2=&#8221;#dd3333&#8243; align=&#8221;center&#8221; i_icon_fontawesome=&#8221;fas fa-users&#8221; add_icon=&#8221;true&#8221; link=&#8221;url:https%3A%2F%2Fwww.umv.gov.co%2Fportal%2Fwp-content%2Fuploads%2F2024%2F07%2Fcronogramaparticipacionciudadana2024-178.pdf|target:_blank&#8221;][\/vc_tta_section][vc_tta_section i_icon_fontawesome=&#8221;fas fa-file-invoice&#8221; add_icon=&#8221;true&#8221; title=&#8221;Informes de rendici\u00f3n de cuentas&#8221; tab_id=&#8221;1661903068235-76b4ffee-a514&#8243;][vc_column_text css=&#8221;&#8221;]<p class=\"bs-shortcode-alert alert alert-danger\"><span style=\"color: #000000;\"><strong><a style=\"color: #000000;\" href=\"https:\/\/www.umv.gov.co\/portal\/transparencia2020\/informes-de-rendicion-de-cuentas\/\" target=\"_blank\" rel=\"noopener\">Consulte los informes de las audiencias de rendici\u00f3n de cuentas de la UAERMV<\/a><\/strong><\/span><\/p>\n<p class=\"bs-shortcode-alert alert alert-danger\"><strong><span style=\"color: #000000;\"><a style=\"color: #000000;\" href=\"https:\/\/www.umv.gov.co\/portal\/rendicion-de-cuentas\/\" target=\"_blank\" rel=\"noopener\" data-uw-styling-context=\"true\">Consulte el hist\u00f3rico e informes de rendici\u00f3n de cuentas por localidades de la UAERMV<\/a><\/span><\/strong><\/p>[\/vc_column_text][\/vc_tta_section][vc_tta_section i_icon_fontawesome=&#8221;fab fa-facebook-square&#8221; add_icon=&#8221;true&#8221; title=&#8221;Canal habilitado para eventos de dialogo&#8221; tab_id=&#8221;1661903256183-8fc5560d-68e8&#8243;][vc_column_text]<img loading=\"lazy\" decoding=\"async\" class=\"wp-image-37228 size-full aligncenter\" src=\"https:\/\/www.umv.gov.co\/portal\/wp-content\/uploads\/2024\/01\/canalumv-1.png\" alt=\"Se parte de la Rendici\u00f3n de Cuentas\" width=\"950\" height=\"454\" srcset=\"https:\/\/www.umv.gov.co\/portal\/wp-content\/uploads\/2024\/01\/canalumv-1.png 950w, https:\/\/www.umv.gov.co\/portal\/wp-content\/uploads\/2024\/01\/canalumv-1-300x143.png 300w, https:\/\/www.umv.gov.co\/portal\/wp-content\/uploads\/2024\/01\/canalumv-1-768x367.png 768w\" sizes=\"auto, (max-width: 950px) 100vw, 950px\" \/>[\/vc_column_text][\/vc_tta_section][vc_tta_section i_icon_fontawesome=&#8221;fas fa-question-circle&#8221; add_icon=&#8221;true&#8221; title=&#8221;Preguntas y respuestas de eventos de di\u00e1logo&#8221; tab_id=&#8221;preguntas-respuestas-eventos-dialogo&#8221;][vc_column_text css=&#8221;&#8221;]<p class=\"alert-danger bs-shortcode-alert alert\"><span style=\"color: #000000;\"><strong><a style=\"color: #000000;\" href=\"https:\/\/www.umv.gov.co\/portal\/pqrsfd\/respuesta-a-redes-sociales\/#preguntas-respuestas-espacios-dialogo\" target=\"_blank\" rel=\"noopener\">Consultar las preguntas y respuestas&nbsp; realizadas en espacios de di\u00e1logo<\/a><\/strong><\/span><\/p>[\/vc_column_text][\/vc_tta_section][vc_tta_section i_icon_fontawesome=&#8221;fas fa-file-contract&#8221; add_icon=&#8221;true&#8221; title=&#8221;Memorias Eventos de Dialogo&#8221; tab_id=&#8221;1663785450125-d311e375-7bd2&#8243;][vc_column_text css=&#8221;&#8221;]<p class=\"bs-shortcode-alert alert alert-danger\"><strong><a href=\"https:\/\/www.umv.gov.co\/portal\/memorias-eventos-de-dialogo-vigencia-2023\/\">Consultar Informaci\u00f3n Vigencia 2023<\/a><\/strong><\/p>\n<p class=\"bs-shortcode-alert alert alert-danger\"><strong><a href=\"https:\/\/www.umv.gov.co\/portal\/memorias-eventos-de-dialogo-vigencia-2022\/\">Consultar Informaci\u00f3n Vigencia 2022<\/a><\/strong><\/p>[\/vc_column_text][\/vc_tta_section][vc_tta_section i_icon_fontawesome=&#8221;far fa-file-alt&#8221; add_icon=&#8221;true&#8221; title=&#8221;Acciones de mejora incorporadas&#8221; tab_id=&#8221;1663785525894-45b2ae99-11a5&#8243;][vc_column_text css=&#8221;&#8221;]<p class=\"bs-shortcode-alert alert alert-success alert-danger\"><a href=\"https:\/\/www.umv.gov.co\/portal\/acciones-de-mejora-incorporadas\/\" target=\"_blank\" rel=\"noopener\"><span style=\"color: #000000;\"><strong>Consultar Informaci\u00f3n por Vigencia<\/strong><\/span><\/a><\/p>[\/vc_column_text][\/vc_tta_section][vc_tta_section i_icon_fontawesome=&#8221;far fa-file-alt&#8221; add_icon=&#8221;true&#8221; title=&#8221;Participaci\u00f3n Ciudadana en el marco de las Rendiciones de Cuentas&#8221; tab_id=&#8221;1705709718303-e43a0155-2839&#8243;][vc_column_text css=&#8221;&#8221;]<p class=\"bs-shortcode-alert alert alert-danger\" style=\"text-align: center;\"><strong>Espacios de Participaci\u00f3n Ciudadana en el marco de las Rendiciones de Cuentas 2023 (Enero &#8211; Diciembre 2022)<\/strong><\/p>\n\n<ul>\n \t<li><a href=\"https:\/\/www.umv.gov.co\/portal\/wp-content\/uploads\/2024\/01\/PPT-Conversatorio-mujer-1.pptx\">Conversatorio Mujeres y Movilidad<\/a><\/li>\n<\/ul>\n<p class=\"bs-shortcode-alert alert alert-danger\" style=\"text-align: center;\"><strong>Espacios de Participaci\u00f3n Ciudadana en el marco de las Rendiciones de Cuentas 2023 (Enero &#8211; Diciembre 2022)<\/strong><\/p>\n\n<ul>\n \t<li><a href=\"https:\/\/www.umv.gov.co\/portal\/wp-content\/uploads\/2024\/01\/PPT-Conversatorio-mujer.pptx\">Conversatorio Mujeres y Movilidad<\/a><\/li>\n \t<li><a href=\"https:\/\/www.umv.gov.co\/portal\/wp-content\/uploads\/2024\/01\/29032023_Presentacion-Conversatorio-Accesibilidad.pptx\">Presentaci\u00f3n Conversatorio Accesibilidad, Movilidad Reducida y Adulto Mayor<\/a><\/li>\n \t<li><a href=\"https:\/\/www.umv.gov.co\/portal\/wp-content\/uploads\/2024\/01\/Ppt-conversatorio-territorio-1y2.pptx\">Conversatorio territorio 1 y 2<\/a><\/li>\n \t<li><a href=\"https:\/\/www.umv.gov.co\/portal\/wp-content\/uploads\/2024\/01\/Ppt-conversatorio-territorio-3.pptx\">Conversatorio territorio 3 <\/a><\/li>\n<\/ul>[\/vc_column_text][\/vc_tta_section][\/vc_tta_accordion][\/vc_column][\/vc_row]<\/div>","protected":false},"excerpt":{"rendered":"[vc_row pix_particles_check=&#8221;&#8221; css=&#8221;.vc_custom_1725637256706{margin-top: -20px !important;}&#8221;][vc_column][vc_column_text css=&#8221;&#8221;] &nbsp; [\/vc_column_text][\/vc_column][\/vc_row][vc_row pix_particles_check=&#8221;&#8221;][vc_column][vc_column_text css=&#8221;&#8221;]El proceso de rendici\u00f3n de cuentas se entiende como la obligaci\u00f3n de las entidades p\u00fablicas de informar, dialogar y dar respuesta clara, concreta y eficaz a las peticiones y necesidades de&#8230;","protected":false},"author":1,"featured_media":0,"parent":22252,"menu_order":0,"comment_status":"closed","ping_status":"closed","template":"","meta":{"_monsterinsights_skip_tracking":false,"_monsterinsights_sitenote_active":false,"_monsterinsights_sitenote_note":"","_monsterinsights_sitenote_category":0,"footnotes":""},"class_list":["post-22279","page","type-page","status-publish","hentry"],"_links":{"self":[{"href":"https:\/\/www.umv.gov.co\/portal\/wp-json\/wp\/v2\/pages\/22279","targetHints":{"allow":["GET"]}}],"collection":[{"href":"https:\/\/www.umv.gov.co\/portal\/wp-json\/wp\/v2\/pages"}],"about":[{"href":"https:\/\/www.umv.gov.co\/portal\/wp-json\/wp\/v2\/types\/page"}],"author":[{"embeddable":true,"href":"https:\/\/www.umv.gov.co\/portal\/wp-json\/wp\/v2\/users\/1"}],"replies":[{"embeddable":true,"href":"https:\/\/www.umv.gov.co\/portal\/wp-json\/wp\/v2\/comments?post=22279"}],"version-history":[{"count":2,"href":"https:\/\/www.umv.gov.co\/portal\/wp-json\/wp\/v2\/pages\/22279\/revisions"}],"predecessor-version":[{"id":54167,"href":"https:\/\/www.umv.gov.co\/portal\/wp-json\/wp\/v2\/pages\/22279\/revisions\/54167"}],"up":[{"embeddable":true,"href":"https:\/\/www.umv.gov.co\/portal\/wp-json\/wp\/v2\/pages\/22252"}],"wp:attachment":[{"href":"https:\/\/www.umv.gov.co\/portal\/wp-json\/wp\/v2\/media?parent=22279"}],"curies":[{"name":"wp","href":"https:\/\/api.w.org\/{rel}","templated":true}]}}