{"id":22273,"date":"2022-05-30T23:14:46","date_gmt":"2022-05-30T23:14:46","guid":{"rendered":"https:\/\/www.umv.gov.co\/portal\/?page_id=22273"},"modified":"2026-01-17T19:44:43","modified_gmt":"2026-01-17T19:44:43","slug":"colaboracion-e-innovacion-abierta","status":"publish","type":"page","link":"https:\/\/www.umv.gov.co\/portal\/participacion-ciudadana-2022\/colaboracion-e-innovacion-abierta\/","title":{"rendered":"Colaboraci\u00f3n e innovaci\u00f3n abierta"},"content":{"rendered":"<div class=\"wpb-content-wrapper\">[vc_row pix_particles_check=&#8221;&#8221; css=&#8221;.vc_custom_1725636934707{margin-top: -30px !important;}&#8221;][vc_column][vc_column_text css=&#8221;&#8221;]<table border=\"1\" width=\"100%\" cellspacing=\"0\" cellpadding=\"0\" align=\"center\">\n<tbody>\n<tr>\n<td style=\"text-align: center;\" bgcolor=\"#FFFFFF\"><strong><span style=\"color: #ffffff;\"><a href=\"https:\/\/www.umv.gov.co\/portal\/participacion-ciudadana-2022\/participacion-para-el-diagnostico-e-identificacion-de-necesidades\/\"><img loading=\"lazy\" decoding=\"async\" class=\"alignnone wp-image-49693\" src=\"https:\/\/www.umv.gov.co\/portal\/wp-content\/uploads\/2025\/08\/PaginaWeb_SeccionParticipa_Participa_20250801_ParticipacionIdentificacion-1-150x150.jpg\" alt=\"\" width=\"180\" height=\"163\" srcset=\"https:\/\/www.umv.gov.co\/portal\/wp-content\/uploads\/2025\/08\/PaginaWeb_SeccionParticipa_Participa_20250801_ParticipacionIdentificacion-1-300x272.jpg 300w, https:\/\/www.umv.gov.co\/portal\/wp-content\/uploads\/2025\/08\/PaginaWeb_SeccionParticipa_Participa_20250801_ParticipacionIdentificacion-1.jpg 400w\" sizes=\"auto, (max-width: 180px) 100vw, 180px\" \/><\/a><\/span><\/strong><\/td>\n<td bgcolor=\"#FFFFFF\"><a href=\"https:\/\/www.umv.gov.co\/portal\/participacion-ciudadana-2022\/planeacion-y-o-presupuesto-participativo\/\"><img loading=\"lazy\" decoding=\"async\" class=\"alignnone wp-image-49682\" src=\"https:\/\/www.umv.gov.co\/portal\/wp-content\/uploads\/2025\/08\/PaginaWeb_SeccionParticipa_Participa_20250801_PlaneacionPresupuesto-300x272.jpg\" alt=\"Participaci\u00f3n para la identificaci\u00f3n de problemas y diagn\u00f3stico de necesidades\" width=\"180\" height=\"163\" srcset=\"https:\/\/www.umv.gov.co\/portal\/wp-content\/uploads\/2025\/08\/PaginaWeb_SeccionParticipa_Participa_20250801_PlaneacionPresupuesto-300x272.jpg 300w, https:\/\/www.umv.gov.co\/portal\/wp-content\/uploads\/2025\/08\/PaginaWeb_SeccionParticipa_Participa_20250801_PlaneacionPresupuesto.jpg 400w\" sizes=\"auto, (max-width: 180px) 100vw, 180px\" \/><\/a><\/td>\n<td bgcolor=\"#FFFFFF\"><span style=\"color: #ffffff;\"><strong><a href=\"https:\/\/www.umv.gov.co\/portal\/participacion-ciudadana-2022\/participacion-y-consulta-ciudadana-de-proyectos-normas-politicas-o-programas\/\"><img loading=\"lazy\" decoding=\"async\" class=\"alignnone wp-image-49696\" src=\"https:\/\/www.umv.gov.co\/portal\/wp-content\/uploads\/2025\/08\/PaginaWeb_SeccionParticipa_Participa_20250801_ParticipacionConsulta-300x272.jpg\" alt=\"Participaci\u00f3n y consulta ciudadana\" width=\"180\" height=\"163\" srcset=\"https:\/\/www.umv.gov.co\/portal\/wp-content\/uploads\/2025\/08\/PaginaWeb_SeccionParticipa_Participa_20250801_ParticipacionConsulta-300x272.jpg 300w, https:\/\/www.umv.gov.co\/portal\/wp-content\/uploads\/2025\/08\/PaginaWeb_SeccionParticipa_Participa_20250801_ParticipacionConsulta.jpg 400w\" sizes=\"auto, (max-width: 180px) 100vw, 180px\" \/><\/a><\/strong><\/span><\/td>\n<td bgcolor=\"#FFFFFF\"><span style=\"color: #ffffff;\"><strong><a href=\"https:\/\/www.umv.gov.co\/portal\/participacion-ciudadana-2022\/colaboracion-e-innovacion-abierta\/\"><img loading=\"lazy\" decoding=\"async\" class=\"alignnone wp-image-49697\" src=\"https:\/\/www.umv.gov.co\/portal\/wp-content\/uploads\/2025\/08\/PaginaWeb_SeccionParticipa_Participa_20250801_ColaboracionInnovacion-300x272.jpg\" alt=\"Colaboraci\u00f3n e innovaci\u00f3n abierta\" width=\"180\" height=\"163\" srcset=\"https:\/\/www.umv.gov.co\/portal\/wp-content\/uploads\/2025\/08\/PaginaWeb_SeccionParticipa_Participa_20250801_ColaboracionInnovacion-300x272.jpg 300w, https:\/\/www.umv.gov.co\/portal\/wp-content\/uploads\/2025\/08\/PaginaWeb_SeccionParticipa_Participa_20250801_ColaboracionInnovacion.jpg 400w\" sizes=\"auto, (max-width: 180px) 100vw, 180px\" \/><\/a><\/strong><\/span><\/td>\n<td bgcolor=\"#FFFFFF\"><span style=\"color: #ffffff;\"><strong><a href=\"https:\/\/www.umv.gov.co\/portal\/participacion-ciudadana-2022\/rendicion-de-cuentas\/\"><img loading=\"lazy\" decoding=\"async\" class=\"alignnone wp-image-49698\" src=\"https:\/\/www.umv.gov.co\/portal\/wp-content\/uploads\/2025\/08\/PaginaWeb_SeccionParticipa_Participa_20250801_RendicionCuentas-300x272.jpg\" alt=\"Rendici\u00f3n de cuentas\" width=\"180\" height=\"163\" srcset=\"https:\/\/www.umv.gov.co\/portal\/wp-content\/uploads\/2025\/08\/PaginaWeb_SeccionParticipa_Participa_20250801_RendicionCuentas-300x272.jpg 300w, https:\/\/www.umv.gov.co\/portal\/wp-content\/uploads\/2025\/08\/PaginaWeb_SeccionParticipa_Participa_20250801_RendicionCuentas.jpg 400w\" sizes=\"auto, (max-width: 180px) 100vw, 180px\" \/><\/a>&nbsp;<\/strong><\/span><\/td>\n<td bgcolor=\"#FFFFFF\"><span style=\"color: #ffffff;\"><strong><a href=\"https:\/\/www.umv.gov.co\/portal\/participacion-ciudadana-2022\/control-social\/\"><img loading=\"lazy\" decoding=\"async\" class=\"alignnone wp-image-49699\" src=\"https:\/\/www.umv.gov.co\/portal\/wp-content\/uploads\/2025\/08\/PaginaWeb_SeccionParticipa_Participa_20250801_ControlSocial-1-300x272.jpg\" alt=\"Control social\" width=\"180\" height=\"163\" srcset=\"https:\/\/www.umv.gov.co\/portal\/wp-content\/uploads\/2025\/08\/PaginaWeb_SeccionParticipa_Participa_20250801_ControlSocial-1-300x272.jpg 300w, https:\/\/www.umv.gov.co\/portal\/wp-content\/uploads\/2025\/08\/PaginaWeb_SeccionParticipa_Participa_20250801_ControlSocial-1.jpg 400w\" sizes=\"auto, (max-width: 180px) 100vw, 180px\" \/><\/a><\/strong><\/span><\/td>\n<\/tr>\n<\/tbody>\n<\/table>[\/vc_column_text][\/vc_column][\/vc_row][vc_row pix_particles_check=&#8221;&#8221;][vc_column width=&#8221;1\/3&#8243;]<span class=\"pix-badge-element h6 d-inline-flex mr-1 \"  ><span class=\"badge font-weight-bold secondary-font  bg-secondary  vc_custom_1725636998617  \" style=\" \"><span class=\"text-white\" style=\"\">COLABORACI\u00d3N E INNOVACI\u00d3N ABIERTA<\/span><\/span><\/span>[vc_column_text css=&#8221;&#8221;]La colaboraci\u00f3n e innovaci\u00f3n abierta es entendida como la interacci\u00f3n con la ciudadan\u00eda a trav\u00e9s del uso de espacios de di\u00e1logo definidos como laboratorios de innovaci\u00f3n, que utilizan el conocimiento de los grupos de valor para comprender las problem\u00e1ticas o necesidades de una poblaci\u00f3n, con el fin de recibir ideas y propuestas de soluci\u00f3n, permitiendo seleccionar las m\u00e1s viables.[\/vc_column_text][\/vc_column][vc_column width=&#8221;2\/3&#8243;][vc_gallery interval=&#8221;3&#8243; images=&#8221;44404&#8243; img_size=&#8221;large&#8221; onclick=&#8221;custom_link&#8221; css=&#8221;&#8221; custom_links=&#8221;#E-8_aHR0cHMlM0ElMkYlMkZ3d3cudW12Lmdvdi5jbyUyRnBvcnRhbCUyRnBhcnRpY2lwYWNpb24tY2l1ZGFkYW5hJTJG&#8221;][\/vc_column][\/vc_row][vc_row pix_particles_check=&#8221;&#8221;][vc_column][vc_tta_accordion section_title_tag=&#8221;h6&#8243; style=&#8221;outline&#8221; color=&#8221;mulled-wine&#8221; active_section=&#8221;0&#8243; collapsible_all=&#8221;true&#8221;][vc_tta_section i_icon_fontawesome=&#8221;fas fa-server&#8221; add_icon=&#8221;true&#8221; title=&#8221;Convocatoria Reto Causas Ciudadanas&#8221; tab_id=&#8221;1682442101845-a6f4a344-bb1c&#8221;][vc_column_text css=&#8221;&#8221;]<p class=\"MuiTypography-root breadcrumb__main-title MuiTypography-h2 bs-shortcode-alert alert alert-success\"><span style=\"color: #000000;\"><strong><a style=\"color: #000000;\" href=\"https:\/\/participacion.gobiernoabiertobogota.gov.co\/causas\/contexto\/\" target=\"_blank\" rel=\"noopener\">CAUSAS CIUDADANAS, Postula las iniciativas de cambio. Clic aqu\u00ed<\/a><\/strong><\/span><\/p>\n<p class=\"bs-shortcode-alert alert alert-success\"><strong><a href=\"https:\/\/participacion.gobiernoabiertobogota.gov.co\/causas\/contexto\/\" target=\"_blank\" rel=\"noopener\"><span style=\"color: #000000;\">Consultar los retos Vigentes. Clic aqu\u00ed<\/span><\/a><\/strong><\/p>\n<p class=\"bs-shortcode-alert alert alert-success\"><a href=\"https:\/\/participacion.gobiernoabiertobogota.gov.co\/archivos\/36e7e82c-82ce-4988-8cb0-f467b39583e4\" target=\"_blank\" rel=\"noopener\"><span style=\"color: #000000;\"><strong>ABC de las Causas Ciudadanas<\/strong><\/span><\/a><\/p>\n<p class=\"bs-shortcode-alert alert alert-success\"><a href=\"https:\/\/participacion.gobiernoabiertobogota.gov.co\/causas\/contexto\/\" target=\"_blank\" rel=\"noopener\"><span style=\"color: #000000;\"><strong>Conoce los resultados<\/strong><\/span><\/a><\/p>[\/vc_column_text][\/vc_tta_section][\/vc_tta_accordion][\/vc_column][\/vc_row][vc_row pix_particles_check=&#8221;&#8221;][vc_column][vc_tta_accordion section_title_tag=&#8221;h6&#8243; style=&#8221;outline&#8221; color=&#8221;mulled-wine&#8221; active_section=&#8221;0&#8243; collapsible_all=&#8221;true&#8221;][vc_tta_section title=&#8221;Conoce&#8221; tab_id=&#8221;Conoce&#8221;][vc_column_text css=&#8221;&#8221;]<p class=\"bs-shortcode-alert alert alert-danger\"><strong><span style=\"color: #000000;\">\u00a1Conoce los ejercicios de participaci\u00f3n ciudadana de la UMV! <a style=\"color: #000000;\" href=\"https:\/\/www.umv.gov.co\/portal\/participacion-ciudadana\/\" target=\"_blank\" rel=\"noopener\">Clic Aqu\u00ed<\/a><\/span><\/strong><\/p>[\/vc_column_text][vc_column_text]<center><a href=\"https:\/\/www.umv.gov.co\/portal\/participacion-ciudadana\/\"><img loading=\"lazy\" decoding=\"async\" class=\"aligncenter wp-image-36701 size-full\" src=\"https:\/\/www.umv.gov.co\/portal\/wp-content\/uploads\/2024\/01\/enero0524.png\" alt=\"\u00a1Participa y construye! con la Unidad de Mantenimiento Vial la primera versi\u00f3n del Plan Anticorrupci\u00f3n y Atenci\u00f3n al Ciudadano (PAAC) \u2013 Programas de Transparencia y \u00c9tica P\u00fablica , enviando tus comentarios, sugerencias y recomendaciones al correo: participacionciudadana@umv.gov.co\" width=\"952\" height=\"352\" srcset=\"https:\/\/www.umv.gov.co\/portal\/wp-content\/uploads\/2024\/01\/enero0524.png 952w, https:\/\/www.umv.gov.co\/portal\/wp-content\/uploads\/2024\/01\/enero0524-300x111.png 300w, https:\/\/www.umv.gov.co\/portal\/wp-content\/uploads\/2024\/01\/enero0524-768x284.png 768w\" sizes=\"auto, (max-width: 952px) 100vw, 952px\" \/><\/a><\/center>[\/vc_column_text][vc_btn title=&#8221;Consultar Mapa de Riesgo Institucional Vigencia 2025&#8243; style=&#8221;gradient-custom&#8221; gradient_custom_color_2=&#8221;#bf381a&#8221; align=&#8221;center&#8221; css=&#8221;&#8221; button_block=&#8221;true&#8221; link=&#8221;url:https%3A%2F%2Fwww.umv.gov.co%2Fportal%2Fwp-content%2Fuploads%2F2025%2F01%2FMapa-de-Riesgos-Institucional-UAERMV-2025-V1.xlsx|target:_blank&#8221;][vc_column_text css=&#8221;&#8221;]<p class=\"bs-shortcode-alert alert alert-simple\" data-uw-styling-context=\"true\">Para la Unidad de Mantenimiento Vial es muy importante conocer sus aportes sobre nuestro Borrador de Mapa de Riesgos 2025, recuerda que este instrumento permite aumentar la probabilidad de alcanzar los objetivos de cada entidad, as\u00ed como mejorar el Gobierno y proteger los recursos del Estado.&nbsp; Cualquier observaci\u00f3n, comentario y\/o aporte al borrador puede ser enviado al correo: <strong><a href=\"mailto:participacionciudadana@umv.gov.co\" data-uw-styling-context=\"true\">participacionciudadana@umv.gov.co<\/a><\/strong><\/p>[\/vc_column_text][vc_column_text css=&#8221;&#8221;]Haz clic\u00a0<strong><a href=\"https:\/\/gobiernoabiertobogota.gov.co\/#\/transparencia\" data-uw-styling-context=\"true\">aqu\u00ed<\/a>\u00a0<\/strong>para conocer informaci\u00f3n clave sobre Bogot\u00e1 y su gesti\u00f3n. Podr\u00e1s encontrar recursos como las declaraciones de bienes y rentas de nuestro Director, las declaraciones de conflictos de inter\u00e9s; los datos abiertos del Distrito, as\u00ed como un visor del avance de nuestro Plan de Desarrollo y m\u00e1s![\/vc_column_text][vc_btn title=&#8221;GOBIERNO ABIERTO &#8220;TRANSPARENCIA&#8220;&#8221; style=&#8221;gradient-custom&#8221; gradient_custom_color_2=&#8221;#bf381a&#8221; align=&#8221;center&#8221; link=&#8221;url:https%3A%2F%2Fgobiernoabiertobogota.gov.co%2F%23%2Ftransparencia|target:_blank&#8221;][vc_btn title=&#8221;<b>CONOCE EL CRONOGRAMA DE LAS ACTIVIDADES DE PARTICIPACI\u00d3N CIUDADANA A\u00d1O 2024<\/b>&#8221; style=&#8221;gradient-custom&#8221; gradient_custom_color_2=&#8221;#bf381a&#8221; align=&#8221;center&#8221; link=&#8221;url:https%3A%2F%2Fwww.umv.gov.co%2Fportal%2Fwp-content%2Fuploads%2F2024%2F03%2Fcronograma-participacion-ciudadana-2024.pdf|target:_blank&#8221;][vc_btn title=&#8221;<b>ESTRATEGIA PLAN DE PARTICIPACI\u00d3N CIUDADANA UAERMV A\u00d1O 2025<\/b>&#8221; style=&#8221;gradient-custom&#8221; gradient_custom_color_2=&#8221;#bf381a&#8221; align=&#8221;center&#8221; css=&#8221;&#8221; link=&#8221;url:https%3A%2F%2Fwww.umv.gov.co%2Fportal%2Fwp-content%2Fuploads%2F2025%2F03%2FSRPIPL-001__V4_-_Plan_de_Participacion_Ciudadana_UAERMV.docx|target:_blank&#8221;][\/vc_tta_section][vc_tta_section title=&#8221;Propone&#8221; tab_id=&#8221;Propone&#8221;][vc_column_text css=&#8221;&#8221;]<p class=\"bs-shortcode-alert alert alert-danger\" data-uw-styling-context=\"true\"><span style=\"color: #000000;\"><strong>Si tienes alguna propuesta de los ejercicios de Participaci\u00f3n\u00a0 ciudadana y Rendici\u00f3n de Cuentas\u00a0 de la UAERMV env\u00edenos un coreo electr\u00f3nico a\u00a0 <a style=\"color: #000000;\" href=\"mailto:participacionciudadana@umv.gov.co\">participacionciudadana@umv.gov.co<\/a> o <a style=\"color: #000000;\" href=\"mailto:rendiciondecuentas@umv.gov.co\">rendiciondecuentas@umv.gov.co<\/a><\/strong><\/span><\/p>[\/vc_column_text][vc_column_text css=&#8221;&#8221;]Haz clic\u00a0<a href=\"https:\/\/bogota.gov.co\/sdqs\/\" target=\"_blank\" rel=\"noopener\" data-uw-styling-context=\"true\">aqu\u00ed<\/a> para enviarnos propuestas de mejora sobre nuestra gesti\u00f3n y nuestros servicios. Nos aseguraremos de discutir estas sugerencias en las sesiones de nuestro Comit\u00e9 Institucional y te daremos respuesta sobre su viabilidad.[\/vc_column_text][vc_btn title=&#8221;BOGOT\u00c1 TE ESCUCHA&#8221; style=&#8221;gradient-custom&#8221; gradient_custom_color_2=&#8221;#bf381a&#8221; align=&#8221;center&#8221; link=&#8221;url:https%3A%2F%2Fbogota.gov.co%2Fsdqs%2F|target:_blank&#8221;][vc_column_text css=&#8221;&#8221;]Cuando tus propuestas de mejora sean de competencia de m\u00e1s de una entidad, es posible que las discutamos tambi\u00e9n en los Comit\u00e9s Sectoriales e Intersectoriales que apliquen. En caso de que as\u00ed sea, te avisaremos en la respuesta.\n\u00bfNo sabes c\u00f3mo enviarnos sugerencias y propuestas de mejora? Consulta\u00a0<a href=\"https:\/\/bogota.gov.co\/sdqs\/videos\" target=\"_blank\" rel=\"noopener\" data-uw-styling-context=\"true\">aqu\u00ed un tutorial<\/a>[\/vc_column_text][vc_btn title=&#8221;VIDEO TUTORIAL DE BOGOT\u00c1 TE ESCUCHA&#8221; style=&#8221;gradient-custom&#8221; gradient_custom_color_2=&#8221;#bf381a&#8221; align=&#8221;center&#8221; link=&#8221;url:https%3A%2F%2Fbogota.gov.co%2Fsdqs%2Fvideos|target:_blank&#8221;][vc_column_text css=&#8221;&#8221;]Tambi\u00e9n puedes ingresar a LegalBog Participa\u00a0<a href=\"https:\/\/legalbog.secretariajuridica.gov.co\/regimen-legal-publico#\/acto-admin-publico\" target=\"_blank\" rel=\"noopener\" data-uw-styling-context=\"true\">aqu\u00ed<\/a>. A trav\u00e9s de LegalBog podr\u00e1s\u00a0<a href=\"https:\/\/www.secretariajuridica.gov.co\/user\/register?destination=\/legalbog-participa-es-el-nuevo-portal-en-donde-se-alojaran-las-normas-del-distrito%23comment-form\" target=\"_blank\" rel=\"noopener\" data-uw-styling-context=\"true\">registrarte<\/a>\u00a0o\u00a0<a href=\"https:\/\/www.secretariajuridica.gov.co\/user\/login?destination=\/legalbog-participa-es-el-nuevo-portal-en-donde-se-alojaran-las-normas-del-distrito%23comment-form\" target=\"_blank\" rel=\"noopener\" data-uw-styling-context=\"true\">ingresar<\/a>\u00a0de forma an\u00f3nima para conocer, comentar, sugerir y presentar propuestas alternativas frente a los proyectos de actos administrativos de contenido regulatorio que quieran expedir las diferentes entidades p\u00fablicas del Distrito Capital y el (la) Alcalde(sa) Mayor.[\/vc_column_text][vc_btn title=&#8221;LEGALBOG&#8221; style=&#8221;gradient-custom&#8221; gradient_custom_color_2=&#8221;#bf381a&#8221; align=&#8221;center&#8221; link=&#8221;url:https%3A%2F%2Flegalbog.secretariajuridica.gov.co%2Fregimen-legal-publico%23%2Facto-admin-publico|target:_blank&#8221;][vc_column_text css=&#8221;&#8221;]<p data-uw-styling-context=\"true\">Gracias a esta herramienta podremos medir la incidencia de la participaci\u00f3n en la producci\u00f3n normativa del Distrito, identificando los comentarios que contribuyan a su mejoramiento, y promoviendo un impacto democr\u00e1tico y participativo en Bogot\u00e1 en el marco del gobierno abierto.<\/p>\n<p data-uw-styling-context=\"true\">\u00a1Todos tus comentarios ser\u00e1n revisados y respondidos por la entidad responsable del proyecto de acto administrativo!<\/p>[\/vc_column_text][\/vc_tta_section][vc_tta_section title=&#8221;Prioriza&#8221; tab_id=&#8221;Prioriza&#8221;][vc_column_text css=&#8221;&#8221;]Haz clic\u00a0<strong><a href=\"https:\/\/gobiernoabiertobogota.gov.co\/#\/participacion\" data-uw-styling-context=\"true\">aqu\u00ed<\/a><\/strong>\u00a0para hacer parte de todas las estrategias de participaci\u00f3n que tenemos. Podr\u00e1s proponer tus propias causas ciudadanas, votar en los procesos electorales de las instancias locales, y decidir en qu\u00e9 se deben invertir los recursos de tu localidad a trav\u00e9s de los presupuestos participativos.[\/vc_column_text][vc_btn title=&#8221;GOBIERNO ABIERTO &#8220;PARTICIPA&#8220;&#8221; style=&#8221;gradient-custom&#8221; gradient_custom_color_2=&#8221;#bf381a&#8221; align=&#8221;center&#8221; link=&#8221;url:https%3A%2F%2Fgobiernoabiertobogota.gov.co%2F%23%2Fparticipacion|target:_blank&#8221;][\/vc_tta_section][\/vc_tta_accordion][\/vc_column][\/vc_row][vc_row pix_particles_check=&#8221;&#8221;][vc_column][vc_btn title=&#8221;<b>Proyectos de Innovaci\u00f3n en la UAERMV<\/b>&#8221; style=&#8221;gradient-custom&#8221; gradient_custom_color_2=&#8221;#dd3333&#8243; align=&#8221;center&#8221; i_icon_fontawesome=&#8221;far fa-hand-pointer&#8221; add_icon=&#8221;true&#8221; link=&#8221;url:https%3A%2F%2Fwww.umv.gov.co%2Fportal%2Finnovacion-para-la-conservacion-vial%2F|target:_blank&#8221;][\/vc_column][\/vc_row]<\/div>","protected":false},"excerpt":{"rendered":"[vc_row pix_particles_check=&#8221;&#8221; css=&#8221;.vc_custom_1725636934707{margin-top: -30px !important;}&#8221;][vc_column][vc_column_text css=&#8221;&#8221;] &nbsp; [\/vc_column_text][\/vc_column][\/vc_row][vc_row pix_particles_check=&#8221;&#8221;][vc_column width=&#8221;1\/3&#8243;][vc_column_text css=&#8221;&#8221;]La colaboraci\u00f3n e innovaci\u00f3n abierta es entendida como la interacci\u00f3n con la ciudadan\u00eda a trav\u00e9s del uso de espacios de di\u00e1logo definidos como laboratorios de innovaci\u00f3n, que utilizan el conocimiento&#8230;","protected":false},"author":1,"featured_media":0,"parent":22252,"menu_order":0,"comment_status":"closed","ping_status":"closed","template":"","meta":{"_monsterinsights_skip_tracking":false,"_monsterinsights_sitenote_active":false,"_monsterinsights_sitenote_note":"","_monsterinsights_sitenote_category":0,"footnotes":""},"class_list":["post-22273","page","type-page","status-publish","hentry"],"_links":{"self":[{"href":"https:\/\/www.umv.gov.co\/portal\/wp-json\/wp\/v2\/pages\/22273","targetHints":{"allow":["GET"]}}],"collection":[{"href":"https:\/\/www.umv.gov.co\/portal\/wp-json\/wp\/v2\/pages"}],"about":[{"href":"https:\/\/www.umv.gov.co\/portal\/wp-json\/wp\/v2\/types\/page"}],"author":[{"embeddable":true,"href":"https:\/\/www.umv.gov.co\/portal\/wp-json\/wp\/v2\/users\/1"}],"replies":[{"embeddable":true,"href":"https:\/\/www.umv.gov.co\/portal\/wp-json\/wp\/v2\/comments?post=22273"}],"version-history":[{"count":1,"href":"https:\/\/www.umv.gov.co\/portal\/wp-json\/wp\/v2\/pages\/22273\/revisions"}],"predecessor-version":[{"id":54165,"href":"https:\/\/www.umv.gov.co\/portal\/wp-json\/wp\/v2\/pages\/22273\/revisions\/54165"}],"up":[{"embeddable":true,"href":"https:\/\/www.umv.gov.co\/portal\/wp-json\/wp\/v2\/pages\/22252"}],"wp:attachment":[{"href":"https:\/\/www.umv.gov.co\/portal\/wp-json\/wp\/v2\/media?parent=22273"}],"curies":[{"name":"wp","href":"https:\/\/api.w.org\/{rel}","templated":true}]}}