{"id":22260,"date":"2022-05-30T20:45:46","date_gmt":"2022-05-30T20:45:46","guid":{"rendered":"https:\/\/www.umv.gov.co\/portal\/?page_id=22260"},"modified":"2026-01-17T19:57:00","modified_gmt":"2026-01-17T19:57:00","slug":"participacion-para-el-diagnostico-e-identificacion-de-necesidades","status":"publish","type":"page","link":"https:\/\/www.umv.gov.co\/portal\/participacion-ciudadana-2022\/participacion-para-el-diagnostico-e-identificacion-de-necesidades\/","title":{"rendered":"Participaci\u00f3n para el diagn\u00f3stico e identificaci\u00f3n de necesidades"},"content":{"rendered":"<div class=\"wpb-content-wrapper\">[vc_row pix_particles_check=&#8221;&#8221; css=&#8221;.vc_custom_1725635377778{margin-top: -20px !important;}&#8221;][vc_column][vc_column_text css=&#8221;&#8221;]<table border=\"1\" width=\"100%\" cellspacing=\"0\" cellpadding=\"0\" align=\"center\">\n<tbody>\n<tr>\n<td style=\"text-align: center;\" bgcolor=\"#FFFFFF\"><strong><span style=\"color: #ffffff;\"><a href=\"https:\/\/www.umv.gov.co\/portal\/participacion-ciudadana-2022\/participacion-para-el-diagnostico-e-identificacion-de-necesidades\/\"><img loading=\"lazy\" decoding=\"async\" class=\"alignnone wp-image-49693\" src=\"https:\/\/www.umv.gov.co\/portal\/wp-content\/uploads\/2025\/08\/PaginaWeb_SeccionParticipa_Participa_20250801_ParticipacionIdentificacion-1-150x150.jpg\" alt=\"\" width=\"180\" height=\"163\" srcset=\"https:\/\/www.umv.gov.co\/portal\/wp-content\/uploads\/2025\/08\/PaginaWeb_SeccionParticipa_Participa_20250801_ParticipacionIdentificacion-1-300x272.jpg 300w, https:\/\/www.umv.gov.co\/portal\/wp-content\/uploads\/2025\/08\/PaginaWeb_SeccionParticipa_Participa_20250801_ParticipacionIdentificacion-1.jpg 400w\" sizes=\"auto, (max-width: 180px) 100vw, 180px\" \/><\/a><\/span><\/strong><\/td>\n<td bgcolor=\"#FFFFFF\"><a href=\"https:\/\/www.umv.gov.co\/portal\/participacion-ciudadana-2022\/planeacion-y-o-presupuesto-participativo\/\"><img loading=\"lazy\" decoding=\"async\" class=\"alignnone wp-image-49682\" src=\"https:\/\/www.umv.gov.co\/portal\/wp-content\/uploads\/2025\/08\/PaginaWeb_SeccionParticipa_Participa_20250801_PlaneacionPresupuesto-300x272.jpg\" alt=\"Participaci\u00f3n para la identificaci\u00f3n de problemas y diagn\u00f3stico de necesidades\" width=\"180\" height=\"163\" srcset=\"https:\/\/www.umv.gov.co\/portal\/wp-content\/uploads\/2025\/08\/PaginaWeb_SeccionParticipa_Participa_20250801_PlaneacionPresupuesto-300x272.jpg 300w, https:\/\/www.umv.gov.co\/portal\/wp-content\/uploads\/2025\/08\/PaginaWeb_SeccionParticipa_Participa_20250801_PlaneacionPresupuesto.jpg 400w\" sizes=\"auto, (max-width: 180px) 100vw, 180px\" \/><\/a><\/td>\n<td bgcolor=\"#FFFFFF\"><span style=\"color: #ffffff;\"><strong><a href=\"https:\/\/www.umv.gov.co\/portal\/participacion-ciudadana-2022\/participacion-y-consulta-ciudadana-de-proyectos-normas-politicas-o-programas\/\"><img loading=\"lazy\" decoding=\"async\" class=\"alignnone wp-image-49696\" src=\"https:\/\/www.umv.gov.co\/portal\/wp-content\/uploads\/2025\/08\/PaginaWeb_SeccionParticipa_Participa_20250801_ParticipacionConsulta-300x272.jpg\" alt=\"Participaci\u00f3n y consulta ciudadana\" width=\"180\" height=\"163\" srcset=\"https:\/\/www.umv.gov.co\/portal\/wp-content\/uploads\/2025\/08\/PaginaWeb_SeccionParticipa_Participa_20250801_ParticipacionConsulta-300x272.jpg 300w, https:\/\/www.umv.gov.co\/portal\/wp-content\/uploads\/2025\/08\/PaginaWeb_SeccionParticipa_Participa_20250801_ParticipacionConsulta.jpg 400w\" sizes=\"auto, (max-width: 180px) 100vw, 180px\" \/><\/a><\/strong><\/span><\/td>\n<td bgcolor=\"#FFFFFF\"><span style=\"color: #ffffff;\"><strong><a href=\"https:\/\/www.umv.gov.co\/portal\/participacion-ciudadana-2022\/colaboracion-e-innovacion-abierta\/\"><img loading=\"lazy\" decoding=\"async\" class=\"alignnone wp-image-49697\" src=\"https:\/\/www.umv.gov.co\/portal\/wp-content\/uploads\/2025\/08\/PaginaWeb_SeccionParticipa_Participa_20250801_ColaboracionInnovacion-300x272.jpg\" alt=\"Colaboraci\u00f3n e innovaci\u00f3n abierta\" width=\"180\" height=\"163\" srcset=\"https:\/\/www.umv.gov.co\/portal\/wp-content\/uploads\/2025\/08\/PaginaWeb_SeccionParticipa_Participa_20250801_ColaboracionInnovacion-300x272.jpg 300w, https:\/\/www.umv.gov.co\/portal\/wp-content\/uploads\/2025\/08\/PaginaWeb_SeccionParticipa_Participa_20250801_ColaboracionInnovacion.jpg 400w\" sizes=\"auto, (max-width: 180px) 100vw, 180px\" \/><\/a><\/strong><\/span><\/td>\n<td bgcolor=\"#FFFFFF\"><span style=\"color: #ffffff;\"><strong><a href=\"https:\/\/www.umv.gov.co\/portal\/participacion-ciudadana-2022\/rendicion-de-cuentas\/\"><img loading=\"lazy\" decoding=\"async\" class=\"alignnone wp-image-49698\" src=\"https:\/\/www.umv.gov.co\/portal\/wp-content\/uploads\/2025\/08\/PaginaWeb_SeccionParticipa_Participa_20250801_RendicionCuentas-300x272.jpg\" alt=\"Rendici\u00f3n de cuentas\" width=\"180\" height=\"163\" srcset=\"https:\/\/www.umv.gov.co\/portal\/wp-content\/uploads\/2025\/08\/PaginaWeb_SeccionParticipa_Participa_20250801_RendicionCuentas-300x272.jpg 300w, https:\/\/www.umv.gov.co\/portal\/wp-content\/uploads\/2025\/08\/PaginaWeb_SeccionParticipa_Participa_20250801_RendicionCuentas.jpg 400w\" sizes=\"auto, (max-width: 180px) 100vw, 180px\" \/><\/a>&nbsp;<\/strong><\/span><\/td>\n<td bgcolor=\"#FFFFFF\"><span style=\"color: #ffffff;\"><strong><a href=\"https:\/\/www.umv.gov.co\/portal\/participacion-ciudadana-2022\/control-social\/\"><img loading=\"lazy\" decoding=\"async\" class=\"alignnone wp-image-49699\" src=\"https:\/\/www.umv.gov.co\/portal\/wp-content\/uploads\/2025\/08\/PaginaWeb_SeccionParticipa_Participa_20250801_ControlSocial-1-300x272.jpg\" alt=\"Control social\" width=\"180\" height=\"163\" srcset=\"https:\/\/www.umv.gov.co\/portal\/wp-content\/uploads\/2025\/08\/PaginaWeb_SeccionParticipa_Participa_20250801_ControlSocial-1-300x272.jpg 300w, https:\/\/www.umv.gov.co\/portal\/wp-content\/uploads\/2025\/08\/PaginaWeb_SeccionParticipa_Participa_20250801_ControlSocial-1.jpg 400w\" sizes=\"auto, (max-width: 180px) 100vw, 180px\" \/><\/a><\/strong><\/span><\/td>\n<\/tr>\n<\/tbody>\n<\/table>[\/vc_column_text][\/vc_column][\/vc_row][vc_row pix_particles_check=&#8221;&#8221;][vc_column]<span class=\"pix-badge-element h6 d-inline-flex mr-1 \"  ><span class=\"badge font-weight-bold secondary-font  bg-secondary  vc_custom_1740756260857  \" style=\" \"><span class=\"text-white\" style=\"\">PARTICIPACI\u00d3N PARA EL DIAGN\u00d3STICO E IDENTIFICACI\u00d3N DE NECESIDADES<\/span><\/span><\/span>[vc_column_text css=&#8221;&#8221;]La participaci\u00f3n para el diagn\u00f3stico e identificaci\u00f3n de necesidades hace parte de las fases del proceso de planeaci\u00f3n participativa y consiste en la vinculaci\u00f3n de los ciudadanos en la recolecci\u00f3n y an\u00e1lisis de informaci\u00f3n para que la UMV tenga la capacidad de caracterizar adecuadamente la situaci\u00f3n abordada e identificar problem\u00e1ticas de sus grupos de valor.\n\nEsta fase es desarrollada en dos grandes etapas; en primer lugar, es necesario identificar las particularidades de los ciudadanos usuarios o interesados con los cuales interact\u00faa la Entidad con tres prop\u00f3sitos: i) mejorar la oferta de servicios; ii) promover la participaci\u00f3n; y iii) Adecuar la comunicaci\u00f3n.\n\nEn segundo lugar, es fundamental poner a disposici\u00f3n de los ciudadanos, ejercicios de diagn\u00f3stico de necesidades sectoriales para que puedan disponer de informaci\u00f3n relevante para su an\u00e1lisis y posterior participaci\u00f3n en el proceso de identificaci\u00f3n de problem\u00e1ticas y diagn\u00f3stico de necesidades.[\/vc_column_text][\/vc_column][\/vc_row][vc_row pix_particles_check=&#8221;&#8221;][vc_column][vc_tta_accordion section_title_tag=&#8221;h6&#8243; style=&#8221;outline&#8221; color=&#8221;mulled-wine&#8221; active_section=&#8221;0&#8243; collapsible_all=&#8221;true&#8221;][vc_tta_section i_icon_fontawesome=&#8221;fas fa-digital-tachograph&#8221; add_icon=&#8221;true&#8221; title=&#8221;Temas de Inter\u00e9s&#8221; tab_id=&#8221;Caja-de-herramientas&#8221;][vc_column_text css=&#8221;&#8221;]Desde la Unidad de Mantenimiento Vial lo invitamos a consultar el plan de participaci\u00f3n ciudadana 2023 (borrador) junto con su cronograma, esto con el prop\u00f3sito de recibir comentarios, observaciones y aportes de parte de ustedes para que este documento pueda responder a las necesidades de nuestros grupos de valor.&nbsp;&nbsp;En ese sentido, leemos sus propuestas de mejora en el correo:&nbsp;<a href=\"mailto:participacionciudadana@umv.gov.co\">participacionciudadana@umv.gov.co<\/a>\n<div class=\"bs-shortcode-alert alert alert-danger\">\n\n<a href=\"https:\/\/www.umv.gov.co\/portal\/wp-content\/uploads\/2025\/03\/SRPIPL-001__V4_-_Plan_de_Participacion_Ciudadana_UAERMV.docx\" target=\"_blank\" rel=\"noopener\"><span style=\"color: #000000;\"><b>Consultar Borrador del Plan de Participaci\u00f3n Ciudadana 202<\/b><\/span><span style=\"color: #000000;\"><b>5<\/b><\/span><\/a>\n\n<\/div>[\/vc_column_text][\/vc_tta_section][vc_tta_section i_icon_fontawesome=&#8221;fas fa-digital-tachograph&#8221; add_icon=&#8221;true&#8221; title=&#8221;Caja de herramientas&#8221; tab_id=&#8221;1681427503749-d9fd7448-b720&#8243;][vc_column_text css=&#8221;&#8221;]<span style=\"color: #000000;\">En este espacio la Unidad de Mantenimiento Vial dispondr\u00e1 informaci\u00f3n que le permita al ciudadano apropiar conocimiento en pro de descubrir y usar la informaci\u00f3n p\u00fablica.<\/span>\n\n&nbsp;\n<div class=\"bs-shortcode-alert alert alert-danger\">\n<h6><span style=\"color: #000000;\"><a style=\"color: #000000;\" href=\"https:\/\/www.umv.gov.co\/portal\/datos-abiertos-umv\/\" target=\"_blank\" rel=\"noopener\"><b>Consultar Datos Abiertos UMV<\/b><\/a><\/span><\/h6>\n<\/div>\n<h6 class=\"bs-shortcode-alert alert alert-danger\"><strong><a href=\"https:\/\/datosabiertos.bogota.gov.co\/dataset?q=idu\" target=\"_blank\" rel=\"noopener\"><span style=\"color: #000000;\">Consultar Datos Abiertos del Sector&nbsp; (IDU)<\/span><\/a><\/strong><\/h6>\n<div class=\"bs-shortcode-alert alert alert-simple\"><center><iframe loading=\"lazy\" title=\"YouTube video player\" src=\"https:\/\/www.youtube.com\/embed\/ORMSI_ycGUU\" width=\"860\" height=\"515\" frameborder=\"0\" allowfullscreen=\"allowfullscreen\"><\/iframe><\/center><\/div>[\/vc_column_text][\/vc_tta_section][vc_tta_section i_icon_fontawesome=&#8221;far fa-id-card&#8221; add_icon=&#8221;true&#8221; title=&#8221;Herramienta de evaluaci\u00f3n&#8221; tab_id=&#8221;Herramienta-de-evaluacion&#8221;][vc_column_text css=&#8221;&#8221;]<p class=\"bs-shortcode-alert alert alert-danger\"><span style=\"color: #000000;\"><strong><a style=\"color: #000000;\" href=\"https:\/\/www.umv.gov.co\/portal\/encuesta-evaluacion-de-espacios-de-participacion\/\" target=\"_blank\" rel=\"noopener\">Diligenciar la Encuesta Evaluaci\u00f3n de Espacios de Participaci\u00f3n Clic aqu\u00ed<\/a><\/strong><\/span><\/p>[\/vc_column_text][\/vc_tta_section][vc_tta_section i_icon_fontawesome=&#8221;fas fa-file-image&#8221; add_icon=&#8221;true&#8221; title=&#8221;Resultados Ejercicios de Diagn\u00f3stico e identificaci\u00f3n de problemas&#8221; tab_id=&#8221;Resultados-Ejercicios-de-Diagnostico&#8221;][vc_column_text css=&#8221;&#8221;]<p class=\"bs-shortcode-alert alert alert-danger\"><span style=\"color: #000000;\"><strong><a style=\"color: #000000;\" href=\"https:\/\/www.umv.gov.co\/portal\/wp-content\/uploads\/2022\/09\/Analisis_RESULTADOS_DE_ENCUESTAS-_REDES-SOCIALES-1.xlsx\">An\u00e1lisis Resultados de Encuestas Redes Sociales<\/a><\/strong><\/span><\/p>\n<p class=\"bs-shortcode-alert alert alert-danger\"><a href=\"https:\/\/www.umv.gov.co\/portal\/wp-content\/uploads\/2022\/03\/Informe-encuesta-de-percepcion-ciudadana-pagiana-web-2.pdf\" target=\"_blank\" rel=\"noopener\"><span style=\"color: #000000;\"><strong>An\u00e1lisis de Resultados de Percepci\u00f3n de la Ciudadan\u00eda y Grupos de Valor P\u00e1gina web<\/strong><\/span><\/a><\/p>\n\n<div><\/div>[\/vc_column_text][\/vc_tta_section][\/vc_tta_accordion][\/vc_column][\/vc_row][vc_row pix_particles_check=&#8221;&#8221;][vc_column][\/vc_column][\/vc_row]<\/div>","protected":false},"excerpt":{"rendered":"[vc_row pix_particles_check=&#8221;&#8221; css=&#8221;.vc_custom_1725635377778{margin-top: -20px !important;}&#8221;][vc_column][vc_column_text css=&#8221;&#8221;] &nbsp; [\/vc_column_text][\/vc_column][\/vc_row][vc_row pix_particles_check=&#8221;&#8221;][vc_column][vc_column_text css=&#8221;&#8221;]La participaci\u00f3n para el diagn\u00f3stico e identificaci\u00f3n de necesidades hace parte de las fases del proceso de planeaci\u00f3n participativa y consiste en la vinculaci\u00f3n de los ciudadanos en la recolecci\u00f3n y&#8230;","protected":false},"author":1,"featured_media":0,"parent":22252,"menu_order":0,"comment_status":"closed","ping_status":"closed","template":"","meta":{"_monsterinsights_skip_tracking":false,"_monsterinsights_sitenote_active":false,"_monsterinsights_sitenote_note":"","_monsterinsights_sitenote_category":0,"footnotes":""},"class_list":["post-22260","page","type-page","status-publish","hentry"],"_links":{"self":[{"href":"https:\/\/www.umv.gov.co\/portal\/wp-json\/wp\/v2\/pages\/22260","targetHints":{"allow":["GET"]}}],"collection":[{"href":"https:\/\/www.umv.gov.co\/portal\/wp-json\/wp\/v2\/pages"}],"about":[{"href":"https:\/\/www.umv.gov.co\/portal\/wp-json\/wp\/v2\/types\/page"}],"author":[{"embeddable":true,"href":"https:\/\/www.umv.gov.co\/portal\/wp-json\/wp\/v2\/users\/1"}],"replies":[{"embeddable":true,"href":"https:\/\/www.umv.gov.co\/portal\/wp-json\/wp\/v2\/comments?post=22260"}],"version-history":[{"count":2,"href":"https:\/\/www.umv.gov.co\/portal\/wp-json\/wp\/v2\/pages\/22260\/revisions"}],"predecessor-version":[{"id":54174,"href":"https:\/\/www.umv.gov.co\/portal\/wp-json\/wp\/v2\/pages\/22260\/revisions\/54174"}],"up":[{"embeddable":true,"href":"https:\/\/www.umv.gov.co\/portal\/wp-json\/wp\/v2\/pages\/22252"}],"wp:attachment":[{"href":"https:\/\/www.umv.gov.co\/portal\/wp-json\/wp\/v2\/media?parent=22260"}],"curies":[{"name":"wp","href":"https:\/\/api.w.org\/{rel}","templated":true}]}}