{"id":22252,"date":"2022-05-30T20:30:58","date_gmt":"2022-05-30T20:30:58","guid":{"rendered":"https:\/\/www.umv.gov.co\/portal\/?page_id=22252"},"modified":"2026-01-17T19:38:13","modified_gmt":"2026-01-17T19:38:13","slug":"participacion-ciudadana-2022","status":"publish","type":"page","link":"https:\/\/www.umv.gov.co\/portal\/participacion-ciudadana-2022\/","title":{"rendered":"Participaci\u00f3n Ciudadana"},"content":{"rendered":"<div class=\"wpb-content-wrapper\">[vc_row pix_particles_check=&#8221;&#8221; css=&#8221;.vc_custom_1725054383675{margin-top: -20px !important;}&#8221;][vc_column]<span class=\"pix-badge-element h5 d-inline-flex mr-1 \"  ><span class=\"badge font-weight-bold secondary-font  bg-secondary  vc_custom_1725055093045  \" style=\" \"><span class=\"text-white\" style=\"\">Participa:<\/span><\/span><\/span>[\/vc_column][\/vc_row][vc_row pix_particles_check=&#8221;&#8221;][vc_column][vc_tta_accordion title_tag=&#8221;h5&#8243; section_title_tag=&#8221;h6&#8243; style=&#8221;outline&#8221; color=&#8221;mulled-wine&#8221; active_section=&#8221;0&#8243; collapsible_all=&#8221;true&#8221;][vc_tta_section title=&#8221;Ver Introducci\u00f3n&#8221; tab_id=&#8221;introduccion&#8221;][vc_column_text css=&#8221;.vc_custom_1740756412612{background-color: #F6F6F6 !important;}&#8221;]<p class=\"bs-shortcode-alert alert alert-simple\" align=\"justify\">Aqu\u00ed encontrar\u00e1 informaci\u00f3n sobre los espacios y acciones de participaci\u00f3n que la Unidad Administrativa Especial de Rehabilitaci\u00f3n y Mantenimiento Vial, UAERMV, dispone a la ciudadan\u00eda en cumplimiento de la pol\u00edtica de participaci\u00f3n ciudadana con el prop\u00f3sito de fortalecer la relaci\u00f3n entre la Entidad y la ciudadan\u00eda, los grupos de inter\u00e9s y de valor, permitiendo que los ciudadanos influyan e impacten en las decisiones y acciones p\u00fablicas de la Entidad, tomando como referencia las fases del ciclo de la gesti\u00f3n p\u00fablica que permiten: diagn\u00f3stico, formulaci\u00f3n, implementaci\u00f3n, evaluaci\u00f3n y seguimiento de los programas y proyectos de la Entidad, a partir de lo establecido en: la Ley 1757 de 2015, la Ley 1712 de 2014, la Ley 489 de 1998, el Decreto 1499 de 2017, la Resoluci\u00f3n 1519 de 2020 del Ministerio de Tecnolog\u00edas de la informaci\u00f3n y las Comunicaciones, as\u00ed como los lineamientos y orientaciones del Departamento Administrativo de la Funci\u00f3n P\u00fablica.\nEste men\u00fa est\u00e1 integrado por seis (6) secciones: a) Participaci\u00f3n para el diagn\u00f3stico de necesidades e identificaci\u00f3n de problemas; b) planeaci\u00f3n y presupuesto participativo; c) Participaci\u00f3n y consulta ciudadana; d) colaboraci\u00f3n e innovaci\u00f3n abierta; e) Rendici\u00f3n de Cuentas; y f) control social.\nLo invitamos a conocer en qu\u00e9 consiste cada una de las secciones y c\u00f3mo participar, haciendo clic sobre los botones:[\/vc_column_text][\/vc_tta_section][\/vc_tta_accordion][\/vc_column][\/vc_row][vc_row pix_particles_check=&#8221;&#8221; css=&#8221;.vc_custom_1725054641937{margin-top: 25px !important;}&#8221;][vc_column width=&#8221;1\/3&#8243;]<div class=\"pix-content-box card      vc_custom_1726171191587    rounded-lg  bg- w-100  \"    ><div class=\"\" style=\"z-index:30;position:relative;\"><div id=\"img-321b0c33f4f411a3613c651c8831a5c5\" class=\"pix-img-element d-inline-block \"  ><div class=\"animate-in d-inline-block\" data-anim-type=\"fade-in-up-big\" data-anim-delay=\"0\"><a href=\"https:\/\/www.umv.gov.co\/portal\/participacion-ciudadana-2022\/participacion-para-el-diagnostico-e-identificacion-de-necesidades\/\"  class=\"pix-img-el     text-left d-inline-block  rounded-0\"  aria-label=\"Image link\"><img loading=\"lazy\" decoding=\"async\" width=\"400\" height=\"362\" src=\"https:\/\/www.umv.gov.co\/portal\/wp-content\/uploads\/2025\/08\/PaginaWeb_SeccionParticipa_Participa_20250801_ParticipacionIdentificacion-1.jpg\" class=\"pix-img-elem rounded-0\" alt=\"Image link\" srcset=\"https:\/\/www.umv.gov.co\/portal\/wp-content\/uploads\/2025\/08\/PaginaWeb_SeccionParticipa_Participa_20250801_ParticipacionIdentificacion-1.jpg 400w, https:\/\/www.umv.gov.co\/portal\/wp-content\/uploads\/2025\/08\/PaginaWeb_SeccionParticipa_Participa_20250801_ParticipacionIdentificacion-1-300x272.jpg 300w\" sizes=\"auto, (max-width: 400px) 100vw, 400px\" \/><\/a><\/div><\/div><\/div><\/div><div class=\"pix-content-box card      vc_custom_1726171327363    rounded-lg  bg- w-100  \"    ><div class=\"\" style=\"z-index:30;position:relative;\"><div id=\"img-b9e5f5293b08a8bff52737d547159cc7\" class=\"pix-img-element d-inline-block \"  ><a href=\"https:\/\/www.umv.gov.co\/portal\/participacion-ciudadana-2022\/colaboracion-e-innovacion-abierta\/\"  class=\"pix-img-el     text-left d-inline-block  rounded-0\"  aria-label=\"Image link\"><img loading=\"lazy\" decoding=\"async\" width=\"400\" height=\"362\" src=\"https:\/\/www.umv.gov.co\/portal\/wp-content\/uploads\/2025\/08\/PaginaWeb_SeccionParticipa_Participa_20250801_ColaboracionInnovacion.jpg\" class=\"pix-img-elem rounded-0\" alt=\"Image link\" srcset=\"https:\/\/www.umv.gov.co\/portal\/wp-content\/uploads\/2025\/08\/PaginaWeb_SeccionParticipa_Participa_20250801_ColaboracionInnovacion.jpg 400w, https:\/\/www.umv.gov.co\/portal\/wp-content\/uploads\/2025\/08\/PaginaWeb_SeccionParticipa_Participa_20250801_ColaboracionInnovacion-300x272.jpg 300w\" sizes=\"auto, (max-width: 400px) 100vw, 400px\" \/><\/a><\/div><\/div><\/div>[\/vc_column][vc_column width=&#8221;1\/3&#8243;]<div class=\"pix-content-box card      vc_custom_1726171191587    rounded-lg  bg- w-100  \"    ><div class=\"\" style=\"z-index:30;position:relative;\"><div id=\"img-2ff20aaf206bccd80d20737529b0004d\" class=\"pix-img-element d-inline-block \"  ><a href=\"https:\/\/www.umv.gov.co\/portal\/participacion-ciudadana-2022\/planeacion-y-o-presupuesto-participativo\/\"  class=\"pix-img-el     text-left d-inline-block  rounded-0\"  aria-label=\"Image link\"><img loading=\"lazy\" decoding=\"async\" width=\"400\" height=\"362\" src=\"https:\/\/www.umv.gov.co\/portal\/wp-content\/uploads\/2025\/08\/PaginaWeb_SeccionParticipa_Participa_20250801_PlaneacionPresupuesto.jpg\" class=\"pix-img-elem rounded-0\" alt=\"Image link\" srcset=\"https:\/\/www.umv.gov.co\/portal\/wp-content\/uploads\/2025\/08\/PaginaWeb_SeccionParticipa_Participa_20250801_PlaneacionPresupuesto.jpg 400w, https:\/\/www.umv.gov.co\/portal\/wp-content\/uploads\/2025\/08\/PaginaWeb_SeccionParticipa_Participa_20250801_PlaneacionPresupuesto-300x272.jpg 300w\" sizes=\"auto, (max-width: 400px) 100vw, 400px\" \/><\/a><\/div><\/div><\/div><div class=\"pix-content-box card      vc_custom_1726171327363    rounded-lg  bg- w-100  \"    ><div class=\"\" style=\"z-index:30;position:relative;\"><div id=\"img-75e27513002d9f1f6ec881a473f4a78a\" class=\"pix-img-element d-inline-block \"  ><a href=\"https:\/\/www.umv.gov.co\/portal\/participacion-ciudadana-2022\/rendicion-de-cuentas\/\"  class=\"pix-img-el     text-left d-inline-block  rounded-0\"  aria-label=\"Image link\"><img loading=\"lazy\" decoding=\"async\" width=\"400\" height=\"362\" src=\"https:\/\/www.umv.gov.co\/portal\/wp-content\/uploads\/2025\/08\/PaginaWeb_SeccionParticipa_Participa_20250801_RendicionCuentas.jpg\" class=\"pix-img-elem rounded-0\" alt=\"Image link\" srcset=\"https:\/\/www.umv.gov.co\/portal\/wp-content\/uploads\/2025\/08\/PaginaWeb_SeccionParticipa_Participa_20250801_RendicionCuentas.jpg 400w, https:\/\/www.umv.gov.co\/portal\/wp-content\/uploads\/2025\/08\/PaginaWeb_SeccionParticipa_Participa_20250801_RendicionCuentas-300x272.jpg 300w\" sizes=\"auto, (max-width: 400px) 100vw, 400px\" \/><\/a><\/div><\/div><\/div>[\/vc_column][vc_column width=&#8221;1\/3&#8243;]<div class=\"pix-content-box card      vc_custom_1726171191587    rounded-lg  bg- w-100  \"    ><div class=\"\" style=\"z-index:30;position:relative;\"><div id=\"img-16741de6b12bbe178c22c459a8e31298\" class=\"pix-img-element d-inline-block \"  ><a href=\"https:\/\/www.umv.gov.co\/portal\/participacion-ciudadana-2022\/participacion-y-consulta-ciudadana-de-proyectos-normas-politicas-o-programas\/\"  class=\"pix-img-el     text-left d-inline-block  rounded-0\"  aria-label=\"Image link\"><img loading=\"lazy\" decoding=\"async\" width=\"400\" height=\"362\" src=\"https:\/\/www.umv.gov.co\/portal\/wp-content\/uploads\/2025\/08\/PaginaWeb_SeccionParticipa_Participa_20250801_ParticipacionConsulta.jpg\" class=\"pix-img-elem rounded-0\" alt=\"Image link\" srcset=\"https:\/\/www.umv.gov.co\/portal\/wp-content\/uploads\/2025\/08\/PaginaWeb_SeccionParticipa_Participa_20250801_ParticipacionConsulta.jpg 400w, https:\/\/www.umv.gov.co\/portal\/wp-content\/uploads\/2025\/08\/PaginaWeb_SeccionParticipa_Participa_20250801_ParticipacionConsulta-300x272.jpg 300w\" sizes=\"auto, (max-width: 400px) 100vw, 400px\" \/><\/a><\/div><\/div><\/div><div class=\"pix-content-box card      vc_custom_1726171327363    rounded-lg  bg- w-100  \"    ><div class=\"\" style=\"z-index:30;position:relative;\"><div id=\"img-a6aa9f448c988adabb8f573aa6758648\" class=\"pix-img-element d-inline-block \"  ><a href=\"https:\/\/www.umv.gov.co\/portal\/participacion-ciudadana-2022\/control-social\/\"  class=\"pix-img-el     text-left d-inline-block  rounded-0\"  aria-label=\"Image link\"><img loading=\"lazy\" decoding=\"async\" width=\"400\" height=\"362\" src=\"https:\/\/www.umv.gov.co\/portal\/wp-content\/uploads\/2025\/08\/PaginaWeb_SeccionParticipa_Participa_20250801_ControlSocial-1.jpg\" class=\"pix-img-elem rounded-0\" alt=\"Image link\" srcset=\"https:\/\/www.umv.gov.co\/portal\/wp-content\/uploads\/2025\/08\/PaginaWeb_SeccionParticipa_Participa_20250801_ControlSocial-1.jpg 400w, https:\/\/www.umv.gov.co\/portal\/wp-content\/uploads\/2025\/08\/PaginaWeb_SeccionParticipa_Participa_20250801_ControlSocial-1-300x272.jpg 300w\" sizes=\"auto, (max-width: 400px) 100vw, 400px\" \/><\/a><\/div><\/div><\/div>[\/vc_column][\/vc_row][vc_row pix_particles_check=&#8221;&#8221;][vc_column][vc_column_text css=&#8221;.vc_custom_1740756308375{margin-top: 20px !important;}&#8221;]<strong><span style=\"color: #4b4b4b; font-family: 'Work Sans', Montserrat, sans-serif;\">Adicionalmente en las siguientes opciones encontrar\u00e1 aspectos relevantes en materia de Participaci\u00f3n Ciudadana dispuestos por la Entidad:<\/span><\/strong>[\/vc_column_text][vc_tta_accordion section_title_tag=&#8221;h6&#8243; style=&#8221;outline&#8221; color=&#8221;mulled-wine&#8221; active_section=&#8221;0&#8243; collapsible_all=&#8221;true&#8221; css=&#8221;.vc_custom_1768678690696{margin-top: -10px !important;}&#8221;][vc_tta_section i_icon_fontawesome=&#8221;fas fa-users&#8221; add_icon=&#8221;true&#8221; title=&#8221;Mecanismos de participaci\u00f3n ciudadana&#8221; tab_id=&#8221;Mecanismos-de-participacion-ciudadana&#8221;][vc_column_text css=&#8221;&#8221;]Son los instrumentos a trav\u00e9s de los cuales se materializa el derecho fundamental a la participaci\u00f3n ciudadana y permiten la intervenci\u00f3n de los ciudadanos en la construcci\u00f3n, conformaci\u00f3n, ejercicio y control del poder p\u00fablico. Los mecanismos de participaci\u00f3n ciudadana dispuestos por la Unidad Administrativa Especial de Rehabilitaci\u00f3n y Mantenimiento Vial son los siguientes:\n\n<strong>Consulta ciudadana:\u00a0<\/strong>Corresponde al derecho de la ciudadan\u00eda a conocer, opinar y proponer sobre los planes, programas y estrategias que desarrollar\u00e1 la Entidad durante la vigencia.\n\n<strong>Espacios de participaci\u00f3n<\/strong>: Son todos aquellos momentos presenciales o virtuales de interlocuci\u00f3n entre la UAERMV y la ciudadan\u00eda, que se desarrollan durante los ciclos de la gesti\u00f3n p\u00fablica (diagn\u00f3stico, formulaci\u00f3n, implementaci\u00f3n, evaluaci\u00f3n y seguimiento). Son conformados por los espacios de di\u00e1logo y las instancias de participaci\u00f3n ciudadana.\n\nLos\u00a0<strong>espacios de di\u00e1logo<\/strong> buscan la interlocuci\u00f3n presencial y\/o virtual con los grupos de valor, a trav\u00e9s de encuentros liderados desde la Entidad para la construcci\u00f3n de planes y programas, presentar la gesti\u00f3n sobre un tema en espec\u00edfico, dialogar, as\u00ed como atender preguntas e inquietudes por parte de los ciudadanos, en torno a la evaluaci\u00f3n de la gesti\u00f3n y sus resultados. Estos espacios desarrollan diferentes tipos de metodolog\u00edas para la obtenci\u00f3n de resultados; son ejemplo de ello los conversatorios, ferias, audiencias p\u00fablicas, laboratorios de innovaci\u00f3n, observatorios locales, entre otros.\n\nPor su parte, las\u00a0<strong>instancias de participaci\u00f3n<\/strong> buscan influir en las decisiones de lo p\u00fablico con opiniones, argumentos y propuestas, garantizando la incidencia de los ciudadanos en la formulaci\u00f3n de planes, programas, proyectos y servicios. Las instancias se clasifican en:\n<ol>\n \t<li>De\u00a0<em>Entidad o autoridad<\/em>: corresponden a los espacios de dialogo, concertaci\u00f3n y seguimiento, que generalmente cuentan con un acto administrativo de creaci\u00f3n y conformaci\u00f3n.<\/li>\n \t<li>De\u00a0<em>iniciativa ciudadana<\/em>: definidas como espacios creados para la atenci\u00f3n de un tema particular priorizado con base en las necesidades de uno o varios grupos de valor, con el prop\u00f3sito de discutir, concertar, construir articuladamente y hacer seguimiento al tema de competencia entre otros.<\/li>\n<\/ol>\n<strong>Medios:<\/strong> Son los canales a trav\u00e9s de los cuales se realiza la interrelaci\u00f3n con los grupos de inter\u00e9s de la Entidad. Conforman los medios, la p\u00e1gina web institucional, las redes sociales institucionales y todos aquellos canales de atenci\u00f3n dispuestos por la Entidad para los ciudadanos, usuarios y grupos de inter\u00e9s.[\/vc_column_text][\/vc_tta_section][vc_tta_section i_icon_fontawesome=&#8221;fas fa-people-carry&#8221; add_icon=&#8221;true&#8221; title=&#8221;Plan de participaci\u00f3n ciudadana y rendici\u00f3n de cuentas&#8221; tab_id=&#8221;Plan-de-participacion-ciudadana-y-rendicion-de-cuentas&#8221;][vc_column_text css=&#8221;&#8221;]En el marco de la pol\u00edtica de transparencia y de la Pol\u00edtica de Participaci\u00f3n Ciudadana en la gesti\u00f3n p\u00fablica, el plan de participaci\u00f3n se encuentra articulado con la estrategia de rendici\u00f3n de cuentas incluida en el componente tres (3) del Plan Anticorrupci\u00f3n y Atenci\u00f3n al Ciudadano, PAAC y al Plan de Adecuaci\u00f3n, de tal manera que, con estas cuatro herramientas, se logre fomentar la cultura de participaci\u00f3n ciudadana, desarrollar un gran n\u00famero de espacios de participaci\u00f3n y realizar un adecuado seguimiento y mejora a los mismos.\n\nPara la Unidad Administrativa Especial de Rehabilitaci\u00f3n y Mantenimiento Vial, UAERMV, la participaci\u00f3n ciudadana se convierte en un pilar fundamental que permite fomentar un gobierno abierto a los grupos de valor para mejorar la confianza en las instituciones distritales y generar valor p\u00fablico. Por esta raz\u00f3n, presentamos el Plan de Participaci\u00f3n Ciudadana, en el que se contemplan los objetivos, las estrategias y las acciones a ejecutar durante la vigencia 2022.[\/vc_column_text][vc_btn title=&#8221;Conozca el Plan de Participaci\u00f3n Ciudadana&#8221; style=&#8221;gradient-custom&#8221; gradient_custom_color_2=&#8221;#c41e1b&#8221; align=&#8221;center&#8221; css=&#8221;&#8221; link=&#8221;url:https%3A%2F%2Fwww.umv.gov.co%2Fportal%2Fwp-content%2Fuploads%2F2025%2F03%2FSRPIPL-001__V4_-_Plan_de_Participacion_Ciudadana_UAERMV.docx|title:Conozca%20el%20Plan%20de%20Participaci%C3%B3n%20Ciudadana&#8221;][vc_btn title=&#8221;Conozca la Estrategia Plan de Participaci\u00f3n Ciudadana&#8221; style=&#8221;gradient-custom&#8221; gradient_custom_color_2=&#8221;#c41e1b&#8221; align=&#8221;center&#8221; css=&#8221;&#8221; link=&#8221;url:https%3A%2F%2Fwww.umv.gov.co%2Fportal%2Fwp-content%2Fuploads%2F2024%2F04%2FEstrategia-Plan-de-Participacion-Ciudadana-2024.xlsx|title:Conozca%20el%20Plan%20de%20Participaci%C3%B3n%20Ciudadana&#8221;][vc_btn title=&#8221;Conozca la Estrategia de Rendici\u00f3n de Cuentas&#8221; style=&#8221;gradient-custom&#8221; gradient_custom_color_2=&#8221;#c41e1b&#8221; align=&#8221;center&#8221; link=&#8221;url:https%3A%2F%2Fwww.umv.gov.co%2Fportal%2Ftransparencia2020%2Festrategia-rendicion-de-cuentas%2F|title:Conozca%20el%20Plan%20de%20Participaci%C3%B3n%20Ciudadana&#8221;][\/vc_tta_section][vc_tta_section i_icon_fontawesome=&#8221;fas fa-warehouse&#8221; add_icon=&#8221;true&#8221; title=&#8221;Plan Anticorrupci\u00f3n y de Atenci\u00f3n al Ciudadano&#8221; tab_id=&#8221;Plan-Anticorrupcion-y-de-Atencion-al-Ciudadano&#8221;][vc_column_text css=&#8221;&#8221;]Conforme a lo establecido en el art\u00edculo 73 de la Ley 1474 de 2011 que \u201cdefine que cada entidad del orden nacional, departamental y municipal deber\u00e1 elaborar anualmente una estrategia de lucha contra la corrupci\u00f3n y de atenci\u00f3n al ciudadano\u201d, y de acuerdo con los lineamientos establecidos para la formulaci\u00f3n de la planeaci\u00f3n de la vigencia 2022, las dependencias que conforman la Unidad Administrativa Especial de Rehabilitaci\u00f3n y Mantenimiento Vial \u2013 UAERMV junto con sus procesos identificaron el contexto estrat\u00e9gico de la Entidad, insumo esencial para proponer las actividades en cada uno de los componentes del plan, con el objetivo de fortalecer la transparencia, la participaci\u00f3n y la inclusi\u00f3n de la ciudadan\u00eda de los grupos de valor en la gesti\u00f3n de la Entidad.\n\nEl Plan incluye seis componentes: Mapa de Riesgos de Corrupci\u00f3n y las medidas para mitigarlos, Racionalizaci\u00f3n de tr\u00e1mites (para la UAERMV no aplica), Rendici\u00f3n de cuentas, Servicio al Ciudadano, Transparencia, Iniciativas Adicionales (Integridad). Estos componentes fueron formulados considerando los lineamientos emitidos por la Secretar\u00eda de Transparencia de la Presidencia de la Rep\u00fablica y el Departamento Administrativo de la Funci\u00f3n P\u00fablica basados el documento de Estrategias para la Construcci\u00f3n del Plan Anticorrupci\u00f3n y de Atenci\u00f3n al Ciudadano \u2013 Versi\u00f3n 2 y la Gu\u00eda para la Administraci\u00f3n del Riesgo de Funci\u00f3n P\u00fablica.[\/vc_column_text][vc_btn title=&#8221;Conozca el Plan Anticorrupci\u00f3n y de Atenci\u00f3n al Ciudadano de la UAERMV&#8221; style=&#8221;gradient-custom&#8221; gradient_custom_color_2=&#8221;#e2331f&#8221; align=&#8221;center&#8221; link=&#8221;url:https%3A%2F%2Fwww.umv.gov.co%2Fportal%2Ftransparencia2020%2Fplan-anticorrupcion-y-de-atencion-al-ciudadano%2F|target:_blank&#8221;][\/vc_tta_section][vc_tta_section i_icon_fontawesome=&#8221;fas fa-file-alt&#8221; add_icon=&#8221;true&#8221; title=&#8221;Informes de rendici\u00f3n de cuentas y resultados de participaci\u00f3n ciudadana&#8221; tab_id=&#8221;Informes-de-rendicion-de-cuentas&#8221;][vc_btn title=&#8221;Conozca los informes de rendici\u00f3n de cuentas a la ciudadan\u00eda&#8221; style=&#8221;gradient-custom&#8221; gradient_custom_color_2=&#8221;#ce2e1c&#8221; align=&#8221;center&#8221; link=&#8221;url:https%3A%2F%2Fwww.umv.gov.co%2Fportal%2Ftransparencia2020%2Finformes-de-rendicion-de-cuentas%2F|target:_blank&#8221;][vc_btn title=&#8221;Conozca los resultados por vigencia a partir de los ejercicios y practicas de participaci\u00f3n ciudadana&#8221; style=&#8221;gradient-custom&#8221; gradient_custom_color_2=&#8221;#ce2e1c&#8221; align=&#8221;center&#8221; link=&#8221;url:https%3A%2F%2Fwww.umv.gov.co%2Fportal%2Fresultados-participacion-ciudadana%2F|target:_blank&#8221;][vc_btn title=&#8221;Retroalimentaci\u00f3n de la Participaci\u00f3n&#8221; style=&#8221;gradient-custom&#8221; gradient_custom_color_2=&#8221;#ce2e1c&#8221; align=&#8221;center&#8221; link=&#8221;url:https%3A%2F%2Fwww.umv.gov.co%2Fportal%2Fretroalimentacion-de-la-participacion%2F|target:_blank&#8221;][\/vc_tta_section][vc_tta_section i_icon_fontawesome=&#8221;fas fa-user-friends&#8221; add_icon=&#8221;true&#8221; title=&#8221;Convocatorias para la participaci\u00f3n de la ciudadan\u00eda&#8221; tab_id=&#8221;Convocatorias-para-la-participacion-de-la-ciudadania&#8221;][vc_column_text css=&#8221;&#8221;]Encontrar\u00e1 los diferentes espacios que habilita la Unidad de Mantenimiento Vial\u00a0 durante la vigencia, en los cuales los ciudadanos tienen la posibilidad de, aportar a las decisiones p\u00fablicas con sus opiniones, argumentos y propuestas, construir participativamente.[\/vc_column_text][vc_btn title=&#8221;<b>Queremos conocer tus propuestas o opiniones. \u00a1Participa! dando clic aqu\u00ed<\/b>&#8221; style=&#8221;gradient-custom&#8221; gradient_custom_color_2=&#8221;#c9331c&#8221; align=&#8221;center&#8221; i_icon_fontawesome=&#8221;fas fa-people-carry&#8221; add_icon=&#8221;true&#8221; link=&#8221;url:https%3A%2F%2Fwww.umv.gov.co%2Fportal%2Fparticipacion-ciudadana%2F&#8221;][\/vc_tta_section][vc_tta_section i_icon_fontawesome=&#8221;fas fa-calendar-alt&#8221; add_icon=&#8221;true&#8221; title=&#8221;Calendario de la estrategia anual de participaci\u00f3n ciudadana.&#8221; tab_id=&#8221;Calendario-de-la-estrategia-anual-de-participacion-ciudadana&#8221;][vc_column_text css=&#8221;&#8221;]A continuaci\u00f3n, se describe la hoja de ruta o cronograma a llevar a cabo por cada uno de los espacios de participaci\u00f3n que tiene la UMV para la vigencia 2023:[\/vc_column_text][vc_btn title=&#8221;<b>Consultar Cronograma de Participaci\u00f3n Ciudadana<\/b>&#8221; style=&#8221;gradient-custom&#8221; gradient_custom_color_2=&#8221;#c9331c&#8221; align=&#8221;center&#8221; i_icon_fontawesome=&#8221;fas fa-people-carry&#8221; add_icon=&#8221;true&#8221; link=&#8221;url:https%3A%2F%2Fwww.umv.gov.co%2Fportal%2Fwp-content%2Fuploads%2F2024%2F07%2Fcronogramaparticipacionciudadana2024-178.pdf|target:_blank&#8221;][\/vc_tta_section][vc_tta_section i_icon_fontawesome=&#8221;fas fa-id-card&#8221; add_icon=&#8221;true&#8221; title=&#8221;Formulario de inscripci\u00f3n ciudadana a procesos de participaci\u00f3n que ofrece la entidad.&#8221; tab_id=&#8221;Formulario-de-inscripcion-ciudadana&#8221;][vc_column_text css=&#8221;&#8221;]<h6>Participa en la priorizaci\u00f3n de temas para la Rendici\u00f3n de Cuentas de la UMV.&nbsp; <a href=\"https:\/\/docs.google.com\/forms\/d\/e\/1FAIpQLSeBFE4dj5D7ouNE-14qNMPwUyi34W6rXZdHD_orS5nsfR99rQ\/viewform\" target=\"_blank\" rel=\"noopener\">Clic aqu\u00ed<\/a><\/h6>[\/vc_column_text][\/vc_tta_section][vc_tta_section i_icon_fontawesome=&#8221;fas fa-file-invoice&#8221; add_icon=&#8221;true&#8221; title=&#8221;Canal de interacci\u00f3n deliberatoria para la participaci\u00f3n ciudadana.&#8221; tab_id=&#8221;Canal-de-interaccion&#8221;][vc_column_text]<h6><a href=\"https:\/\/www.umv.gov.co\/portal\/participacion-ciudadana\/\" target=\"_blank\" rel=\"noopener\"><strong>Queremos conocer tus propuestas o opiniones. \u00a1Participa! dando clic aqu\u00ed\u00a0<\/strong><\/a><\/h6>[\/vc_column_text][\/vc_tta_section][\/vc_tta_accordion][\/vc_column][\/vc_row]<\/div>","protected":false},"excerpt":{"rendered":"[vc_row pix_particles_check=&#8221;&#8221; css=&#8221;.vc_custom_1725054383675{margin-top: -20px !important;}&#8221;][vc_column][\/vc_column][\/vc_row][vc_row pix_particles_check=&#8221;&#8221;][vc_column][vc_tta_accordion title_tag=&#8221;h5&#8243; section_title_tag=&#8221;h6&#8243; style=&#8221;outline&#8221; color=&#8221;mulled-wine&#8221; active_section=&#8221;0&#8243; collapsible_all=&#8221;true&#8221;][vc_tta_section title=&#8221;Ver Introducci\u00f3n&#8221; tab_id=&#8221;introduccion&#8221;][vc_column_text css=&#8221;.vc_custom_1740756412612{background-color: #F6F6F6 !important;}&#8221;]Aqu\u00ed encontrar\u00e1 informaci\u00f3n sobre los espacios y acciones de participaci\u00f3n que la Unidad Administrativa Especial de Rehabilitaci\u00f3n y Mantenimiento Vial, UAERMV, dispone a&#8230;","protected":false},"author":1,"featured_media":0,"parent":0,"menu_order":0,"comment_status":"closed","ping_status":"closed","template":"","meta":{"_monsterinsights_skip_tracking":false,"_monsterinsights_sitenote_active":false,"_monsterinsights_sitenote_note":"","_monsterinsights_sitenote_category":0,"footnotes":""},"class_list":["post-22252","page","type-page","status-publish","hentry"],"_links":{"self":[{"href":"https:\/\/www.umv.gov.co\/portal\/wp-json\/wp\/v2\/pages\/22252","targetHints":{"allow":["GET"]}}],"collection":[{"href":"https:\/\/www.umv.gov.co\/portal\/wp-json\/wp\/v2\/pages"}],"about":[{"href":"https:\/\/www.umv.gov.co\/portal\/wp-json\/wp\/v2\/types\/page"}],"author":[{"embeddable":true,"href":"https:\/\/www.umv.gov.co\/portal\/wp-json\/wp\/v2\/users\/1"}],"replies":[{"embeddable":true,"href":"https:\/\/www.umv.gov.co\/portal\/wp-json\/wp\/v2\/comments?post=22252"}],"version-history":[{"count":1,"href":"https:\/\/www.umv.gov.co\/portal\/wp-json\/wp\/v2\/pages\/22252\/revisions"}],"predecessor-version":[{"id":54161,"href":"https:\/\/www.umv.gov.co\/portal\/wp-json\/wp\/v2\/pages\/22252\/revisions\/54161"}],"wp:attachment":[{"href":"https:\/\/www.umv.gov.co\/portal\/wp-json\/wp\/v2\/media?parent=22252"}],"curies":[{"name":"wp","href":"https:\/\/api.w.org\/{rel}","templated":true}]}}