{"id":21749,"date":"2022-12-12T00:19:28","date_gmt":"2022-12-12T00:19:28","guid":{"rendered":"https:\/\/www.umv.gov.co\/portal\/?page_id=21749"},"modified":"2026-01-17T20:47:33","modified_gmt":"2026-01-17T20:47:33","slug":"instrumentos-de-gestion-de-informacion-publica","status":"publish","type":"page","link":"https:\/\/www.umv.gov.co\/portal\/instrumentos-de-gestion-de-informacion-publica\/","title":{"rendered":"Instrumentos de Gesti\u00f3n de Informaci\u00f3n P\u00fablica"},"content":{"rendered":"<div class=\"wpb-content-wrapper\">[vc_row pix_particles_check=&#8221;&#8221; css=&#8221;.vc_custom_1725583829142{margin-top: -20px !important;}&#8221;][vc_column][vc_tta_accordion section_title_tag=&#8221;h6&#8243; style=&#8221;outline&#8221; color=&#8221;mulled-wine&#8221; active_section=&#8221;0&#8243; collapsible_all=&#8221;true&#8221;][vc_tta_section title=&#8221;1. Registros de Activos de Informaci\u00f3n&#8221; tab_id=&#8221;Registros-activos-de-informacion&#8221;][vc_column_text css=&#8221;&#8221;]<ul>\n \t<li data-uw-styling-context=\"true\">\n<h6 data-uw-styling-context=\"true\"><a href=\"https:\/\/www.umv.gov.co\/portal\/wp-content\/uploads\/2025\/12\/Activos_Informacion-UAERMV-2024.xlsx\" target=\"_blank\" rel=\"noopener\"><strong>Registros Activos de Informaci\u00f3n<\/strong><\/a><\/h6>\n<\/li>\n \t<li data-uw-styling-context=\"true\">\n<h6><a href=\"https:\/\/www.umv.gov.co\/portal\/wp-content\/uploads\/2023\/01\/Resolucion-27-de-2023.pdf\" target=\"_blank\" rel=\"noopener\"><span class=\"x_elementToProof\">Resoluci\u00f3n N\u00b027&nbsp; \u201cPor medio de la cual se actualiza el registro de activos de informaci\u00f3n y el \u00edndice de informaci\u00f3n clasificada y reservada de la Unidad Administrativa Especial de Rehabilitaci\u00f3n y <\/span>Mantenimiento Vial\u201d<\/a><\/h6>\n<\/li>\n<\/ul>[\/vc_column_text][\/vc_tta_section][vc_tta_section title=&#8221;2. \u00cdndice de Informaci\u00f3n Clasificada y Reservada&#8221; tab_id=&#8221;indice-informacion-clasificada-reservada&#8221;][vc_column_text]<ul>\n \t<li data-uw-styling-context=\"true\">\n<h6><a href=\"https:\/\/www.umv.gov.co\/sisgestion2019\/Documentos\/APOYO\/GDO\/GDOC-DI-011_V2_Indice_de_informacion_clasificada.xlsx\"><span class=\"TextoDoc\"><span class=\"TextoSubmenu\">\u00cdndice de Informaci\u00f3n Clasificada y Reservada<\/span><\/span><\/a><\/h6>\n<\/li>\n \t<li data-uw-styling-context=\"true\">\n<h6><a href=\"https:\/\/www.umv.gov.co\/portal\/wp-content\/uploads\/2023\/01\/Resolucion-27-de-2023.pdf\" target=\"_blank\" rel=\"noopener\"><span class=\"x_elementToProof\">Resoluci\u00f3n N\u00b027\u00a0 \u201cPor medio de la cual se actualiza el registro de activos de informaci\u00f3n y el \u00edndice de informaci\u00f3n clasificada y reservada de la Unidad Administrativa Especial de Rehabilitaci\u00f3n y\u00a0<\/span>Mantenimiento Vial\u201d<\/a><\/h6>\n<\/li>\n<\/ul>[\/vc_column_text][\/vc_tta_section][vc_tta_section title=&#8221;3. Esquema de Publicaci\u00f3n de Informaci\u00f3n&#8221; tab_id=&#8221;Esquema-publicacion-informacion&#8221;][vc_column_text css=&#8221;&#8221;]<ul>\n \t<li data-uw-styling-context=\"true\">\n<h6><a href=\"https:\/\/www.umv.gov.co\/portal\/wp-content\/uploads\/2025\/08\/1.11_Esquema-de-Publicacion-Revisado.xlsx\" target=\"_blank\" rel=\"noopener\"><span class=\"TextoDoc\"><span class=\"TextoSubmenu\">Esquema de Publicaci\u00f3n UAERMV<\/span><\/span><\/a><\/h6>\n<\/li>\n \t<li data-uw-styling-context=\"true\">\n<h6><span class=\"TextoDoc\"><span class=\"TextoSubmenu\">&nbsp;<a href=\"https:\/\/www.umv.gov.co\/_transparencia2017\/Transparencia-Pagina-WEB\/9.InstrumentosdeGestiondeInformacionPublica\/9.3EsquemadePublicaciondeInformacion\/Resolucion5952019.pdf\" target=\"_blank\" rel=\"noopener\">Aprobaci\u00f3n Esquema de Publicaci\u00f3n UAERMV<\/a><\/span><\/span><\/h6>\n<\/li>\n \t<li>\n<h6><span class=\"TextoDoc\"><span class=\"TextoSubmenu\">&nbsp;<a href=\"https:\/\/www.umv.gov.co\/portal\/wp-content\/uploads\/2023\/08\/Revisado-GM-informe-final-gestion-de-activos-agosto-2023-1.pdf\" target=\"_blank\" rel=\"noopener\">Informe Gesti\u00f3n de Activos<\/a><\/span><\/span><\/h6>\n<\/li>\n<\/ul>[\/vc_column_text][\/vc_tta_section][vc_tta_section title=&#8221;4. Programa de Gesti\u00f3n Documental&#8221; tab_id=&#8221;programa-gestion-documental&#8221;][vc_column_text css=&#8221;&#8221;]<ul>\n \t<li data-uw-styling-context=\"true\">\n<h6><a href=\"https:\/\/www.umv.gov.co\/sisgestion2023\/Documentos\/APOYO\/GDOC\/GDOC-DI-002_V9_Programa_de_Gestion_Documental.docx\" target=\"_blank\" rel=\"noopener\"><span class=\"TextoDoc\"><span class=\"TextoSubmenu\">Programa de Gesti\u00f3n Documental UAERMV<\/span><\/span><\/a><\/h6>\n<\/li>\n \t<li data-uw-styling-context=\"true\">\n<h6><a href=\"https:\/\/www.umv.gov.co\/portal\/wp-content\/uploads\/2022\/07\/Resolucion-061-de-2019-adopcion-TRD-UAERMV.pdf\" target=\"_blank\" rel=\"noopener\">Resoluci\u00f3n 061 de 2019<\/a><\/h6>\n<\/li>\n<\/ul>[\/vc_column_text][\/vc_tta_section][vc_tta_section title=&#8221;5. Sistema Integrado de Conservaci\u00f3n Documental de la UAERMV&#8221; tab_id=&#8221;1649773973995-5397d46c-4609&#8243;][vc_column_text]<ul>\n \t<li>\n<h6><span class=\"TextoDoc\"><span class=\"TextoSubmenu\"><a href=\"https:\/\/www.umv.gov.co\/portal\/wp-content\/uploads\/2022\/03\/GDOC-DI-005-V3-Sistema-Integrado-de-Conservacion.docx\">Sistema Integrado de Conservaci\u00f3n Documental de la UAERMV<\/a><\/span><\/span><\/h6>\n<\/li>\n \t<li>\n<h6><span class=\"TextoDoc\"><span class=\"TextoSubmenu\"><a href=\"https:\/\/www.umv.gov.co\/portal\/wp-content\/uploads\/2022\/03\/Resolucion-150-2022.pdf\" target=\"_blank\" rel=\"noopener\">Aprobaci\u00f3n Sistema Integrado de Conservaci\u00f3n Documental<\/a><\/span><\/span><\/h6>\n<\/li>\n<\/ul>[\/vc_column_text][\/vc_tta_section][vc_tta_section title=&#8221;6. Tablas de Retenci\u00f3n Documental&#8221; tab_id=&#8221;tablas-retencion-documental&#8221;][vc_column_text]<ul>\n \t<li>\n<h6><span class=\"TextoDoc\"><span class=\"TextoSubmenu\"><a href=\"https:\/\/www.umv.gov.co\/_transparencia2017\/Transparencia-Pagina-WEB\/9.InstrumentosdeGestiondeInformacionPublica\/9.5TablasdeRetencionDocumental\/TABLASDERETENCIONUAERMVCONVALIDADAS30092018.xlsx\" target=\"_blank\" rel=\"noopener\">Tablas de Retenci\u00f3n Documental<\/a><\/span><\/span><\/h6>\n<\/li>\n \t<li>\n<h6><span class=\"TextoDoc\"><span class=\"TextoSubmenu\"><a href=\"https:\/\/www.umv.gov.co\/_transparencia2017\/Transparencia-Pagina-WEB\/9.InstrumentosdeGestiondeInformacionPublica\/9.5TablasdeRetencionDocumental\/TRD100DGUMV.pdf\" target=\"_blank\" rel=\"noopener\">TRD Direcci\u00f3n General-UMV<\/a><\/span><\/span><\/h6>\n<\/li>\n \t<li>\n<h6><span class=\"TextoDoc\"><span class=\"TextoSubmenu\"><a href=\"https:\/\/www.umv.gov.co\/_transparencia2017\/Transparencia-Pagina-WEB\/9.InstrumentosdeGestiondeInformacionPublica\/9.5TablasdeRetencionDocumental\/TRD110SGUMV.pdf\" target=\"_blank\" rel=\"noopener\">TRD Secretar\u00eda General-UMV<\/a><\/span><\/span><\/h6>\n<\/li>\n \t<li>\n<h6><span class=\"TextoDoc\"><span class=\"TextoSubmenu\"><a href=\"https:\/\/www.umv.gov.co\/_transparencia2017\/Transparencia-Pagina-WEB\/9.InstrumentosdeGestiondeInformacionPublica\/9.5TablasdeRetencionDocumental\/TRD120STMMVUMV.pdf\" target=\"_blank\" rel=\"noopener\">TRD Subdirecci\u00f3n de Mejoramiento Vial-UMV<\/a><\/span><\/span><\/h6>\n<\/li>\n \t<li>\n<h6><span class=\"TextoDoc\"><span class=\"TextoSubmenu\"><a href=\"https:\/\/www.umv.gov.co\/_transparencia2017\/Transparencia-Pagina-WEB\/9.InstrumentosdeGestiondeInformacionPublica\/9.5TablasdeRetencionDocumental\/TRD130STPIUMV.pdf\" target=\"_blank\" rel=\"noopener\">TRD Subdirecci\u00f3n de Producci\u00f3n e Intervenci\u00f3n-UMV<\/a><\/span><\/span><\/h6>\n<\/li>\n \t<li>\n<h6><span class=\"TextoDoc\"><span class=\"TextoSubmenu\"><a href=\"https:\/\/www.umv.gov.co\/_transparencia2017\/Transparencia-Pagina-WEB\/9.InstrumentosdeGestiondeInformacionPublica\/9.5TablasdeRetencionDocumental\/TRD131GPUMV.pdf\" target=\"_blank\" rel=\"noopener\">TRD Gerencia de Producci\u00f3n-UMV<\/a><\/span><\/span><\/h6>\n<\/li>\n \t<li>\n<h6><span class=\"TextoDoc\"><span class=\"TextoSubmenu\"><a href=\"https:\/\/www.umv.gov.co\/_transparencia2017\/Transparencia-Pagina-WEB\/9.InstrumentosdeGestiondeInformacionPublica\/9.5TablasdeRetencionDocumental\/TRD132GIUMV.pdf\" target=\"_blank\" rel=\"noopener\">TRD Gerencia de Intervenci\u00f3n-UMV<\/a><\/span><\/span><\/h6>\n<\/li>\n \t<li>\n<h6><span class=\"TextoDoc\"><span class=\"TextoSubmenu\"><a href=\"https:\/\/www.umv.gov.co\/_transparencia2017\/Transparencia-Pagina-WEB\/9.InstrumentosdeGestiondeInformacionPublica\/9.5TablasdeRetencionDocumental\/TRD133GASAUMV.pdf\" target=\"_blank\" rel=\"noopener\">TRD Gerencia GASA-UMV<\/a><\/span><\/span><\/h6>\n<\/li>\n \t<li>\n<h6><span class=\"TextoDoc\"><span class=\"TextoSubmenu\"><a href=\"https:\/\/www.umv.gov.co\/_transparencia2017\/Transparencia-Pagina-WEB\/9.InstrumentosdeGestiondeInformacionPublica\/9.5TablasdeRetencionDocumental\/TRD140OAJUMV.pdf\" target=\"_blank\" rel=\"noopener\">TRD Oficina Asesora Jur\u00eddica-UMV<\/a><\/span><\/span><\/h6>\n<\/li>\n \t<li>\n<h6><span class=\"TextoDoc\"><span class=\"TextoSubmenu\"><a href=\"https:\/\/www.umv.gov.co\/_transparencia2017\/Transparencia-Pagina-WEB\/9.InstrumentosdeGestiondeInformacionPublica\/9.5TablasdeRetencionDocumental\/TRD150OAPUMV.pdf\" target=\"_blank\" rel=\"noopener\">TRD Oficina Asesora de Planeaci\u00f3n-UMV<\/a><\/span><\/span><\/h6>\n<\/li>\n \t<li>\n<h6><span class=\"TextoDoc\"><span class=\"TextoSubmenu\"><a href=\"https:\/\/www.umv.gov.co\/_transparencia2017\/Transparencia-Pagina-WEB\/9.InstrumentosdeGestiondeInformacionPublica\/9.5TablasdeRetencionDocumental\/TRD160OCIUMV.pdf\" target=\"_blank\" rel=\"noopener\">TRD Oficina de Control Interno-UMV<\/a><\/span><\/span><\/h6>\n<\/li>\n \t<li>\n<h6><span class=\"TextoDoc\"><span class=\"TextoSubmenu\"><a href=\"https:\/\/www.umv.gov.co\/_transparencia2017\/Transparencia-Pagina-WEB\/9.InstrumentosdeGestiondeInformacionPublica\/9.5TablasdeRetencionDocumental\/20181120146322OFICIOCONVALIDACION.pdf\" target=\"_blank\" rel=\"noopener\">Aprobaci\u00f3n TRD<\/a><\/span><\/span><\/h6>\n<\/li>\n \t<li>\n<h6><a href=\"https:\/\/www.umv.gov.co\/portal\/wp-content\/uploads\/2022\/07\/Resolucion-061-de-2019-adopcion-TRD-UAERMV.pdf\" target=\"_blank\" rel=\"noopener\">Resoluci\u00f3n 061 de 2019<\/a><\/h6>\n<\/li>\n \t<li>\n<h6><span class=\"TextoDoc\"><span class=\"TextoSubmenu\"><a href=\"https:\/\/www.umv.gov.co\/_transparencia2017\/Transparencia-Pagina-WEB\/9.InstrumentosdeGestiondeInformacionPublica\/9.5TablasdeRetencionDocumental\/CUADRODECLASIFICACIONDOCUMENTALUAERMV.xlsx\" target=\"_blank\" rel=\"noopener\">Cuadro de Clasificaci\u00f3n Documental UAERMV<\/a><\/span><\/span><\/h6>\n<\/li>\n<\/ul>[\/vc_column_text][\/vc_tta_section][vc_tta_section title=&#8221;7. Registro de Publicaciones&#8221; tab_id=&#8221;1649774826133-0ebf5037-539f&#8221;][vc_column_text]<ul>\n \t<li>\n<h6>\u00a0\u00a0\u00a0<a href=\"https:\/\/www.umv.gov.co\/portal\/transparencia2020\/registro-de-publicaciones\/\">Registro de Publicaciones<\/a><\/h6>\n<\/li>\n<\/ul>[\/vc_column_text][\/vc_tta_section][vc_tta_section title=&#8221;8 Costos de Reproducci\u00f3n&#8221; tab_id=&#8221;1649775102048-67eb1507-dbfc&#8221;][vc_column_text]<ul>\n \t<li data-uw-styling-context=\"true\">\n<h6><span class=\"TextoDoc\"><span class=\"TextoSubmenu\"><a href=\"https:\/\/www.umv.gov.co\/_transparencia2017\/Transparencia-Pagina-WEB\/9.InstrumentosdeGestiondeInformacionPublica\/9.7CostosdeReproduccion\/CostodeReproduccionCircular11de2015.pdf\" target=\"_blank\" rel=\"noopener\">Costo de Reproducci\u00f3n Circular 11 de 2015<\/a><\/span><\/span><\/h6>\n<\/li>\n \t<li data-uw-styling-context=\"true\">\n<h6><span class=\"TextoDoc\"><span class=\"TextoSubmenu\"><a href=\"https:\/\/www.umv.gov.co\/_transparencia2017\/Transparencia-Pagina-WEB\/9.InstrumentosdeGestiondeInformacionPublica\/9.7CostosdeReproduccion\/Res.040de2018-Valordelascopias2.pdf\" target=\"_blank\" rel=\"noopener\">Costo de Reproducci\u00f3n<\/a><\/span><\/span><\/h6>\n<\/li>\n<\/ul>[\/vc_column_text][\/vc_tta_section][vc_tta_section title=&#8221;9. Informe de PQRSFD&#8221; tab_id=&#8221;1649783653884-201f382d-e4b7&#8243;][vc_column_text]<ul>\n \t<li data-uw-styling-context=\"true\">\n<h6>\u00a0<a href=\"https:\/\/www.umv.gov.co\/portal\/informe-de-pqrsfd-y-solicitudes-de-acceso-a-la-informacion\" target=\"_blank\" rel=\"noopener\">Informe de PQRSFD y Solicitudes de Acceso a la Informaci\u00f3n (A\u00f1os 2017 a 2022)<\/a><\/h6>\n<\/li>\n<\/ul>[\/vc_column_text][\/vc_tta_section][vc_tta_section title=&#8221;10. Informe de Solicitudes de Acceso a la Informaci\u00f3n&#8221; tab_id=&#8221;1652220083213-f45dfc8a-7540&#8243;][vc_column_text]<ul>\n \t<li data-uw-styling-context=\"true\">\n<h6><span class=\"TextoDoc\"><span class=\"TextoSubmenu\"><a href=\"https:\/\/www.umv.gov.co\/_transparencia2017\/Transparencia-Pagina-WEB\/9.InstrumentosdeGestiondeInformacionPublica\/9.8InformedePQRSFDySolicitudesdeAccesoalaInformacion\/InformeMonitoreoSolicitudesdeAccesoalaInformacion-JULIO2020.doc\" target=\"_blank\" rel=\"noopener\">Informe Acceso a la Informaci\u00f3n P\u00fablica (Julio 2020)<\/a><\/span><\/span><\/h6>\n<\/li>\n \t<li data-uw-styling-context=\"true\">\n<h6><a href=\"https:\/\/www.umv.gov.co\/portal\/wp-content\/uploads\/2021\/11\/Solicitudes-de-Informacion-I-Trimestre-2021.xlsx\">Solicitudes de Informaci\u00f3n I Trimestre 2021<\/a><\/h6>\n<\/li>\n \t<li data-uw-styling-context=\"true\">\n<h6><a href=\"https:\/\/www.umv.gov.co\/portal\/wp-content\/uploads\/2021\/11\/Solicitudes-de-Informacion-II-Trimestre-2021.xlsx\">Solicitudes de Informaci\u00f3n II Trimestre 2021<\/a><\/h6>\n<\/li>\n \t<li data-uw-styling-context=\"true\">\n<h6><a href=\"https:\/\/www.umv.gov.co\/portal\/wp-content\/uploads\/2021\/11\/Solicitudes-de-Informacion-III-Trimestre-2021.xlsx\">Solicitudes de Informaci\u00f3n III Trimestre 2021<\/a><\/h6>\n<\/li>\n \t<li data-uw-styling-context=\"true\">\n<h6><a href=\"https:\/\/www.umv.gov.co\/portal\/wp-content\/uploads\/2022\/01\/Solicitudes-de-Informacion-IV-Trimestre-2021.xlsx\">Solicitudes de Informaci\u00f3n IV Trimestre 2021<\/a><\/h6>\n<\/li>\n \t<li data-uw-styling-context=\"true\">\n<h6><a href=\"https:\/\/www.umv.gov.co\/portal\/wp-content\/uploads\/2022\/04\/Solicitudes-de-Informacion-I-Trimestre-2022.xlsx\">Solicitudes de Informaci\u00f3n I Trimestre 2022<\/a><\/h6>\n<\/li>\n<\/ul>[\/vc_column_text][\/vc_tta_section][vc_tta_section title=&#8221;11. Informe de Monitoreo Ley de Transparencia y Acceso a la Informaci\u00f3n P\u00fablica&#8221; tab_id=&#8221;1652230147531-22b91ae1-55ba&#8221;][vc_column_text]<ul>\n \t<li data-uw-styling-context=\"true\">\n<h6><span class=\"TextoDoc\"><span class=\"TextoSubmenu\"><a href=\"https:\/\/www.umv.gov.co\/_transparencia2017\/Transparencia-Pagina-WEB\/9.InstrumentosdeGestiondeInformacionPublica\/9.9InformedeMonitoreoLeydeTransparenciayAccesoalaInformacionPublica\/INFORMEDESEGUIMIENTOALAPUBLICACIONDEDOCUMENTOSDETRANSPARENCIA.docx\" target=\"_blank\" rel=\"noopener\">Informe Monitoreo Ley de Transparencia (Febrero 2019)<\/a><\/span><\/span><\/h6>\n<\/li>\n \t<li data-uw-styling-context=\"true\">\n<h6><span class=\"TextoDoc\"><span class=\"TextoSubmenu\"><a href=\"https:\/\/www.umv.gov.co\/_transparencia2017\/Transparencia-Pagina-WEB\/9.InstrumentosdeGestiondeInformacionPublica\/9.9InformedeMonitoreoLeydeTransparenciayAccesoalaInformacionPublica\/INFORMEDEMONITOREOLEYDETRANSPARENCIA.docx\" target=\"_blank\" rel=\"noopener\">Informe Monitoreo Ley de Transparencia (Julio 2019)<\/a><\/span><\/span><\/h6>\n<\/li>\n \t<li data-uw-styling-context=\"true\">\n<h6><span class=\"TextoDoc\"><span class=\"TextoSubmenu\"><a href=\"https:\/\/www.umv.gov.co\/_transparencia2017\/Transparencia-Pagina-WEB\/9.InstrumentosdeGestiondeInformacionPublica\/9.9InformedeMonitoreoLeydeTransparenciayAccesoalaInformacionPublica\/INFORMEDEMONITOREOLEYDETRANSPARENCIA_Dic19.docx\" target=\"_blank\" rel=\"noopener\">Informe Monitoreo Ley de Transparencia (Diciembre 2019)<\/a><\/span><\/span><\/h6>\n<\/li>\n \t<li data-uw-styling-context=\"true\">\n<h6><span class=\"TextoDoc\"><span class=\"TextoSubmenu\"><a href=\"https:\/\/www.umv.gov.co\/_transparencia2017\/Transparencia-Pagina-WEB\/9.InstrumentosdeGestiondeInformacionPublica\/9.9InformedeMonitoreoLeydeTransparenciayAccesoalaInformacionPublica\/C5.6.1Monitoreomatrizdetallada_ITA_julio2020.xlsx\" target=\"_blank\" rel=\"noopener\">Informe Monitoreo Ley de Transparencia (Julio 2020)<\/a><\/span><\/span><\/h6>\n<\/li>\n \t<li data-uw-styling-context=\"true\">\n<h6><span class=\"TextoDoc\"><span class=\"TextoSubmenu\"><a href=\"https:\/\/www.umv.gov.co\/_transparencia2017\/Transparencia-Pagina-WEB\/9.InstrumentosdeGestiondeInformacionPublica\/9.9InformedeMonitoreoLeydeTransparenciayAccesoalaInformacionPublica\/Informetransparenciaactiva20201.docx\" target=\"_blank\" rel=\"noopener\">Informe Monitoreo Ley de Transparencia (Diciembre 2020)<\/a><\/span><\/span><\/h6>\n<\/li>\n<\/ul>[\/vc_column_text][\/vc_tta_section][vc_tta_section title=&#8221;12. Informe Resultados de percepci\u00f3n de la ciudadan\u00eda y grupos de Valor&#8221; tab_id=&#8221;1652230232778-9e2acc0b-f16f&#8221;][vc_column_text]<ul>\n \t<li>\n<h6>\u00a0<a href=\"https:\/\/www.umv.gov.co\/portal\/wp-content\/uploads\/2022\/03\/Informe-encuesta-de-percepcion-ciudadana-pagiana-web-2.pdf\" target=\"_blank\" rel=\"noopener\">Resultados de la encuesta de percepci\u00f3n de los ciudadanos y grupos de valor 2021<\/a><\/h6>\n<\/li>\n<\/ul>[\/vc_column_text][\/vc_tta_section][vc_tta_section title=&#8221;13. Informe Resultados de Encuesta Telef\u00f3nica&#8221; tab_id=&#8221;1652230268880-63b3708e-7926&#8243;][vc_column_text]<ul>\n \t<li>\n<h6><a href=\"https:\/\/www.umv.gov.co\/portal\/wp-content\/uploads\/2022\/04\/INFORME-REGISTRO-SEGUIMIENTO-TELEFONICO-A-LAS-RESPUESTAS-DE-PQRSFD_2022-I-TRIMESTRE.xlsx\"><span class=\"TextoDoc\"><span class=\"TextoSubmenu\">Informe de Resultados de la encuesta\u00a0 Telef\u00f3nica I Trimestre de 2022<\/span><\/span><\/a><\/h6>\n<\/li>\n<\/ul>[\/vc_column_text][\/vc_tta_section][vc_tta_section title=&#8221;14. Inventario Documental&#8221; tab_id=&#8221;1652230375853-49fb55c1-adbd&#8221;][vc_column_text]<ul>\n \t<li>\n<h6><a href=\"https:\/\/www.umv.gov.co\/portal\/wp-content\/uploads\/2022\/05\/Inventario-Unifidado-Documentos-COVID-19.xlsx\">Inventario Unificado Documentos COVID 19<\/a><\/h6>\n<\/li>\n<\/ul>[\/vc_column_text][\/vc_tta_section][\/vc_tta_accordion][\/vc_column][\/vc_row]<\/div>","protected":false},"excerpt":{"rendered":"[vc_row pix_particles_check=&#8221;&#8221; css=&#8221;.vc_custom_1725583829142{margin-top: -20px !important;}&#8221;][vc_column][vc_tta_accordion section_title_tag=&#8221;h6&#8243; style=&#8221;outline&#8221; color=&#8221;mulled-wine&#8221; active_section=&#8221;0&#8243; collapsible_all=&#8221;true&#8221;][vc_tta_section title=&#8221;1. Registros de Activos de Informaci\u00f3n&#8221; tab_id=&#8221;Registros-activos-de-informacion&#8221;][vc_column_text css=&#8221;&#8221;] Registros Activos de Informaci\u00f3n Resoluci\u00f3n N\u00b027&nbsp; \u201cPor medio de la cual se actualiza el registro de activos de informaci\u00f3n y el \u00edndice&#8230;","protected":false},"author":1,"featured_media":0,"parent":0,"menu_order":0,"comment_status":"closed","ping_status":"closed","template":"","meta":{"_monsterinsights_skip_tracking":false,"_monsterinsights_sitenote_active":false,"_monsterinsights_sitenote_note":"","_monsterinsights_sitenote_category":0,"footnotes":""},"class_list":["post-21749","page","type-page","status-publish","hentry"],"_links":{"self":[{"href":"https:\/\/www.umv.gov.co\/portal\/wp-json\/wp\/v2\/pages\/21749","targetHints":{"allow":["GET"]}}],"collection":[{"href":"https:\/\/www.umv.gov.co\/portal\/wp-json\/wp\/v2\/pages"}],"about":[{"href":"https:\/\/www.umv.gov.co\/portal\/wp-json\/wp\/v2\/types\/page"}],"author":[{"embeddable":true,"href":"https:\/\/www.umv.gov.co\/portal\/wp-json\/wp\/v2\/users\/1"}],"replies":[{"embeddable":true,"href":"https:\/\/www.umv.gov.co\/portal\/wp-json\/wp\/v2\/comments?post=21749"}],"version-history":[{"count":1,"href":"https:\/\/www.umv.gov.co\/portal\/wp-json\/wp\/v2\/pages\/21749\/revisions"}],"predecessor-version":[{"id":54203,"href":"https:\/\/www.umv.gov.co\/portal\/wp-json\/wp\/v2\/pages\/21749\/revisions\/54203"}],"wp:attachment":[{"href":"https:\/\/www.umv.gov.co\/portal\/wp-json\/wp\/v2\/media?parent=21749"}],"curies":[{"name":"wp","href":"https:\/\/api.w.org\/{rel}","templated":true}]}}