{"id":21732,"date":"2022-05-10T23:06:28","date_gmt":"2022-05-10T23:06:28","guid":{"rendered":"https:\/\/www.umv.gov.co\/portal\/?page_id=21732"},"modified":"2022-07-27T23:42:44","modified_gmt":"2022-07-27T23:42:44","slug":"planeacion","status":"publish","type":"page","link":"https:\/\/www.umv.gov.co\/portal\/planeacion\/","title":{"rendered":"Planeaci\u00f3n"},"content":{"rendered":"<div class=\"wpb-content-wrapper\">[vc_row][vc_column][vc_tta_accordion style=&#8221;outline&#8221; color=&#8221;green&#8221; active_section=&#8221;0&#8243; collapsible_all=&#8221;true&#8221;][vc_tta_section title=&#8221;1. Pol\u00edticas, lineamientos y manuales&#8221; tab_id=&#8221;1649772486645-39ba3e3d-dbc5&#8243;][vc_column_text]\r\n<h6><strong><span class=\"Texto\">6.1.1 Pol\u00edticas y lineamientos sectoriales e institucionales<\/span><\/strong><\/h6>\r\n<h6><span class=\"Texto\"><span class=\"TextoDoc\">\u00a0 \u00a0\u00a0<a href=\"https:\/\/www.umv.gov.co\/_transparencia2017\/Transparencia-Pagina-WEB\/6.Planeacion\/6.1Politicaslineamientosymanuales\/6.1.1Politicasylineamientossectorialeseinstitucionales\/DESI-MA-002-V7_Politica_Administracion_del_Riesgo.docx\" target=\"_blank\" rel=\"noopener\">Manual Pol\u00edtica Administraci\u00f3n del Riesgo<\/a><\/span><\/span><\/h6>\r\n<h6><span class=\"Texto\"><span class=\"TextoDoc\">\u00a0 \u00a0\u00a0<a href=\"https:\/\/www.umv.gov.co\/_transparencia2017\/Transparencia-Pagina-WEB\/6.Planeacion\/6.1Politicaslineamientosymanuales\/6.1.1Politicasylineamientossectorialeseinstitucionales\/ManualOperativoMIPG.pdf\" target=\"_blank\" rel=\"noopener\">Manual Operativo MIPG<\/a><\/span><\/span><\/h6>\r\n<h6><span class=\"Texto\"><span class=\"TextoDoc\">\u00a0 \u00a0\u00a0<a href=\"https:\/\/www.umv.gov.co\/_transparencia2017\/Transparencia-Pagina-WEB\/6.Planeacion\/6.1Politicaslineamientosymanuales\/6.1.1Politicasylineamientossectorialeseinstitucionales\/DESI-MC-001-V11_Manual_del_Sistema_de_Gestion1.docx\" target=\"_blank\" rel=\"noopener\">Manual del Sistema de Gesti\u00f3n de la UAERMV<\/a><\/span><\/span><\/h6>\r\n<h6><span class=\"Texto\"><span class=\"TextoDoc\">\u00a0 \u00a0 \u00a06.1.1.1 Pol\u00edticas Internas Seguridad de la Informaci\u00f3n<\/span><\/span><\/h6>\r\n<h6><span class=\"Texto\"><span class=\"TextoDoc\">\u00a0 \u00a0 \u00a0\u00a0<a href=\"https:\/\/www.umv.gov.co\/portal\/transparencia2020\/politicas-internas-seguridad-de-la-informacion\/\">Consultar pol\u00edticas internas de seguridad de la informaci\u00f3n<\/a><\/span><\/span><\/h6>\r\n<h6><strong><span class=\"Texto\"><span class=\"TextoDoc\">6.1.2 Sistema Integrado de Gesti\u00f3n<\/span><\/span><\/strong><\/h6>\r\n<h6><span class=\"Texto\"><span class=\"TextoDoc\">\u00a0 \u00a0 \u00a0 \u00a06.1.2.1 Manuales e Instructivos<\/span><\/span><\/h6>\r\n<h6><span class=\"Texto\"><span class=\"TextoDoc\">\u00a0 \u00a0 \u00a0 \u00a0\u00a0<a href=\"https:\/\/www.umv.gov.co\/_transparencia2017\/Transparencia-Pagina-WEB\/6.Planeacion\/6.1Politicaslineamientosymanuales\/6.1.2SistemaIntegradodeGestion\/6.1.2.1ManualeseInstructivos\/ListadodeManuales.xlsx\" target=\"_blank\" rel=\"noopener\">Listado de Manuales<\/a><\/span><\/span><\/h6>\r\n<h6><span class=\"Texto\"><span class=\"TextoDoc\">\u00a0 \u00a0 \u00a0 \u00a0\u00a0<a href=\"https:\/\/www.umv.gov.co\/_transparencia2017\/Transparencia-Pagina-WEB\/6.Planeacion\/6.1Politicaslineamientosymanuales\/6.1.2SistemaIntegradodeGestion\/6.1.2.1ManualeseInstructivos\/ListadodeInstructivos.xlsx\" target=\"_blank\" rel=\"noopener\">Listado de Instructivos<\/a><\/span><\/span><\/h6>\r\n<h6><span class=\"Texto\"><span class=\"TextoDoc\">\u00a0 \u00a0 \u00a0 \u00a0\u00a0<a href=\"https:\/\/www.umv.gov.co\/_transparencia2017\/Transparencia-Pagina-WEB\/6.Planeacion\/6.1Politicaslineamientosymanuales\/6.1.2SistemaIntegradodeGestion\/6.1.2.1ManualeseInstructivos\/DESI-MA-003-V7_Manual_de_Procesos_y_Procedimientos.docx\" target=\"_blank\" rel=\"noopener\">Manual de procesos y procedimientos<\/a><\/span><\/span><\/h6>\r\n<h6><span class=\"Texto\"><span class=\"TextoDoc\">\u00a0 \u00a0 \u00a0 \u00a06.1.2.2 Mapa de Procesos<\/span><\/span><\/h6>\r\n<h6><span class=\"Texto\"><span class=\"TextoDoc\">\u00a0 \u00a0 \u00a0 \u00a0<a href=\"https:\/\/www.umv.gov.co\/_transparencia2017\/Transparencia-Pagina-WEB\/6.Planeacion\/6.1Politicaslineamientosymanuales\/6.1.2SistemaIntegradodeGestion\/6.1.2.2MapadeProcesos\/mapadeprocesos_Mesadetrabajo1.jpg\" target=\"_blank\" rel=\"noopener\">Mapa de Procesos UAERMV<\/a><\/span><\/span><\/h6>\r\n<h6><span class=\"Texto\"><span class=\"TextoDoc\">\u00a0 \u00a0 \u00a0 \u00a06.1.2.3 Procedimientos<\/span><\/span><\/h6>\r\n<h6><span class=\"Texto\"><span class=\"TextoDoc\">\u00a0 \u00a0 \u00a0 \u00a0<a href=\"https:\/\/www.umv.gov.co\/portal\/sisgestion\/\" target=\"_blank\" rel=\"noopener\">Procedimientos UAERMV<\/a><\/span><\/span><\/h6>\r\n<h6><strong><span class=\"Texto\"><span class=\"TextoDoc\">6.1.3 Planes estrat\u00e9gicos, sectoriales e institucionales seg\u00fan sea el caso<\/span><\/span><\/strong><\/h6>\r\n<h6><span class=\"Texto\"><span class=\"TextoDoc\">\u00a0<a href=\"https:\/\/www.umv.gov.co\/portal\/transparencia2020\/planes-estrategicos-sectoriales-e-institucionales-segun-sea-el-caso\/\">Planes estrat\u00e9gicos, sectoriales e institucionales Vigencias (2019 a 2022)<\/a><\/span><\/span><\/h6>\r\n<h6><strong><span class=\"Texto\"><span class=\"TextoDoc\">6.1.4 Plan Anticorrupci\u00f3n y de Atenci\u00f3n al Ciudadano<\/span><\/span><\/strong><\/h6>\r\n<h6><span class=\"Texto\"><span class=\"TextoDoc\">\u00a0\u00a0<a href=\"https:\/\/www.umv.gov.co\/portal\/transparencia2020\/plan-anticorrupcion-y-de-atencion-al-ciudadano\/\">Plan Anticorrupci\u00f3n y de Atenci\u00f3n al Ciudadano Vigencias (2017 al 2022)<\/a><\/span><\/span><\/h6>\r\n<h6><span class=\"Texto\"><span class=\"TextoDoc\">\u00a0 \u00a0 6.1.4.1 Mapa de Riesgos<\/span><\/span><\/h6>\r\n<h6><span class=\"Texto\"><span class=\"TextoDoc\">\u00a0 \u00a0\u00a0<a href=\"https:\/\/www.umv.gov.co\/portal\/transparencia2020\/mapa-de-riesgos\/\">Mapa de Riesgos Vigencias (2105 a 2022)<\/a><\/span><\/span><\/h6>\r\n<h6><span class=\"Texto\"><span class=\"TextoDoc\">\u00a0 \u00a0 6.1.4.2 Estrategia Rendici\u00f3n de Cuentas<\/span><\/span><\/h6>\r\n<h6><span class=\"Texto\"><span class=\"TextoDoc\">\u00a0 \u00a0 \u00a0<a href=\"https:\/\/www.umv.gov.co\/portal\/transparencia2020\/estrategia-rendicion-de-cuentas\/\">Estrategia de Rendici\u00f3n de Cuentas Vigencias (2016 a 2021)<\/a><\/span><\/span><\/h6>\r\n<h6><span class=\"Texto\"><span class=\"TextoDoc\">\u00a0 \u00a0 \u00a06.1.4.3 Informes de Rendici\u00f3n de Cuentas<\/span><\/span><\/h6>\r\n<h6><span class=\"Texto\"><span class=\"TextoDoc\">\u00a0 \u00a0 \u00a0\u00a0<a href=\"https:\/\/www.umv.gov.co\/portal\/rendicion-de-cuentas\/\" target=\"_blank\" rel=\"noopener\">Todo sobre Rendici\u00f3n de Cuentas de la UAERMV<\/a><\/span><\/span><\/h6>\r\n<h6><span class=\"Texto\"><span class=\"TextoDoc\">\u00a0 \u00a0 \u00a0 \u00a0<a href=\"https:\/\/www.umv.gov.co\/portal\/transparencia2020\/informes-de-rendicion-de-cuentas\/\" target=\"_blank\" rel=\"noopener\">Informe Rendici\u00f3n de Cuentas Vigencias (2016, 2017, 2018, 2019, 2020, 2021)<\/a><\/span><\/span><\/h6>\r\n<h6><span class=\"Texto\"><span class=\"TextoDoc\">\u00a0 \u00a0 \u00a0 6.1.4.4 Seguimiento de Rendici\u00f3n de Cuentas<\/span><\/span><\/h6>\r\n<h6><span class=\"Texto\"><span class=\"TextoDoc\">\u00a0 \u00a0 \u00a0 \u00a0<a href=\"https:\/\/www.umv.gov.co\/portal\/transparencia2020\/seguimiento-de-rendicion-de-cuentas\/\">Informe de Seguimiento y Evaluaci\u00f3n Vigencias (2017, 2018, 2019, 2020)<\/a><\/span><\/span><\/h6>\r\n<h6><span class=\"Texto\"><span class=\"TextoDoc\">\u00a0 \u00a0 \u00a0 6.1.4.6 Informes de Monitoreo<\/span><\/span><\/h6>\r\n<h6><span class=\"Texto\"><span class=\"TextoDoc\">\u00a0 \u00a0 \u00a0\u00a0<a href=\"https:\/\/www.umv.gov.co\/portal\/transparencia2020\/informes-de-monitoreo\/\">Informes de monitoreo Vigencias (2017 a 2022)<\/a><\/span><\/span><\/h6>\r\n<h6><strong><span class=\"Texto\"><span class=\"TextoDoc\">6.1.5 Planes de Acci\u00f3n<\/span><\/span><\/strong><\/h6>\r\n<h6><span class=\"Texto\"><span class=\"TextoDoc\">\u00a0 \u00a0 \u00a0\u00a0<a href=\"https:\/\/www.umv.gov.co\/portal\/transparencia2020\/planes-de-accion\/\">Planes de Acci\u00f3n Vigencias (2015 a 2022)<\/a><\/span><\/span><\/h6>\r\n<h6><strong><span class=\"Texto\"><span class=\"TextoDoc\">6.1.6 Informes de Seguimiento Pol\u00edticas MIPG<\/span><\/span><\/strong><\/h6>\r\n<h6><span class=\"Texto\"><span class=\"TextoDoc\">\u00a0 \u00a0 \u00a0 \u00a0<a href=\"https:\/\/www.umv.gov.co\/portal\/transparencia2020\/informes-de-seguimiento-politicas-mipg\/\">Informe de pol\u00edticas de gesti\u00f3n MIPG Vigencias (2021, 2020)<\/a><\/span><\/span><\/h6>\r\n<h6>\u00a0 \u00a0 \u00a0 \u00a0<a href=\"https:\/\/www.umv.gov.co\/portal\/wp-content\/uploads\/2022\/01\/Informe-gestion-del-conocimiento-y-la-innovacion-2021.docx\">Informe gesti\u00f3n del conocimiento y la innovaci\u00f3n 2021<\/a><\/h6>\r\n<h6>\u00a0 \u00a0\u00a0 <span style=\"color: #000000;\"><a style=\"color: #000000;\" href=\"https:\/\/www.umv.gov.co\/portal\/wp-content\/uploads\/2022\/05\/DESI-DI-005-V4-Estrategia-Gestion-del-Conocimiento-y-la-Innovacion.docx\" target=\"_blank\" rel=\"noopener\">Estrategia de gesti\u00f3n del conocimiento y la Innovaci\u00f3n Vigencia 2022<\/a><\/span><\/h6>\r\n<h6><span style=\"color: #000000;\">\u00a0<\/span><\/h6>\r\n[\/vc_column_text][\/vc_tta_section][vc_tta_section title=&#8221;2. Planes de Gasto P\u00fablico&#8221; tab_id=&#8221;1649772486662-34495b01-7e08&#8243;][vc_column_text]\r\n<h6><strong><span class=\"Texto\">6.2.1 Plan de Adquisiciones<\/span><\/strong><\/h6>\r\n<h6><span class=\"Texto\"><span class=\"TextoDoc\">\u00a0 \u00a0\u00a0<a href=\"https:\/\/www.umv.gov.co\/portal\/plan-anual-de-adquisiciones\/\" target=\"_blank\" rel=\"noopener\">Plan Anual de Adquisiciones UAERMV<\/a><\/span><\/span><\/h6>\r\n<h6><strong><span class=\"Texto\"><span class=\"TextoDoc\">6.2.2 Proyectos de Inversi\u00f3n<\/span><\/span><\/strong><\/h6>\r\n<h6><span class=\"Texto\"><span class=\"TextoDoc\">\u00a0 \u00a0\u00a0<a href=\"https:\/\/www.umv.gov.co\/portal\/transparencia2020\/proyectos-de-inversion\/\">Proyectos de Inversi\u00f3n Vigencias (2015 al 2022)<\/a><\/span><\/span><\/h6>\r\n<h6><strong><span class=\"Texto\"><span class=\"TextoDoc\">6.2.3 Informes de Seguimiento a SEGPLAN<\/span><\/span><\/strong><\/h6>\r\n<h6><span class=\"Texto\"><span class=\"TextoDoc\">\u00a0 \u00a0 \u00a0<a href=\"https:\/\/www.umv.gov.co\/portal\/transparencia2020\/informes-de-seguimiento-a-segplan\/\">Reporte de Seguimiento a SEGPLAN Vigencias (2017, al 2022)<\/a><\/span><\/span><\/h6>\r\n<h6><strong><span class=\"Texto\"><span class=\"TextoDoc\">6.2.4 Boletines Presupuestales<\/span><\/span><\/strong><\/h6>\r\n<h6><span class=\"Texto\"><span class=\"TextoDoc\">\u00a0 \u00a0 \u00a0<a href=\"https:\/\/www.umv.gov.co\/portal\/transparencia2020\/boletines-presupuestales\/\">Boletines Presupuestales Vigencias (2016 al 2022)<\/a><\/span><\/span><\/h6>\r\n<h6><strong><span class=\"Texto\"><span class=\"TextoDoc\">\u00a06.2.5 Fichas Proyectos Metodolog\u00eda General Ajustada (MGA)<\/span><\/span><\/strong><\/h6>\r\n<h6><span class=\"Texto\"><span class=\"TextoDoc\">\u00a0 \u00a0 \u00a0 \u00a0\u00a0<a href=\"https:\/\/www.umv.gov.co\/portal\/transparencia2020\/fichas-proyectos-metodologia-general-ajustada-mga\/\">Consultar Ficha Proyectos Vigencia 2020<\/a><\/span><\/span><\/h6>\r\n[\/vc_column_text][\/vc_tta_section][vc_tta_section title=&#8221;3. Indicadores de Gesti\u00f3n&#8221; tab_id=&#8221;1649773327315-e757e8d4-9139&#8243;][vc_column_text]\r\n<ul>\r\n \t<li data-uw-styling-context=\"true\">\r\n<h6><a href=\"https:\/\/www.umv.gov.co\/portal\/transparencia2020\/indicadores-de-gestion\/\">Indicadores de Gesti\u00f3n Vigencias (2015 al 2022)<\/a><\/h6>\r\n<\/li>\r\n<\/ul>\r\n[\/vc_column_text][\/vc_tta_section][vc_tta_section title=&#8221;4. Informes de Gesti\u00f3n&#8221; tab_id=&#8221;1649773863739-1463c3f4-d0e5&#8243;][vc_column_text]\r\n<ul>\r\n \t<li data-uw-styling-context=\"true\">\r\n<h6 data-uw-styling-context=\"true\">\u00a0\u00a0<a href=\"https:\/\/www.umv.gov.co\/portal\/transparencia2020\/informes-de-gestion\/\">Informes de Gesti\u00f3n Vigencias (2014 al 2021)<\/a><\/h6>\r\n<\/li>\r\n<\/ul>\r\n[\/vc_column_text][\/vc_tta_section][vc_tta_section title=&#8221;5. Informes de Empalme&#8221; tab_id=&#8221;1649773973995-5397d46c-4609&#8243;][vc_column_text]\r\n<ul>\r\n \t<li>\r\n<h6 data-uw-styling-context=\"true\"><a href=\"https:\/\/www.umv.gov.co\/portal\/transparencia2020\/informes-de-empalme\/\">Informes de Empalme Vigencias (2016, 2019)<\/a><\/h6>\r\n<\/li>\r\n<\/ul>\r\n[\/vc_column_text][\/vc_tta_section][vc_tta_section title=&#8221;6. Participaci\u00f3n en la formulaci\u00f3n de pol\u00edticas&#8221; tab_id=&#8221;1649774305171-00f401f2-bc06&#8243;][vc_column_text]\r\n<ul>\r\n \t<li>\r\n<h6><span class=\"Texto\"><span class=\"TextoDoc\"><span class=\"TextoSubmenu\">\u00a0<a href=\"https:\/\/www.umv.gov.co\/portal\/wp-content\/uploads\/2021\/09\/APIC-PR-002-V5_Procedimiento_Participacion_de_Grupos_de_Valor.xls\">Procedimiento Participaci\u00f3n de Grupos de Valor<\/a><\/span><\/span><\/span><\/h6>\r\n<\/li>\r\n \t<li>\r\n<h6><span class=\"Texto\"><span class=\"TextoDoc\"><span class=\"TextoSubmenu\"><a href=\"https:\/\/www.umv.gov.co\/portal\/wp-content\/uploads\/2021\/02\/Procedimiento-Participacion-Planeacion-Estrategica.xls\" target=\"_blank\" rel=\"noopener\">Procedimiento Participaci\u00f3n Planeaci\u00f3n Estrat\u00e9gica<\/a><\/span><\/span><\/span><\/h6>\r\n<\/li>\r\n<\/ul>\r\n[\/vc_column_text][\/vc_tta_section][\/vc_tta_accordion][\/vc_column][\/vc_row]<\/div>","protected":false},"excerpt":{"rendered":"[vc_row][vc_column][vc_tta_accordion style=&#8221;outline&#8221; color=&#8221;green&#8221; active_section=&#8221;0&#8243; collapsible_all=&#8221;true&#8221;][vc_tta_section title=&#8221;1. Pol\u00edticas, lineamientos y manuales&#8221; tab_id=&#8221;1649772486645-39ba3e3d-dbc5&#8243;][vc_column_text] 6.1.1 Pol\u00edticas y lineamientos sectoriales e institucionales \u00a0 \u00a0\u00a0Manual Pol\u00edtica Administraci\u00f3n del Riesgo \u00a0 \u00a0\u00a0Manual Operativo MIPG \u00a0 \u00a0\u00a0Manual del Sistema de Gesti\u00f3n de la UAERMV \u00a0 \u00a0 \u00a06.1.1.1&#8230;","protected":false},"author":1,"featured_media":0,"parent":0,"menu_order":0,"comment_status":"closed","ping_status":"closed","template":"","meta":{"_monsterinsights_skip_tracking":false,"_monsterinsights_sitenote_active":false,"_monsterinsights_sitenote_note":"","_monsterinsights_sitenote_category":0,"footnotes":""},"class_list":["post-21732","page","type-page","status-publish","hentry"],"_links":{"self":[{"href":"https:\/\/www.umv.gov.co\/portal\/wp-json\/wp\/v2\/pages\/21732","targetHints":{"allow":["GET"]}}],"collection":[{"href":"https:\/\/www.umv.gov.co\/portal\/wp-json\/wp\/v2\/pages"}],"about":[{"href":"https:\/\/www.umv.gov.co\/portal\/wp-json\/wp\/v2\/types\/page"}],"author":[{"embeddable":true,"href":"https:\/\/www.umv.gov.co\/portal\/wp-json\/wp\/v2\/users\/1"}],"replies":[{"embeddable":true,"href":"https:\/\/www.umv.gov.co\/portal\/wp-json\/wp\/v2\/comments?post=21732"}],"version-history":[{"count":0,"href":"https:\/\/www.umv.gov.co\/portal\/wp-json\/wp\/v2\/pages\/21732\/revisions"}],"wp:attachment":[{"href":"https:\/\/www.umv.gov.co\/portal\/wp-json\/wp\/v2\/media?parent=21732"}],"curies":[{"name":"wp","href":"https:\/\/api.w.org\/{rel}","templated":true}]}}