{"id":21713,"date":"2022-05-09T19:26:35","date_gmt":"2022-05-09T19:26:35","guid":{"rendered":"https:\/\/www.umv.gov.co\/portal\/?page_id=21713"},"modified":"2023-03-30T01:42:54","modified_gmt":"2023-03-30T01:42:54","slug":"3-estructura-organica-y-talento-humano","status":"publish","type":"page","link":"https:\/\/www.umv.gov.co\/portal\/3-estructura-organica-y-talento-humano\/","title":{"rendered":"Estructura Org\u00e1nica y Talento Humano"},"content":{"rendered":"<div class=\"wpb-content-wrapper\">[vc_row][vc_column][vc_tta_accordion style=&#8221;outline&#8221; color=&#8221;green&#8221; active_section=&#8221;0&#8243; collapsible_all=&#8221;true&#8221;][vc_tta_section title=&#8221;1. Misi\u00f3n y Visi\u00f3n&#8221; tab_id=&#8221;1649772486645-39ba3e3d-dbc5&#8243;][vc_column_text]\r\n<ul>\r\n \t<li data-uw-styling-context=\"true\">\r\n<h6 data-uw-styling-context=\"true\"><span class=\"TextoDoc\" data-uw-styling-context=\"true\"><a href=\"https:\/\/www.umv.gov.co\/portal\/plataforma-estrategica\/\" target=\"_blank\" rel=\"noopener\" data-uw-styling-context=\"true\">Misi\u00f3n UAERMV<\/a><\/span><\/h6>\r\n<\/li>\r\n \t<li data-uw-styling-context=\"true\">\r\n<h6 data-uw-styling-context=\"true\"><span class=\"TextoDoc\" data-uw-styling-context=\"true\"><a href=\"https:\/\/www.umv.gov.co\/portal\/plataforma-estrategica\/\" target=\"_blank\" rel=\"noopener\" data-uw-styling-context=\"true\">Visi\u00f3n UAERMV<\/a><\/span><\/h6>\r\n<\/li>\r\n<\/ul>\r\n[\/vc_column_text][\/vc_tta_section][vc_tta_section title=&#8221;2. Funciones y Deberes&#8221; tab_id=&#8221;1649772486662-34495b01-7e08&#8243;][vc_column_text]\r\n<ul>\r\n \t<li data-uw-styling-context=\"true\">\r\n<p data-uw-styling-context=\"true\"><span class=\"TextoDoc\" data-uw-styling-context=\"true\"><span class=\"TextoSubmenu\" data-uw-styling-context=\"true\"><a href=\"https:\/\/www.umv.gov.co\/_transparencia2017\/Transparencia-Pagina-WEB\/3.EstructuraOrganicayTalentoHumano\/3.2FuncionesyDeberes\/Acuerdo1220101.pdf\" target=\"_blank\" rel=\"noopener\" data-uw-styling-context=\"true\">Acuerdo 012 de 2010<\/a><\/span><\/span><\/p>\r\n<\/li>\r\n \t<li data-uw-styling-context=\"true\">\r\n<p data-uw-styling-context=\"true\"><span class=\"TextoDoc\" data-uw-styling-context=\"true\"><span class=\"TextoSubmenu\" data-uw-styling-context=\"true\"><a href=\"https:\/\/www.umv.gov.co\/_transparencia2017\/Transparencia-Pagina-WEB\/3.EstructuraOrganicayTalentoHumano\/3.2FuncionesyDeberes\/Acuerdo011de2010.pdf\" target=\"_blank\" rel=\"noopener\" data-uw-styling-context=\"true\">Acuerdo 011 de 2010<\/a><\/span><\/span><\/p>\r\n<\/li>\r\n \t<li data-uw-styling-context=\"true\">\r\n<p data-uw-styling-context=\"true\"><span class=\"TextoDoc\" data-uw-styling-context=\"true\"><span class=\"TextoSubmenu\" data-uw-styling-context=\"true\"><a href=\"https:\/\/www.umv.gov.co\/_transparencia2017\/Transparencia-Pagina-WEB\/3.EstructuraOrganicayTalentoHumano\/3.2FuncionesyDeberes\/Acuerdo010de2010.pdf\" target=\"_blank\" rel=\"noopener\" data-uw-styling-context=\"true\">Acuerdo 010 de 2010<\/a><\/span><\/span><\/p>\r\n<\/li>\r\n \t<li data-uw-styling-context=\"true\">\r\n<p data-uw-styling-context=\"true\"><span class=\"TextoDoc\" data-uw-styling-context=\"true\"><span class=\"TextoSubmenu\" data-uw-styling-context=\"true\"><a href=\"https:\/\/www.umv.gov.co\/_transparencia2017\/Transparencia-Pagina-WEB\/3.EstructuraOrganicayTalentoHumano\/3.2FuncionesyDeberes\/Acuerdo007de2017.pdf\" target=\"_blank\" rel=\"noopener\" data-uw-styling-context=\"true\">Acuerdo 007 de 2017<\/a><\/span><\/span><\/p>\r\n<\/li>\r\n<\/ul>\r\n[\/vc_column_text][\/vc_tta_section][vc_tta_section title=&#8221;3. Organigrama&#8221; tab_id=&#8221;1649773327315-e757e8d4-9139&#8243;][vc_column_text]\r\n<ul>\r\n \t<li data-uw-styling-context=\"true\">\r\n<h6><a href=\"https:\/\/www.umv.gov.co\/portal\/estructura-organica\/\" target=\"_blank\" rel=\"noopener\" data-uw-styling-context=\"true\">Estructura org\u00e1nica<\/a><\/h6>\r\n<\/li>\r\n<\/ul>\r\n[\/vc_column_text][\/vc_tta_section][vc_tta_section title=&#8221;4. Directorio&#8221; tab_id=&#8221;1649773863739-1463c3f4-d0e5&#8243;][vc_column_text]\r\n<ul>\r\n \t<li data-uw-styling-context=\"true\">\r\n<h6 data-uw-styling-context=\"true\"><a href=\"https:\/\/www.umv.gov.co\/portal\/wp-content\/uploads\/2022\/03\/1.-DIRECTORIO-CONTRATISTAS-3.xlsx\" data-uw-styling-context=\"true\"><span class=\"TextoDoc\" data-uw-styling-context=\"true\"><span class=\"TextoSubmenu\" data-uw-styling-context=\"true\">Directorio Contratistas<\/span><\/span><\/a><\/h6>\r\n<\/li>\r\n \t<li data-uw-styling-context=\"true\">\r\n<h6 data-uw-styling-context=\"true\"><a href=\"https:\/\/www.umv.gov.co\/portal\/directorio-de-la-entidad\/\" data-uw-styling-context=\"true\"><span class=\"TextoDoc\" data-uw-styling-context=\"true\"><span class=\"TextoSubmenu\" data-uw-styling-context=\"true\">Directorio de Servidores P\u00fablicos UAERMV<\/span><\/span><\/a><\/h6>\r\n<\/li>\r\n \t<li data-uw-styling-context=\"true\">\r\n<h6 data-uw-styling-context=\"true\"><span class=\"TextoDoc\" data-uw-styling-context=\"true\"><span class=\"TextoSubmenu\" data-uw-styling-context=\"true\"><a href=\"https:\/\/sideap.serviciocivil.gov.co\/sideap\/faces\/directorioServidores.xhtml?idEntidad=227\" target=\"_blank\" rel=\"noopener\" data-uw-styling-context=\"true\">Directorio Sideap<\/a><\/span><\/span><\/h6>\r\n<\/li>\r\n<\/ul>\r\n[\/vc_column_text][\/vc_tta_section][vc_tta_section title=&#8221;5. Manual de Funciones&#8221; tab_id=&#8221;1649773973995-5397d46c-4609&#8243;][vc_column_text]\r\n<ul>\r\n \t<li>\r\n<p data-uw-styling-context=\"true\"><a href=\"https:\/\/www.umv.gov.co\/portal\/manual-de-funciones\/\" target=\"_blank\" rel=\"noopener\">Manual de Funciones UAERMV<\/a><\/p>\r\n<p data-uw-styling-context=\"true\"><span class=\"TextoDoc\" data-uw-styling-context=\"true\"><a href=\"https:\/\/www.umv.gov.co\/boletin\/Resolucion%20599%202019.pdf\" target=\"_blank\" rel=\"noopener\" data-uw-styling-context=\"true\">Resoluci\u00f3n No 599 de 2019 Manual de Funciones UAERMV<\/a><\/span><\/p>\r\n<p data-uw-styling-context=\"true\"><span class=\"TextoDoc\" data-uw-styling-context=\"true\"><a href=\"https:\/\/www.umv.gov.co\/portal\/wp-content\/uploads\/2020\/08\/Resoluci%C3%B3n-267-de-2020.pdf\" target=\"_blank\" rel=\"noopener\" data-uw-styling-context=\"true\">Resoluci\u00f3n No 267 de 2020 que modifica el manual de funciones<\/a><\/span><\/p>\r\n<p data-uw-styling-context=\"true\"><a href=\"https:\/\/www.umv.gov.co\/portal\/wp-content\/uploads\/2021\/09\/2021-09-13_Resolucion-349-2021_Modif_Manual_Func_P.1.4.15_EP.pdf\" target=\"_blank\" rel=\"noopener\" data-uw-styling-context=\"true\"><span class=\"TextoDoc\" data-uw-styling-context=\"true\">Resoluci\u00f3n No 349 de 2021 que modifica el manual de funciones<\/span><\/a><\/p>\r\n<\/li>\r\n<\/ul>\r\n[\/vc_column_text][\/vc_tta_section][vc_tta_section title=&#8221;6. Directorio Asociaciones, Gremios y Grupos de Inter\u00e9s&#8221; tab_id=&#8221;1649774305171-00f401f2-bc06&#8243;][vc_column_text]\r\n<ul>\r\n \t<li>\r\n<h6><a href=\"https:\/\/www.umv.gov.co\/_transparencia2017\/Transparencia-Pagina-WEB\/3.EstructuraOrganicayTalentoHumano\/3.6DirectorioAsociacionesGremiosyGruposdeInteres\/DirectorioAsociacionesGremiosyGruposdeInteres.xlsx\" target=\"_blank\" rel=\"noopener\" data-uw-styling-context=\"true\">Directorio Asociaciones, Gremios y Grupos de Inter\u00e9s<\/a><\/h6>\r\n<\/li>\r\n<\/ul>\r\n[\/vc_column_text][\/vc_tta_section][vc_tta_section title=&#8221;7. Ofertas de Empleo&#8221; tab_id=&#8221;1649774826133-0ebf5037-539f&#8221;][vc_column_text]\r\n<ul>\r\n \t<li>\r\n<h6><a href=\"https:\/\/sideap.serviciocivil.gov.co\/sideap\/\" target=\"_blank\" rel=\"noopener\"><span class=\"TextoDoc\" data-uw-styling-context=\"true\"><span class=\"TextoSubmenu\" data-uw-styling-context=\"true\">Ofertas de empleo SIDEAP<\/span><\/span><\/a><\/h6>\r\n<\/li>\r\n<\/ul>\r\n[\/vc_column_text][\/vc_tta_section][vc_tta_section title=&#8221;8 Acuerdos de Gesti\u00f3n&#8221; tab_id=&#8221;1649775102048-67eb1507-dbfc&#8221;][vc_column_text]\r\n<ul>\r\n \t<li data-uw-styling-context=\"true\">\r\n<h6><span class=\"TextoDoc\" data-uw-styling-context=\"true\"><a href=\"https:\/\/www.umv.gov.co\/portal\/acuerdos-de-gestion\/\" target=\"_blank\" rel=\"noopener\" data-uw-styling-context=\"true\">Acuerdos de Gesti\u00f3n Vigencias 2017 a 2021<\/a><\/span><\/h6>\r\n<\/li>\r\n<\/ul>\r\n[\/vc_column_text][\/vc_tta_section][vc_tta_section title=&#8221;9. Nombramientos&#8221; tab_id=&#8221;1649783653884-201f382d-e4b7&#8243;][vc_column_text]\r\n<ul>\r\n \t<li data-uw-styling-context=\"true\">\r\n<h6><span class=\"TextoDoc\" data-uw-styling-context=\"true\"><a href=\"https:\/\/www.umv.gov.co\/portal\/nombramientos\" target=\"_blank\" rel=\"noopener\" data-uw-styling-context=\"true\"><span class=\"TextoSubmenu\" data-uw-styling-context=\"true\"><span class=\"Texto\" data-uw-styling-context=\"true\">Resoluciones Nombramientos Vigencias 2018 a 2021<\/span><\/span><\/a><\/span><\/h6>\r\n<\/li>\r\n<\/ul>\r\n[\/vc_column_text][\/vc_tta_section][vc_tta_section title=&#8221;10. Publicaci\u00f3n nombramientos ordinarios o encargos en empleos de naturaleza gerencial&#8221; tab_id=&#8221;1652220083213-f45dfc8a-7540&#8243;][vc_column_text]\r\n<ul>\r\n \t<li data-uw-styling-context=\"true\">\r\n<h6><a href=\"https:\/\/www.umv.gov.co\/portal\/publicacion-nombramientos-ordinarios-o-encargos-en-empleos-de-naturaleza-gerencial\/\" target=\"_blank\" rel=\"noopener\" data-uw-styling-context=\"true\">Consultar informaci\u00f3n Vigencia 2021 \u2013 2022<\/a><\/h6>\r\n<\/li>\r\n<\/ul>\r\n[\/vc_column_text][\/vc_tta_section][\/vc_tta_accordion][\/vc_column][\/vc_row]<\/div>","protected":false},"excerpt":{"rendered":"[vc_row][vc_column][vc_tta_accordion style=&#8221;outline&#8221; color=&#8221;green&#8221; active_section=&#8221;0&#8243; collapsible_all=&#8221;true&#8221;][vc_tta_section title=&#8221;1. Misi\u00f3n y Visi\u00f3n&#8221; tab_id=&#8221;1649772486645-39ba3e3d-dbc5&#8243;][vc_column_text] Misi\u00f3n UAERMV Visi\u00f3n UAERMV [\/vc_column_text][\/vc_tta_section][vc_tta_section title=&#8221;2. Funciones y Deberes&#8221; tab_id=&#8221;1649772486662-34495b01-7e08&#8243;][vc_column_text] Acuerdo 012 de 2010 Acuerdo 011 de 2010 Acuerdo 010 de 2010 Acuerdo 007 de 2017 [\/vc_column_text][\/vc_tta_section][vc_tta_section title=&#8221;3. Organigrama&#8221; tab_id=&#8221;1649773327315-e757e8d4-9139&#8243;][vc_column_text]&#8230;","protected":false},"author":1,"featured_media":0,"parent":0,"menu_order":0,"comment_status":"closed","ping_status":"closed","template":"","meta":{"_monsterinsights_skip_tracking":false,"_monsterinsights_sitenote_active":false,"_monsterinsights_sitenote_note":"","_monsterinsights_sitenote_category":0,"footnotes":""},"class_list":["post-21713","page","type-page","status-publish","hentry"],"_links":{"self":[{"href":"https:\/\/www.umv.gov.co\/portal\/wp-json\/wp\/v2\/pages\/21713","targetHints":{"allow":["GET"]}}],"collection":[{"href":"https:\/\/www.umv.gov.co\/portal\/wp-json\/wp\/v2\/pages"}],"about":[{"href":"https:\/\/www.umv.gov.co\/portal\/wp-json\/wp\/v2\/types\/page"}],"author":[{"embeddable":true,"href":"https:\/\/www.umv.gov.co\/portal\/wp-json\/wp\/v2\/users\/1"}],"replies":[{"embeddable":true,"href":"https:\/\/www.umv.gov.co\/portal\/wp-json\/wp\/v2\/comments?post=21713"}],"version-history":[{"count":0,"href":"https:\/\/www.umv.gov.co\/portal\/wp-json\/wp\/v2\/pages\/21713\/revisions"}],"wp:attachment":[{"href":"https:\/\/www.umv.gov.co\/portal\/wp-json\/wp\/v2\/media?parent=21713"}],"curies":[{"name":"wp","href":"https:\/\/api.w.org\/{rel}","templated":true}]}}