{"id":21525,"date":"2022-05-03T12:55:56","date_gmt":"2022-05-03T12:55:56","guid":{"rendered":"https:\/\/www.umv.gov.co\/portal\/?page_id=21525"},"modified":"2024-09-06T19:43:36","modified_gmt":"2024-09-06T19:43:36","slug":"suttia","status":"publish","type":"page","link":"https:\/\/www.umv.gov.co\/portal\/suttia\/","title":{"rendered":"S\u00dcTTIA"},"content":{"rendered":"<div class=\"wpb-content-wrapper\"><p>[vc_row pix_particles_check=&#8221;&#8221; css=&#8221;.vc_custom_1725651813116{margin-top: -20px !important;}&#8221;][vc_column][vc_gallery interval=&#8221;10&#8243; images=&#8221;21583&#8243; img_size=&#8221;1180 x 515&#8243;][\/vc_column][\/vc_row][vc_row pix_particles_check=&#8221;&#8221;][vc_column width=&#8221;2\/3&#8243;]<span class=\"pix-badge-element h6 d-inline-flex mr-1 \"  ><span class=\"badge font-weight-bold secondary-font  bg-secondary  vc_custom_1725651712816  \" style=\" \"><span class=\"text-white\" style=\"\">P\u00dcTSHI S\u00dcCHIKI ALATAKAT<\/span><\/span><\/span><div class=\"row  \"><div class=\"col-xs-12 col-md-6 pix-mb-40\"><div class=\"pix-content-box pix-post-meta-element pix-post-meta-basic fly-sm2 d-flex align-content-between flex-wrap align-self-stretch rounded-lg  overflow-hidden w-100  shadow-hover-sm2 shadow-sm2 bg-white  post-56306 post type-post status-publish format-standard has-post-thumbnail hentry category-noticias\"  >\n\t\t\t\t<div class=\"d-flex align-items-start w-100\">\n\t\t\t\t\t<div class=\"w-100\"><div class=\"d-block pix-px-20 pix-pt-20\"><a href=\"https:\/\/www.umv.gov.co\/portal\/2026\/04\/09\/en-el-barrio-paraiso-quiba-en-ciudad-bolivar-la-umv-renueva-las-vias-locales\/\"><div class=\"rounded-lg overflow-hidden position-relative d-block pix-fit-cover\" style=\"height:200px;width:100%;\"><img loading=\"lazy\" decoding=\"async\" width=\"622\" height=\"400\" src=\"https:\/\/www.umv.gov.co\/portal\/wp-content\/uploads\/2026\/04\/nota-622x400.png\" class=\"img-fluid rounded-lg card-img-top\" alt=\"En el barrio Para\u00edso Quiba, en Ciudad Bol\u00edvar, la UMV renueva las v\u00edas locales.\" style=\"height:200px;width:100%;object-fit: cover;\" \/><\/div><\/a><\/div><div class=\"d-block pix-p-20 position-relative\">\n\t\t\t\t\t\t\t<span class=\"pix-post-meta-categories text-sm pb-1 mb-1\"><a href=\"https:\/\/www.umv.gov.co\/portal\/category\/noticias\/\" target=\"_self\"><span class=\"pix-badge-element custom d-inline-flex mr-1 \"  ><span class=\"badge font-weight-bold  bg-primary-light   \" style=\"font-size:12px; padding:5px 10px;line-height:12px;\"><span class=\"text-primary\" style=\"\">Noticias<\/span><\/span><\/span><\/a><\/span>\n\t\t\t\t\t\t\t<a class=\"text-heading-default\" href=\"https:\/\/www.umv.gov.co\/portal\/2026\/04\/09\/en-el-barrio-paraiso-quiba-en-ciudad-bolivar-la-umv-renueva-las-vias-locales\/\"><div class=\"card-title mb-2 h5 secondary-font font-weight-bold\">En el barrio Para\u00edso Quiba, en Ciudad Bol\u00edvar, la UMV renueva las v\u00edas locales.<\/div><\/a><a class=\"pix-post-meta-date pix-blog-post-text text-sm mb-0 d-inline-block text-body-default svg-body-default\" href=\"https:\/\/www.umv.gov.co\/portal\/2026\/04\/09\/en-el-barrio-paraiso-quiba-en-ciudad-bolivar-la-umv-renueva-las-vias-locales\/\"><span class=\"pr-1\">\n\t\t\t\t\t\t\t\t<svg xmlns=\"http:\/\/www.w3.org\/2000\/svg\" width=\"18\" height=\"18\" viewBox=\"0 0 18 18\">\n  <path fill=\"currentColor\" d=\"M9,0 C13.95,0 18,4.05 18,9 C18,13.95 13.95,18 9,18 C4.05,18 0,13.95 0,9 C0,4.05 4.05,0 9,0 Z M9,16.2 C12.96,16.2 16.2,12.96 16.2,9 C16.2,5.04 12.96,1.8 9,1.8 C5.04,1.8 1.8,5.04 1.8,9 C1.8,12.96 5.04,16.2 9,16.2 Z M12.6,9.4 C13.26,9.4 13.8,9.64 13.8,10.3 C13.8,10.96 13.26,11.2 12.6,11.2 L7.8,11.2 L7.8,5.8 C7.8,5.14 8.04,4.6 8.7,4.6 C9.36,4.6 9.6,5.14 9.6,5.8 L9.6,9.4 L12.6,9.4 Z\"\/>\n<\/svg>\n\n\t\t\t\t\t\t\t\t<\/span><span class=\"text-body-default pix-blog-post-text\">2026-04-09<\/span><\/a><\/div>\n\t\t\t\t\t<\/div>\n\t\t\t\t<\/div><\/div><\/div><div class=\"col-xs-12 col-md-6 pix-mb-40\"><div class=\"pix-content-box pix-post-meta-element pix-post-meta-basic fly-sm2 d-flex align-content-between flex-wrap align-self-stretch rounded-lg  overflow-hidden w-100  shadow-hover-sm2 shadow-sm2 bg-white  post-56257 post type-post status-publish format-standard has-post-thumbnail hentry category-noticias\"  >\n\t\t\t\t<div class=\"d-flex align-items-start w-100\">\n\t\t\t\t\t<div class=\"w-100\"><div class=\"d-block pix-px-20 pix-pt-20\"><a href=\"https:\/\/www.umv.gov.co\/portal\/2026\/04\/07\/la-umv-reafirma-su-compromiso-con-garantizar-y-promover-espacios-seguros-para-las-mujeres-libres-de-violencias\/\"><div class=\"rounded-lg overflow-hidden position-relative d-block pix-fit-cover\" style=\"height:200px;width:100%;\"><img loading=\"lazy\" decoding=\"async\" width=\"622\" height=\"400\" src=\"https:\/\/www.umv.gov.co\/portal\/wp-content\/uploads\/2026\/04\/La-UMV-reafirma-su-compromiso-con-garantizar-y-promover-espacios-seguros-para-las-mujeres-libres-de-violencias-622x400.png\" class=\"img-fluid rounded-lg card-img-top\" alt=\"La UMV reafirma su compromiso con garantizar y promover espacios seguros para las mujeres, libres de violencias.\" style=\"height:200px;width:100%;object-fit: cover;\" \/><\/div><\/a><\/div><div class=\"d-block pix-p-20 position-relative\">\n\t\t\t\t\t\t\t<span class=\"pix-post-meta-categories text-sm pb-1 mb-1\"><a href=\"https:\/\/www.umv.gov.co\/portal\/category\/noticias\/\" target=\"_self\"><span class=\"pix-badge-element custom d-inline-flex mr-1 \"  ><span class=\"badge font-weight-bold  bg-primary-light   \" style=\"font-size:12px; padding:5px 10px;line-height:12px;\"><span class=\"text-primary\" style=\"\">Noticias<\/span><\/span><\/span><\/a><\/span>\n\t\t\t\t\t\t\t<a class=\"text-heading-default\" href=\"https:\/\/www.umv.gov.co\/portal\/2026\/04\/07\/la-umv-reafirma-su-compromiso-con-garantizar-y-promover-espacios-seguros-para-las-mujeres-libres-de-violencias\/\"><div class=\"card-title mb-2 h5 secondary-font font-weight-bold\">La UMV reafirma su compromiso con garantizar y promover espacios seguros para las mujeres, libres de violencias.<\/div><\/a><a class=\"pix-post-meta-date pix-blog-post-text text-sm mb-0 d-inline-block text-body-default svg-body-default\" href=\"https:\/\/www.umv.gov.co\/portal\/2026\/04\/07\/la-umv-reafirma-su-compromiso-con-garantizar-y-promover-espacios-seguros-para-las-mujeres-libres-de-violencias\/\"><span class=\"pr-1\">\n\t\t\t\t\t\t\t\t<svg xmlns=\"http:\/\/www.w3.org\/2000\/svg\" width=\"18\" height=\"18\" viewBox=\"0 0 18 18\">\n  <path fill=\"currentColor\" d=\"M9,0 C13.95,0 18,4.05 18,9 C18,13.95 13.95,18 9,18 C4.05,18 0,13.95 0,9 C0,4.05 4.05,0 9,0 Z M9,16.2 C12.96,16.2 16.2,12.96 16.2,9 C16.2,5.04 12.96,1.8 9,1.8 C5.04,1.8 1.8,5.04 1.8,9 C1.8,12.96 5.04,16.2 9,16.2 Z M12.6,9.4 C13.26,9.4 13.8,9.64 13.8,10.3 C13.8,10.96 13.26,11.2 12.6,11.2 L7.8,11.2 L7.8,5.8 C7.8,5.14 8.04,4.6 8.7,4.6 C9.36,4.6 9.6,5.14 9.6,5.8 L9.6,9.4 L12.6,9.4 Z\"\/>\n<\/svg>\n\n\t\t\t\t\t\t\t\t<\/span><span class=\"text-body-default pix-blog-post-text\">2026-04-07<\/span><\/a><\/div>\n\t\t\t\t\t<\/div>\n\t\t\t\t<\/div><\/div><\/div><\/div>\n[\/vc_column][vc_column width=&#8221;1\/3&#8243;]<span class=\"pix-badge-element h6 d-inline-flex mr-1 \"  ><span class=\"badge font-weight-bold secondary-font  bg-secondary  vc_custom_1725651712816  \" style=\" \"><span class=\"text-white\" style=\"\">P\u00dcTSHI S\u00dcCHIKI ALATAKAT<\/span><\/span><\/span><div class=\"row  \"><div class=\"col-xs-12 col-md-12 pix-mb-40\"><div class=\"pix-content-box pix-post-meta-element pix-post-meta-basic fly-sm2 d-flex align-content-between flex-wrap align-self-stretch rounded-lg  overflow-hidden w-100  shadow-hover-sm2 shadow-sm2 bg-white  post-56353 post type-post status-publish format-standard has-post-thumbnail hentry category-programacion-de-obras\"  >\n\t\t\t\t<div class=\"d-flex align-items-start w-100\">\n\t\t\t\t\t<div class=\"w-100\"><div class=\"d-block pix-px-20 pix-pt-20\"><a href=\"https:\/\/www.umv.gov.co\/portal\/2026\/04\/10\/programacion-de-intervencion-de-obra-diurno-10-de-abril-2026\/\"><div class=\"rounded-lg overflow-hidden position-relative d-block pix-fit-cover\" style=\"height:200px;width:100%;\"><img loading=\"lazy\" decoding=\"async\" width=\"622\" height=\"400\" src=\"https:\/\/www.umv.gov.co\/portal\/wp-content\/uploads\/2025\/09\/222DACC_20250814-3-622x400.jpg\" class=\"img-fluid rounded-lg card-img-top\" alt=\"Programaci\u00f3n de intervenci\u00f3n de obra diurno  \u2013 10 de abril 2026\" style=\"height:200px;width:100%;object-fit: cover;\" \/><\/div><\/a><\/div><div class=\"d-block pix-p-20 position-relative\">\n\t\t\t\t\t\t\t<span class=\"pix-post-meta-categories text-sm pb-1 mb-1\"><a href=\"https:\/\/www.umv.gov.co\/portal\/category\/bs-lifestyle\/programacion-de-obras\/\" target=\"_self\"><span class=\"pix-badge-element custom d-inline-flex mr-1 \"  ><span class=\"badge font-weight-bold  bg-primary-light   \" style=\"font-size:12px; padding:5px 10px;line-height:12px;\"><span class=\"text-primary\" style=\"\">Programaci\u00f3n de Obras<\/span><\/span><\/span><\/a><\/span>\n\t\t\t\t\t\t\t<a class=\"text-heading-default\" href=\"https:\/\/www.umv.gov.co\/portal\/2026\/04\/10\/programacion-de-intervencion-de-obra-diurno-10-de-abril-2026\/\"><div class=\"card-title mb-2 h5 secondary-font font-weight-bold\">Programaci\u00f3n de intervenci\u00f3n de obra diurno  \u2013 10 de abril 2026<\/div><\/a><a class=\"pix-post-meta-date pix-blog-post-text text-sm mb-0 d-inline-block text-body-default svg-body-default\" href=\"https:\/\/www.umv.gov.co\/portal\/2026\/04\/10\/programacion-de-intervencion-de-obra-diurno-10-de-abril-2026\/\"><span class=\"pr-1\">\n\t\t\t\t\t\t\t\t<svg xmlns=\"http:\/\/www.w3.org\/2000\/svg\" width=\"18\" height=\"18\" viewBox=\"0 0 18 18\">\n  <path fill=\"currentColor\" d=\"M9,0 C13.95,0 18,4.05 18,9 C18,13.95 13.95,18 9,18 C4.05,18 0,13.95 0,9 C0,4.05 4.05,0 9,0 Z M9,16.2 C12.96,16.2 16.2,12.96 16.2,9 C16.2,5.04 12.96,1.8 9,1.8 C5.04,1.8 1.8,5.04 1.8,9 C1.8,12.96 5.04,16.2 9,16.2 Z M12.6,9.4 C13.26,9.4 13.8,9.64 13.8,10.3 C13.8,10.96 13.26,11.2 12.6,11.2 L7.8,11.2 L7.8,5.8 C7.8,5.14 8.04,4.6 8.7,4.6 C9.36,4.6 9.6,5.14 9.6,5.8 L9.6,9.4 L12.6,9.4 Z\"\/>\n<\/svg>\n\n\t\t\t\t\t\t\t\t<\/span><span class=\"text-body-default pix-blog-post-text\">2026-04-10<\/span><\/a><\/div>\n\t\t\t\t\t<\/div>\n\t\t\t\t<\/div><\/div><\/div><\/div>\n[\/vc_column][\/vc_row]<\/p>\n<\/div>","protected":false},"excerpt":{"rendered":"[vc_row pix_particles_check=&#8221;&#8221; css=&#8221;.vc_custom_1725651813116{margin-top: -20px !important;}&#8221;][vc_column][vc_gallery interval=&#8221;10&#8243; images=&#8221;21583&#8243; img_size=&#8221;1180 x 515&#8243;][\/vc_column][\/vc_row][vc_row pix_particles_check=&#8221;&#8221;][vc_column width=&#8221;2\/3&#8243;][\/vc_column][vc_column width=&#8221;1\/3&#8243;][\/vc_column][\/vc_row]","protected":false},"author":1,"featured_media":0,"parent":0,"menu_order":0,"comment_status":"closed","ping_status":"closed","template":"","meta":{"_monsterinsights_skip_tracking":false,"_monsterinsights_sitenote_active":false,"_monsterinsights_sitenote_note":"","_monsterinsights_sitenote_category":0,"footnotes":""},"class_list":["post-21525","page","type-page","status-publish","hentry"],"_links":{"self":[{"href":"https:\/\/www.umv.gov.co\/portal\/wp-json\/wp\/v2\/pages\/21525","targetHints":{"allow":["GET"]}}],"collection":[{"href":"https:\/\/www.umv.gov.co\/portal\/wp-json\/wp\/v2\/pages"}],"about":[{"href":"https:\/\/www.umv.gov.co\/portal\/wp-json\/wp\/v2\/types\/page"}],"author":[{"embeddable":true,"href":"https:\/\/www.umv.gov.co\/portal\/wp-json\/wp\/v2\/users\/1"}],"replies":[{"embeddable":true,"href":"https:\/\/www.umv.gov.co\/portal\/wp-json\/wp\/v2\/comments?post=21525"}],"version-history":[{"count":0,"href":"https:\/\/www.umv.gov.co\/portal\/wp-json\/wp\/v2\/pages\/21525\/revisions"}],"wp:attachment":[{"href":"https:\/\/www.umv.gov.co\/portal\/wp-json\/wp\/v2\/media?parent=21525"}],"curies":[{"name":"wp","href":"https:\/\/api.w.org\/{rel}","templated":true}]}}