{"id":2149,"date":"2017-07-28T23:41:43","date_gmt":"2017-07-28T23:41:43","guid":{"rendered":"https:\/\/www.umv.gov.co\/portal\/?page_id=2149"},"modified":"2025-07-07T20:45:29","modified_gmt":"2025-07-07T20:45:29","slug":"manual-de-contratacion","status":"publish","type":"page","link":"https:\/\/www.umv.gov.co\/portal\/manual-de-contratacion\/","title":{"rendered":"Manual de Contrataci\u00f3n"},"content":{"rendered":"<div class=\"wpb-content-wrapper\"><p>[vc_row pix_particles_check=&#8221;&#8221; css=&#8221;.vc_custom_1725224229392{margin-top: -20px !important;}&#8221;][vc_column][vc_btn title=&#8221;<b>MANUAL DE CONTRATACI\u00d3N UNIDAD ADMINISTRATIVA ESPECIAL DE REHABILITACI\u00d3N Y MANTENIMIENTO VIAL<\/b><br>Descargar&#8221; style=&#8221;gradient-custom&#8221; gradient_custom_color_1=&#8221;#e01930&#8243; gradient_custom_color_2=&#8221;#a9b71b&#8221; size=&#8221;lg&#8221; align=&#8221;center&#8221; i_icon_fontawesome=&#8221;&#8221; css=&#8221;&#8221; button_block=&#8221;true&#8221; add_icon=&#8221;true&#8221; link=&#8221;url:https%3A%2F%2Fwww.umv.gov.co%2Fportal%2Fwp-content%2Fuploads%2F2025%2F07%2F20250701_MANUAL_CONTRATACION_V_13-res-412-1.docx|target:_blank&#8221;][\/vc_column][\/vc_row][vc_row pix_particles_check=&#8221;&#8221;][vc_column]<span class=\"pix-badge-element h6 d-inline-flex mr-1 \"  ><span class=\"badge font-weight-bold secondary-font  bg-secondary  vc_custom_1725224252645  \" style=\" \"><span class=\"text-white\" style=\"\">OBJETIVO<\/span><\/span><\/span>[\/vc_column][\/vc_row][vc_row pix_particles_check=&#8221;&#8221;][vc_column][vc_column_text css=&#8221;&#8221;]<\/p>\n<div align=\"justify\">\n<p>El objetivo del presente manual es fijar directrices, lineamientos y est\u00e1ndares de car\u00e1cter obligatorio para simplificar y homogenizar las acciones que se desarrollan en las diferentes etapas del proceso contractual y en la celebraci\u00f3n de los contratos que requiera la Unidad Administrativa Especial de Rehabilitaci\u00f3n y Mantenimiento Vial (en adelante la UAERMV o la Entidad) para el cumplimiento de sus funciones, metas y objetivos institucionales.<\/p>\n<p>Lo aqu\u00ed establecido tiene como objetivo dar pleno cumplimiento a los principios de la funci\u00f3n p\u00fablica previstos en la Constituci\u00f3n Pol\u00edtica y la ley. Los procedimientos y formatos del proceso de Gesti\u00f3n Contractual &#8211; (por sus siglas GCON), se encuentran incorporados en el sistema de uso de la informaci\u00f3n documentada de los procesos de la Entidad, denominado SISGESTION. Estos documentos indican las actividades a seguir en los procesos de selecci\u00f3n para las diferentes modalidades establecidas en la normativa vigente que rige la materia, los cuales deben ser tenidos en cuenta por las partes intervinientes, con el fin de dar cumplimiento a la misi\u00f3n, visi\u00f3n, funciones, metas y objetivos institucionales de la Entidad.<\/p>\n<p>Dentro del proceso de gesti\u00f3n contractual la Gerencia de Contrataci\u00f3n y la Secretar\u00eda General de la UAERMV tienen un rol estrat\u00e9gico y en \u00e9l participan activamente todos los servidores y colaboradores de la Entidad.<\/p>\n<\/div>\n<div align=\"justify\"><\/div>\n<p>[\/vc_column_text][\/vc_column][\/vc_row]<\/p>\n<\/div>","protected":false},"excerpt":{"rendered":"[vc_row pix_particles_check=&#8221;&#8221; css=&#8221;.vc_custom_1725224229392{margin-top: -20px !important;}&#8221;][vc_column][vc_btn title=&#8221;MANUAL DE CONTRATACI\u00d3N UNIDAD ADMINISTRATIVA ESPECIAL DE REHABILITACI\u00d3N Y MANTENIMIENTO VIALDescargar&#8221; style=&#8221;gradient-custom&#8221; gradient_custom_color_1=&#8221;#e01930&#8243; gradient_custom_color_2=&#8221;#a9b71b&#8221; size=&#8221;lg&#8221; align=&#8221;center&#8221; i_icon_fontawesome=&#8221;&#8221; css=&#8221;&#8221; button_block=&#8221;true&#8221; add_icon=&#8221;true&#8221; link=&#8221;url:https%3A%2F%2Fwww.umv.gov.co%2Fportal%2Fwp-content%2Fuploads%2F2025%2F07%2F20250701_MANUAL_CONTRATACION_V_13-res-412-1.docx|target:_blank&#8221;][\/vc_column][\/vc_row][vc_row pix_particles_check=&#8221;&#8221;][vc_column][\/vc_column][\/vc_row][vc_row pix_particles_check=&#8221;&#8221;][vc_column][vc_column_text css=&#8221;&#8221;] El objetivo del presente manual es fijar directrices, lineamientos y est\u00e1ndares&#8230;","protected":false},"author":1,"featured_media":0,"parent":0,"menu_order":0,"comment_status":"closed","ping_status":"closed","template":"","meta":{"_monsterinsights_skip_tracking":false,"_monsterinsights_sitenote_active":false,"_monsterinsights_sitenote_note":"","_monsterinsights_sitenote_category":0,"footnotes":""},"class_list":["post-2149","page","type-page","status-publish","hentry"],"_links":{"self":[{"href":"https:\/\/www.umv.gov.co\/portal\/wp-json\/wp\/v2\/pages\/2149","targetHints":{"allow":["GET"]}}],"collection":[{"href":"https:\/\/www.umv.gov.co\/portal\/wp-json\/wp\/v2\/pages"}],"about":[{"href":"https:\/\/www.umv.gov.co\/portal\/wp-json\/wp\/v2\/types\/page"}],"author":[{"embeddable":true,"href":"https:\/\/www.umv.gov.co\/portal\/wp-json\/wp\/v2\/users\/1"}],"replies":[{"embeddable":true,"href":"https:\/\/www.umv.gov.co\/portal\/wp-json\/wp\/v2\/comments?post=2149"}],"version-history":[{"count":0,"href":"https:\/\/www.umv.gov.co\/portal\/wp-json\/wp\/v2\/pages\/2149\/revisions"}],"wp:attachment":[{"href":"https:\/\/www.umv.gov.co\/portal\/wp-json\/wp\/v2\/media?parent=2149"}],"curies":[{"name":"wp","href":"https:\/\/api.w.org\/{rel}","templated":true}]}}