{"id":21171,"date":"2022-04-12T21:10:30","date_gmt":"2022-04-12T21:10:30","guid":{"rendered":"https:\/\/www.umv.gov.co\/portal\/?page_id=21171"},"modified":"2026-02-10T15:18:49","modified_gmt":"2026-02-10T15:18:49","slug":"acuerdos-de-gestion","status":"publish","type":"page","link":"https:\/\/www.umv.gov.co\/portal\/acuerdos-de-gestion\/","title":{"rendered":"Acuerdos de Gesti\u00f3n"},"content":{"rendered":"<div class=\"wpb-content-wrapper\">[vc_row pix_particles_check=&#8221;&#8221; css=&#8221;.vc_custom_1765927917090{margin-top: -20px !important;}&#8221;][vc_column width=&#8221;1\/3&#8243;]<span class=\"pix-badge-element h6 d-inline-flex mr-1 \"  ><span class=\"badge font-weight-bold secondary-font  bg-secondary  vc_custom_1770736524451  \" style=\" \"><span class=\"text-white\" style=\"\">2026<\/span><\/span><\/span>[\/vc_column][vc_column width=&#8221;1\/3&#8243;][\/vc_column][vc_column width=&#8221;1\/3&#8243;][\/vc_column][\/vc_row][vc_row pix_particles_check=&#8221;&#8221; css=&#8221;.vc_custom_1765927917090{margin-top: -20px !important;}&#8221;][vc_column]<a  href=\"https:\/\/www.umv.gov.co\/portal\/wp-content\/uploads\/2026\/02\/Resolucion-N\u00b0081-del-04022026_Por-la-cual-se-adopta-la-metodologia-de-evaluacion-Gerentes-4_0_UMV.pdf\" class=\"btn mb-2    vc_custom_1770736628857   text-white btn-secondary d-inline-flex align-items-center      btn-md\" target=\"_blank\" rel=\"noopener\"    ><span class=\"font-weight-bold \" >Resoluci\u00f3n n\u00b0 081 del 04\/02\/2026<\/span><\/a>[\/vc_column][\/vc_row][vc_row pix_particles_check=&#8221;&#8221; css=&#8221;.vc_custom_1770736389782{margin-top: 30px !important;}&#8221;][vc_column width=&#8221;1\/3&#8243;]<span class=\"pix-badge-element h6 d-inline-flex mr-1 \"  ><span class=\"badge font-weight-bold secondary-font  bg-secondary  vc_custom_1770736721815  \" style=\" \"><span class=\"text-white\" style=\"\">2024-2025<\/span><\/span><\/span>[\/vc_column][vc_column width=&#8221;1\/3&#8243;][\/vc_column][vc_column width=&#8221;1\/3&#8243;][\/vc_column][\/vc_row][vc_row pix_particles_check=&#8221;&#8221; css=&#8221;.vc_custom_1770736389782{margin-top: 30px !important;}&#8221;][vc_column width=&#8221;1\/3&#8243;]<div class=\"d-block w-100 text-center\"><a  href=\"https:\/\/www.umv.gov.co\/portal\/wp-content\/uploads\/2025\/12\/Informe-Gestion-del-Desempeno-2024-2025_VF.pdf\" class=\"btn mb-2      text-white btn-secondary d-inline-flex align-items-center      pix-btn-div btn-md\" target=\"_blank\" rel=\"noopener\"    ><span class=\"font-weight-bold \" >Informe Gesti\u00f3n del Rendimiento y Acuerdos de Gesti\u00f3n per\u00edodo 2024 - 2025<\/span><\/a><\/div>[\/vc_column][vc_column width=&#8221;1\/3&#8243;]<div class=\"d-block w-100 text-center\"><a  href=\"https:\/\/www.umv.gov.co\/portal\/wp-content\/uploads\/2025\/12\/20241130106323_202404291843482_Radicado-INFORME-EVALUACION-DEL-DESEMPENO-2023-2024.pdf\" class=\"btn mb-2      text-white btn-secondary d-inline-flex align-items-center      pix-btn-div btn-md\" target=\"_blank\" rel=\"noopener\"    ><span class=\"font-weight-bold \" >Informe Gesti\u00f3n del Rendimiento y  Acuerdos de gesti\u00f3n Per\u00edodo 2023 - 2024<\/span><\/a><\/div>[\/vc_column][vc_column width=&#8221;1\/3&#8243;]<div class=\"d-block w-100 text-center\"><a  href=\"https:\/\/www.umv.gov.co\/portal\/wp-content\/uploads\/2025\/12\/20231130238873_Informe-Resultados-UMV-EDL-APP-y-Acuerdos-de-Gestion-2022-2023.pdf\" class=\"btn mb-2      text-white btn-secondary d-inline-flex align-items-center      pix-btn-div btn-md\" target=\"_blank\" rel=\"noopener\"    ><span class=\"font-weight-bold \" >Informe Gesti\u00f3n del Rendimiento y  Acuerdos de gesti\u00f3n Per\u00edodo 2022 - 2023<\/span><\/a><\/div>[\/vc_column][\/vc_row][vc_row pix_particles_check=&#8221;&#8221; css=&#8221;.vc_custom_1765927909657{margin-top: 40px !important;}&#8221;][vc_column width=&#8221;1\/3&#8243;]<span class=\"pix-badge-element h6 d-inline-flex mr-1 \"  ><span class=\"badge font-weight-bold secondary-font  bg-secondary  vc_custom_1737677096096  \" style=\" \"><span class=\"text-white\" style=\"\">2023<\/span><\/span><\/span>[vc_column_text]<ul>\n \t<li><a href=\"https:\/\/www.umv.gov.co\/portal\/wp-content\/uploads\/2024\/01\/Acuerdo-de-Gestion-Subdirector-de-Produccion-y-Apoyo-Logistico-.pdf\" target=\"_blank\" rel=\"noopener\">Acuerdo de Gesti\u00f3n &#8211; Subdirector de Producci\u00f3n y Apoyo Log\u00edstico<\/a><\/li>\n \t<li><a href=\"https:\/\/www.umv.gov.co\/portal\/wp-content\/uploads\/2024\/01\/Acuerdo-de-Gestion-Gerente-de-Infraestructura-Rural.pdf\" target=\"_blank\" rel=\"noopener\">Acuerdo de Gesti\u00f3n &#8211; Gerente de Infraestructura Rural<\/a><\/li>\n \t<li><a href=\"https:\/\/www.umv.gov.co\/portal\/wp-content\/uploads\/2024\/01\/Acuerdo-de-Gestion-Secretaria-General.pdf\" target=\"_blank\" rel=\"noopener\">Acuerdo de Gesti\u00f3n &#8211; Secretar\u00eda General<\/a><\/li>\n \t<li><a href=\"https:\/\/www.umv.gov.co\/portal\/wp-content\/uploads\/2024\/01\/Calificacion-Acuerdo-Gerente-de-Gestion-Ambiental-Social-y-Atencion-al-usuario-.pdf\" target=\"_blank\" rel=\"noopener\">Calificaci\u00f3n Acuerdo &#8211; Gerente de Gesti\u00f3n Ambiental, Social y Atenci\u00f3n al usuario<\/a><\/li>\n \t<li><a href=\"https:\/\/www.umv.gov.co\/portal\/wp-content\/uploads\/2024\/01\/Calificacion-Acuerdo-Gerente-de-Intervencion.pdf\" target=\"_blank\" rel=\"noopener\">Calificaci\u00f3n Acuerdo &#8211; Gerente de Intervenci\u00f3n<\/a><\/li>\n \t<li><a href=\"https:\/\/www.umv.gov.co\/portal\/wp-content\/uploads\/2024\/01\/Calificacion-Acuerdo-Subdirector-Tecnico-de-produccion-e-intervencion-semestre-Ing-Giacomo.pdf\" target=\"_blank\" rel=\"noopener\">Calificaci\u00f3n Acuerdo &#8211; Subdirector T\u00e9cnico de producci\u00f3n e intervenci\u00f3n semestre<\/a><\/li>\n \t<li><a href=\"https:\/\/www.umv.gov.co\/portal\/wp-content\/uploads\/2024\/01\/Calificacion-Acuerdos-Gerente-de-produccion.pdf\" target=\"_blank\" rel=\"noopener\">Calificaci\u00f3n Acuerdos &#8211; Gerente de producci\u00f3n<\/a><\/li>\n \t<li><a href=\"https:\/\/www.umv.gov.co\/portal\/wp-content\/uploads\/2024\/01\/Cocnertacion-Acuerdos-Gerencia-Administrativa-y-Financiera.pdf\" target=\"_blank\" rel=\"noopener\">Concertaci\u00f3n Acuerdos Gerencia Administrativa y Financiera<\/a><\/li>\n \t<li><a href=\"https:\/\/www.umv.gov.co\/portal\/wp-content\/uploads\/2024\/01\/Cocnertacion-Acuerdos-Gerencia-de-Infraestructura-Rural.pdf\" target=\"_blank\" rel=\"noopener\">Concertaci\u00f3n Acuerdos Gerencia de Infraestructura Rural<\/a><\/li>\n \t<li><a href=\"https:\/\/www.umv.gov.co\/portal\/wp-content\/uploads\/2024\/01\/Concertacion-Acuerdos-Gerencia-de-Maquinaria-y-Equipos.pdf\">Concertaci\u00f3n Acuerdos Gerencia de Maquinaria y Equipos<\/a><\/li>\n \t<li><a href=\"https:\/\/www.umv.gov.co\/portal\/wp-content\/uploads\/2024\/01\/Concertacion-Acuerdos-Gerencia-de-Produccion.pdf\" target=\"_blank\" rel=\"noopener\">Concertaci\u00f3n Acuerdos Gerencia de Producci\u00f3n<\/a><\/li>\n \t<li><a href=\"https:\/\/www.umv.gov.co\/portal\/wp-content\/uploads\/2024\/01\/Concertacion-Acuerdos-Gerencia-para-el-Desarrollo-de-la-Calidad-.pdf\" target=\"_blank\" rel=\"noopener\">Concertaci\u00f3n Acuerdos Gerencia para el Desarrollo de la Calidad<\/a><\/li>\n \t<li><a href=\"https:\/\/www.umv.gov.co\/portal\/wp-content\/uploads\/2024\/01\/Concertacion-GMJ-2do-semestre-2023-Subdireccion-de-Produccion-y-Apoyo-Logistico.pdf\" target=\"_blank\" rel=\"noopener\">Concertaci\u00f3n GMJ 2do semestre 2023 Subdirecci\u00f3n de Producci\u00f3n y Apoyo Log\u00edstico<\/a><\/li>\n<\/ul>[\/vc_column_text]<span class=\"pix-badge-element h6 d-inline-flex mr-1 \"  ><span class=\"badge font-weight-bold secondary-font  bg-secondary  vc_custom_1737677163654  \" style=\" \"><span class=\"text-white\" style=\"\">2020<\/span><\/span><\/span>[vc_column_text]<ul>\n \t<li data-uw-styling-context=\"true\"><span class=\"TextoDoc\" data-uw-styling-context=\"true\"><span class=\"TextoSubmenu\" data-uw-styling-context=\"true\"><span class=\"Texto\" data-uw-styling-context=\"true\"><a href=\"https:\/\/www.umv.gov.co\/_transparencia2017\/Transparencia-Pagina-WEB\/3.EstructuraOrganicayTalentoHumano\/3.8AcuerdosdeGestion\/2020\/Acuerdosdegesti%C3%B2n2020SMMVL.pdf\" target=\"_blank\" rel=\"noopener\" data-uw-styling-context=\"true\">Acuerdo de Gesti\u00f3n Subdirectora de Mejoramiento<\/a><\/span><\/span><\/span><\/li>\n \t<li data-uw-styling-context=\"true\"><span class=\"TextoDoc\" data-uw-styling-context=\"true\"><span class=\"TextoSubmenu\" data-uw-styling-context=\"true\"><span class=\"Texto\" data-uw-styling-context=\"true\"><a href=\"https:\/\/www.umv.gov.co\/_transparencia2017\/Transparencia-Pagina-WEB\/3.EstructuraOrganicayTalentoHumano\/3.8AcuerdosdeGestion\/2020\/AG2020GP.pdf\" target=\"_blank\" rel=\"noopener\" data-uw-styling-context=\"true\">Acuerdo de Gesti\u00f3n Gerente de Producci\u00f3n<\/a><\/span><\/span><\/span><\/li>\n \t<li data-uw-styling-context=\"true\"><span class=\"TextoDoc\" data-uw-styling-context=\"true\"><span class=\"TextoSubmenu\" data-uw-styling-context=\"true\"><span class=\"Texto\" data-uw-styling-context=\"true\"><a href=\"https:\/\/www.umv.gov.co\/_transparencia2017\/Transparencia-Pagina-WEB\/3.EstructuraOrganicayTalentoHumano\/3.8AcuerdosdeGestion\/2020\/Acuerdos2020JoseFernandoFranco.pdf\" target=\"_blank\" rel=\"noopener\" data-uw-styling-context=\"true\">Acuerdo de gesti\u00f3n Gerente GASA<\/a><\/span><\/span><\/span><\/li>\n \t<li data-uw-styling-context=\"true\"><span class=\"TextoDoc\" data-uw-styling-context=\"true\"><span class=\"TextoSubmenu\" data-uw-styling-context=\"true\"><span class=\"Texto\" data-uw-styling-context=\"true\"><a href=\"https:\/\/www.umv.gov.co\/_transparencia2017\/Transparencia-Pagina-WEB\/3.EstructuraOrganicayTalentoHumano\/3.8AcuerdosdeGestion\/2020\/THU-DE-001_Formato_Acuerdos_de_Gestion_IngAlvaroVillate-PrimerSemestre2020-firmado.pdf\" target=\"_blank\" rel=\"noopener\" data-uw-styling-context=\"true\">Acuerdo de gesti\u00f3n Gerente de Intervencion<\/a><\/span><\/span><\/span><\/li>\n \t<li data-uw-styling-context=\"true\"><span class=\"TextoDoc\" data-uw-styling-context=\"true\"><span class=\"TextoSubmenu\" data-uw-styling-context=\"true\"><span class=\"Texto\" data-uw-styling-context=\"true\"><a href=\"https:\/\/www.umv.gov.co\/_transparencia2017\/Transparencia-Pagina-WEB\/3.EstructuraOrganicayTalentoHumano\/3.8AcuerdosdeGestion\/2020\/ACUERDOSDEGESTIONSPI2020.pdf\" target=\"_blank\" rel=\"noopener\" data-uw-styling-context=\"true\">Acuerdo de Gesti\u00f3n STPI<\/a><\/span><\/span><\/span><\/li>\n \t<li data-uw-styling-context=\"true\"><a href=\"https:\/\/www.umv.gov.co\/_transparencia2017\/Transparencia-Pagina-WEB\/3.EstructuraOrganicayTalentoHumano\/3.8AcuerdosdeGestion\/2020\/AG-SG2020MARTHAAGUILAR.pdf\" target=\"_blank\" rel=\"noopener\" data-uw-styling-context=\"true\">Acuerdo de gesti\u00f3n Secretaria General<\/a><\/li>\n<\/ul>[\/vc_column_text][\/vc_column][vc_column width=&#8221;1\/3&#8243;]<span class=\"pix-badge-element h6 d-inline-flex mr-1 \"  ><span class=\"badge font-weight-bold secondary-font  bg-secondary  vc_custom_1737677116520  \" style=\" \"><span class=\"text-white\" style=\"\">2022<\/span><\/span><\/span>[vc_column_text]<ul>\n \t<li data-uw-styling-context=\"true\"><a href=\"https:\/\/www.umv.gov.co\/portal\/wp-content\/uploads\/2022\/05\/2_Concertacion_-Acuerdos_Gestion_2022_SPI_GSMJ.pdf\" target=\"_blank\" rel=\"noopener\">Acuerdo de Gesti\u00f3n Subdirector de Producci\u00f3n e Intervenci\u00f3n<\/a><\/li>\n \t<li><a href=\"https:\/\/www.umv.gov.co\/portal\/wp-content\/uploads\/2022\/05\/2_Concertacion_Acuerdos_Gestion_2022_SG_MPAC.pdf\" target=\"_blank\" rel=\"noopener\"><span class=\"TextoDoc\" data-uw-styling-context=\"true\"><span class=\"TextoSubmenu\" data-uw-styling-context=\"true\"><span class=\"Texto\" data-uw-styling-context=\"true\">Acuerdo de Gesti\u00f3n Secretaria General<\/span><\/span><\/span><\/a><\/li>\n \t<li><a href=\"https:\/\/www.umv.gov.co\/portal\/wp-content\/uploads\/2022\/05\/2_Concertacion_Acuerdos_Gestion_2022_STMMV_LACY.pdf\" target=\"_blank\" rel=\"noopener\"><span class=\"TextoDoc\" data-uw-styling-context=\"true\"><span class=\"TextoSubmenu\" data-uw-styling-context=\"true\"><span class=\"Texto\" data-uw-styling-context=\"true\">Acuerdo de Gesti\u00f3n Subdirector de Mejoramiento de la Malla Vial<\/span><\/span><\/span><\/a><\/li>\n \t<li data-uw-styling-context=\"true\"><a href=\"https:\/\/www.umv.gov.co\/portal\/wp-content\/uploads\/2022\/05\/2_Concertacion_Acuerdos_Gestion_2022_-GASA_JFFB.pdf\" target=\"_blank\" rel=\"noopener\"><span class=\"TextoDoc\" data-uw-styling-context=\"true\"><span class=\"TextoSubmenu\" data-uw-styling-context=\"true\"><span class=\"Texto\" data-uw-styling-context=\"true\">Acuerdo de Gesti\u00f3n Gerente Ambiental, Social y de Atenci\u00f3n al Usuario<\/span><\/span><\/span><\/a><\/li>\n \t<li><a href=\"https:\/\/www.umv.gov.co\/portal\/wp-content\/uploads\/2022\/05\/2_Concertacion_Acuerdos_-Gestion_2022_GI_AVS.pdf\" target=\"_blank\" rel=\"noopener\"><span class=\"TextoDoc\" data-uw-styling-context=\"true\"><span class=\"TextoSubmenu\" data-uw-styling-context=\"true\"><span class=\"Texto\" data-uw-styling-context=\"true\">Acuerdo de Gesti\u00f3n Gerencia de Intervenci\u00f3n<\/span><\/span><\/span><\/a><\/li>\n \t<li><a href=\"https:\/\/www.umv.gov.co\/portal\/wp-content\/uploads\/2022\/05\/2_Concertacion_Acuerdos_Gestion_2022_GP_DPMG.pdf\" target=\"_blank\" rel=\"noopener\"><span class=\"TextoDoc\" data-uw-styling-context=\"true\"><span class=\"TextoSubmenu\" data-uw-styling-context=\"true\"><span class=\"Texto\" data-uw-styling-context=\"true\">Acuerdo de Gesti\u00f3n Gerente de Producci\u00f3n<\/span><\/span><\/span><\/a><\/li>\n \t<li data-uw-styling-context=\"true\"><a href=\"https:\/\/www.umv.gov.co\/portal\/wp-content\/uploads\/2022\/05\/2_Concertacion_Acuerdos_Gestion_2022_OCDI_CARM.pdf\" target=\"_blank\" rel=\"noopener\"><span class=\"TextoDoc\" data-uw-styling-context=\"true\"><span class=\"TextoSubmenu\" data-uw-styling-context=\"true\"><span class=\"Texto\" data-uw-styling-context=\"true\">Acuerdo de Gesti\u00f3n Oficina de Control Disciplinario Interno<\/span><\/span><\/span><\/a><\/li>\n<\/ul>[\/vc_column_text]<span class=\"pix-badge-element h6 d-inline-flex mr-1 \"  ><span class=\"badge font-weight-bold secondary-font  bg-secondary  vc_custom_1737677179732  \" style=\" \"><span class=\"text-white\" style=\"\">2019<\/span><\/span><\/span>[vc_column_text]<ul>\n \t<li data-uw-styling-context=\"true\"><span class=\"TextoDoc\" data-uw-styling-context=\"true\"><span class=\"TextoSubmenu\" data-uw-styling-context=\"true\"><span class=\"Texto\" data-uw-styling-context=\"true\"><a href=\"https:\/\/www.umv.gov.co\/_transparencia2017\/Transparencia-Pagina-WEB\/3.EstructuraOrganicayTalentoHumano\/3.8AcuerdosdeGestion\/2019\/ACUERDOSDEGESTION2019-SECRETARIAGENERALCONCOMPORTAMENTAL2.xlsx\" target=\"_blank\" rel=\"noopener\" data-uw-styling-context=\"true\">Acuerdo de gesti\u00f3n Secretaria General<\/a><\/span><\/span><\/span><\/li>\n \t<li data-uw-styling-context=\"true\"><span class=\"TextoDoc\" data-uw-styling-context=\"true\"><span class=\"TextoSubmenu\" data-uw-styling-context=\"true\"><span class=\"Texto\" data-uw-styling-context=\"true\"><a href=\"https:\/\/www.umv.gov.co\/_transparencia2017\/Transparencia-Pagina-WEB\/3.EstructuraOrganicayTalentoHumano\/3.8AcuerdosdeGestion\/2019\/ACUERDOSDEGESTIONFINALSMMVL2019.xlsx\" target=\"_blank\" rel=\"noopener\" data-uw-styling-context=\"true\">Acuerdo de gesti\u00f3n Subdirectora de Mejoramiento<\/a><\/span><\/span><\/span><\/li>\n \t<li data-uw-styling-context=\"true\"><span class=\"TextoDoc\" data-uw-styling-context=\"true\"><span class=\"TextoSubmenu\" data-uw-styling-context=\"true\"><span class=\"Texto\" data-uw-styling-context=\"true\"><a href=\"https:\/\/www.umv.gov.co\/_transparencia2017\/Transparencia-Pagina-WEB\/3.EstructuraOrganicayTalentoHumano\/3.8AcuerdosdeGestion\/2019\/AcuerdosdeGestionGerenteGASA2019.xlsx\" target=\"_blank\" rel=\"noopener\" data-uw-styling-context=\"true\">Acuerdo de gesti\u00f3n Gerente GASA<\/a><\/span><\/span><\/span><\/li>\n \t<li data-uw-styling-context=\"true\"><span class=\"TextoDoc\" data-uw-styling-context=\"true\"><span class=\"TextoSubmenu\" data-uw-styling-context=\"true\"><span class=\"Texto\" data-uw-styling-context=\"true\"><a href=\"https:\/\/www.umv.gov.co\/_transparencia2017\/Transparencia-Pagina-WEB\/3.EstructuraOrganicayTalentoHumano\/3.8AcuerdosdeGestion\/2019\/AcuerdosdegestionGerenteProduccionFINAL2019.pdf\" target=\"_blank\" rel=\"noopener\" data-uw-styling-context=\"true\">Acuerdo de gesti\u00f3n Gerente de Producci\u00f3n<\/a><\/span><\/span><\/span><\/li>\n \t<li data-uw-styling-context=\"true\"><a href=\"https:\/\/www.umv.gov.co\/_transparencia2017\/Transparencia-Pagina-WEB\/3.EstructuraOrganicayTalentoHumano\/3.8AcuerdosdeGestion\/2019\/InformeAcuerdosdegestion2019.doc\" target=\"_blank\" rel=\"noopener\" data-uw-styling-context=\"true\">Informe de Acuerdos de Gesti\u00f3n 2019<\/a><\/li>\n<\/ul>[\/vc_column_text][\/vc_column][vc_column width=&#8221;1\/3&#8243;]<span class=\"pix-badge-element h6 d-inline-flex mr-1 \"  ><span class=\"badge font-weight-bold secondary-font  bg-secondary  vc_custom_1737677126857  \" style=\" \"><span class=\"text-white\" style=\"\">2021<\/span><\/span><\/span>[vc_column_text]<ul>\n \t<li data-uw-styling-context=\"true\"><a href=\"https:\/\/www.umv.gov.co\/portal\/wp-content\/uploads\/2021\/09\/Acuerdo-de-Gestion-Subdirector-de-Mejoramiento.pdf\" target=\"_blank\" rel=\"noopener\" data-uw-styling-context=\"true\"><span class=\"TextoDoc\" data-uw-styling-context=\"true\"><span class=\"TextoSubmenu\" data-uw-styling-context=\"true\"><span class=\"Texto\" data-uw-styling-context=\"true\">Acuerdo de Gesti\u00f3n Subdirector de Mejoramiento<\/span><\/span><\/span><\/a><\/li>\n \t<li data-uw-styling-context=\"true\"><a href=\"https:\/\/www.umv.gov.co\/portal\/wp-content\/uploads\/2021\/09\/Acuerdo-de-Gestion-Gerente-de-Produccion.pdf\" target=\"_blank\" rel=\"noopener\" data-uw-styling-context=\"true\"><span class=\"TextoDoc\" data-uw-styling-context=\"true\"><span class=\"TextoSubmenu\" data-uw-styling-context=\"true\"><span class=\"Texto\" data-uw-styling-context=\"true\">Acuerdo de Gesti\u00f3n Gerente de Producci\u00f3n<\/span><\/span><\/span><\/a><\/li>\n \t<li data-uw-styling-context=\"true\"><a href=\"https:\/\/www.umv.gov.co\/portal\/wp-content\/uploads\/2021\/09\/Acuerdo-de-Gestion-Gerente-GASA.pdf\" target=\"_blank\" rel=\"noopener\" data-uw-styling-context=\"true\"><span class=\"TextoDoc\" data-uw-styling-context=\"true\"><span class=\"TextoSubmenu\" data-uw-styling-context=\"true\"><span class=\"Texto\" data-uw-styling-context=\"true\">Acuerdo de gesti\u00f3n Gerente GASA<\/span><\/span><\/span><\/a><\/li>\n \t<li data-uw-styling-context=\"true\"><a href=\"https:\/\/www.umv.gov.co\/portal\/wp-content\/uploads\/2021\/09\/Acuerdo-de-Gestion-Gerente-de-Intervencion.pdf\" target=\"_blank\" rel=\"noopener\" data-uw-styling-context=\"true\"><span class=\"TextoDoc\" data-uw-styling-context=\"true\"><span class=\"TextoSubmenu\" data-uw-styling-context=\"true\"><span class=\"Texto\" data-uw-styling-context=\"true\">Acuerdo de gesti\u00f3n Gerente de Intervenci\u00f3n<\/span><\/span><\/span><\/a><\/li>\n \t<li data-uw-styling-context=\"true\"><a href=\"https:\/\/www.umv.gov.co\/portal\/wp-content\/uploads\/2021\/10\/Informe-Acuerdos-de-gestion-2021.doc\" data-uw-styling-context=\"true\">Informe de Seguimiento de Acuerdos de Gesti\u00f3n V1<\/a><\/li>\n \t<li data-uw-styling-context=\"true\"><a href=\"https:\/\/www.umv.gov.co\/portal\/wp-content\/uploads\/2022\/06\/Informe-Acuerdos-de-gestion-2021-V.2.doc\">Informe de Seguimiento de Acuerdos de Gesti\u00f3n V2<\/a><\/li>\n \t<li data-uw-styling-context=\"true\"><a href=\"https:\/\/www.umv.gov.co\/portal\/wp-content\/uploads\/2022\/09\/Evaluacion-Compromisos-Martha-Aguilar-2021-Anexo_1.pdf\" target=\"_blank\" rel=\"noopener\">Evaluaci\u00f3n Compromisos Acuerdo Secretar\u00eda Gerencial<\/a><\/li>\n \t<li><a href=\"https:\/\/www.umv.gov.co\/portal\/wp-content\/uploads\/2022\/09\/2021.Evaluacion-Acuerdos-de-Gestion-Giacomo-2021-Anexo-1-1.pdf\" target=\"_blank\" rel=\"noopener\">Evaluaci\u00f3n Compromisos Acuerdo Subdirecci\u00f3n t\u00e9cnica de Producci\u00f3n e Intervenci\u00f3n<\/a><\/li>\n<\/ul>\n&nbsp;[\/vc_column_text]<span class=\"pix-badge-element h6 d-inline-flex mr-1 \"  ><span class=\"badge font-weight-bold secondary-font  bg-secondary  vc_custom_1737677204033  \" style=\" \"><span class=\"text-white\" style=\"\">2017<\/span><\/span><\/span>[vc_column_text]<ul>\n \t<li data-uw-styling-context=\"true\"><span class=\"TextoDoc\" data-uw-styling-context=\"true\"><span class=\"TextoSubmenu\" data-uw-styling-context=\"true\"><span class=\"Texto\" data-uw-styling-context=\"true\"><a href=\"https:\/\/www.umv.gov.co\/_transparencia2017\/Transparencia-Pagina-WEB\/3.EstructuraOrganicayTalentoHumano\/3.8AcuerdosdeGestion\/2017\/AcuerdodeGestionSTMLV.pdf\" target=\"_blank\" rel=\"noopener\" data-uw-styling-context=\"true\">Acuerdo de Gesti\u00f3n STMLV<\/a><\/span><\/span><\/span><\/li>\n \t<li data-uw-styling-context=\"true\"><span class=\"TextoDoc\" data-uw-styling-context=\"true\"><span class=\"TextoSubmenu\" data-uw-styling-context=\"true\"><span class=\"Texto\" data-uw-styling-context=\"true\"><a href=\"https:\/\/www.umv.gov.co\/_transparencia2017\/Transparencia-Pagina-WEB\/3.EstructuraOrganicayTalentoHumano\/3.8AcuerdosdeGestion\/2017\/AcuerdodeGestionSTPI.pdf\" target=\"_blank\" rel=\"noopener\" data-uw-styling-context=\"true\">Acuerdo de Gesti\u00f3n STPI<\/a><\/span><\/span><\/span><\/li>\n \t<li data-uw-styling-context=\"true\"><span class=\"TextoDoc\" data-uw-styling-context=\"true\"><span class=\"TextoSubmenu\" data-uw-styling-context=\"true\"><span class=\"Texto\" data-uw-styling-context=\"true\"><a href=\"https:\/\/www.umv.gov.co\/_transparencia2017\/Transparencia-Pagina-WEB\/3.EstructuraOrganicayTalentoHumano\/3.8AcuerdosdeGestion\/2017\/AcuerdosdeGestionGIGPGASA.pdf\" target=\"_blank\" rel=\"noopener\" data-uw-styling-context=\"true\">Acuerdos de Gesti\u00f3n GI, GP, GASA<\/a><\/span><\/span><\/span><\/li>\n \t<li data-uw-styling-context=\"true\"><span class=\"TextoDoc\" data-uw-styling-context=\"true\"><span class=\"TextoSubmenu\" data-uw-styling-context=\"true\"><span class=\"Texto\" data-uw-styling-context=\"true\"><a href=\"https:\/\/www.umv.gov.co\/_transparencia2017\/Transparencia-Pagina-WEB\/3.EstructuraOrganicayTalentoHumano\/3.8AcuerdosdeGestion\/2017\/InformeAcuerdosdegestion1SEM2017.doc\" target=\"_blank\" rel=\"noopener\" data-uw-styling-context=\"true\">Informe Acuerdos de Gesti\u00f3n I Semestre<\/a><\/span><\/span><\/span><\/li>\n \t<li data-uw-styling-context=\"true\"><a href=\"https:\/\/www.umv.gov.co\/_transparencia2017\/Transparencia-Pagina-WEB\/3.EstructuraOrganicayTalentoHumano\/3.8AcuerdosdeGestion\/2017\/InformeAcuerdosdeGestionIISemestre.docx\" target=\"_blank\" rel=\"noopener\" data-uw-styling-context=\"true\">Informe Acuerdos de Gesti\u00f3n II Semestre<\/a><\/li>\n<\/ul>[\/vc_column_text][\/vc_column][\/vc_row]<\/div>","protected":false},"excerpt":{"rendered":"[vc_row pix_particles_check=&#8221;&#8221; css=&#8221;.vc_custom_1765927917090{margin-top: -20px !important;}&#8221;][vc_column width=&#8221;1\/3&#8243;][\/vc_column][vc_column width=&#8221;1\/3&#8243;][\/vc_column][vc_column width=&#8221;1\/3&#8243;][\/vc_column][\/vc_row][vc_row pix_particles_check=&#8221;&#8221; css=&#8221;.vc_custom_1765927917090{margin-top: -20px !important;}&#8221;][vc_column][\/vc_column][\/vc_row][vc_row pix_particles_check=&#8221;&#8221; css=&#8221;.vc_custom_1770736389782{margin-top: 30px !important;}&#8221;][vc_column width=&#8221;1\/3&#8243;][\/vc_column][vc_column width=&#8221;1\/3&#8243;][\/vc_column][vc_column width=&#8221;1\/3&#8243;][\/vc_column][\/vc_row][vc_row pix_particles_check=&#8221;&#8221; css=&#8221;.vc_custom_1770736389782{margin-top: 30px !important;}&#8221;][vc_column width=&#8221;1\/3&#8243;][\/vc_column][vc_column width=&#8221;1\/3&#8243;][\/vc_column][vc_column width=&#8221;1\/3&#8243;][\/vc_column][\/vc_row][vc_row pix_particles_check=&#8221;&#8221; css=&#8221;.vc_custom_1765927909657{margin-top: 40px !important;}&#8221;][vc_column width=&#8221;1\/3&#8243;][vc_column_text] Acuerdo de Gesti\u00f3n &#8211; Subdirector de Producci\u00f3n y Apoyo&#8230;","protected":false},"author":1,"featured_media":0,"parent":0,"menu_order":0,"comment_status":"closed","ping_status":"closed","template":"","meta":{"_monsterinsights_skip_tracking":false,"_monsterinsights_sitenote_active":false,"_monsterinsights_sitenote_note":"","_monsterinsights_sitenote_category":0,"footnotes":""},"class_list":["post-21171","page","type-page","status-publish","hentry"],"_links":{"self":[{"href":"https:\/\/www.umv.gov.co\/portal\/wp-json\/wp\/v2\/pages\/21171","targetHints":{"allow":["GET"]}}],"collection":[{"href":"https:\/\/www.umv.gov.co\/portal\/wp-json\/wp\/v2\/pages"}],"about":[{"href":"https:\/\/www.umv.gov.co\/portal\/wp-json\/wp\/v2\/types\/page"}],"author":[{"embeddable":true,"href":"https:\/\/www.umv.gov.co\/portal\/wp-json\/wp\/v2\/users\/1"}],"replies":[{"embeddable":true,"href":"https:\/\/www.umv.gov.co\/portal\/wp-json\/wp\/v2\/comments?post=21171"}],"version-history":[{"count":8,"href":"https:\/\/www.umv.gov.co\/portal\/wp-json\/wp\/v2\/pages\/21171\/revisions"}],"predecessor-version":[{"id":54724,"href":"https:\/\/www.umv.gov.co\/portal\/wp-json\/wp\/v2\/pages\/21171\/revisions\/54724"}],"wp:attachment":[{"href":"https:\/\/www.umv.gov.co\/portal\/wp-json\/wp\/v2\/media?parent=21171"}],"curies":[{"name":"wp","href":"https:\/\/api.w.org\/{rel}","templated":true}]}}