{"id":19801,"date":"2022-01-31T23:57:02","date_gmt":"2022-01-31T23:57:02","guid":{"rendered":"https:\/\/www.umv.gov.co\/portal\/?page_id=19801"},"modified":"2024-09-06T19:04:58","modified_gmt":"2024-09-06T19:04:58","slug":"control-7-1-informes-evaluacion-y-auditoria-2022","status":"publish","type":"page","link":"https:\/\/www.umv.gov.co\/portal\/control-7-1-informes-evaluacion-y-auditoria-2022\/","title":{"rendered":"Informes evaluaci\u00f3n y auditor\u00eda 2022"},"content":{"rendered":"<div class=\"wpb-content-wrapper\"><p>[vc_row pix_particles_check=&#8221;&#8221; css=&#8221;.vc_custom_1725649494769{margin-top: -20px !important;}&#8221;][vc_column]<span class=\"pix-badge-element h6 d-inline-flex mr-1 \"  ><span class=\"badge font-weight-bold secondary-font  bg-secondary  vc_custom_1725649484982  \" style=\" \"><span class=\"text-white\" style=\"\">4.8.1 INFORMES DE EVALUACI\u00d3N Y AUDITOR\u00cdA:<\/span><\/span><\/span>[vc_tta_accordion section_title_tag=&#8221;h6&#8243; style=&#8221;modern&#8221; color=&#8221;white&#8221; c_icon=&#8221;&#8221; active_section=&#8221;&#8221; collapsible_all=&#8221;true&#8221;][vc_tta_section i_icon_fontawesome=&#8221;far fa-file-alt&#8221; add_icon=&#8221;true&#8221; title=&#8221;4.8.1.1. Plan anual de Auditor\u00edas&#8221; tab_id=&#8221;1549495924496-320e321a-10d9&#8243;][vc_column_text]<\/p>\n<table width=\"750\" align=\"center\">\n<tbody>\n<tr>\n<td width=\"79\">\n<div class=\"bs-shortcode-alert alert alert-warning\" style=\"text-align: center;\"><b>C\u00d3DIGO<\/b><\/div>\n<\/td>\n<td style=\"text-align: center;\" width=\"345\">\n<div class=\"bs-shortcode-alert alert alert-warning\"><strong>NOMBRE DEL INFORME<\/strong><\/div>\n<\/td>\n<td width=\"74\">\n<div class=\"bs-shortcode-alert alert alert-warning\" style=\"text-align: center;\"><strong>FORMATO<\/strong><\/div>\n<\/td>\n<\/tr>\n<tr>\n<td>\n<div class=\"bs-shortcode-alert alert alert-info\">4.8.1.1a<\/div>\n<\/td>\n<td>\n<div class=\"bs-shortcode-alert alert alert-info\">\n<p><a href=\"https:\/\/www.umv.gov.co\/portal\/wp-content\/uploads\/2022\/01\/71.1.1-PLAN-ANUAL-DE-AUDITORIAS-2022-1.xlsx\">Plan Anual de Auditorias 2022<\/a><\/div>\n<\/td>\n<td>\n<div class=\"bs-shortcode-alert alert alert-info\">Excel<\/div>\n<\/td>\n<\/tr>\n<tr>\n<td>\n<div class=\"bs-shortcode-alert alert alert-info\">4.8.1.1b<\/div>\n<\/td>\n<td>\n<div class=\"bs-shortcode-alert alert alert-info\">\n<p><a href=\"https:\/\/www.umv.gov.co\/portal\/wp-content\/uploads\/2022\/05\/7.1.1b-PAA-PLAN-ANUAL-AUDITORIAS-2022-V2.pdf\" target=\"_blank\" rel=\"noopener\">Plan Anual de Auditorias 2022 Versi\u00f3n 2<\/a><\/div>\n<\/td>\n<td>\n<div class=\"bs-shortcode-alert alert alert-info\">Pdf<\/div>\n<\/td>\n<\/tr>\n<tr>\n<td>\n<div class=\"bs-shortcode-alert alert alert-info\">4.8.1.1c<\/div>\n<\/td>\n<td>\n<div class=\"bs-shortcode-alert alert alert-info\">\n<p><a href=\"https:\/\/www.umv.gov.co\/portal\/wp-content\/uploads\/2022\/07\/4.8.1.1C-PLAN-ANUAL-AUDITORIAS-2022-V3.pdf\" target=\"_blank\" rel=\"noopener\">Plan Anual de Auditorias 2022 Versi\u00f3n 3<\/a><\/div>\n<\/td>\n<td>\n<div class=\"bs-shortcode-alert alert alert-info\">Pdf<\/div>\n<\/td>\n<\/tr>\n<tr>\n<td>\n<div class=\"bs-shortcode-alert alert alert-info\">4.8.1.1d<\/div>\n<\/td>\n<td>\n<div class=\"bs-shortcode-alert alert alert-info\">\n<p><a href=\"https:\/\/www.umv.gov.co\/portal\/wp-content\/uploads\/2022\/07\/4.8.1.1-d-PAA-PLAN-ANUAL-AUDITORIAS-2022-V4.pdf\" target=\"_blank\" rel=\"noopener\">Plan Anual de Auditorias 2022 Versi\u00f3n 4<\/a><\/div>\n<\/td>\n<td>\n<div class=\"bs-shortcode-alert alert alert-info\">Pdf<\/div>\n<\/td>\n<\/tr>\n<tr>\n<td>\n<div class=\"bs-shortcode-alert alert alert-info\">4.8.1.1e<\/div>\n<\/td>\n<td>\n<div class=\"bs-shortcode-alert alert alert-info\">\n<p><a href=\"https:\/\/www.umv.gov.co\/portal\/wp-content\/uploads\/2022\/11\/4.8.1.1-e-Plan-Anual-de-Auditorias-2022-Version-5.pdf\" target=\"_blank\" rel=\"noopener\">Plan Anual de Auditorias 2022 Versi\u00f3n 5<\/a><\/div>\n<\/td>\n<td>\n<div class=\"bs-shortcode-alert alert alert-info\">Pdf<\/div>\n<\/td>\n<\/tr>\n<\/tbody>\n<\/table>\n<p>[\/vc_column_text][\/vc_tta_section][vc_tta_section i_icon_fontawesome=&#8221;far fa-file-alt&#8221; add_icon=&#8221;true&#8221; title=&#8221;4.8.1.2. Informes finales de auditor\u00eda&#8221; tab_id=&#8221;1549495924539-1d9fcb52-efe0&#8243;][vc_column_text]<\/p>\n<table width=\"1000\" align=\"center\">\n<tbody>\n<tr>\n<td width=\"79\">\n<div class=\"bs-shortcode-alert alert alert-warning\" style=\"text-align: center;\"><b>C\u00d3DIGO<\/b><\/div>\n<\/td>\n<td style=\"text-align: center;\" width=\"345\">\n<div class=\"bs-shortcode-alert alert alert-warning\"><strong>NOMBRE DEL INFORME<\/strong><\/div>\n<\/td>\n<td width=\"74\">\n<div class=\"bs-shortcode-alert alert alert-warning\" style=\"text-align: center;\"><strong>FORMATO<\/strong><\/div>\n<\/td>\n<\/tr>\n<tr>\n<td>\n<div class=\"bs-shortcode-alert alert alert-info\">4.8.1.2a<\/div>\n<\/td>\n<td>\n<div class=\"bs-shortcode-alert alert alert-info\">\n<p><a href=\"https:\/\/www.umv.gov.co\/portal\/wp-content\/uploads\/2022\/03\/7.1.2a-Informe-de-Auditoria-al-proceso-Gestion-Ambiental-GAM.doc\">Informe de Auditor\u00eda al proceso Gesti\u00f3n Ambiental -GAM<\/a><\/div>\n<\/td>\n<td>\n<div class=\"bs-shortcode-alert alert alert-info\">Excel<\/div>\n<\/td>\n<\/tr>\n<tr>\n<td>\n<div class=\"bs-shortcode-alert alert alert-info\">4.8.1.2b<\/div>\n<\/td>\n<td>\n<div class=\"bs-shortcode-alert alert alert-info\">\n<p><a href=\"https:\/\/www.umv.gov.co\/portal\/wp-content\/uploads\/2022\/03\/7.1.2b-Informe-de-Auditoria-al-proceso-de-tencion-a-Partes-y-comunicaciones-APIC.docx\">Informe de Auditor\u00eda al proceso de tenci\u00f3n a Partes y comunicaciones- APIC<\/a><\/div>\n<\/td>\n<td>\n<div class=\"bs-shortcode-alert alert alert-info\">Excel<\/div>\n<\/td>\n<\/tr>\n<tr>\n<td>\n<div class=\"bs-shortcode-alert alert alert-info\">4.8.1.2c<\/div>\n<\/td>\n<td>\n<div class=\"bs-shortcode-alert alert alert-info\">\n<div><a href=\"https:\/\/www.umv.gov.co\/portal\/wp-content\/uploads\/2022\/03\/7.1.2c-Informe-de-Auditoria-al-proceso-de-Gestion-Documental-GDOC.docx\">Informe de Auditor\u00eda al proceso Gesti\u00f3n Documental -GDOC<\/a><\/div>\n<\/div>\n<\/td>\n<td>\n<div class=\"bs-shortcode-alert alert alert-info\">Excel<\/div>\n<\/td>\n<\/tr>\n<tr>\n<td>\n<div class=\"bs-shortcode-alert alert alert-info\">4.8.1.2d<\/div>\n<\/td>\n<td>\n<div class=\"bs-shortcode-alert alert alert-info\">\n<div><a href=\"https:\/\/www.umv.gov.co\/portal\/wp-content\/uploads\/2022\/07\/4.8.2.1d-Informe-de-Auditoria-al-proceso-Gestion-Juridica-GJUR.pdf\" target=\"_blank\" rel=\"noopener\">Informe de Auditor\u00eda al proceso Gesti\u00f3n Jur\u00eddica -GJUR<\/a><\/div>\n<\/div>\n<\/td>\n<td>\n<div class=\"bs-shortcode-alert alert alert-info\">Pdf<\/div>\n<\/td>\n<\/tr>\n<tr>\n<td>\n<div class=\"bs-shortcode-alert alert alert-info\">4.8.1.2e<\/div>\n<\/td>\n<td>\n<div class=\"bs-shortcode-alert alert alert-info\"><a href=\"https:\/\/www.umv.gov.co\/portal\/wp-content\/uploads\/2022\/07\/4.8.2.1e-Informe-final-de-auditoria-interna-del-Proceso-de-CODI-2022.pdf\" target=\"_blank\" rel=\"noopener\">Informe de Auditor\u00eda al<span style=\"font-family: inherit; font-size: inherit;\"> Proceso Control Disciplinario Interno CODI<\/span><\/a><\/div>\n<\/td>\n<td>\n<div class=\"bs-shortcode-alert alert alert-info\">Pdf<\/div>\n<\/td>\n<\/tr>\n<tr>\n<td>\n<div class=\"bs-shortcode-alert alert alert-info\">4.8.1.2f<\/div>\n<\/td>\n<td>\n<div class=\"bs-shortcode-alert alert alert-info\">\n<p><a href=\"https:\/\/www.umv.gov.co\/portal\/wp-content\/uploads\/2022\/08\/4.8.1.2-F-Informe_de_Auditoria_Interna-proceso-de-Intervencion-de-la-malla-vial-IMVI-2022.pdf\" target=\"_blank\" rel=\"noopener\">Informe\u00a0final Auditor\u00eda Proceso Intervenci\u00f3n de la Malla Vial &#8211; IMVI 2022<\/a><\/div>\n<\/td>\n<td>\n<div class=\"bs-shortcode-alert alert alert-info\">Pdf<\/div>\n<\/td>\n<\/tr>\n<tr>\n<td>\n<div class=\"bs-shortcode-alert alert alert-info\">4.8.1.2g<\/div>\n<\/td>\n<td>\n<div class=\"bs-shortcode-alert alert alert-info\">\n<p><a href=\"https:\/\/www.umv.gov.co\/portal\/wp-content\/uploads\/2022\/08\/4.8.1.2-G-Informe-de-Auditoria-proceso-Atencion-a-Partes-Interesadas-y-Comunicaciones-APIC-2022.pdf\" target=\"_blank\" rel=\"noopener\">Informe final Auditor\u00eda Proceso APIC 2022<\/a><\/div>\n<\/td>\n<td>\n<div class=\"bs-shortcode-alert alert alert-info\">Pdf<\/div>\n<\/td>\n<\/tr>\n<tr>\n<td>\n<div class=\"bs-shortcode-alert alert alert-info\">4.8.1.2h<\/div>\n<\/td>\n<td>\n<div class=\"bs-shortcode-alert alert alert-info\">\n<p><a href=\"https:\/\/www.umv.gov.co\/portal\/wp-content\/uploads\/2022\/11\/4.8.1.2h-Presentacion-informe-final-Auditoria-GEFI-2022-1.pdf\" target=\"_blank\" rel=\"noopener\">Presentaci\u00f3n informe final Auditoria GEFI 2022<\/a><\/div>\n<\/td>\n<td>\n<div class=\"bs-shortcode-alert alert alert-info\">Pdf<\/div>\n<\/td>\n<\/tr>\n<tr>\n<td>\n<div class=\"bs-shortcode-alert alert alert-info\">4.8.1.2i<\/div>\n<\/td>\n<td>\n<div class=\"bs-shortcode-alert alert alert-info\">\n<p><a href=\"https:\/\/www.umv.gov.co\/portal\/wp-content\/uploads\/2022\/11\/4.8.1.2i-presentacion-Informe-final-EGTI-2021-1.pdf\" target=\"_blank\" rel=\"noopener\">Presentaci\u00f3n Informe final EGTI 2021<\/a><\/div>\n<\/td>\n<td>\n<div class=\"bs-shortcode-alert alert alert-info\">Pdf<\/div>\n<\/td>\n<\/tr>\n<tr>\n<td>\n<div class=\"bs-shortcode-alert alert alert-info\">4.8.1.2j<\/div>\n<\/td>\n<td>\n<div class=\"bs-shortcode-alert alert alert-info\">\n<p><a href=\"https:\/\/www.umv.gov.co\/portal\/wp-content\/uploads\/2022\/11\/4.8.2.1J-Presentacion-Informe-Final-Auditoria-Gestion-contractual-GCON-2022.pdf\" target=\"_blank\" rel=\"noopener\">Presentaci\u00f3n Informe Final Auditoria Gesti\u00f3n contractual GCON 2022<\/a><\/div>\n<\/td>\n<td>\n<div class=\"bs-shortcode-alert alert alert-info\">Pdf<\/div>\n<\/td>\n<\/tr>\n<tr>\n<td>\n<div class=\"bs-shortcode-alert alert alert-info\">4.8.1.2k<\/div>\n<\/td>\n<td>\n<div class=\"bs-shortcode-alert alert alert-info\">\n<p><a href=\"https:\/\/www.umv.gov.co\/portal\/wp-content\/uploads\/2022\/11\/4-8.2.1-k-Presentacionde-Cierre-Produccion-de-Mezcla-y-Aprovisionamiento-de-Maquinaria-y-Equipo-PPMQ.pdf\" target=\"_blank\" rel=\"noopener\">Presentaci\u00f3n Final Auditor\u00eda Proceso Producci\u00f3n De Mezcla Y Aprovisionamiento De Maquinaria Y Equipo PPMQ -2022<\/a><\/div>\n<\/td>\n<td>\n<div class=\"bs-shortcode-alert alert alert-info\">Pdf<\/div>\n<\/td>\n<\/tr>\n<tr>\n<td>\n<div class=\"bs-shortcode-alert alert alert-info\">4.8.1.2l<\/div>\n<\/td>\n<td>\n<div class=\"bs-shortcode-alert alert alert-info\">\n<p><a href=\"https:\/\/www.umv.gov.co\/portal\/wp-content\/uploads\/2022\/11\/4-8.2.1-k-Presentacionde-Cierre-Produccion-de-Mezcla-y-Aprovisionamiento-de-Maquinaria-y-Equipo-PPMQ.pdf\" target=\"_blank\" rel=\"noopener\">Presentaci\u00f3n Final Auditor\u00eda Proceso Producci\u00f3n De Mezcla Y Aprovisionamiento De Maquinaria Y Equipo PPMQ -2022<\/a><\/div>\n<\/td>\n<td>\n<div class=\"bs-shortcode-alert alert alert-info\">Pdf<\/div>\n<\/td>\n<\/tr>\n<tr>\n<td>\n<div class=\"bs-shortcode-alert alert alert-info\">4.8.1.2m<\/div>\n<\/td>\n<td>\n<div class=\"bs-shortcode-alert alert alert-info\">\n<p><a href=\"https:\/\/www.umv.gov.co\/portal\/wp-content\/uploads\/2022\/12\/4.8.2.1L-Presentacion-Informe-Final-Auditoria-Gestion-Talento-Humanol-GTHU-2022.pdf\" target=\"_blank\" rel=\"noopener\">Presentaci\u00f3n Final Auditor\u00eda Proceso\u00a0Gesti\u00f3n Del Talento Humano- GTHU<span style=\"font-style: inherit; font-weight: inherit;\">\u00a0&#8211;<\/span>2022<\/a><\/div>\n<\/td>\n<td>\n<div class=\"bs-shortcode-alert alert alert-info\">Pdf<\/div>\n<\/td>\n<\/tr>\n<tr>\n<td>\n<div class=\"bs-shortcode-alert alert alert-info\">4.8.1.2n<\/div>\n<\/td>\n<td>\n<div class=\"bs-shortcode-alert alert alert-info\">\n<p><a href=\"https:\/\/www.umv.gov.co\/portal\/wp-content\/uploads\/2022\/12\/4.8.2.1m-Presentacion-cierre-de-Auditoria-al-proceso-Gestion-Documental-2022.pdf\" target=\"_blank\" rel=\"noopener\">Presentaci\u00f3n final\u00a0 cierre de Auditor\u00eda al proceso Gesti\u00f3n Documental 2022<\/a><\/div>\n<\/td>\n<td>\n<div class=\"bs-shortcode-alert alert alert-info\">Pdf<\/div>\n<\/td>\n<\/tr>\n<tr>\n<td>\n<div class=\"bs-shortcode-alert alert alert-info\">4.8.1.2q<\/div>\n<\/td>\n<td>\n<div class=\"bs-shortcode-alert alert alert-info\">\n<p><a href=\"https:\/\/www.umv.gov.co\/portal\/wp-content\/uploads\/2022\/12\/4.8.1.2-N-Presentacion-final-cierre-de-Auditoria-al-proceso-Gestion-de-recursos-Fisicos-GREF-2022.pdf\" target=\"_blank\" rel=\"noopener\">Presentaci\u00f3n final cierre de Auditor\u00eda al proceso Gesti\u00f3n de recursos F\u00edsicos GREF 2022<\/a><\/div>\n<\/td>\n<td>\n<div class=\"bs-shortcode-alert alert alert-info\">Pdf<\/div>\n<\/td>\n<\/tr>\n<\/tbody>\n<\/table>\n<p>[\/vc_column_text][\/vc_tta_section][vc_tta_section i_icon_fontawesome=&#8221;far fa-file-alt&#8221; add_icon=&#8221;true&#8221; title=&#8221;4.8.1.3. Informe semestral de evaluaci\u00f3n del Sistema de Control Interno&#8221; tab_id=&#8221;1551475014488-6087b092-7ceb&#8221;][vc_column_text]<\/p>\n<table width=\"750\" align=\"center\">\n<tbody>\n<tr>\n<td width=\"79\">\n<div class=\"bs-shortcode-alert alert alert-warning\" style=\"text-align: center;\"><b>C\u00d3DIGO<\/b><\/div>\n<\/td>\n<td style=\"text-align: center;\" width=\"345\">\n<div class=\"bs-shortcode-alert alert alert-warning\"><strong>NOMBRE DEL INFORME<\/strong><\/div>\n<\/td>\n<td width=\"74\">\n<div class=\"bs-shortcode-alert alert alert-warning\" style=\"text-align: center;\"><strong>FORMATO<\/strong><\/div>\n<\/td>\n<\/tr>\n<tr>\n<td>\n<div class=\"bs-shortcode-alert alert alert-info\">4.8.1.3a<\/div>\n<\/td>\n<td>\n<div class=\"bs-shortcode-alert alert alert-info\">\n<p><a href=\"https:\/\/www.umv.gov.co\/portal\/wp-content\/uploads\/2022\/02\/7.1-3-Informe-Evaluacion-del-sistema-de-control-interno-II-Semestre-2021.xlsx\">Informe Evaluaci\u00f3n del sistema de control interno II Semestre 2021<\/a><\/div>\n<\/td>\n<td>\n<div class=\"bs-shortcode-alert alert alert-info\">Excel<\/div>\n<\/td>\n<\/tr>\n<tr>\n<td>\n<div class=\"bs-shortcode-alert alert alert-info\">4.8.1.3b<\/div>\n<\/td>\n<td>\n<div class=\"bs-shortcode-alert alert alert-info\">\n<p><a href=\"https:\/\/www.umv.gov.co\/portal\/wp-content\/uploads\/2022\/07\/4.8.1.3-b-Informe-Evaluacion-del-Sistema-de-Control-Interno-I-Semestre-2022.pdf\" target=\"_blank\" rel=\"noopener\">Informe Evaluaci\u00f3n del Sistema de Control Interno I Semestre 2022<\/a><\/div>\n<\/td>\n<td>\n<div class=\"bs-shortcode-alert alert alert-info\">Pdf<\/div>\n<\/td>\n<\/tr>\n<\/tbody>\n<\/table>\n<p>[\/vc_column_text][\/vc_tta_section][vc_tta_section i_icon_fontawesome=&#8221;far fa-file-alt&#8221; add_icon=&#8221;true&#8221; title=&#8221;4.8.1.4. Informes elaborados por \u00f3rganos de control externos 2022&#8243; tab_id=&#8221;1577831656919-26c4f820-a897&#8243;][vc_column_text]<\/p>\n<table width=\"750\" align=\"center\">\n<tbody>\n<tr>\n<td width=\"79\">\n<div class=\"bs-shortcode-alert alert alert-warning\" style=\"text-align: center;\"><b>C\u00d3DIGO<\/b><\/div>\n<\/td>\n<td style=\"text-align: center;\" width=\"345\">\n<div class=\"bs-shortcode-alert alert alert-warning\"><strong>NOMBRE DEL INFORME<\/strong><\/div>\n<\/td>\n<td width=\"74\">\n<div class=\"bs-shortcode-alert alert alert-warning\" style=\"text-align: center;\"><strong>FORMATO<\/strong><\/div>\n<\/td>\n<\/tr>\n<tr>\n<td>\n<div class=\"bs-shortcode-alert alert alert-info\">4.8.1.4a<\/div>\n<\/td>\n<td>\n<div class=\"bs-shortcode-alert alert alert-info\">\n<p><a href=\"https:\/\/www.umv.gov.co\/portal\/wp-content\/uploads\/2022\/08\/4.8.1.4a-INFORME-FINAL-AUDITORIA-DE-REGULARIDAD-098-DE-2022-CONTALORIA-DE-BOGOTA.pdf\" target=\"_blank\" rel=\"noopener\">Informe\u00a0 final Auditor\u00eda de regularidad\u00a0 c\u00f3digo 098\u00a0 PAD 2022<\/a><\/div>\n<\/td>\n<td>\n<div class=\"bs-shortcode-alert alert alert-info\">Pdf<\/div>\n<\/td>\n<\/tr>\n<tr>\n<td>\n<div class=\"bs-shortcode-alert alert alert-info\">4.8.1.4b<\/div>\n<\/td>\n<td>\n<div class=\"bs-shortcode-alert alert alert-info\">\n<p><a href=\"https:\/\/www.umv.gov.co\/portal\/wp-content\/uploads\/2022\/12\/4.8.1.4b-Informe-Final-Auditoria-de-Desempeno-Codigo-107-de-2022.pdf\" target=\"_blank\" rel=\"noopener\">Informe final Auditor\u00eda de Desempe\u00f1o 107 de 2022 Contralor\u00eda de Bogot\u00e1<\/a><\/div>\n<\/td>\n<td>\n<div class=\"bs-shortcode-alert alert alert-info\">Pdf<\/div>\n<\/td>\n<\/tr>\n<\/tbody>\n<\/table>\n<p>[\/vc_column_text][\/vc_tta_section][\/vc_tta_accordion][\/vc_column][\/vc_row]<\/p>\n<\/div>","protected":false},"excerpt":{"rendered":"[vc_row pix_particles_check=&#8221;&#8221; css=&#8221;.vc_custom_1725649494769{margin-top: -20px !important;}&#8221;][vc_column][vc_tta_accordion section_title_tag=&#8221;h6&#8243; style=&#8221;modern&#8221; color=&#8221;white&#8221; c_icon=&#8221;&#8221; active_section=&#8221;&#8221; collapsible_all=&#8221;true&#8221;][vc_tta_section i_icon_fontawesome=&#8221;far fa-file-alt&#8221; add_icon=&#8221;true&#8221; title=&#8221;4.8.1.1. Plan anual de Auditor\u00edas&#8221; tab_id=&#8221;1549495924496-320e321a-10d9&#8243;][vc_column_text] C\u00d3DIGO NOMBRE DEL INFORME FORMATO 4.8.1.1a Plan Anual de Auditorias 2022 Excel 4.8.1.1b Plan Anual de Auditorias 2022 Versi\u00f3n 2&#8230;","protected":false},"author":1,"featured_media":0,"parent":0,"menu_order":0,"comment_status":"closed","ping_status":"closed","template":"","meta":{"_monsterinsights_skip_tracking":false,"_monsterinsights_sitenote_active":false,"_monsterinsights_sitenote_note":"","_monsterinsights_sitenote_category":0,"footnotes":""},"class_list":["post-19801","page","type-page","status-publish","hentry"],"_links":{"self":[{"href":"https:\/\/www.umv.gov.co\/portal\/wp-json\/wp\/v2\/pages\/19801","targetHints":{"allow":["GET"]}}],"collection":[{"href":"https:\/\/www.umv.gov.co\/portal\/wp-json\/wp\/v2\/pages"}],"about":[{"href":"https:\/\/www.umv.gov.co\/portal\/wp-json\/wp\/v2\/types\/page"}],"author":[{"embeddable":true,"href":"https:\/\/www.umv.gov.co\/portal\/wp-json\/wp\/v2\/users\/1"}],"replies":[{"embeddable":true,"href":"https:\/\/www.umv.gov.co\/portal\/wp-json\/wp\/v2\/comments?post=19801"}],"version-history":[{"count":0,"href":"https:\/\/www.umv.gov.co\/portal\/wp-json\/wp\/v2\/pages\/19801\/revisions"}],"wp:attachment":[{"href":"https:\/\/www.umv.gov.co\/portal\/wp-json\/wp\/v2\/media?parent=19801"}],"curies":[{"name":"wp","href":"https:\/\/api.w.org\/{rel}","templated":true}]}}