{"id":19131,"date":"2021-12-08T23:13:05","date_gmt":"2021-12-08T23:13:05","guid":{"rendered":"https:\/\/www.umv.gov.co\/portal\/?page_id=19131"},"modified":"2026-04-20T23:35:12","modified_gmt":"2026-04-20T23:35:12","slug":"informe-de-solicitudes-de-acceso-a-la-informacion","status":"publish","type":"page","link":"https:\/\/www.umv.gov.co\/portal\/informe-de-solicitudes-de-acceso-a-la-informacion\/","title":{"rendered":"Informe trimestrales de solicitudes  de acceso a a informaci\u00f3n"},"content":{"rendered":"<div class=\"wpb-content-wrapper\">[vc_row pix_particles_check=&#8221;&#8221;][vc_column]<span class=\"pix-badge-element h6 d-inline-flex mr-1 \"  ><span class=\"badge font-weight-bold secondary-font  bg-secondary  vc_custom_1725582121548  \" style=\" \"><span class=\"text-white\" style=\"\">INFORME DE SOLICITUDES DE ACCESO A LA INFORMACI\u00d3N<\/span><\/span><\/span>[\/vc_column][\/vc_row][vc_row pix_particles_check=&#8221;&#8221;][vc_column]<span class=\"pix-badge-element h6 d-inline-flex mr-1 \"  ><span class=\"badge font-weight-bold secondary-font  bg-secondary  vc_custom_1776728078020  \" style=\" \"><span class=\"text-white\" style=\"\">2026<\/span><\/span><\/span>[vc_column_text css=&#8221;&#8221;]<p class=\"bs-shortcode-alert alert alert-danger\" data-uw-styling-context=\"true\"><a href=\"https:\/\/www.umv.gov.co\/portal\/wp-content\/uploads\/2026\/04\/Solicitudes-de-Acceso-a-la-Informacion-I-Trimestre-2026.xlsx\" target=\"_blank\" rel=\"noopener\"><strong><span class=\"TextoDoc\" data-uw-styling-context=\"true\"><span class=\"TextoSubmenu\" data-uw-styling-context=\"true\">Solicitudes de Informaci\u00f3n I Trimestre 2026<\/span><\/span><\/strong><\/a><\/p>[\/vc_column_text][\/vc_column][\/vc_row][vc_row pix_particles_check=&#8221;&#8221;][vc_column]<span class=\"pix-badge-element h6 d-inline-flex mr-1 \"  ><span class=\"badge font-weight-bold secondary-font  bg-secondary  vc_custom_1745503210410  \" style=\" \"><span class=\"text-white\" style=\"\">2025<\/span><\/span><\/span>[vc_column_text css=&#8221;&#8221;]<p class=\"bs-shortcode-alert alert alert-danger\" data-uw-styling-context=\"true\"><a href=\"https:\/\/www.umv.gov.co\/portal\/wp-content\/uploads\/2025\/04\/Solicitudes-de-Acceso-a-la-Informacion-I-Trimestre-2025.xlsx\" target=\"_blank\" rel=\"noopener\"><strong><span class=\"TextoDoc\" data-uw-styling-context=\"true\"><span class=\"TextoSubmenu\" data-uw-styling-context=\"true\">Solicitudes de Informaci\u00f3n I Trimestre 2025<\/span><\/span><\/strong><\/a><\/p>\n<p class=\"bs-shortcode-alert alert alert-danger\" data-uw-styling-context=\"true\"><a href=\"https:\/\/www.umv.gov.co\/portal\/wp-content\/uploads\/2025\/07\/Solicitudes-de-Acceso-a-la-Informacion-II-Trimestre-2025.xlsx\" target=\"_blank\" rel=\"noopener\"><strong><span class=\"TextoDoc\" data-uw-styling-context=\"true\"><span class=\"TextoSubmenu\" data-uw-styling-context=\"true\">Solicitudes de Informaci\u00f3n II Trimestre 2025<\/span><\/span><\/strong><\/a><\/p>\n<p class=\"bs-shortcode-alert alert alert-danger\" data-uw-styling-context=\"true\"><a href=\"https:\/\/www.umv.gov.co\/portal\/wp-content\/uploads\/2025\/10\/Solicitudes-de-Acceso-a-la-Informacion-III-Trimestre-2025.xlsx\" target=\"_blank\" rel=\"noopener\"><strong><span class=\"TextoDoc\" data-uw-styling-context=\"true\"><span class=\"TextoSubmenu\" data-uw-styling-context=\"true\">Solicitudes de Informaci\u00f3n III Trimestre 2025<\/span><\/span><\/strong><\/a><\/p>\n<p class=\"bs-shortcode-alert alert alert-danger\" data-uw-styling-context=\"true\"><a href=\"https:\/\/www.umv.gov.co\/portal\/wp-content\/uploads\/2026\/01\/Solicitudes-de-Acceso-a-la-Informacion-IV-Trimestre-2025.xlsx\" target=\"_blank\" rel=\"noopener\"><strong><span class=\"TextoDoc\" data-uw-styling-context=\"true\"><span class=\"TextoSubmenu\" data-uw-styling-context=\"true\">Solicitudes de Informaci\u00f3n IV Trimestre 2025<\/span><\/span><\/strong><\/a><\/p>[\/vc_column_text][\/vc_column][\/vc_row][vc_row pix_particles_check=&#8221;&#8221; css=&#8221;.vc_custom_1725582133189{margin-top: -20px !important;}&#8221;][vc_column][vc_column_text css=&#8221;&#8221;][\/vc_column_text]<span class=\"pix-badge-element h6 d-inline-flex mr-1 \"  ><span class=\"badge font-weight-bold secondary-font  bg-secondary  vc_custom_1725582188728  \" style=\" \"><span class=\"text-white\" style=\"\">2024<\/span><\/span><\/span>[\/vc_column][\/vc_row][vc_row pix_particles_check=&#8221;&#8221;][vc_column][vc_column_text css=&#8221;.vc_custom_1737505154778{margin-top: -20px !important;}&#8221;]<p class=\"bs-shortcode-alert alert alert-danger\"><a href=\"https:\/\/www.umv.gov.co\/portal\/wp-content\/uploads\/2024\/04\/Solicitudes-de-Acceso-a-la-Informacion-I-Trimestre-2024.xlsx\"><strong>Solicitudes de Informaci\u00f3n I Trimestre 2024<\/strong><\/a><\/p>\n<p class=\"bs-shortcode-alert alert alert-danger\"><a href=\"https:\/\/www.umv.gov.co\/portal\/wp-content\/uploads\/2024\/07\/Solicitudes-de-Acceso-a-la-Informacion-II-Trimestre-2024.xlsx\" target=\"_blank\" rel=\"noopener\"><strong>Solicitudes de Informaci\u00f3n II Trimestre 2024<\/strong><\/a><\/p>\n<p class=\"bs-shortcode-alert alert alert-danger\"><a href=\"https:\/\/www.umv.gov.co\/portal\/wp-content\/uploads\/2024\/10\/Solicitudes-de-Acceso-a-la-Informacion-III-Trimestre-2024-2.xlsx\" target=\"_blank\" rel=\"noopener\"><strong>Solicitudes de Informaci\u00f3n III Trimestre 2024<\/strong><\/a><\/p>\n\n<p class=\"bs-shortcode-alert alert alert-danger\"><a href=\"https:\/\/www.umv.gov.co\/portal\/wp-content\/uploads\/2025\/01\/Solicitudes-de-Acceso-a-la-Informacion-IV-Trimestre-2024.xlsx\" target=\"_blank\" rel=\"noopener\"><strong>Solicitudes de Informaci\u00f3n IV Trimestre 2024<\/strong><\/a>[\/vc_column_text]<span class=\"pix-badge-element h6 d-inline-flex mr-1 \"  ><span class=\"badge font-weight-bold secondary-font  bg-secondary  vc_custom_1725582201275  \" style=\" \"><span class=\"text-white\" style=\"\">2023<\/span><\/span><\/span>[vc_column_text css=&#8221;&#8221;]<p class=\"bs-shortcode-alert alert alert-danger\"><a href=\"https:\/\/www.umv.gov.co\/portal\/wp-content\/uploads\/2023\/04\/Solicitudes-de-Acceso-a-la-Informacion-I-Trimestre-2023.xlsx\" target=\"_blank\" rel=\"noopener\"><strong>Solicitudes de Informaci\u00f3n I Trimestre 2023<\/strong><\/a><\/p>\n<p class=\"bs-shortcode-alert alert alert-danger\"><a href=\"https:\/\/www.umv.gov.co\/portal\/wp-content\/uploads\/2023\/07\/Solicitudes-de-Acceso-a-la-Informacion-II-Trimestre-2023-1.xlsx\"><strong>Solicitudes de Informaci\u00f3n II Trimestre 2023<\/strong><\/a><\/p>\n<p class=\"bs-shortcode-alert alert alert-danger\"><a href=\"https:\/\/www.umv.gov.co\/portal\/wp-content\/uploads\/2023\/10\/Solicitudes-de-Acceso-a-la-Informacion-III-Trimestre-2023.xlsx\"><strong>Solicitudes de Informaci\u00f3n III Trimestre 2023<\/strong><\/a><\/p>\n<p class=\"bs-shortcode-alert alert alert-danger\"><a href=\"https:\/\/www.umv.gov.co\/portal\/wp-content\/uploads\/2024\/01\/Solicitudes-de-Acceso-a-la-Informacion-IV-Trimestre-2023.xlsx\"><strong>Solicitudes de Informaci\u00f3n IV Trimestre 2023<\/strong><\/a><\/p>[\/vc_column_text]<span class=\"pix-badge-element h6 d-inline-flex mr-1 \"  ><span class=\"badge font-weight-bold secondary-font  bg-secondary  vc_custom_1725582217077  \" style=\" \"><span class=\"text-white\" style=\"\">2022<\/span><\/span><\/span>[vc_column_text css=&#8221;&#8221;]<p class=\"bs-shortcode-alert alert alert-danger\"><strong><a style=\"font-family: inherit; font-size: 12px;\" href=\"https:\/\/www.umv.gov.co\/portal\/wp-content\/uploads\/2022\/04\/Solicitudes-de-Informacion-I-Trimestre-2022.xlsx\" data-uw-styling-context=\"true\">Solicitudes de Informaci\u00f3n I Trimestre 2022<\/a><\/strong><\/p>\n<p class=\"bs-shortcode-alert alert alert-danger\"><a href=\"https:\/\/www.umv.gov.co\/portal\/wp-content\/uploads\/2022\/08\/Solicitudes-de-Acceso-a-la-Informacion-II-Trimestre-2022-1.xlsx\"><strong>Solicitudes de Informaci\u00f3n II Trimestre 2022<\/strong><\/a><\/p>\n<p class=\"bs-shortcode-alert alert alert-danger\"><a href=\"https:\/\/www.umv.gov.co\/portal\/wp-content\/uploads\/2022\/10\/Solicitudes-de-Acceso-a-la-Informacion-III-Trimestre-2022-1.xlsx\"><strong>Solicitudes de Informaci\u00f3n III Trimestre 2022<\/strong><\/a><\/p>\n<p class=\"bs-shortcode-alert alert alert-danger\"><a href=\"https:\/\/www.umv.gov.co\/portal\/wp-content\/uploads\/2023\/01\/Solicitudes-de-Acceso-a-la-Informacion-IV-Trimestre-2022.xlsx\" target=\"_blank\" rel=\"noopener\"><strong>Solicitudes de Informaci\u00f3n IV Trimestre 2022<\/strong><\/a><\/p>[\/vc_column_text][\/vc_column][\/vc_row][vc_row pix_particles_check=&#8221;&#8221;][vc_column]<span class=\"pix-badge-element h6 d-inline-flex mr-1 \"  ><span class=\"badge font-weight-bold secondary-font  bg-secondary  vc_custom_1725582245076  \" style=\" \"><span class=\"text-white\" style=\"\">2021<\/span><\/span><\/span>[vc_column_text css=&#8221;&#8221;]<ul data-uw-styling-context=\"true\">\n \t<li data-uw-styling-context=\"true\">\n<p class=\"bs-shortcode-alert alert alert-danger\" data-uw-styling-context=\"true\"><strong><a href=\"https:\/\/www.umv.gov.co\/portal\/wp-content\/uploads\/2021\/11\/Solicitudes-de-Informacion-I-Trimestre-2021.xlsx\" data-uw-styling-context=\"true\">Solicitudes de Informaci\u00f3n I Trimestre 2021<\/a><\/strong><\/p>\n<\/li>\n \t<li data-uw-styling-context=\"true\">\n<p class=\"bs-shortcode-alert alert alert-danger\" data-uw-styling-context=\"true\"><strong><a href=\"https:\/\/www.umv.gov.co\/portal\/wp-content\/uploads\/2021\/11\/Solicitudes-de-Informacion-II-Trimestre-2021.xlsx\" data-uw-styling-context=\"true\">Solicitudes de Informaci\u00f3n II Trimestre 2021<\/a><\/strong><\/p>\n<\/li>\n \t<li data-uw-styling-context=\"true\">\n<p class=\"bs-shortcode-alert alert alert-danger\" data-uw-styling-context=\"true\"><strong><a href=\"https:\/\/www.umv.gov.co\/portal\/wp-content\/uploads\/2021\/11\/Solicitudes-de-Informacion-III-Trimestre-2021.xlsx\" data-uw-styling-context=\"true\">Solicitudes de Informaci\u00f3n III Trimestre 2021<\/a><\/strong><\/p>\n<\/li>\n \t<li data-uw-styling-context=\"true\">\n<p class=\"bs-shortcode-alert alert alert-danger\" data-uw-styling-context=\"true\"><strong><a href=\"https:\/\/www.umv.gov.co\/portal\/wp-content\/uploads\/2022\/01\/Solicitudes-de-Informacion-IV-Trimestre-2021.xlsx\" data-uw-styling-context=\"true\">Solicitudes de Informaci\u00f3n IV Trimestre 2021<\/a><\/strong><\/p>\n<\/li>\n<\/ul>[\/vc_column_text][\/vc_column][\/vc_row][vc_row pix_particles_check=&#8221;&#8221;][vc_column]<span class=\"pix-badge-element h6 d-inline-flex mr-1 \"  ><span class=\"badge font-weight-bold secondary-font  bg-secondary  vc_custom_1725582250309  \" style=\" \"><span class=\"text-white\" style=\"\">2020<\/span><\/span><\/span>[vc_column_text css=&#8221;&#8221;]<ul data-uw-styling-context=\"true\">\n \t<li data-uw-styling-context=\"true\">\n<p class=\"bs-shortcode-alert alert alert-danger\" data-uw-styling-context=\"true\"><strong><span class=\"TextoDoc\" data-uw-styling-context=\"true\"><span class=\"TextoSubmenu\" data-uw-styling-context=\"true\"><a href=\"https:\/\/www.umv.gov.co\/_transparencia2017\/Transparencia-Pagina-WEB\/9.InstrumentosdeGestiondeInformacionPublica\/9.8InformedePQRSFDySolicitudesdeAccesoalaInformacion\/InformeMonitoreoSolicitudesdeAccesoalaInformacion-JULIO2020.doc\" target=\"_blank\" rel=\"noopener\" data-uw-styling-context=\"true\">Informe Acceso a la Informaci\u00f3n P\u00fablica (Julio 2020)<\/a><\/span><\/span><\/strong><\/p>\n<\/li>\n<\/ul>[\/vc_column_text][\/vc_column][\/vc_row][vc_row pix_particles_check=&#8221;&#8221;][vc_column][\/vc_column][\/vc_row]<\/div>","protected":false},"excerpt":{"rendered":"[vc_row pix_particles_check=&#8221;&#8221;][vc_column][\/vc_column][\/vc_row][vc_row pix_particles_check=&#8221;&#8221;][vc_column][vc_column_text css=&#8221;&#8221;]Solicitudes de Informaci\u00f3n I Trimestre 2026[\/vc_column_text][\/vc_column][\/vc_row][vc_row pix_particles_check=&#8221;&#8221;][vc_column][vc_column_text css=&#8221;&#8221;]Solicitudes de Informaci\u00f3n I Trimestre 2025 Solicitudes de Informaci\u00f3n II Trimestre 2025 Solicitudes de Informaci\u00f3n III Trimestre 2025 Solicitudes de Informaci\u00f3n IV Trimestre 2025[\/vc_column_text][\/vc_column][\/vc_row][vc_row pix_particles_check=&#8221;&#8221; css=&#8221;.vc_custom_1725582133189{margin-top: -20px !important;}&#8221;][vc_column][vc_column_text css=&#8221;&#8221;][\/vc_column_text][\/vc_column][\/vc_row][vc_row pix_particles_check=&#8221;&#8221;][vc_column][vc_column_text&#8230;","protected":false},"author":1,"featured_media":0,"parent":0,"menu_order":0,"comment_status":"closed","ping_status":"closed","template":"","meta":{"_monsterinsights_skip_tracking":false,"_monsterinsights_sitenote_active":false,"_monsterinsights_sitenote_note":"","_monsterinsights_sitenote_category":0,"footnotes":""},"class_list":["post-19131","page","type-page","status-publish","hentry"],"_links":{"self":[{"href":"https:\/\/www.umv.gov.co\/portal\/wp-json\/wp\/v2\/pages\/19131","targetHints":{"allow":["GET"]}}],"collection":[{"href":"https:\/\/www.umv.gov.co\/portal\/wp-json\/wp\/v2\/pages"}],"about":[{"href":"https:\/\/www.umv.gov.co\/portal\/wp-json\/wp\/v2\/types\/page"}],"author":[{"embeddable":true,"href":"https:\/\/www.umv.gov.co\/portal\/wp-json\/wp\/v2\/users\/1"}],"replies":[{"embeddable":true,"href":"https:\/\/www.umv.gov.co\/portal\/wp-json\/wp\/v2\/comments?post=19131"}],"version-history":[{"count":2,"href":"https:\/\/www.umv.gov.co\/portal\/wp-json\/wp\/v2\/pages\/19131\/revisions"}],"predecessor-version":[{"id":56685,"href":"https:\/\/www.umv.gov.co\/portal\/wp-json\/wp\/v2\/pages\/19131\/revisions\/56685"}],"wp:attachment":[{"href":"https:\/\/www.umv.gov.co\/portal\/wp-json\/wp\/v2\/media?parent=19131"}],"curies":[{"name":"wp","href":"https:\/\/api.w.org\/{rel}","templated":true}]}}