{"id":19114,"date":"2021-12-08T20:29:48","date_gmt":"2021-12-08T20:29:48","guid":{"rendered":"https:\/\/www.umv.gov.co\/portal\/?page_id=19114"},"modified":"2025-01-23T23:55:47","modified_gmt":"2025-01-23T23:55:47","slug":"entes-de-control","status":"publish","type":"page","link":"https:\/\/www.umv.gov.co\/portal\/entes-de-control\/","title":{"rendered":"Entes y autoridades que vigilan a la UAERMV"},"content":{"rendered":"<div class=\"wpb-content-wrapper\"><p>[vc_row pix_particles_check=&#8221;&#8221;][vc_column]<span class=\"pix-badge-element h6 d-inline-flex mr-1 \"  ><span class=\"badge font-weight-bold secondary-font  bg-secondary  vc_custom_1737674832153  \" style=\" \"><span class=\"text-white\" style=\"\">ENTES DE CONTROL<\/span><\/span><\/span>[\/vc_column][\/vc_row][vc_row pix_particles_check=&#8221;&#8221;][vc_column width=&#8221;1\/3&#8243;][vc_column_text css=&#8221;.vc_custom_1737676437351{margin-bottom: 0px !important;background-color: #EFEFEF !important;}&#8221;]<\/p>\n<p style=\"text-align: center;\"><strong>Veedur\u00eda Distrital<\/strong><\/p>\n<p>Entidad que promueve la transparencia y prevenir la corrupci\u00f3n en la gesti\u00f3n p\u00fablica distrital.<\/p>\n<p><b>Direcci\u00f3n:<\/b> Edificio Tequendama Cra. 7 #26-20 piso 34<\/p>\n<p><b>Tel\u00e9fono Conmutador:<\/b>\u00a0+57 601 3407666<\/p>\n<p><b>Correo institucional:<\/b><br \/>\n<a href=\"mailto:correspondencia@veeduriadistrital.gov.co\">correspondencia@veeduriadistrital.gov.co<\/a>[\/vc_column_text][vc_btn title=&#8221;Sitio Web&#8221; style=&#8221;gradient-custom&#8221; gradient_custom_color_2=&#8221;#e2361f&#8221; align=&#8221;center&#8221; button_block=&#8221;true&#8221; link=&#8221;url:http%3A%2F%2Fveeduriadistrital.gov.co%2F|target:_blank&#8221;][vc_column_text css=&#8221;.vc_custom_1737676528570{margin-top: 20px !important;margin-bottom: 0px !important;background-color: #EFEFEF !important;}&#8221;]<\/p>\n<p style=\"text-align: center;\"><strong>Procuradur\u00eda General de la Naci\u00f3n<\/strong><\/p>\n<p>Ejerce, de acuerdo a lo establecido en el art\u00edculo 277 de la Constituci\u00f3n Pol\u00edtica de Colombia de 1991, el control disciplinario del servidor p\u00fablico, adelantando las investigaciones y sancionando a los funcionarios que incurran en faltas disciplinarias en el desempe\u00f1o de sus funciones. De igual manera adelanta las investigaciones cuando se presenten irregularidades en el manejo del patrimonio p\u00fablico.<\/p>\n<p><b>Direcci\u00f3n:<\/b>\u00a0Carrera 5 # 15-80, Bogot\u00e1 D.C., Colombia<\/p>\n<p><b>Tel\u00e9fono:\u00a0<\/b>PBX: +57 601 587 8750<\/p>\n<p><b>Correo institucional: <\/b>quejas@procuraduria.gov.co[\/vc_column_text][vc_btn title=&#8221;Sitio Web&#8221; style=&#8221;gradient-custom&#8221; gradient_custom_color_2=&#8221;#e2361f&#8221; align=&#8221;center&#8221; button_block=&#8221;true&#8221; link=&#8221;url:https%3A%2F%2Fwww.procuraduria.gov.co%2F|target:_blank&#8221;][\/vc_column][vc_column width=&#8221;1\/3&#8243;][vc_column_text css=&#8221;.vc_custom_1737676450158{margin-bottom: 0px !important;background-color: #EFEFEF !important;}&#8221;]<\/p>\n<p style=\"text-align: center;\"><strong>Personer\u00eda de Bogot\u00e1<\/strong><\/p>\n<p>Organismo de control que, en conjunto con los habitantes de la ciudad, defiende los intereses del Distrito Capital y de la sociedad en general, vigilando constantemente la conducta de los servidores p\u00fablicos de la administraci\u00f3n distrital y verificando la ejecuci\u00f3n de las leyes, acuerdos y \u00f3rdenes de las autoridades en el Distrito Capital.<\/p>\n<p><b>Direcci\u00f3n:<\/b>\u00a0Carrera 7 No. 21 \u2013 24, Bogot\u00e1 D.C., Colombia<br \/>\n<b>Tel\u00e9fono:\u00a0<\/b>PBX: +57 (601) 382 04 50\/80<br \/>\nCorreo institucional:<br \/>\n<strong>institucional@personeriabogota.gov.co<\/strong>[\/vc_column_text][vc_btn title=&#8221;Sitio Web&#8221; style=&#8221;gradient-custom&#8221; gradient_custom_color_2=&#8221;#e2361f&#8221; align=&#8221;center&#8221; button_block=&#8221;true&#8221; link=&#8221;url:https%3A%2F%2Fwww.personeriabogota.gov.co%2F|target:_blank&#8221;][vc_column_text css=&#8221;.vc_custom_1737676543620{margin-top: 20px !important;margin-bottom: 0px !important;background-color: #EFEFEF !important;}&#8221;]<\/p>\n<p style=\"text-align: center;\"><strong>Concejo de Bogot\u00e1<\/strong><\/p>\n<p><b>Direcci\u00f3n:<\/b>\u00a0Calle 36 No. 28\u00aa \u2013 41, Bogot\u00e1 D.C., Colombia<\/p>\n<p><b>Tel\u00e9fono:\u00a0<\/b>PBX: +57 (601) 2088210<\/p>\n<p><b>Correo institucional:<br \/>\n<\/b>\u00a0atencionalciudadano@concejobogota.gov.co[\/vc_column_text][vc_btn title=&#8221;Sitio Web&#8221; style=&#8221;gradient-custom&#8221; gradient_custom_color_2=&#8221;#e2361f&#8221; align=&#8221;center&#8221; button_block=&#8221;true&#8221; link=&#8221;url:https%3A%2F%2Fwww.concejodebogota.gov.co%2F|target:_blank&#8221;][\/vc_column][vc_column width=&#8221;1\/3&#8243;][vc_column_text css=&#8221;.vc_custom_1737676467132{margin-bottom: 0px !important;background-color: #EFEFEF !important;}&#8221;]<\/p>\n<p style=\"text-align: center;\"><strong>Contralor\u00eda de Bogot\u00e1<\/strong><\/p>\n<p>Entidad que vigila la gesti\u00f3n fiscal de la Administraci\u00f3n Distrital y de los particulares que manejen fondos o bienes p\u00fablicos, en aras del mejoramiento de la calidad de vida de los ciudadanos del Distrito Capital.<\/p>\n<p><strong>Direcci\u00f3n:<\/strong> Carrera 32A N\u00b0 26 A \u2013 10, Bogot\u00e1 D.C., Colombia<br \/>\n<strong>Tel\u00e9fono:<\/strong> PBX: +57 (601) 335 8888<br \/>\n<strong>Correo institucional:<br \/>\n<\/strong> controlciudadano@contraloriabogota.gov.co[\/vc_column_text][vc_btn title=&#8221;Sitio Web&#8221; style=&#8221;gradient-custom&#8221; gradient_custom_color_2=&#8221;#e2361f&#8221; align=&#8221;center&#8221; button_block=&#8221;true&#8221; link=&#8221;url:http%3A%2F%2Fwww.contraloriabogota.gov.co%2F|target:_blank&#8221;][vc_column_text css=&#8221;.vc_custom_1737676501358{margin-bottom: 0px !important;background-color: #EFEFEF !important;}&#8221;]<\/p>\n<p style=\"text-align: center;\"><strong>Mecanismos internos y externos de supervisi\u00f3n, notificaci\u00f3n y vigilancia<\/strong><\/p>\n<p>Entidad que vigila la gesti\u00f3n fiscal de la Administraci\u00f3n Distrital y de los particulares que manejen fondos o bienes p\u00fablicos, en aras del mejoramiento de la calidad de vida de los ciudadanos del Distrito Capital.[\/vc_column_text][vc_btn title=&#8221;Consultar&#8221; style=&#8221;gradient-custom&#8221; gradient_custom_color_2=&#8221;#e2361f&#8221; align=&#8221;center&#8221; button_block=&#8221;true&#8221; link=&#8221;url:https%3A%2F%2Fwww.umv.gov.co%2F_transparencia2017%2FTransparencia-Pagina-WEB%2F7.Control%2F7.4Entesdecontrol%2FMemo20191500046033.xlsx|target:_blank&#8221;][\/vc_column][\/vc_row][vc_row pix_particles_check=&#8221;&#8221;][vc_column][vc_column_text]&nbsp;<\/p>\n<p>&nbsp;<\/p>\n<p>&nbsp;<\/p>\n<p>&nbsp;<\/p>\n<p>&nbsp;<\/p>\n<p>&nbsp;<\/p>\n<p>&nbsp;[\/vc_column_text][\/vc_column][\/vc_row]<\/p>\n<\/div>","protected":false},"excerpt":{"rendered":"[vc_row pix_particles_check=&#8221;&#8221;][vc_column][\/vc_column][\/vc_row][vc_row pix_particles_check=&#8221;&#8221;][vc_column width=&#8221;1\/3&#8243;][vc_column_text css=&#8221;.vc_custom_1737676437351{margin-bottom: 0px !important;background-color: #EFEFEF !important;}&#8221;] Veedur\u00eda Distrital Entidad que promueve la transparencia y prevenir la corrupci\u00f3n en la gesti\u00f3n p\u00fablica distrital. Direcci\u00f3n: Edificio Tequendama Cra. 7 #26-20 piso 34 Tel\u00e9fono Conmutador:\u00a0+57 601 3407666 Correo institucional: correspondencia@veeduriadistrital.gov.co[\/vc_column_text][vc_btn&#8230;","protected":false},"author":1,"featured_media":0,"parent":0,"menu_order":0,"comment_status":"closed","ping_status":"closed","template":"","meta":{"_monsterinsights_skip_tracking":false,"_monsterinsights_sitenote_active":false,"_monsterinsights_sitenote_note":"","_monsterinsights_sitenote_category":0,"footnotes":""},"class_list":["post-19114","page","type-page","status-publish","hentry"],"_links":{"self":[{"href":"https:\/\/www.umv.gov.co\/portal\/wp-json\/wp\/v2\/pages\/19114","targetHints":{"allow":["GET"]}}],"collection":[{"href":"https:\/\/www.umv.gov.co\/portal\/wp-json\/wp\/v2\/pages"}],"about":[{"href":"https:\/\/www.umv.gov.co\/portal\/wp-json\/wp\/v2\/types\/page"}],"author":[{"embeddable":true,"href":"https:\/\/www.umv.gov.co\/portal\/wp-json\/wp\/v2\/users\/1"}],"replies":[{"embeddable":true,"href":"https:\/\/www.umv.gov.co\/portal\/wp-json\/wp\/v2\/comments?post=19114"}],"version-history":[{"count":0,"href":"https:\/\/www.umv.gov.co\/portal\/wp-json\/wp\/v2\/pages\/19114\/revisions"}],"wp:attachment":[{"href":"https:\/\/www.umv.gov.co\/portal\/wp-json\/wp\/v2\/media?parent=19114"}],"curies":[{"name":"wp","href":"https:\/\/api.w.org\/{rel}","templated":true}]}}