{"id":1845,"date":"2017-06-13T17:43:54","date_gmt":"2017-06-13T17:43:54","guid":{"rendered":"https:\/\/www.umv.gov.co\/portal\/?page_id=1845"},"modified":"2026-03-20T15:06:15","modified_gmt":"2026-03-20T15:06:15","slug":"cultura-vial","status":"publish","type":"page","link":"https:\/\/www.umv.gov.co\/portal\/cultura-vial\/","title":{"rendered":"Cultura Vial"},"content":{"rendered":"<div class=\"wpb-content-wrapper\">[vc_row pix_particles_check=&#8221;&#8221;][vc_column]<span class=\"pix-badge-element h6 d-inline-flex mr-1 \"  ><span class=\"badge font-weight-bold secondary-font  bg-secondary  vc_custom_1773961250777  \" style=\" \"><span class=\"text-white\" style=\"\">CULTURA VIAL<\/span><\/span><\/span>[\/vc_column][\/vc_row][vc_row pix_particles_check=&#8221;&#8221; css=&#8221;.vc_custom_1773961271946{margin-top: -40px !important;}&#8221;][vc_column][vc_tta_tabs style=&#8221;outline&#8221; color=&#8221;mulled-wine&#8221; active_section=&#8221;1&#8243;][vc_tta_section title=&#8221;<b>Cultura Vial<\/b>&#8221; tab_id=&#8221;1624044545573-2908c8c0-afce&#8221;][vc_gallery interval=&#8221;5&#8243; images=&#8221;55859,55860&#8243; img_size=&#8221;large&#8221; onclick=&#8221;custom_link&#8221; css=&#8221;&#8221; custom_links=&#8221;#E-8_aHR0cHMlM0ElMkYlMkZ3d3cudW12Lmdvdi5jbyUyRnBvcnRhbCUyRmN1bHR1cmEtdmlhbCUyRiUyM3BvbGl0aWNhLXNlZ3VyaWRhZC12aWFs&#8221;][\/vc_tta_section][vc_tta_section title=&#8221;<b>Pol\u00edtica de Seguridad Vial<\/b>&#8221; tab_id=&#8221;politica-seguridad-vial&#8221;][vc_gallery interval=&#8221;15&#8243; images=&#8221;55861,55862&#8243; img_size=&#8221;large&#8221; css=&#8221;&#8221;][\/vc_tta_section][vc_tta_section title=&#8221;<b>Tips de Seguridad Vial<\/b>&#8221; tab_id=&#8221;1507055818894-19fb1778-f4c4&#8243;][vc_gallery interval=&#8221;5&#8243; images=&#8221;55863,55864,55865,55866,55870,55867,55868,55869&#8243; img_size=&#8221;1100&#215;570&#8243; onclick=&#8221;&#8221; css=&#8221;&#8221;][\/vc_tta_section][vc_tta_section title=&#8221;<b>Archivos relacionados<\/b>&#8221; tab_id=&#8221;cultura-vial-archivos&#8221;][vc_column_text css=&#8221;&#8221;]<div class=\"bs-shortcode-alert alert alert-success\"><strong><a href=\"https:\/\/www.umv.gov.co\/portal\/wp-content\/uploads\/2023\/08\/Diagnostico-y-Propuesta-estrategia-CC-1-1.pdf\" target=\"_blank\" rel=\"noopener\">Diagn\u00f3stico y propuesta para la implementaci\u00f3n de la estrategia de cultura ciudadana para la conservaci\u00f3n vial.<\/a><\/strong><\/div>\n<div><\/div>[\/vc_column_text][\/vc_tta_section][\/vc_tta_tabs][\/vc_column][\/vc_row][vc_row pix_particles_check=&#8221;&#8221;][vc_column][\/vc_column][\/vc_row]<\/div>","protected":false},"excerpt":{"rendered":"[vc_row pix_particles_check=&#8221;&#8221;][vc_column][\/vc_column][\/vc_row][vc_row pix_particles_check=&#8221;&#8221; css=&#8221;.vc_custom_1773961271946{margin-top: -40px !important;}&#8221;][vc_column][vc_tta_tabs style=&#8221;outline&#8221; color=&#8221;mulled-wine&#8221; active_section=&#8221;1&#8243;][vc_tta_section title=&#8221;Cultura Vial&#8221; tab_id=&#8221;1624044545573-2908c8c0-afce&#8221;][vc_gallery interval=&#8221;5&#8243; images=&#8221;55859,55860&#8243; img_size=&#8221;large&#8221; onclick=&#8221;custom_link&#8221; css=&#8221;&#8221; custom_links=&#8221;#E-8_aHR0cHMlM0ElMkYlMkZ3d3cudW12Lmdvdi5jbyUyRnBvcnRhbCUyRmN1bHR1cmEtdmlhbCUyRiUyM3BvbGl0aWNhLXNlZ3VyaWRhZC12aWFs&#8221;][\/vc_tta_section][vc_tta_section title=&#8221;Pol\u00edtica de Seguridad Vial&#8221; tab_id=&#8221;politica-seguridad-vial&#8221;][vc_gallery interval=&#8221;15&#8243; images=&#8221;55861,55862&#8243; img_size=&#8221;large&#8221; css=&#8221;&#8221;][\/vc_tta_section][vc_tta_section title=&#8221;Tips de Seguridad Vial&#8221; tab_id=&#8221;1507055818894-19fb1778-f4c4&#8243;][vc_gallery interval=&#8221;5&#8243; images=&#8221;55863,55864,55865,55866,55870,55867,55868,55869&#8243; img_size=&#8221;1100&#215;570&#8243; onclick=&#8221;&#8221; css=&#8221;&#8221;][\/vc_tta_section][vc_tta_section title=&#8221;Archivos relacionados&#8221; tab_id=&#8221;cultura-vial-archivos&#8221;][vc_column_text&#8230;","protected":false},"author":1,"featured_media":0,"parent":0,"menu_order":0,"comment_status":"closed","ping_status":"closed","template":"","meta":{"_monsterinsights_skip_tracking":false,"_monsterinsights_sitenote_active":false,"_monsterinsights_sitenote_note":"","_monsterinsights_sitenote_category":0,"footnotes":""},"class_list":["post-1845","page","type-page","status-publish","hentry"],"_links":{"self":[{"href":"https:\/\/www.umv.gov.co\/portal\/wp-json\/wp\/v2\/pages\/1845","targetHints":{"allow":["GET"]}}],"collection":[{"href":"https:\/\/www.umv.gov.co\/portal\/wp-json\/wp\/v2\/pages"}],"about":[{"href":"https:\/\/www.umv.gov.co\/portal\/wp-json\/wp\/v2\/types\/page"}],"author":[{"embeddable":true,"href":"https:\/\/www.umv.gov.co\/portal\/wp-json\/wp\/v2\/users\/1"}],"replies":[{"embeddable":true,"href":"https:\/\/www.umv.gov.co\/portal\/wp-json\/wp\/v2\/comments?post=1845"}],"version-history":[{"count":7,"href":"https:\/\/www.umv.gov.co\/portal\/wp-json\/wp\/v2\/pages\/1845\/revisions"}],"predecessor-version":[{"id":55883,"href":"https:\/\/www.umv.gov.co\/portal\/wp-json\/wp\/v2\/pages\/1845\/revisions\/55883"}],"wp:attachment":[{"href":"https:\/\/www.umv.gov.co\/portal\/wp-json\/wp\/v2\/media?parent=1845"}],"curies":[{"name":"wp","href":"https:\/\/api.w.org\/{rel}","templated":true}]}}