{"id":18338,"date":"2022-12-30T14:06:51","date_gmt":"2022-12-30T14:06:51","guid":{"rendered":"https:\/\/www.umv.gov.co\/portal\/?page_id=18338"},"modified":"2024-09-06T00:07:44","modified_gmt":"2024-09-06T00:07:44","slug":"seguimiento-de-rendicion-de-cuentas","status":"publish","type":"page","link":"https:\/\/www.umv.gov.co\/portal\/transparencia2020\/seguimiento-de-rendicion-de-cuentas\/","title":{"rendered":"Informes de Seguimiento y evaluaci\u00f3n de Rendici\u00f3n de Cuentas"},"content":{"rendered":"<div class=\"wpb-content-wrapper\"><p>[vc_row pix_particles_check=&#8221;&#8221; css=&#8221;.vc_custom_1725581082439{margin-top: -20px !important;background-color: #ffffff !important;}&#8221;][vc_column]<span class=\"pix-badge-element h6 d-inline-flex mr-1 \"  ><span class=\"badge font-weight-bold secondary-font  bg-secondary  vc_custom_1725581067137  \" style=\" \"><span class=\"text-white\" style=\"\">SEGUIMIENTO DE RENDICI\u00d3N DE CUENTAS<\/span><\/span><\/span>[\/vc_column][\/vc_row][vc_row pix_particles_check=&#8221;&#8221; css=&#8221;.vc_custom_1631224850637{background-color: #ffffff !important;}&#8221;][vc_column]<span class=\"pix-badge-element h6 d-inline-flex mr-1 \"  ><span class=\"badge font-weight-bold secondary-font  bg-secondary  vc_custom_1725581126397  \" style=\" \"><span class=\"text-white\" style=\"\">VIGENCIA 2023<\/span><\/span><\/span>[\/vc_column][\/vc_row][vc_row pix_particles_check=&#8221;&#8221; css=&#8221;.vc_custom_1631224817983{margin-top: 2px !important;margin-bottom: 2px !important;border-top-width: 2px !important;border-bottom-width: 2px !important;padding-top: 2px !important;padding-bottom: 2px !important;background-color: #ffffff !important;}&#8221;][vc_column width=&#8221;1\/3&#8243;][vc_column_text css=&#8221;.vc_custom_1633529047080{margin-top: 5px !important;margin-right: 5px !important;margin-bottom: 5px !important;margin-left: 5px !important;border-top-width: 5px !important;border-right-width: 5px !important;border-bottom-width: 5px !important;border-left-width: 5px !important;padding-top: 5px !important;padding-right: 5px !important;padding-bottom: 5px !important;padding-left: 5px !important;}&#8221;]<\/p>\n<div class=\"bs-shortcode-alert alert alert-simple\"><a href=\"https:\/\/www.umv.gov.co\/portal\/wp-content\/uploads\/2024\/01\/2023-11-25_Comite_participativo_obra_actas-listados_fotos.pdf\" target=\"_blank\" rel=\"noopener\"><strong>Resultados del Comit\u00e9 Participativo con la ciudadan\u00eda del Espacio de Dialogo de Sumapaz \u201cProyecto v\u00edas terciarias\u201d 2023<\/strong><\/a><\/div>\n<p>[\/vc_column_text][vc_column_text css=&#8221;.vc_custom_1633529208855{margin-top: 5px !important;margin-right: 5px !important;margin-bottom: 5px !important;margin-left: 5px !important;border-top-width: 5px !important;border-right-width: 5px !important;border-bottom-width: 5px !important;border-left-width: 5px !important;padding-top: 5px !important;padding-right: 5px !important;padding-bottom: 5px !important;padding-left: 5px !important;}&#8221;]<\/p>\n<div class=\"bs-shortcode-alert alert alert-simple\"><a href=\"https:\/\/www.umv.gov.co\/portal\/wp-content\/uploads\/2023\/12\/2023-12-12_Informe_colibri-2.docx\"><strong>Seguimiento a los compromisos adquiridos con la ciudadan\u00eda durante el proceso de rendici\u00f3n de cuentas y ejercicios de participaci\u00f3n<\/strong><\/a><\/div>\n<p>[\/vc_column_text][\/vc_column][vc_column width=&#8221;1\/3&#8243;][vc_column_text css=&#8221;.vc_custom_1633529208855{margin-top: 5px !important;margin-right: 5px !important;margin-bottom: 5px !important;margin-left: 5px !important;border-top-width: 5px !important;border-right-width: 5px !important;border-bottom-width: 5px !important;border-left-width: 5px !important;padding-top: 5px !important;padding-right: 5px !important;padding-bottom: 5px !important;padding-left: 5px !important;}&#8221;]<\/p>\n<div class=\"bs-shortcode-alert alert alert-simple\"><a href=\"https:\/\/www.umv.gov.co\/portal\/wp-content\/uploads\/2023\/12\/2023-12-11_informe_final_rendicion_de_cuentas_locales_-2023-gestion-2022_FINAL.docx\"><strong>Resultados de la evaluaci\u00f3n de percepci\u00f3n de la ciudadan\u00eda sobre los Espacios de Dialogo Feriales de Rendici\u00f3n de Cuentas Locales 2023<\/strong><\/a><\/div>\n<p>[\/vc_column_text][vc_column_text css=&#8221;.vc_custom_1633529208855{margin-top: 5px !important;margin-right: 5px !important;margin-bottom: 5px !important;margin-left: 5px !important;border-top-width: 5px !important;border-right-width: 5px !important;border-bottom-width: 5px !important;border-left-width: 5px !important;padding-top: 5px !important;padding-right: 5px !important;padding-bottom: 5px !important;padding-left: 5px !important;}&#8221;]<\/p>\n<div class=\"bs-shortcode-alert alert alert-simple\"><strong><a href=\"https:\/\/www.umv.gov.co\/portal\/wp-content\/uploads\/2023\/12\/4.8.2.11m-Informe-de-Evaluacion-a-la-Estrategia-de-Rendicion-de-Cuentas-y-Audiencia-Publica-vigencia-2023-1.pdf\" target=\"_blank\" rel=\"noopener\">Informe de Evaluaci\u00f3n a la Estrategia de Rendici\u00f3n de Cuentas y Audiencia P\u00fablica vigencia 2023 &#8211; Oficina de Control Interno<\/a><\/strong><\/div>\n<p>[\/vc_column_text][\/vc_column][vc_column width=&#8221;1\/3&#8243;][vc_column_text css=&#8221;.vc_custom_1633529208855{margin-top: 5px !important;margin-right: 5px !important;margin-bottom: 5px !important;margin-left: 5px !important;border-top-width: 5px !important;border-right-width: 5px !important;border-bottom-width: 5px !important;border-left-width: 5px !important;padding-top: 5px !important;padding-right: 5px !important;padding-bottom: 5px !important;padding-left: 5px !important;}&#8221;]<\/p>\n<div class=\"bs-shortcode-alert alert alert-simple\"><a href=\"https:\/\/www.umv.gov.co\/portal\/wp-content\/uploads\/2023\/12\/2023-12-14_Informe-resultados-rendicion-cuentas-Entidad-2023-1.docx\"><strong>Resultados de la evaluaci\u00f3n de percepci\u00f3n de la ciudadan\u00eda sobre los Espacios de Dialogo de Rendici\u00f3n de Cuentas de la Entidad 2023<\/strong><\/a><\/div>\n<div class=\"bs-shortcode-alert alert alert-simple\"><strong><a href=\"https:\/\/www.umv.gov.co\/sisgestion2023\/Documentos\/ESTRATEGICO\/SRPI\/SRPI-DI-006_V2_Documento_para_el_Relacionamiento_con_los_Grupos_de_Interes.docx\" target=\"_blank\" rel=\"noopener\">Anexo:\u00a0 Documento para el relacionamiento con los grupos de Inter\u00e9s<\/a><\/strong><\/div>\n<p>[\/vc_column_text][\/vc_column][\/vc_row][vc_row pix_particles_check=&#8221;&#8221; css=&#8221;.vc_custom_1631224850637{background-color: #ffffff !important;}&#8221;][vc_column]<span class=\"pix-badge-element h6 d-inline-flex mr-1 \"  ><span class=\"badge font-weight-bold secondary-font  bg-secondary  vc_custom_1725581165486  \" style=\" \"><span class=\"text-white\" style=\"\">VIGENCIA 2022<\/span><\/span><\/span>[\/vc_column][\/vc_row][vc_row pix_particles_check=&#8221;&#8221; css=&#8221;.vc_custom_1631224817983{margin-top: 2px !important;margin-bottom: 2px !important;border-top-width: 2px !important;border-bottom-width: 2px !important;padding-top: 2px !important;padding-bottom: 2px !important;background-color: #ffffff !important;}&#8221;][vc_column width=&#8221;1\/3&#8243;][vc_column_text css=&#8221;.vc_custom_1633529047080{margin-top: 5px !important;margin-right: 5px !important;margin-bottom: 5px !important;margin-left: 5px !important;border-top-width: 5px !important;border-right-width: 5px !important;border-bottom-width: 5px !important;border-left-width: 5px !important;padding-top: 5px !important;padding-right: 5px !important;padding-bottom: 5px !important;padding-left: 5px !important;}&#8221;]<\/p>\n<div class=\"bs-shortcode-alert alert alert-simple\"><strong><a href=\"https:\/\/www.umv.gov.co\/portal\/wp-content\/uploads\/2023\/01\/2022-04-06-Analisis-de-UMV-rendicion-de-cuentas-sumapaz.pdf\" target=\"_blank\" rel=\"noopener\">Resultados de la evaluaci\u00f3n de percepci\u00f3n de la ciudadan\u00eda sobre los Espacios de Dialogo de Rendici\u00f3n de Cuentas de Sumapaz \u201cProyecto v\u00edas terciarias\u201d 2022<\/a><\/strong><\/div>\n<p>[\/vc_column_text][vc_column_text css=&#8221;.vc_custom_1633529208855{margin-top: 5px !important;margin-right: 5px !important;margin-bottom: 5px !important;margin-left: 5px !important;border-top-width: 5px !important;border-right-width: 5px !important;border-bottom-width: 5px !important;border-left-width: 5px !important;padding-top: 5px !important;padding-right: 5px !important;padding-bottom: 5px !important;padding-left: 5px !important;}&#8221;]<\/p>\n<div class=\"bs-shortcode-alert alert alert-simple\"><strong><a href=\"https:\/\/www.umv.gov.co\/portal\/wp-content\/uploads\/2023\/01\/2022-12-28_Informe_colibri.pdf\" target=\"_blank\" rel=\"noopener\">Seguimiento a los compromisos adquiridos con la ciudadan\u00eda durante el proceso de rendici\u00f3n de cuentas y ejercicios de participaci\u00f3n<\/a><\/strong><\/div>\n<p>[\/vc_column_text][\/vc_column][vc_column width=&#8221;1\/3&#8243;][vc_column_text css=&#8221;.vc_custom_1633529208855{margin-top: 5px !important;margin-right: 5px !important;margin-bottom: 5px !important;margin-left: 5px !important;border-top-width: 5px !important;border-right-width: 5px !important;border-bottom-width: 5px !important;border-left-width: 5px !important;padding-top: 5px !important;padding-right: 5px !important;padding-bottom: 5px !important;padding-left: 5px !important;}&#8221;]<\/p>\n<div class=\"bs-shortcode-alert alert alert-simple\"><a href=\"https:\/\/www.umv.gov.co\/portal\/wp-content\/uploads\/2023\/01\/informe_final_rendicion_de_cuentas_locales_DIC2022-pagina-web-2.docx\" target=\"_blank\" rel=\"noopener\"><strong>Resultados de la evaluaci\u00f3n de percepci\u00f3n de la ciudadan\u00eda sobre los Espacios de Dialogo Feriales de Rendici\u00f3n de Cuentas Locales 2022<\/strong><\/a><\/div>\n<p>[\/vc_column_text][vc_column_text css=&#8221;.vc_custom_1633529208855{margin-top: 5px !important;margin-right: 5px !important;margin-bottom: 5px !important;margin-left: 5px !important;border-top-width: 5px !important;border-right-width: 5px !important;border-bottom-width: 5px !important;border-left-width: 5px !important;padding-top: 5px !important;padding-right: 5px !important;padding-bottom: 5px !important;padding-left: 5px !important;}&#8221;]<\/p>\n<div class=\"bs-shortcode-alert alert alert-simple\"><a href=\"https:\/\/www.umv.gov.co\/portal\/wp-content\/uploads\/2022\/12\/4.8.2.11-c-Informe-de-seguimiento-Estrategia-de-Rendicion-de-Cuentas.pdf\" target=\"_blank\" rel=\"noopener\"><strong>Informe de Evaluaci\u00f3n a la Estrategia de Rendici\u00f3n de Cuentas y Audiencia P\u00fablica Vigencia 2022<\/strong> &#8211; <strong>Oficina de Control Interno<\/strong><\/a><\/div>\n<p>[\/vc_column_text][\/vc_column][vc_column width=&#8221;1\/3&#8243;][vc_column_text css=&#8221;.vc_custom_1633529208855{margin-top: 5px !important;margin-right: 5px !important;margin-bottom: 5px !important;margin-left: 5px !important;border-top-width: 5px !important;border-right-width: 5px !important;border-bottom-width: 5px !important;border-left-width: 5px !important;padding-top: 5px !important;padding-right: 5px !important;padding-bottom: 5px !important;padding-left: 5px !important;}&#8221;]<\/p>\n<div class=\"bs-shortcode-alert alert alert-simple\"><strong><a href=\"https:\/\/www.umv.gov.co\/portal\/wp-content\/uploads\/2023\/01\/2022-12-26_Informe-de-rendicion-de-cuentas-de-RDC-Entidad-2022.pdf\" target=\"_blank\" rel=\"noopener\">Resultados de la evaluaci\u00f3n de percepci\u00f3n de la ciudadan\u00eda sobre los Espacios de Dialogo de Rendici\u00f3n de Cuentas de la Entidad 2022<\/a><\/strong><\/div>\n<p>[\/vc_column_text][\/vc_column][\/vc_row][vc_row pix_particles_check=&#8221;&#8221; css=&#8221;.vc_custom_1631224850637{background-color: #ffffff !important;}&#8221;][vc_column]<span class=\"pix-badge-element h6 d-inline-flex mr-1 \"  ><span class=\"badge font-weight-bold secondary-font  bg-secondary  vc_custom_1725581220613  \" style=\" \"><span class=\"text-white\" style=\"\">VIGENCIA 2020 - 2019<\/span><\/span><\/span>[\/vc_column][\/vc_row][vc_row pix_particles_check=&#8221;&#8221; css=&#8221;.vc_custom_1631224817983{margin-top: 2px !important;margin-bottom: 2px !important;border-top-width: 2px !important;border-bottom-width: 2px !important;padding-top: 2px !important;padding-bottom: 2px !important;background-color: #ffffff !important;}&#8221;][vc_column width=&#8221;1\/2&#8243;][vc_column_text css=&#8221;.vc_custom_1633529047080{margin-top: 5px !important;margin-right: 5px !important;margin-bottom: 5px !important;margin-left: 5px !important;border-top-width: 5px !important;border-right-width: 5px !important;border-bottom-width: 5px !important;border-left-width: 5px !important;padding-top: 5px !important;padding-right: 5px !important;padding-bottom: 5px !important;padding-left: 5px !important;}&#8221;]<\/p>\n<div class=\"bs-shortcode-alert alert alert-simple\">\u00a0<a href=\"https:\/\/www.umv.gov.co\/portal\/wp-content\/uploads\/2021\/08\/Informe-Estrategia-Rdc-Transparencia-1-2.docx\" data-uw-styling-context=\"true\">Informe de evaluaci\u00f3n de la estrategia rendici\u00f3n de cuentas 2019-2020<\/a><\/div>\n<p>[\/vc_column_text][\/vc_column][vc_column width=&#8221;1\/2&#8243;][vc_column_text css=&#8221;.vc_custom_1633529208855{margin-top: 5px !important;margin-right: 5px !important;margin-bottom: 5px !important;margin-left: 5px !important;border-top-width: 5px !important;border-right-width: 5px !important;border-bottom-width: 5px !important;border-left-width: 5px !important;padding-top: 5px !important;padding-right: 5px !important;padding-bottom: 5px !important;padding-left: 5px !important;}&#8221;]<\/p>\n<div class=\"bs-shortcode-alert alert alert-simple\"><strong><a href=\"https:\/\/www.umv.gov.co\/_transparencia2017\/Transparencia-Pagina-WEB\/6.Planeacion\/6.1Politicaslineamientosymanuales\/6.1.4PlanAnticorrupcionydeAtencionalCiudadano\/6.1.4.4SeguimientodeRendiciondeCuentas\/Plandemejoramientoderendiciondecuentas_23092020.xlsx\" target=\"_blank\" rel=\"noopener\" data-uw-styling-context=\"true\">Plan de mejoramiento Rendici\u00f3n de cuentas 2020<\/a><\/strong><\/div>\n<p>[\/vc_column_text][\/vc_column][\/vc_row][vc_row pix_particles_check=&#8221;&#8221; css=&#8221;.vc_custom_1631224850637{background-color: #ffffff !important;}&#8221;][vc_column width=&#8221;1\/2&#8243;][vc_column_text css=&#8221;.vc_custom_1633529126297{margin-top: 5px !important;margin-right: 5px !important;margin-bottom: 5px !important;margin-left: 5px !important;border-top-width: 5px !important;border-right-width: 5px !important;border-bottom-width: 5px !important;border-left-width: 5px !important;padding-top: 5px !important;padding-right: 5px !important;padding-bottom: 5px !important;padding-left: 5px !important;}&#8221;]<\/p>\n<div class=\"bs-shortcode-alert alert alert-simple\"><a href=\"https:\/\/www.umv.gov.co\/_transparencia2017\/Transparencia-Pagina-WEB\/6.Planeacion\/6.1Politicaslineamientosymanuales\/6.1.4PlanAnticorrupcionydeAtencionalCiudadano\/6.1.4.4SeguimientodeRendiciondeCuentas\/Plandemejoramientorendiciondecuentas2018-2019_16092019.xlsx\" target=\"_blank\" rel=\"noopener\" data-uw-styling-context=\"true\">Plan de mejoramiento Rendici\u00f3n de cuentas 2018-2019<\/a><\/div>\n<p>[\/vc_column_text][\/vc_column][vc_column width=&#8221;1\/2&#8243;][vc_column_text css=&#8221;.vc_custom_1633529158017{margin-top: 5px !important;margin-right: 5px !important;margin-bottom: 5px !important;margin-left: 5px !important;border-top-width: 5px !important;border-right-width: 5px !important;border-bottom-width: 5px !important;border-left-width: 5px !important;padding-top: 5px !important;padding-right: 5px !important;padding-bottom: 5px !important;padding-left: 5px !important;}&#8221;]<\/p>\n<div class=\"bs-shortcode-alert alert alert-simple\"><a href=\"https:\/\/www.umv.gov.co\/_transparencia2017\/Transparencia-Pagina-WEB\/6.Planeacion\/6.1Politicaslineamientosymanuales\/6.1.4PlanAnticorrupcionydeAtencionalCiudadano\/6.1.4.4SeguimientodeRendiciondeCuentas\/InformedeEvaluacionAudienciaRdC.pdf\" target=\"_blank\" rel=\"noopener\" data-uw-styling-context=\"true\">Informe Evaluacion Rendici\u00f3n de Cuentas 2017<\/a><\/div>\n<p>[\/vc_column_text][vc_column_text css=&#8221;.vc_custom_1633529177559{margin-top: 5px !important;margin-right: 5px !important;margin-bottom: 5px !important;margin-left: 5px !important;border-top-width: 5px !important;border-right-width: 5px !important;border-bottom-width: 5px !important;border-left-width: 5px !important;padding-top: 5px !important;padding-right: 5px !important;padding-bottom: 5px !important;padding-left: 5px !important;}&#8221;]<\/p>\n<div class=\"bs-shortcode-alert alert alert-simple\"><a href=\"https:\/\/www.umv.gov.co\/_transparencia2017\/Transparencia-Pagina-WEB\/6.Planeacion\/6.1Politicaslineamientosymanuales\/6.1.4PlanAnticorrupcionydeAtencionalCiudadano\/6.1.4.4SeguimientodeRendiciondeCuentas\/EvaluacionestrategiaRdCORFEO.docx\" target=\"_blank\" rel=\"noopener\" data-uw-styling-context=\"true\">Informe Evaluaci\u00f3n Estrategia Rendici\u00f3n de Cuentas 2017<\/a><\/div>\n<p>[\/vc_column_text][\/vc_column][\/vc_row]<\/p>\n<\/div>","protected":false},"excerpt":{"rendered":"[vc_row pix_particles_check=&#8221;&#8221; css=&#8221;.vc_custom_1725581082439{margin-top: -20px !important;background-color: #ffffff !important;}&#8221;][vc_column][\/vc_column][\/vc_row][vc_row pix_particles_check=&#8221;&#8221; css=&#8221;.vc_custom_1631224850637{background-color: #ffffff !important;}&#8221;][vc_column][\/vc_column][\/vc_row][vc_row pix_particles_check=&#8221;&#8221; css=&#8221;.vc_custom_1631224817983{margin-top: 2px !important;margin-bottom: 2px !important;border-top-width: 2px !important;border-bottom-width: 2px !important;padding-top: 2px !important;padding-bottom: 2px !important;background-color: #ffffff !important;}&#8221;][vc_column width=&#8221;1\/3&#8243;][vc_column_text css=&#8221;.vc_custom_1633529047080{margin-top: 5px !important;margin-right: 5px !important;margin-bottom: 5px !important;margin-left: 5px !important;border-top-width: 5px !important;border-right-width: 5px&#8230;","protected":false},"author":1,"featured_media":0,"parent":509,"menu_order":0,"comment_status":"closed","ping_status":"closed","template":"","meta":{"_monsterinsights_skip_tracking":false,"_monsterinsights_sitenote_active":false,"_monsterinsights_sitenote_note":"","_monsterinsights_sitenote_category":0,"footnotes":""},"class_list":["post-18338","page","type-page","status-publish","hentry"],"_links":{"self":[{"href":"https:\/\/www.umv.gov.co\/portal\/wp-json\/wp\/v2\/pages\/18338","targetHints":{"allow":["GET"]}}],"collection":[{"href":"https:\/\/www.umv.gov.co\/portal\/wp-json\/wp\/v2\/pages"}],"about":[{"href":"https:\/\/www.umv.gov.co\/portal\/wp-json\/wp\/v2\/types\/page"}],"author":[{"embeddable":true,"href":"https:\/\/www.umv.gov.co\/portal\/wp-json\/wp\/v2\/users\/1"}],"replies":[{"embeddable":true,"href":"https:\/\/www.umv.gov.co\/portal\/wp-json\/wp\/v2\/comments?post=18338"}],"version-history":[{"count":0,"href":"https:\/\/www.umv.gov.co\/portal\/wp-json\/wp\/v2\/pages\/18338\/revisions"}],"up":[{"embeddable":true,"href":"https:\/\/www.umv.gov.co\/portal\/wp-json\/wp\/v2\/pages\/509"}],"wp:attachment":[{"href":"https:\/\/www.umv.gov.co\/portal\/wp-json\/wp\/v2\/media?parent=18338"}],"curies":[{"name":"wp","href":"https:\/\/api.w.org\/{rel}","templated":true}]}}