{"id":17887,"date":"2021-09-15T01:36:30","date_gmt":"2021-09-15T01:36:30","guid":{"rendered":"https:\/\/www.umv.gov.co\/portal\/?page_id=17887"},"modified":"2024-08-30T21:19:34","modified_gmt":"2024-08-30T21:19:34","slug":"cobros-coactivos","status":"publish","type":"page","link":"https:\/\/www.umv.gov.co\/portal\/cobros-coactivos\/","title":{"rendered":"Cobros coactivos"},"content":{"rendered":"<div class=\"wpb-content-wrapper\"><p>[vc_row pix_particles_check=&#8221;&#8221; css=&#8221;.vc_custom_1725052773036{margin-top: -20px !important;}&#8221;][vc_column]<span class=\"pix-badge-element h5 d-inline-flex mr-1 \"  ><span class=\"badge font-weight-bold secondary-font  bg-secondary  vc_custom_1725052753548  \" style=\" \"><span class=\"text-white\" style=\"\">Cobros Coactivos<\/span><\/span><\/span>[vc_column_text]<\/p>\n<h6 class=\"bs-shortcode-alert alert alert-danger\">La suscrita Jefe de la Oficina Asesora Jur\u00eddica, en ejercicio de sus facultades legales y delegadas, dando cumplimiento a lo dispuesto en el art\u00edculo 446 del C\u00f3digo General del Proceso y lo ordenado en la Resoluci\u00f3n No. 427 de 18 de agosto de 2016 por la cual se ordena seguir adelante con la ejecuci\u00f3n contra CIRO JOS\u00c9 BAUTISTA LADINO, identificado con c\u00e9dula de ciudadan\u00eda No. 19.070.458, se procede a practicar la liquidaci\u00f3n provisional del cr\u00e9dito y las costas dentro del proceso de la referencia.<\/h6>\n<p>[\/vc_column_text][vc_btn title=&#8221;<b>Consultar Documento<\/b>&#8221; style=&#8221;gradient-custom&#8221; gradient_custom_color_2=&#8221;#a9b71b&#8221; align=&#8221;center&#8221; i_icon_fontawesome=&#8221;&#8221; button_block=&#8221;true&#8221; add_icon=&#8221;true&#8221; link=&#8221;url:https%3A%2F%2Fwww.umv.gov.co%2Fportal%2Fwp-content%2Fuploads%2F2021%2F09%2F20211400093123_202109081444242-2-1.pdf|title:Sedes%20y%20Horarios%20de%20Atenci%C3%B3n&#8221;][\/vc_column][\/vc_row]<\/p>\n<\/div>","protected":false},"excerpt":{"rendered":"[vc_row pix_particles_check=&#8221;&#8221; css=&#8221;.vc_custom_1725052773036{margin-top: -20px !important;}&#8221;][vc_column][vc_column_text] La suscrita Jefe de la Oficina Asesora Jur\u00eddica, en ejercicio de sus facultades legales y delegadas, dando cumplimiento a lo dispuesto en el art\u00edculo 446 del C\u00f3digo General del Proceso y lo ordenado en la&#8230;","protected":false},"author":1,"featured_media":0,"parent":0,"menu_order":0,"comment_status":"closed","ping_status":"closed","template":"","meta":{"_monsterinsights_skip_tracking":false,"_monsterinsights_sitenote_active":false,"_monsterinsights_sitenote_note":"","_monsterinsights_sitenote_category":0,"footnotes":""},"class_list":["post-17887","page","type-page","status-publish","hentry"],"_links":{"self":[{"href":"https:\/\/www.umv.gov.co\/portal\/wp-json\/wp\/v2\/pages\/17887","targetHints":{"allow":["GET"]}}],"collection":[{"href":"https:\/\/www.umv.gov.co\/portal\/wp-json\/wp\/v2\/pages"}],"about":[{"href":"https:\/\/www.umv.gov.co\/portal\/wp-json\/wp\/v2\/types\/page"}],"author":[{"embeddable":true,"href":"https:\/\/www.umv.gov.co\/portal\/wp-json\/wp\/v2\/users\/1"}],"replies":[{"embeddable":true,"href":"https:\/\/www.umv.gov.co\/portal\/wp-json\/wp\/v2\/comments?post=17887"}],"version-history":[{"count":0,"href":"https:\/\/www.umv.gov.co\/portal\/wp-json\/wp\/v2\/pages\/17887\/revisions"}],"wp:attachment":[{"href":"https:\/\/www.umv.gov.co\/portal\/wp-json\/wp\/v2\/media?parent=17887"}],"curies":[{"name":"wp","href":"https:\/\/api.w.org\/{rel}","templated":true}]}}