{"id":17844,"date":"2021-09-13T19:38:34","date_gmt":"2021-09-13T19:38:34","guid":{"rendered":"https:\/\/www.umv.gov.co\/portal\/?page_id=17844"},"modified":"2023-09-12T14:17:40","modified_gmt":"2023-09-12T14:17:40","slug":"politicas-internas-seguridad-de-la-informacion","status":"publish","type":"page","link":"https:\/\/www.umv.gov.co\/portal\/transparencia2020\/politicas-internas-seguridad-de-la-informacion\/","title":{"rendered":"Pol\u00edticas Internas Seguridad de la Informacion"},"content":{"rendered":"<div class=\"wpb-content-wrapper\">[vc_row css=&#8221;.vc_custom_1631228172550{background-color: #ffffff !important;}&#8221;][vc_column][bs-text title=&#8221;Pol\u00edticas Internas Seguridad de la Informaci\u00f3n&#8221; show_title=&#8221;1&#8243; icon=&#8221;&#8221; title_link=&#8221;&#8221; heading_color=&#8221;&#8221; heading_style=&#8221;default&#8221; heading_tag=&#8221;h3&#8243; bs-show-desktop=&#8221;1&#8243; bs-show-tablet=&#8221;1&#8243; bs-show-phone=&#8221;1&#8243; bs-text-color-scheme=&#8221;&#8221; css=&#8221;.vc_custom_1631561926915{margin-top: 3px !important;margin-bottom: 3px !important;border-top-width: 3px !important;border-bottom-width: 3px !important;padding-top: 3px !important;padding-bottom: 3px !important;}&#8221; custom-css-class=&#8221;&#8221; custom-id=&#8221;&#8221;][\/vc_column][\/vc_row][vc_row css=&#8221;.vc_custom_1631224817983{margin-top: 2px !important;margin-bottom: 2px !important;border-top-width: 2px !important;border-bottom-width: 2px !important;padding-top: 2px !important;padding-bottom: 2px !important;background-color: #ffffff !important;}&#8221;][vc_column width=&#8221;1\/2&#8243;][vc_column_text css=&#8221;.vc_custom_1631562069900{margin-top: 5px !important;margin-right: 5px !important;margin-bottom: 5px !important;margin-left: 5px !important;border-top-width: 5px !important;border-right-width: 5px !important;border-bottom-width: 5px !important;border-left-width: 5px !important;padding-top: 5px !important;padding-right: 5px !important;padding-bottom: 5px !important;padding-left: 5px !important;}&#8221;]\r\n<ul>\r\n \t<li><span class=\"Texto\"><span class=\"TextoDoc\"><a href=\"https:\/\/www.umv.gov.co\/_transparencia2017\/Transparencia-Pagina-WEB\/6.Planeacion\/6.1Politicaslineamientosymanuales\/6.1.1Politicasylineamientossectorialeseinstitucionales\/6.1.1.1PoliticasInternasSeguridaddelaInformacion\/EGTI-DI-003-V2_Politicas_de_Seguridad_de_Proteccion_y_Respaldo_de_Informacion.docx\" target=\"_blank\" rel=\"noopener\" data-uw-styling-context=\"true\">Pol\u00edticas de seguridad de protecci\u00f3n y respaldo de informaci\u00f3n<\/a><\/span><\/span><\/li>\r\n \t<li><span class=\"Texto\"><span class=\"TextoDoc\"><a href=\"https:\/\/www.umv.gov.co\/_transparencia2017\/Transparencia-Pagina-WEB\/6.Planeacion\/6.1Politicaslineamientosymanuales\/6.1.1Politicasylineamientossectorialeseinstitucionales\/6.1.1.1PoliticasInternasSeguridaddelaInformacion\/EGTI-DI-004-V2_Politica_de_Seguridad_para_la_Gestion_de_Contrasenas.docx\" target=\"_blank\" rel=\"noopener\" data-uw-styling-context=\"true\">Pol\u00edtica de Seguridad para la Gestio\u0301n de Contrasen\u0303as<\/a><\/span><\/span><\/li>\r\n \t<li><span class=\"Texto\"><span class=\"TextoDoc\"><a href=\"https:\/\/www.umv.gov.co\/_transparencia2017\/Transparencia-Pagina-WEB\/6.Planeacion\/6.1Politicaslineamientosymanuales\/6.1.1Politicasylineamientossectorialeseinstitucionales\/6.1.1.1PoliticasInternasSeguridaddelaInformacion\/EGTI-DI-010-V2_Politica_de_Proteccion_Contra_Software_Nocivo.docx\" target=\"_blank\" rel=\"noopener\" data-uw-styling-context=\"true\">Pol\u00edtica de Protecci\u00f3n Contra Software Nocivo<\/a><\/span><\/span><\/li>\r\n \t<li><span class=\"Texto\"><span class=\"TextoDoc\"><a href=\"https:\/\/www.umv.gov.co\/_transparencia2017\/Transparencia-Pagina-WEB\/6.Planeacion\/6.1Politicaslineamientosymanuales\/6.1.1Politicasylineamientossectorialeseinstitucionales\/6.1.1.1PoliticasInternasSeguridaddelaInformacion\/EGTI-DI-006-V2_Politica_de_Responsabilidades_y_Control_de_Cambios.docx\" target=\"_blank\" rel=\"noopener\" data-uw-styling-context=\"true\">Pol\u00edtica de Responsabilidades y Control de Cambios<\/a><\/span><\/span><\/li>\r\n \t<li><span class=\"Texto\"><span class=\"TextoDoc\"><a href=\"https:\/\/www.umv.gov.co\/_transparencia2017\/Transparencia-Pagina-WEB\/6.Planeacion\/6.1Politicaslineamientosymanuales\/6.1.1Politicasylineamientossectorialeseinstitucionales\/6.1.1.1PoliticasInternasSeguridaddelaInformacion\/EGTI-DI-005-V2_Politicas_de_Escritorio_Limpio_y_Bloqueo_de_Pantallas.docx\" target=\"_blank\" rel=\"noopener\" data-uw-styling-context=\"true\">Pol\u00edticas de escritorio limpio y bloqueo de pantallas<\/a><\/span><\/span><\/li>\r\n \t<li><span class=\"Texto\"><span class=\"TextoDoc\"><a href=\"https:\/\/www.umv.gov.co\/_transparencia2017\/Transparencia-Pagina-WEB\/6.Planeacion\/6.1Politicaslineamientosymanuales\/6.1.1Politicasylineamientossectorialeseinstitucionales\/6.1.1.1PoliticasInternasSeguridaddelaInformacion\/EGTI-DI-007-V3_Politica_Buen_uso_de_Correo_Institucional.docx\" target=\"_blank\" rel=\"noopener\" data-uw-styling-context=\"true\">Pol\u00edtica buen uso de correo institucional<\/a><\/span><\/span><\/li>\r\n \t<li><span class=\"Texto\"><span class=\"TextoDoc\"><a href=\"https:\/\/www.umv.gov.co\/_transparencia2017\/Transparencia-Pagina-WEB\/6.Planeacion\/6.1Politicaslineamientosymanuales\/6.1.1Politicasylineamientossectorialeseinstitucionales\/6.1.1.1PoliticasInternasSeguridaddelaInformacion\/EGTI-DI-008-V3_Politica_de_Navegacion_en_Internet.docx\" target=\"_blank\" rel=\"noopener\" data-uw-styling-context=\"true\">Pol\u00edtica de Navegaci\u00f3n en Internet<\/a><\/span><\/span><\/li>\r\n \t<li><span class=\"Texto\"><span class=\"TextoDoc\">\u00a0<a href=\"https:\/\/www.umv.gov.co\/_transparencia2017\/Transparencia-Pagina-WEB\/6.Planeacion\/6.1Politicaslineamientosymanuales\/6.1.1Politicasylineamientossectorialeseinstitucionales\/6.1.1.1PoliticasInternasSeguridaddelaInformacion\/EGTI-DI-009-V1_Politica_de_Seguridad_para_la_Gestion_de_Logs.docx\" target=\"_blank\" rel=\"noopener\" data-uw-styling-context=\"true\">Pol\u00edtica de seguridad para la gesti\u00f3n de Logs<\/a><\/span><\/span><\/li>\r\n<\/ul>\r\n[\/vc_column_text][\/vc_column][vc_column width=&#8221;1\/2&#8243;][vc_column_text css=&#8221;.vc_custom_1632783708909{margin-top: 5px !important;margin-right: 5px !important;margin-bottom: 5px !important;margin-left: 5px !important;border-top-width: 5px !important;border-right-width: 5px !important;border-bottom-width: 5px !important;border-left-width: 5px !important;padding-top: 5px !important;padding-right: 5px !important;padding-bottom: 5px !important;padding-left: 5px !important;}&#8221;]\r\n<ul>\r\n \t<li><span class=\"Texto\"><span class=\"TextoDoc\"><a href=\"https:\/\/www.umv.gov.co\/_transparencia2017\/Transparencia-Pagina-WEB\/6.Planeacion\/6.1Politicaslineamientosymanuales\/6.1.1Politicasylineamientossectorialeseinstitucionales\/6.1.1.1PoliticasInternasSeguridaddelaInformacion\/EGTI-DI-012_V2_Politicas_de_seguridad_de_gestion_de_activos_de_informacion.docx\" target=\"_blank\" rel=\"noopener\" data-uw-styling-context=\"true\">Pol\u00edtica de Seguridad de gesti\u00f3n de Activos de Informaci\u00f3n<\/a><\/span><\/span><\/li>\r\n \t<li><span class=\"Texto\"><span class=\"TextoDoc\"><a href=\"https:\/\/www.umv.gov.co\/_transparencia2017\/Transparencia-Pagina-WEB\/6.Planeacion\/6.1Politicaslineamientosymanuales\/6.1.1Politicasylineamientossectorialeseinstitucionales\/6.1.1.1PoliticasInternasSeguridaddelaInformacion\/EGTI-DI-014_V2_politica_gestion_de_incidentes_de_seguridad_de_la_informacion.docx\" target=\"_blank\" rel=\"noopener\" data-uw-styling-context=\"true\">Pol\u00edtica de gesti\u00f3n de incidentes de seguridad de la informaci\u00f3n<\/a><\/span><\/span><\/li>\r\n \t<li><span class=\"Texto\"><span class=\"TextoDoc\"><a href=\"https:\/\/www.umv.gov.co\/_transparencia2017\/Transparencia-Pagina-WEB\/6.Planeacion\/6.1Politicaslineamientosymanuales\/6.1.1Politicasylineamientossectorialeseinstitucionales\/6.1.1.1PoliticasInternasSeguridaddelaInformacion\/EGTI-DI-011-V1_Politica_sobre_el_uso_de_equipos_de_computo_y_el_acceso_a_la_red.docx\" target=\"_blank\" rel=\"noopener\" data-uw-styling-context=\"true\">Pol\u00edtica sobre el uso de equipos de computo y acceso a la red<\/a><\/span><\/span><\/li>\r\n \t<li><span class=\"Texto\"><span class=\"TextoDoc\"><a href=\"https:\/\/www.umv.gov.co\/_transparencia2017\/Transparencia-Pagina-WEB\/6.Planeacion\/6.1Politicaslineamientosymanuales\/6.1.1Politicasylineamientossectorialeseinstitucionales\/6.1.1.1PoliticasInternasSeguridaddelaInformacion\/EGTI-DI-015-V1_Politica_Calidad_de_Datos_y_Plan_de_Calidad_de_la_Informacion.docx\" target=\"_blank\" rel=\"noopener\" data-uw-styling-context=\"true\">Pol\u00edtica de calidad de Datos y plan de calidad de informaci\u00f3n<\/a><\/span><\/span><\/li>\r\n \t<li><a href=\"https:\/\/www.umv.gov.co\/portal\/wp-content\/uploads\/2023\/09\/01_egti-di-002_v6_politica_de_proteccion_y_tratamiento_de_datos_personales.pdf\" target=\"_blank\" rel=\"noopener\"><span class=\"Texto\"><span class=\"TextoDoc\">Pol\u00edtica de protecci\u00f3n de datos personales<\/span><\/span><\/a><\/li>\r\n \t<li><span class=\"Texto\"><span class=\"TextoDoc\"><a href=\"https:\/\/www.umv.gov.co\/_transparencia2017\/Transparencia-Pagina-WEB\/6.Planeacion\/6.1Politicaslineamientosymanuales\/6.1.1Politicasylineamientossectorialeseinstitucionales\/6.1.1.1PoliticasInternasSeguridaddelaInformacion\/EGTI-DI-001_V4_Politicas_generales_de_tecnologia_y_seguridad_de_informacion.docx\" target=\"_blank\" rel=\"noopener\" data-uw-styling-context=\"true\">Pol\u00edtica general de tecnolog\u00eda y seguridad de la informaci\u00f3n<\/a><\/span><\/span><\/li>\r\n \t<li><span class=\"Texto\"><span class=\"TextoDoc\"><a href=\"https:\/\/www.umv.gov.co\/_transparencia2017\/Transparencia-Pagina-WEB\/6.Planeacion\/6.1Politicaslineamientosymanuales\/6.1.1Politicasylineamientossectorialeseinstitucionales\/6.1.1.1PoliticasInternasSeguridaddelaInformacion\/EGTI-DI-013-V1_Politica_de_Seguridad_para_la_Gestion_de_Riesgos_v16_mayo_2.docx\" target=\"_blank\" rel=\"noopener\" data-uw-styling-context=\"true\">Pol\u00edtica de seguridad para la gesti\u00f3n de riesgos<\/a><\/span><\/span><\/li>\r\n<\/ul>\r\n[\/vc_column_text][\/vc_column][\/vc_row]<\/div>","protected":false},"excerpt":{"rendered":"[vc_row css=&#8221;.vc_custom_1631228172550{background-color: #ffffff !important;}&#8221;][vc_column][bs-text title=&#8221;Pol\u00edticas Internas Seguridad de la Informaci\u00f3n&#8221; show_title=&#8221;1&#8243; icon=&#8221;&#8221; title_link=&#8221;&#8221; heading_color=&#8221;&#8221; heading_style=&#8221;default&#8221; heading_tag=&#8221;h3&#8243; bs-show-desktop=&#8221;1&#8243; bs-show-tablet=&#8221;1&#8243; bs-show-phone=&#8221;1&#8243; bs-text-color-scheme=&#8221;&#8221; css=&#8221;.vc_custom_1631561926915{margin-top: 3px !important;margin-bottom: 3px !important;border-top-width: 3px !important;border-bottom-width: 3px !important;padding-top: 3px !important;padding-bottom: 3px !important;}&#8221; custom-css-class=&#8221;&#8221; custom-id=&#8221;&#8221;][\/vc_column][\/vc_row][vc_row css=&#8221;.vc_custom_1631224817983{margin-top: 2px !important;margin-bottom: 2px !important;border-top-width:&#8230;","protected":false},"author":1,"featured_media":0,"parent":509,"menu_order":0,"comment_status":"closed","ping_status":"closed","template":"","meta":{"_monsterinsights_skip_tracking":false,"_monsterinsights_sitenote_active":false,"_monsterinsights_sitenote_note":"","_monsterinsights_sitenote_category":0,"footnotes":""},"class_list":["post-17844","page","type-page","status-publish","hentry"],"_links":{"self":[{"href":"https:\/\/www.umv.gov.co\/portal\/wp-json\/wp\/v2\/pages\/17844","targetHints":{"allow":["GET"]}}],"collection":[{"href":"https:\/\/www.umv.gov.co\/portal\/wp-json\/wp\/v2\/pages"}],"about":[{"href":"https:\/\/www.umv.gov.co\/portal\/wp-json\/wp\/v2\/types\/page"}],"author":[{"embeddable":true,"href":"https:\/\/www.umv.gov.co\/portal\/wp-json\/wp\/v2\/users\/1"}],"replies":[{"embeddable":true,"href":"https:\/\/www.umv.gov.co\/portal\/wp-json\/wp\/v2\/comments?post=17844"}],"version-history":[{"count":0,"href":"https:\/\/www.umv.gov.co\/portal\/wp-json\/wp\/v2\/pages\/17844\/revisions"}],"up":[{"embeddable":true,"href":"https:\/\/www.umv.gov.co\/portal\/wp-json\/wp\/v2\/pages\/509"}],"wp:attachment":[{"href":"https:\/\/www.umv.gov.co\/portal\/wp-json\/wp\/v2\/media?parent=17844"}],"curies":[{"name":"wp","href":"https:\/\/api.w.org\/{rel}","templated":true}]}}