{"id":16497,"date":"2021-06-10T23:36:53","date_gmt":"2021-06-10T23:36:53","guid":{"rendered":"https:\/\/www.umv.gov.co\/portal\/?page_id=16497"},"modified":"2025-11-27T21:57:11","modified_gmt":"2025-11-27T21:57:11","slug":"denuncia-de-hechos-de-corrupcion","status":"publish","type":"page","link":"https:\/\/www.umv.gov.co\/portal\/denuncia-de-hechos-de-corrupcion\/","title":{"rendered":"Canal de Denuncias de Hechos de Corrupci\u00f3n"},"content":{"rendered":"<div class=\"wpb-content-wrapper\"><p>[vc_row pix_particles_check=&#8221;&#8221; css=&#8221;.vc_custom_1725411732485{margin-top: -20px !important;}&#8221;][vc_column]<span class=\"pix-badge-element h6 d-inline-flex mr-1 \"  ><span class=\"badge font-weight-bold secondary-font  bg-secondary  vc_custom_1725411719571  \" style=\" \"><span class=\"text-white\" style=\"\">CANAL DE DENUNCIAS DE CORRUPCI\u00d3N<\/span><\/span><\/span>[vc_column_text css=&#8221;.vc_custom_1725411654030{margin-top: 1px !important;border-top-width: 1px !important;padding-top: 1px !important;}&#8221;]<\/p>\n<p class=\"bs-shortcode-alert alert alert-simple\"><b>Apreciado(a) ciudadano(a):<\/b><\/p>\n<div class=\"bs-shortcode-alert alert alert-simple\">\n<p>En la Unidad de Mantenimiento Vial, estamos comprometidos con la transparencia que debe permear toda nuestra actividad, adicional a ello, tenemos cero \u00a0tolerancia con la corrupci\u00f3n, por eso lo invitamos a DENUNCIAR los hechos o actos de corrupci\u00f3n, soborno y existencia de incompatibilidades, inhabilidades y conflicto de intereses, que conozca.<\/p>\n<p>Es importante que su denuncia nos permita establecer las circunstancias de tiempo, modo y lugar en la cual ocurrieron los hechos, as\u00ed mismo, manifieste si conoce el nombre del servidor p\u00fablico o colaborador que cometi\u00f3 la falta, las pruebas que tenga en su poder que nos permitan realizar una efectiva investigaci\u00f3n.<\/p>\n<\/div>\n<p>[\/vc_column_text][vc_btn title=&#8221;<b>Directiva Conjunta: Directrices para la atenci\u00f3n y gesti\u00f3n de denuncias por posibles actos de Corrupci\u00f3n y\/o existencia de Inhabilidades, incompatibilidades o conflicto de Intereses y protecci\u00f3n de Identidad del Denunciante<\/b>&#8221; style=&#8221;gradient-custom&#8221; gradient_custom_color_2=&#8221;#dd3333&#8243; link=&#8221;url:https%3A%2F%2Fwww.umv.gov.co%2Fportal%2Fwp-content%2Fuploads%2F2024%2F01%2FDirectiva-Conjunta-005-28122023-Directrices-denuncias-corrupcioninhab-incompatib-conflicto-de-int-proteccion-de-ident.pdf|target:_blank&#8221;][vc_btn title=&#8221;<b>CIRCULAR N\u00b0 030: Lineamientos para la recepci\u00f3n, tr\u00e1mite y protecci\u00f3n de denuncias por presuntos actos de corrupci\u00f3n o irregularidades administrativas en la UAERMV.<\/b>&#8221; style=&#8221;gradient-custom&#8221; gradient_custom_color_2=&#8221;#dd3333&#8243; align=&#8221;center&#8221; css=&#8221;&#8221; button_block=&#8221;true&#8221; link=&#8221;url:https%3A%2F%2Fwww.umv.gov.co%2Fportal%2Fwp-content%2Fuploads%2F2025%2F11%2FCIRCULARN030de2025LineamientosparalarecepciontramiteyprotecciondedenunciasporpresuntosactosdecorrupcionoirregularidadesadministrativasenlaUAERMV.pdf|target:_blank&#8221;][\/vc_column][\/vc_row][vc_row pix_particles_check=&#8221;&#8221;][vc_column][vc_tta_accordion section_title_tag=&#8221;h6&#8243; style=&#8221;outline&#8221; color=&#8221;green&#8221; active_section=&#8221;0&#8243; css=&#8221;.vc_custom_1725411696454{margin-top: 1px !important;border-top-width: 1px !important;padding-top: 1px !important;}&#8221;][vc_tta_section title=&#8221;Que se entiende por corrupci\u00f3n?&#8221; tab_id=&#8221;1623366909557-e1802f1c-89cb&#8221;][vc_column_text]<\/p>\n<h6 class=\"bs-shortcode-alert alert alert-danger alert-simple\">Se percibe como \u201cel uso del poder para desviar la gesti\u00f3n de lo p\u00fablico hacia el beneficio privado, lo anterior se traduce en que las pr\u00e1cticas corruptas pueden ser realizadas tanto por actores p\u00fablicos como por actores privados, siempre y cuando estos tengan poder e incidencia en la toma de decisiones y en la administraci\u00f3n y provisi\u00f3n de los bienes p\u00fablicos; en otras palabras, se entiende como la \u201cacci\u00f3n y efecto de corroer\u201d.<br \/>\nFuente: (2013) CONPES 167 \u201cEstrategia Nacional de la Pol\u00edtica Integral Anticorrupci\u00f3n\u201d, p\u00e1g. 12.<\/h6>\n<p>[\/vc_column_text][\/vc_tta_section][vc_tta_section title=&#8221;\u00bfQu\u00e9 es una denuncia?&#8221; tab_id=&#8221;1623366909573-83c1277a-4153&#8243;][vc_column_text]<\/p>\n<h6 class=\"bs-shortcode-alert alert alert-danger alert-simple\">Es el relato que un ciudadano realiza, en cumplimiento de su deber de solidaridad, para enterar a las autoridades de la existencia de hechos irregulares, con el fin de activar los mecanismos de investigaci\u00f3n y sanci\u00f3n.<\/h6>\n<p>[\/vc_column_text][\/vc_tta_section][vc_tta_section title=&#8221;Definici\u00f3n de t\u00e9rminos a la hora de denunciar posibles casos de corrupci\u00f3n:&#8221; tab_id=&#8221;1623367037294-6a1fc16d-25b4&#8243;][vc_column_text]<\/p>\n<h6 class=\"bs-shortcode-alert alert alert-danger alert-simple\"><strong>Corrupci\u00f3n:<\/strong> uso del poder para desviar la gesti\u00f3n de lo p\u00fablico hacia el beneficio.<\/h6>\n<h6 class=\"bs-shortcode-alert alert alert-danger alert-simple\"><strong>Soborno:\u00a0<\/strong> es la oferta, promesa, entrega, aceptaci\u00f3n o solicitud, por parte de un colaborador de la Unidad de Mantenimiento Vial, o de un externo, de una ventaja indebida de cualquier valor (que puede ser de naturaleza financiera o no financiera), directamente o indirectamente, e independientemente de su ubicaci\u00f3n, como incentivo o recompensa para que un funcionario o contratista de la Entidad, act\u00fae o deje de actuar en relaci\u00f3n con el desempe\u00f1o de las obligaciones.<\/h6>\n<h6 class=\"bs-shortcode-alert alert alert-danger alert-simple\"><strong>Inhabilidad:<\/strong> circunstancias creadas por la Constituci\u00f3n o la Ley que impiden o imposibilitan que una persona sea elegida o designada en un cargo p\u00fablico, y en ciertos casos, impiden el ejercicio del empleo a quienes ya se encuentren vinculados al servicio, y tienen como objetivo primordial, lograr la moralizaci\u00f3n idoneidad, probidad e imparcialidad de quienes van a ingresar o ya est\u00e1n desempe\u00f1ando empleos p\u00fablicos.<\/h6>\n<h6 class=\"bs-shortcode-alert alert alert-danger alert-simple\"><strong>Incompatibilidad:<\/strong> imposibilidad jur\u00eddica de coexistencia de dos actividades.<\/h6>\n<h6 class=\"bs-shortcode-alert alert alert-danger alert-simple\"><strong>Conflicto de intereses:<\/strong> cuando el inter\u00e9s general propio de la funci\u00f3n p\u00fablica entra en conflicto con el inter\u00e9s particular y directo del servidor p\u00fablico.<\/h6>\n<p>[\/vc_column_text][\/vc_tta_section][vc_tta_section title=&#8221;Denuncia hechos de Corrupci\u00f3n:&#8221; tab_id=&#8221;1623367271527-1558444d-ec8f&#8221;][vc_column_text]<\/p>\n<h6 class=\"bs-shortcode-alert alert alert-danger alert-simple\">Mecanismo implementado para que los ciudadanos, usuarios internos y\/o externos puedan denunciar los hechos relacionados con presuntos actos de corrupci\u00f3n, entre ellos el soborno que tiene establecido dentro del Sistema Integrado de Gesti\u00f3n su propio protocolo de denuncias; la existencia de inhabilidades, incompatibilidades o conflicto de inter\u00e9s, as\u00ed como aportar el material probatorio que sustenta la denuncia, siendo un lineamiento para preservar y fortalecer la transparencia en la Unidad de Mantenimiento Vial.\u00a0 Es importante tener en cuenta que las denuncias deben tener como m\u00ednimo la siguiente informaci\u00f3n, para poder encausar la investigaci\u00f3n por parte de la entidad:<\/h6>\n<ul>\n<li>\n<h6 class=\"bs-shortcode-alert alert alert-simple\">Una relaci\u00f3n clara, detallada y precisa de los hechos de los cuales tiene conocimiento.<\/h6>\n<\/li>\n<li>\n<h6 class=\"bs-shortcode-alert alert alert-simple\">En lo posible, exprese c\u00f3mo ocurrieron los hechos, d\u00f3nde y cu\u00e1ndo.<\/h6>\n<\/li>\n<li>\n<h6 class=\"bs-shortcode-alert alert alert-simple\">Se\u00f1alar el o los presuntos responsables o las se\u00f1ales particulares que permitan individualizarlos.<\/h6>\n<\/li>\n<li>\n<h6 class=\"bs-shortcode-alert alert alert-simple\">Si prefiere puede suministrar su nombre y direcci\u00f3n de residencia, tel\u00e9fono y correo electr\u00f3nico para contactarlo en el evento de ser\u00a0 necesario o para mantenerlo informado del curso de su denuncia.<\/h6>\n<\/li>\n<li>\n<h6 class=\"bs-shortcode-alert alert alert-simple\">En el evento de preferir presentar la denuncia de forma an\u00f3nima, aseg\u00farese de que esta amerite\u00a0\u00a0 credibilidad y acomp\u00e1\u00f1ela de evidencias que permitan orientar la investigaci\u00f3n.<\/h6>\n<\/li>\n<li>\n<h6 class=\"bs-shortcode-alert alert alert-simple\">Informe si los hechos han sido puestos en conocimiento de otra autoridad, indique cu\u00e1l.<\/h6>\n<\/li>\n<\/ul>\n<p>[\/vc_column_text][\/vc_tta_section][vc_tta_section title=&#8221;\u00bfC\u00f3mo presentar tu denuncia?&#8221; tab_id=&#8221;1623369820192-dddc80a5-45ac&#8221;][vc_column_text]<\/p>\n<h6 class=\"bs-shortcode-alert alert alert-danger alert-simple\">Para atender las denuncias y como parte fundamental a la protecci\u00f3n de los derechos de los ciudadanos, la Unidad de Mantenimiento Vial ha dispuesto los siguientes canales:<\/h6>\n<p><a href=\"mailto:denuncias.corrupcion@umv.gov.co\" target=\"_blank\" rel=\"noopener\"><img loading=\"lazy\" decoding=\"async\" class=\"alignnone wp-image-16734 size-full\" src=\"https:\/\/www.umv.gov.co\/portal\/wp-content\/uploads\/2021\/06\/denunciasp1.png\" alt=\"\" width=\"1130\" height=\"190\" srcset=\"https:\/\/www.umv.gov.co\/portal\/wp-content\/uploads\/2021\/06\/denunciasp1.png 1130w, https:\/\/www.umv.gov.co\/portal\/wp-content\/uploads\/2021\/06\/denunciasp1-300x50.png 300w, https:\/\/www.umv.gov.co\/portal\/wp-content\/uploads\/2021\/06\/denunciasp1-1024x172.png 1024w, https:\/\/www.umv.gov.co\/portal\/wp-content\/uploads\/2021\/06\/denunciasp1-768x129.png 768w\" sizes=\"auto, (max-width: 1130px) 100vw, 1130px\" \/><\/a><a href=\"https:\/\/sdqs.bogota.gov.co\/sdqs\/publico\/registrarPeticion\/?language=es\" target=\"_blank\" rel=\"noopener\"><img loading=\"lazy\" decoding=\"async\" class=\"alignnone wp-image-16733 size-full\" src=\"https:\/\/www.umv.gov.co\/portal\/wp-content\/uploads\/2021\/06\/denunciasp2.png\" alt=\"\" width=\"1130\" height=\"501\" srcset=\"https:\/\/www.umv.gov.co\/portal\/wp-content\/uploads\/2021\/06\/denunciasp2.png 1130w, https:\/\/www.umv.gov.co\/portal\/wp-content\/uploads\/2021\/06\/denunciasp2-300x133.png 300w, https:\/\/www.umv.gov.co\/portal\/wp-content\/uploads\/2021\/06\/denunciasp2-1024x454.png 1024w, https:\/\/www.umv.gov.co\/portal\/wp-content\/uploads\/2021\/06\/denunciasp2-768x341.png 768w\" sizes=\"auto, (max-width: 1130px) 100vw, 1130px\" \/><\/a><a href=\"https:\/\/bogota.gov.co\/sdqs\/crear-peticion\" target=\"_blank\" rel=\"noopener\"><img loading=\"lazy\" decoding=\"async\" class=\"alignnone wp-image-16733 size-full\" src=\"https:\/\/www.umv.gov.co\/portal\/wp-content\/uploads\/2021\/06\/denunciasp3.png\" alt=\"\" width=\"1130\" height=\"501\" \/><\/a>[\/vc_column_text][\/vc_tta_section][\/vc_tta_accordion][\/vc_column][\/vc_row][vc_row pix_particles_check=&#8221;&#8221;][vc_column][\/vc_column][\/vc_row]<\/p>\n<\/div>","protected":false},"excerpt":{"rendered":"[vc_row pix_particles_check=&#8221;&#8221; css=&#8221;.vc_custom_1725411732485{margin-top: -20px !important;}&#8221;][vc_column][vc_column_text css=&#8221;.vc_custom_1725411654030{margin-top: 1px !important;border-top-width: 1px !important;padding-top: 1px !important;}&#8221;] Apreciado(a) ciudadano(a): En la Unidad de Mantenimiento Vial, estamos comprometidos con la transparencia que debe permear toda nuestra actividad, adicional a ello, tenemos cero \u00a0tolerancia con la corrupci\u00f3n,&#8230;","protected":false},"author":1,"featured_media":0,"parent":0,"menu_order":0,"comment_status":"closed","ping_status":"closed","template":"","meta":{"_monsterinsights_skip_tracking":false,"_monsterinsights_sitenote_active":false,"_monsterinsights_sitenote_note":"","_monsterinsights_sitenote_category":0,"footnotes":""},"class_list":["post-16497","page","type-page","status-publish","hentry"],"_links":{"self":[{"href":"https:\/\/www.umv.gov.co\/portal\/wp-json\/wp\/v2\/pages\/16497","targetHints":{"allow":["GET"]}}],"collection":[{"href":"https:\/\/www.umv.gov.co\/portal\/wp-json\/wp\/v2\/pages"}],"about":[{"href":"https:\/\/www.umv.gov.co\/portal\/wp-json\/wp\/v2\/types\/page"}],"author":[{"embeddable":true,"href":"https:\/\/www.umv.gov.co\/portal\/wp-json\/wp\/v2\/users\/1"}],"replies":[{"embeddable":true,"href":"https:\/\/www.umv.gov.co\/portal\/wp-json\/wp\/v2\/comments?post=16497"}],"version-history":[{"count":0,"href":"https:\/\/www.umv.gov.co\/portal\/wp-json\/wp\/v2\/pages\/16497\/revisions"}],"wp:attachment":[{"href":"https:\/\/www.umv.gov.co\/portal\/wp-json\/wp\/v2\/media?parent=16497"}],"curies":[{"name":"wp","href":"https:\/\/api.w.org\/{rel}","templated":true}]}}