{"id":15554,"date":"2021-03-18T20:38:26","date_gmt":"2021-03-18T20:38:26","guid":{"rendered":"https:\/\/www.umv.gov.co\/portal\/?page_id=15554"},"modified":"2021-03-23T18:52:21","modified_gmt":"2021-03-23T18:52:21","slug":"primera-charla-virtual-sobre-las-tendencias-en-la-gestion-vial","status":"publish","type":"page","link":"https:\/\/www.umv.gov.co\/portal\/primera-charla-virtual-sobre-las-tendencias-en-la-gestion-vial\/","title":{"rendered":"Primera Charla Virtual Sobre Las Tendencias en la Gesti\u00f3n Vial"},"content":{"rendered":"<div class=\"wpb-content-wrapper\">[vc_row][vc_column][vc_tta_tabs style=&#8221;outline&#8221; color=&#8221;green&#8221; active_section=&#8221;1&#8243;][vc_tta_section title=&#8221;Primera Charla Virtual&#8221; tab_id=&#8221;1616096207033-0b3e5f0f-bed7&#8243;][vc_column_text]<em><img loading=\"lazy\" decoding=\"async\" class=\"alignnone wp-image-15557 size-full\" src=\"https:\/\/www.umv.gov.co\/portal\/wp-content\/uploads\/2021\/03\/tendencias.jpg\" alt=\"\" width=\"500\" height=\"477\" align=\"right\" hspace=\"10\" vspace=\"10\/\" srcset=\"https:\/\/www.umv.gov.co\/portal\/wp-content\/uploads\/2021\/03\/tendencias.jpg 500w, https:\/\/www.umv.gov.co\/portal\/wp-content\/uploads\/2021\/03\/tendencias-300x286.jpg 300w\" sizes=\"auto, (max-width: 500px) 100vw, 500px\" \/>&#8211; La Alcald\u00eda de Bogot\u00e1 a trav\u00e9s de la Unidad de Mantenimiento Vial desarroll\u00f3 este espacio virtual con participaci\u00f3n internacional que ayudar\u00e1 a mejorar las pr\u00e1cticas de conservaci\u00f3n vial en la capital del pa\u00eds.<\/em>\r\n\r\n<em>&#8211; M\u00e1s de 50 personas se dieron cita en el encuentro virtual que reuni\u00f3 expertos de Infraestructura de Colombia, Estados Unidos y Costa Rica.<\/em>\r\n\r\n<strong>Bogot\u00e1, marzo 18 de 2021 (@UMVbogota)\u00a0<\/strong>La Alcald\u00eda Mayor de Bogot\u00e1 a trav\u00e9s de la Unidad de Mantenimiento Vial \u2013 UMV llev\u00f3 a cabo la primera charla virtual &#8220;Tendencias en la gesti\u00f3n vial&#8221; en tiempos de pandemia, con la que se buscaba aprender de los logros y dificultades en esta materia en ciudades con algunas similitudes con Bogot\u00e1 e incorporar buenas pr\u00e1cticas al quehacer de la institucionalidad local.\r\n\r\nEste importante evento, cont\u00f3 con la presencia de autoridades distritales, as\u00ed como de expertos internacionales de Estados Unidos y Costa Rica, adem\u00e1s de la participaci\u00f3n de m\u00e1s de 50 asistentes entre ellos ingenieros de la Unidad de Mantenimiento Vial.\r\n\r\nEntre los conferencistas invitados estuvieron los ingenieros Gerardo Flintsch, profesor del Departamento de Ingenier\u00eda Civil Ambiental en el Instituto Polit\u00e9cnico y Universidad Estatal de Virginia (Virginia Tech), Estados Unidos, Luis Guillermo Lor\u00eda, profesor de la Escuela de Ingenier\u00eda Civil de la Universidad de Costa Rica y presidente de la International Society of Asphalt Pavements (ISAP), el organismo mundial m\u00e1s importante en el campo de los materiales asf\u00e1lticos, y Wilmar D. Fern\u00e1ndez, profesor y director del Centro de Pavimentos y Materiales Sostenibles de la Universidad Distrital Francisco Jos\u00e9 de Caldas de Bogot\u00e1.\r\n\r\n\u201cLa Alcald\u00eda de Bogot\u00e1 y la Unidad de Mantenimiento Vial no s\u00f3lo se han empe\u00f1ado en hacer el mejoramiento de la malla vial local, sino tambi\u00e9n en saber c\u00f3mo lo podemos hacer mejor. Por eso organizamos esta charla internacional en la que contamos con la presencia de expertos de varias ciudades que nos contaron c\u00f3mo hacen el mantenimiento vial, sus experiencias, sus problemas y soluciones para que nos sirvan para el trabajo que hacemos todos los d\u00edas en la capital del pa\u00eds.\u201d, se\u00f1al\u00f3 \u00c1lvaro Sandoval Reyes, director de la Unidad de Mantenimiento Vial.\r\n\r\nEste tipo de espacios se seguir\u00e1n desarrollando de manera virtual durante este a\u00f1o con el fin de conocer y analizar experiencias sobre el mantenimiento de v\u00edas urbanas que sean \u00fatiles para mejorar esta tarea en la capital del pa\u00eds.\r\n\r\n<strong>Comunicaciones<\/strong>\r\n<strong>Unidad de Mantenimiento Vial<\/strong>[\/vc_column_text][\/vc_tta_section][vc_tta_section title=&#8221;Presentaciones&#8221; tab_id=&#8221;1616524811336-590ad993-b315&#8243;][vc_column_text]\r\n<div class=\"bs-shortcode-alert alert alert-success\"><a href=\"https:\/\/www.umv.gov.co\/portal\/wp-content\/uploads\/2021\/03\/2021-03-17_Presentacion_UMV_Bogota-GFlintsch.pdf\" target=\"_blank\" rel=\"noopener\"><strong>Tendencias en Gesti\u00f3n Vial &#8211; Ing. Gerardo Flintsch<\/strong><\/a><\/div>\r\n<div class=\"bs-shortcode-alert alert alert-success\"><strong><a href=\"https:\/\/www.umv.gov.co\/portal\/wp-content\/uploads\/2021\/03\/Sistema-mapeo-movil-UMV-Udistrial-Minciencias-Wilmar-Fernandez.pdf\" target=\"_blank\" rel=\"noopener\">Sistema de Evaluaci\u00f3n Vial de alto desempe\u00f1o y bajo costo: Una propuesta de soluci\u00f3n para la conservaci\u00f3n vial. Wilmar Dar\u00edo Fern\u00e1ndez-G\u00f3mez PhD<\/a><\/strong><\/div>\r\n<div class=\"bs-shortcode-alert alert alert-success\"><strong><a href=\"https:\/\/www.umv.gov.co\/portal\/wp-content\/uploads\/2021\/03\/Tendencias-en-Gestion-Vial_LGLS_20210317-Luis-Guillermo-Loira.pdf\" target=\"_blank\" rel=\"noopener\">Tendencias en Gesti\u00f3n V\u00edal_LGLS_ Luis Guillermo Loira<\/a><\/strong><\/div>\r\n[\/vc_column_text][\/vc_tta_section][vc_tta_section title=&#8221;Video del evento&#8221; tab_id=&#8221;1616096207040-c859994c-dac1&#8243;][vc_video link=&#8221;https:\/\/youtu.be\/sZOIlVVHzSs&#8221;][\/vc_tta_section][\/vc_tta_tabs][\/vc_column][\/vc_row]<\/div>","protected":false},"excerpt":{"rendered":"[vc_row][vc_column][vc_tta_tabs style=&#8221;outline&#8221; color=&#8221;green&#8221; active_section=&#8221;1&#8243;][vc_tta_section title=&#8221;Primera Charla Virtual&#8221; tab_id=&#8221;1616096207033-0b3e5f0f-bed7&#8243;][vc_column_text]&#8211; La Alcald\u00eda de Bogot\u00e1 a trav\u00e9s de la Unidad de Mantenimiento Vial desarroll\u00f3 este espacio virtual con participaci\u00f3n internacional que ayudar\u00e1 a mejorar las pr\u00e1cticas de conservaci\u00f3n vial en la capital del&#8230;","protected":false},"author":1,"featured_media":0,"parent":0,"menu_order":0,"comment_status":"closed","ping_status":"closed","template":"","meta":{"_monsterinsights_skip_tracking":false,"_monsterinsights_sitenote_active":false,"_monsterinsights_sitenote_note":"","_monsterinsights_sitenote_category":0,"footnotes":""},"class_list":["post-15554","page","type-page","status-publish","hentry"],"_links":{"self":[{"href":"https:\/\/www.umv.gov.co\/portal\/wp-json\/wp\/v2\/pages\/15554","targetHints":{"allow":["GET"]}}],"collection":[{"href":"https:\/\/www.umv.gov.co\/portal\/wp-json\/wp\/v2\/pages"}],"about":[{"href":"https:\/\/www.umv.gov.co\/portal\/wp-json\/wp\/v2\/types\/page"}],"author":[{"embeddable":true,"href":"https:\/\/www.umv.gov.co\/portal\/wp-json\/wp\/v2\/users\/1"}],"replies":[{"embeddable":true,"href":"https:\/\/www.umv.gov.co\/portal\/wp-json\/wp\/v2\/comments?post=15554"}],"version-history":[{"count":0,"href":"https:\/\/www.umv.gov.co\/portal\/wp-json\/wp\/v2\/pages\/15554\/revisions"}],"wp:attachment":[{"href":"https:\/\/www.umv.gov.co\/portal\/wp-json\/wp\/v2\/media?parent=15554"}],"curies":[{"name":"wp","href":"https:\/\/api.w.org\/{rel}","templated":true}]}}