{"id":1485,"date":"2017-05-06T20:07:43","date_gmt":"2017-05-06T20:07:43","guid":{"rendered":"https:\/\/www.umv.gov.co\/portal\/?page_id=1485"},"modified":"2024-09-06T23:15:33","modified_gmt":"2024-09-06T23:15:33","slug":"mapa-del-sitio","status":"publish","type":"page","link":"https:\/\/www.umv.gov.co\/portal\/mapa-del-sitio\/","title":{"rendered":"Mapa del Sitio"},"content":{"rendered":"<div class=\"wpb-content-wrapper\">[vc_row pix_particles_check=&#8221;&#8221;][vc_column]<span class=\"pix-badge-element h6 d-inline-flex mr-1 \"  ><span class=\"badge font-weight-bold secondary-font  bg-secondary  vc_custom_1725664342871  \" style=\" \"><span class=\"text-white\" style=\"\">MAPA DEL SITIO<\/span><\/span><\/span>[vc_column_text]\r\n<table border=\"0\" width=\"50%\">\r\n<tbody>\r\n<tr>\r\n<td bgcolor=\"#efefdf\" width=\"25%\" height=\"38\"><a href=\"https:\/\/www.umv.gov.co\/portal\/\"><strong>Inicio<\/strong><\/a><\/td>\r\n<\/tr>\r\n<tr>\r\n<td><a href=\"https:\/\/www.umv.gov.co\/portal\/asivasucalle\">Asi va su Calle<\/a>\r\n<a href=\"https:\/\/www.umv.gov.co\/portal\/suttia\/\">UMV en versi\u00f3n Wayuu <\/a>\r\n<a href=\"https:\/\/www.umv.gov.co\/portal\/seguimiento-proyectos-de-inversion\/\">Seguimiento Proyectos de Inversi\u00f3n<\/a>\r\n<a href=\"https:\/\/uaermv.maps.arcgis.com\/apps\/webappviewer\/index.html?id=d99bd2c0d9eb4e07b46e04cd6cd47f03\" target=\"_blank\" rel=\"noopener\">Programaci\u00f3n diaria georeferenciada <\/a>\r\n<a href=\"https:\/\/www.umv.gov.co\/portal\/innovacion-para-la-conservacion-vial\/\">Innovaci\u00f3n para la conservaci\u00f3n vial<\/a>\r\n<a href=\"http:\/\/idu.maps.arcgis.com\/apps\/webappviewer\/index.html?id=6950db8fa2d440ffbb3946c468eaae4a\" target=\"_blank\" rel=\"noopener\">Sistema de Informaci\u00f3n IDU (SIGIDU)<\/a>\r\n<a href=\"https:\/\/www.umv.gov.co\/portal\/umvsostenible\">UMV Sostenible<\/a>\r\n<a href=\"https:\/\/www.umv.gov.co\/portal\/denuncia-de-hechos-de-corrupcion\/\">Denuncia Hechos de Corrupci\u00f3n <\/a>\r\n<a href=\"https:\/\/www.umv.gov.co\/portal\/pqrsfd\/\">Bogot\u00e1 te escucha<\/a>\r\n<a href=\"https:\/\/www.umv.gov.co\/portal\/participacion-ciudadana\/\">Participaci\u00f3n Ciudadana<\/a>\r\n<a href=\"http:\/\/tablerocontrolciudadano.veeduriadistrital.gov.co:3838\/BogotaDashboard\/\" target=\"_blank\" rel=\"noopener\">Gesti\u00f3n del conocimiento<\/a>\r\n<a href=\"https:\/\/www.umv.gov.co\/portal\/datos-abiertos-umv\/\" target=\"_blank\" rel=\"noopener\">Datos abiertos UMV<\/a><\/td>\r\n<\/tr>\r\n<tr>\r\n<td bgcolor=\"#efefdf\" height=\"42\"><a href=\"https:\/\/www.umv.gov.co\/portal\/transparencia\/\"><strong>Ley de Transparencia y Acceso a la Informaci\u00f3n<\/strong><\/a><\/td>\r\n<\/tr>\r\n<tr>\r\n<td><a href=\"https:\/\/www.umv.gov.co\/portal\/transparencia\/#1638988734314-559c8bad-0dfe\" data-vc-accordion=\"\" data-vc-container=\".vc_tta-container\">Informaci\u00f3n de la entidad<\/a>\r\n<a href=\"https:\/\/www.umv.gov.co\/portal\/transparencia\/#1638996638540-c3155901-70fa\" data-vc-accordion=\"\" data-vc-container=\".vc_tta-container\">Normativa<\/a>\r\n<a href=\"https:\/\/www.umv.gov.co\/portal\/transparencia\/#1638999831844-19158532-f648\" data-vc-accordion=\"\" data-vc-container=\".vc_tta-container\">Contrataci\u00f3n<\/a>\r\n<a href=\"https:\/\/www.umv.gov.co\/portal\/transparencia\/#1639000745322-a14a8e2b-e60a\" data-vc-accordion=\"\" data-vc-container=\".vc_tta-container\">Planeaci\u00f3n, Presupuesto e Informes<\/a>\r\n<a href=\"https:\/\/www.umv.gov.co\/portal\/transparencia\/#1639005665783-e245fe9a-b52c\" data-vc-accordion=\"\" data-vc-container=\".vc_tta-container\">Tr\u00e1mites y Servicios<\/a>\r\n<a href=\"https:\/\/www.umv.gov.co\/portal\/transparencia\/#1639005877529-0c2f322d-beb6\" data-vc-accordion=\"\" data-vc-container=\".vc_tta-container\">Participa<\/a>\r\n<a href=\"https:\/\/www.umv.gov.co\/portal\/transparencia\/#1639006365215-edd06250-68fe\" data-vc-accordion=\"\" data-vc-container=\".vc_tta-container\">Datos abiertos<\/a>\r\n<a href=\"https:\/\/www.umv.gov.co\/portal\/transparencia\/#1639006848593-9106e58e-765f\" data-vc-accordion=\"\" data-vc-container=\".vc_tta-container\">Informaci\u00f3n espec\u00edfica para Grupos de Inter\u00e9s<\/a>\r\n<a href=\"https:\/\/www.umv.gov.co\/portal\/transparencia\/#1639007114587-ac901f25-c65b\" data-vc-accordion=\"\" data-vc-container=\".vc_tta-container\">Obligaci\u00f3n de reporte de informaci\u00f3n<\/a>\r\n<a href=\"https:\/\/www.umv.gov.co\/portal\/transparencia\/#1639008167401-231f0d8d-1449\" data-vc-accordion=\"\" data-vc-container=\".vc_tta-container\">Informaci\u00f3n adicional<\/a><\/td>\r\n<\/tr>\r\n<tr>\r\n<td bgcolor=\"#efefdf\" height=\"42\"><a href=\"https:\/\/www.umv.gov.co\/portal\/transparencia\/#\"><strong>Atenci\u00f3n y Servicio a la Ciudadan\u00eda<\/strong><\/a><\/td>\r\n<\/tr>\r\n<tr>\r\n<td><a href=\"https:\/\/www.umv.gov.co\/portal\/pqrsfd\/\">Peticiones, Quejas, Reclamos, Solicitudes, Felicitaciones y Denuncias<\/a>\r\n<a href=\"https:\/\/www.umv.gov.co\/portal\/canales-de-atencion\/\">Canales de Atenci\u00f3n<\/a>\r\n<a href=\"https:\/\/www.umv.gov.co\/portal\/sedes-y-horarios-de-atencion\/\">Sedes y Horarios de Atenci\u00f3n al ciudadano<\/a>\r\n<a href=\"https:\/\/www.umv.gov.co\/portal\/defensor-del-ciudadano\/\">Defensor del Ciudadano<\/a>\r\n<a href=\"https:\/\/www.umv.gov.co\/portal\/pqrsfd\/carta-del-trato-digno\/\">Carta del trato digno a la ciudadan\u00eda<\/a>\r\n<a href=\"https:\/\/www.umv.gov.co\/portal\/manual-de-atencion-al-ciudadano\/\">Manual de Atenci\u00f3n al Ciudadano<\/a><\/td>\r\n<\/tr>\r\n<tr>\r\n<td bgcolor=\"#efefdf\" height=\"45\"><a href=\"https:\/\/www.umv.gov.co\/portal\/participacion-ciudadana-2022\/\"><strong>Participa<\/strong><\/a><\/td>\r\n<\/tr>\r\n<tr>\r\n<td bgcolor=\"#efefdf\" height=\"42\"><a href=\"https:\/\/www.umv.gov.co\/portal\/transparencia\/#\"><strong>Conozca la UMV<\/strong><\/a><\/td>\r\n<\/tr>\r\n<tr>\r\n<td height=\"40\"><a href=\"https:\/\/www.umv.gov.co\/portal\/quienes-somos-2\/\">Quienes Somos<\/a>\r\n<a href=\"https:\/\/www.umv.gov.co\/portal\/nuestros-servicios\/\">Nuestros Servicios<\/a>\r\n<a href=\"https:\/\/www.umv.gov.co\/portal\/plataforma-estrategica\/\">Plataforma Estrat\u00e9gica<\/a>\r\n<a href=\"https:\/\/www.umv.gov.co\/portal\/estructura-organizacional\/\">Estructura Org\u00e1nica<\/a>\r\n<a href=\"https:\/\/www.umv.gov.co\/portal\/sisgestion\">Sistema Integrado de Gesti\u00f3n<\/a>\r\n<a href=\"https:\/\/www.umv.gov.co\/portal\/normograma20\/\">Normatividad<\/a>\r\n<a href=\"https:\/\/www.umv.gov.co\/portal\/directorio-de-la-entidad\/\">Directorio de la Entidad<\/a>\r\n<a href=\"https:\/\/www.umv.gov.co\/portal\/estados-financieros\/\">Estados Financieros<\/a>\r\n<a href=\"https:\/\/www.umv.gov.co\/portal\/glosario-de-terminos-uaermv-2\/\">Glosario de T\u00e9rminos UMV<\/a><\/td>\r\n<\/tr>\r\n<tr>\r\n<td bgcolor=\"#efefdf\" height=\"40\"><a href=\"https:\/\/www.umv.gov.co\/portal\/transparencia\/#\"><strong>Contrataci\u00f3n<\/strong><\/a><\/td>\r\n<\/tr>\r\n<tr>\r\n<td height=\"40\"><a href=\"https:\/\/www.umv.gov.co\/portal\/manual-de-contratacion\/\">Manual de Contrataci\u00f3n<\/a>\r\n<a href=\"https:\/\/www.umv.gov.co\/portal\/manual-de-interventoria\/\">Manual de Interventor\u00eda y Supervisi\u00f3n<\/a>\r\n<a href=\"https:\/\/www.umv.gov.co\/portal\/contratacion-umv\/\">Contrataci\u00f3n UMV<\/a>\r\n<a href=\"https:\/\/www.umv.gov.co\/portal\/contratacion-secop\/\">Contrataci\u00f3n SECOP<\/a>\r\n<a href=\"https:\/\/www.umv.gov.co\/portal\/plan-anual-de-adquisiciones\/\">Plan Anual de Adquisiciones<\/a>\r\n<a href=\"https:\/\/www.umv.gov.co\/portal\/ofertas-de-empleo\/\">Ofertas de Empleo<\/a><\/td>\r\n<\/tr>\r\n<tr>\r\n<td bgcolor=\"#efefdf\" height=\"35\"><a href=\"https:\/\/www.umv.gov.co\/portal\/transparencia\/#\"><strong>Prensa<\/strong><\/a><\/td>\r\n<\/tr>\r\n<tr>\r\n<td height=\"40\"><a href=\"https:\/\/www.umv.gov.co\/portal\/comunicados-de-prensa\/\">Comunicados de Prensa <\/a>\r\n<a href=\"https:\/\/www.umv.gov.co\/portal\/boletines-de-intervencion\/\">Boletines de Intervenci\u00f3n<\/a>\r\n<a href=\"https:\/\/www.instagram.com\/umv.bogota\/\" target=\"_blank\" rel=\"noopener\">Galer\u00eda de Im\u00e1genes<\/a>\r\n<a href=\"https:\/\/www.youtube.com\/user\/UMVBOG\/videos\" target=\"_blank\" rel=\"noopener\">Videos<\/a><\/td>\r\n<\/tr>\r\n<\/tbody>\r\n<\/table>\r\n[\/vc_column_text][\/vc_column][\/vc_row][vc_row pix_particles_check=&#8221;&#8221;][vc_column][\/vc_column][\/vc_row]<\/div>","protected":false},"excerpt":{"rendered":"[vc_row pix_particles_check=&#8221;&#8221;][vc_column][vc_column_text] Inicio Asi va su Calle UMV en versi\u00f3n Wayuu Seguimiento Proyectos de Inversi\u00f3n Programaci\u00f3n diaria georeferenciada Innovaci\u00f3n para la conservaci\u00f3n vial Sistema de Informaci\u00f3n IDU (SIGIDU) UMV Sostenible Denuncia Hechos de Corrupci\u00f3n Bogot\u00e1 te escucha Participaci\u00f3n Ciudadana Gesti\u00f3n&#8230;","protected":false},"author":1,"featured_media":0,"parent":0,"menu_order":0,"comment_status":"closed","ping_status":"closed","template":"","meta":{"_monsterinsights_skip_tracking":false,"_monsterinsights_sitenote_active":false,"_monsterinsights_sitenote_note":"","_monsterinsights_sitenote_category":0,"footnotes":""},"class_list":["post-1485","page","type-page","status-publish","hentry"],"_links":{"self":[{"href":"https:\/\/www.umv.gov.co\/portal\/wp-json\/wp\/v2\/pages\/1485","targetHints":{"allow":["GET"]}}],"collection":[{"href":"https:\/\/www.umv.gov.co\/portal\/wp-json\/wp\/v2\/pages"}],"about":[{"href":"https:\/\/www.umv.gov.co\/portal\/wp-json\/wp\/v2\/types\/page"}],"author":[{"embeddable":true,"href":"https:\/\/www.umv.gov.co\/portal\/wp-json\/wp\/v2\/users\/1"}],"replies":[{"embeddable":true,"href":"https:\/\/www.umv.gov.co\/portal\/wp-json\/wp\/v2\/comments?post=1485"}],"version-history":[{"count":0,"href":"https:\/\/www.umv.gov.co\/portal\/wp-json\/wp\/v2\/pages\/1485\/revisions"}],"wp:attachment":[{"href":"https:\/\/www.umv.gov.co\/portal\/wp-json\/wp\/v2\/media?parent=1485"}],"curies":[{"name":"wp","href":"https:\/\/api.w.org\/{rel}","templated":true}]}}