{"id":1471,"date":"2017-05-06T19:10:17","date_gmt":"2017-05-06T19:10:17","guid":{"rendered":"https:\/\/www.umv.gov.co\/portal\/?page_id=1471"},"modified":"2024-09-06T23:08:30","modified_gmt":"2024-09-06T23:08:30","slug":"politica-de-confidencialidad-y-terminos-de-uso","status":"publish","type":"page","link":"https:\/\/www.umv.gov.co\/portal\/bs-homepage-1-default\/politica-de-confidencialidad-y-terminos-de-uso\/","title":{"rendered":"Pol\u00edtica de confidencialidad y t\u00e9rminos de uso"},"content":{"rendered":"<div class=\"wpb-content-wrapper\"><p>[vc_row pix_particles_check=&#8221;&#8221; css=&#8221;.vc_custom_1725664095961{margin-top: -20px !important;}&#8221;][vc_column]<span class=\"pix-badge-element h6 d-inline-flex mr-1 \"  ><span class=\"badge font-weight-bold secondary-font  bg-secondary  vc_custom_1725664107640  \" style=\" \"><span class=\"text-white\" style=\"\">POL\u00cdTICA DE CONFIDENCIALIDAD Y T\u00c9RMINOS DE USO<\/span><\/span><\/span>[vc_column_text]<strong>\u00a0<\/strong><strong>Aceptaci\u00f3n de los T\u00e9rminos<\/strong><\/p>\n<p>Cuando un usuario accede a UMV.GOV.CO lo hace bajo su total y plena responsabilidad aceptando el contenido de los t\u00e9rminos y condiciones de uso de la p\u00e1gina Web de la entidad distrital.<\/p>\n<p>UMV.GOV.CO se reserva, en todos los sentidos, el derecho de actualizar y modificar en cualquier momento, forma o circunstancia, de manera unilateral y sin previo aviso, las presentes condiciones de uso y los contenidos de la p\u00e1gina.<\/p>\n<p>La prestaci\u00f3n del servicio de UMV.GOV.CO es de car\u00e1cter libre y gratuito para los usuarios y se rige por los t\u00e9rminos y condiciones que se incluyen a continuaci\u00f3n, los cuales se entienden como conocidos y aceptados por los usuarios del sitio:<\/p>\n<p><strong>Derechos de uso y propiedad intelectual<\/strong><\/p>\n<p>UMV.GOV.CO y su contenido, incluyendo los textos, gr\u00e1ficos, logos, animaciones, audios, videos y otros elementos, son de propiedad de la Unidad de Mantenimiento Vial. Est\u00e1 prohibida su reproducci\u00f3n total o parcial, su traducci\u00f3n, inclusi\u00f3n, transmisi\u00f3n, almacenamiento o acceso a trav\u00e9s de medios anal\u00f3gicos, digitales o de cualquier otro sistema o tecnolog\u00eda creada, sin autorizaci\u00f3n previa y escrita de Portal.<\/p>\n<p>Los usuarios pueden recuperar, exhibir, imprimir, copiar o descargar cualquier material de este sitio exclusivamente para uso personal y no comercial, siempre y cuando se haga expresa menci\u00f3n de la propiedad en cabeza de UMV.GOV.CO<\/p>\n<p>Con respecto a los contenidos en UMV.GOV.CO, el usuario se obliga y compromete a hacer uso adecuado de los mismos y no emplearlos para:<\/p>\n<ul>\n<li>Difundir contenidos delictivos, pornogr\u00e1ficos, racistas, xen\u00f3fobos, ofensivos y en general contrarios a la ley y al orden p\u00fablico.<\/li>\n<li>Introducir en UMV.GOV.CO virus inform\u00e1ticos o efectuar alguna actividad que pueda da\u00f1ar, distorsionar o alterar los documentos electr\u00f3nicos y\/o datos, as\u00ed como obstaculizar el acceso a otros visitantes al sitio web y a sus servicios, mediante la negaci\u00f3n del servicio.<\/li>\n<li>Intentar acceder a las cuentas de correo electr\u00f3nico de otros visitantes o nodos restringidos.<\/li>\n<li>Vulnerar los derechos de propiedad intelectual o industrial.<\/li>\n<li>Suplantar la identidad de otro usuario o de un tercero.<\/li>\n<\/ul>\n<p><strong>Deberes y prohibiciones de los ciudadanos &#8211; Usuarios<\/strong><\/p>\n<p>El Ciudadano-Usuario se obliga a no introducir en el sitio, informaci\u00f3n de car\u00e1cter ofensivo o agraviante o que contenga amenazas, u otros programas perjudiciales o mecanismos para captar o distorsionar informaci\u00f3n contenida en la aplicaci\u00f3n. Adem\u00e1s, no podr\u00e1 cargar, publicar, enviar mensaje de correo electr\u00f3nico, transmitir o de otro modo proporcionar contenido il\u00edcito, nocivo, abusivo, hostil, difamatorio, discriminatorio, vulgar e injurioso, o cargar contenidos que puedan generar dificultades en la operaci\u00f3n del sistema de este sitio web. El Usuario &#8211; ciudadano se abstendr\u00e1 de realizar declaraciones falsas o de otro modo err\u00f3neas de su vinculaci\u00f3n con una persona f\u00edsica o jur\u00eddica o almacenar datos personales.<\/p>\n<p><strong>Privacidad<\/strong><\/p>\n<p>La Unidad de Mantenimiento Vial \u00a0se compromete a salvaguardar la privacidad de la informaci\u00f3n personal del Usuario obtenida, para lo cual adopta una pol\u00edtica de confidencialidad y\u00a0se compromete a no ceder, vender, ni a compartir los datos recibidos en el Sitio Web con terceros sin su aprobaci\u00f3n expresa. Las entidades adscritas no se considerar\u00e1n terceros para estos efectos. As\u00ed mismo, UMV.GOV.CO cancelar\u00e1 o rectificar\u00e1 los datos cuando resulten inexactos, incompletos o hayan dejado de ser necesarios o pertinentes para su finalidad.<\/p>\n<p><strong>Informaci\u00f3n y sitios Web de terceros<\/strong><\/p>\n<p>La p\u00e1gina Web puede ofrecer hiperv\u00ednculos o acceso a p\u00e1ginas Web y contenidos de otras personas o entidades, con el\u00a0prop\u00f3sito de informar al Usuario sobre la existencia de otras fuentes susceptibles de ampliar los contenidos que \u00e9sta ofrece, o que guardan relaci\u00f3n con aqu\u00e9llos. UMV.GOV.CO no controla, refrenda ni garantiza el contenido incluido en dichos sitios, tampoco se responsabiliza del funcionamiento o accesibilidad de las p\u00e1ginas Web vinculadas y\/o cabezas de sector; ni sugiere, invita o recomienda la visita a las mismas, por lo que tampoco ser\u00e1 responsable del resultado obtenido.<\/p>\n<p>El Usuario acepta que la entidad no es responsable de ning\u00fan contenido, enlace asociado, recurso o servicio relacionado con el sitio de un tercero. Asimismo, el Usuario acepta que el UMV.GOV.CO no ser\u00e1 responsable de ninguna p\u00e9rdida o da\u00f1o de cualquier tipo que se derive del uso que se realice de los contenidos de un tercero.<\/p>\n<p><strong>Responsabilidad<\/strong><\/p>\n<p>UMV.GOV.CO de ninguna manera ser\u00e1 responsable por los da\u00f1os y perjuicios de toda naturaleza derivados de:<\/p>\n<ul>\n<li>La imposibilidad de acceso a la p\u00e1gina web o la falta de veracidad, exactitud y\/o actualidad de los contenidos, al igual de la existencia de defectos de cualquier clase de los contenidos trasmitidos, difundidos, almacenados y puestos a disposici\u00f3n a los visitantes a trav\u00e9s del sitio web o de los servicios que se ofrecen.<\/li>\n<li>La presencia de virus u otros elementos que puedan alterar o da\u00f1ar los sistemas inform\u00e1ticos y\/o datos de los usuarios.<\/li>\n<li>El incumplimiento de las normas, buena fe, orden p\u00fablico y dem\u00e1s aplicables, por el uso inadecuado del sitio web.<\/li>\n<\/ul>\n<p>Si el visitante o usuario de UMV.GOV.CO, no se encuentra conforme con los t\u00e9rminos de uso de la p\u00e1gina web o cualquier otra disposici\u00f3n, por favor abstenerse de utilizar este sitio.<\/p>\n<p>Cada Usuario deber\u00e1 denunciar cualquier violaci\u00f3n a Condiciones de Uso del Sitio Web por parte de otros Usuarios, de la que tenga conocimiento, para lo cual remitir\u00e1 un correo electr\u00f3nico a\u00a0<a href=\"mailto:atencionalciudadano@umv.gov.co\">atencionalciudadano@umv.gov.co<\/a> a fin de que la Unidad de Mantenimiento Vial tome las medidas que est\u00e9n a su alcance respecto del Sitio Web.<\/p>\n<p><strong>Modificaciones a las condiciones de uso<\/strong><\/p>\n<p>La Unidad de Mantenimiento Vial podr\u00e1 modificar las Condiciones de Uso aqu\u00ed contenidos, a su libre elecci\u00f3n y en cualquier momento y los mismos estar\u00e1n vigentes una vez hayan publicado en la p\u00e1gina Web.[\/vc_column_text][\/vc_column][\/vc_row][vc_row pix_particles_check=&#8221;&#8221;][vc_column][\/vc_column][\/vc_row]<\/p>\n<\/div>","protected":false},"excerpt":{"rendered":"[vc_row pix_particles_check=&#8221;&#8221; css=&#8221;.vc_custom_1725664095961{margin-top: -20px !important;}&#8221;][vc_column][vc_column_text]\u00a0Aceptaci\u00f3n de los T\u00e9rminos Cuando un usuario accede a UMV.GOV.CO lo hace bajo su total y plena responsabilidad aceptando el contenido de los t\u00e9rminos y condiciones de uso de la p\u00e1gina Web de la entidad distrital&#8230;.","protected":false},"author":1,"featured_media":0,"parent":168,"menu_order":0,"comment_status":"closed","ping_status":"closed","template":"","meta":{"_monsterinsights_skip_tracking":false,"_monsterinsights_sitenote_active":false,"_monsterinsights_sitenote_note":"","_monsterinsights_sitenote_category":0,"footnotes":""},"class_list":["post-1471","page","type-page","status-publish","hentry"],"_links":{"self":[{"href":"https:\/\/www.umv.gov.co\/portal\/wp-json\/wp\/v2\/pages\/1471","targetHints":{"allow":["GET"]}}],"collection":[{"href":"https:\/\/www.umv.gov.co\/portal\/wp-json\/wp\/v2\/pages"}],"about":[{"href":"https:\/\/www.umv.gov.co\/portal\/wp-json\/wp\/v2\/types\/page"}],"author":[{"embeddable":true,"href":"https:\/\/www.umv.gov.co\/portal\/wp-json\/wp\/v2\/users\/1"}],"replies":[{"embeddable":true,"href":"https:\/\/www.umv.gov.co\/portal\/wp-json\/wp\/v2\/comments?post=1471"}],"version-history":[{"count":0,"href":"https:\/\/www.umv.gov.co\/portal\/wp-json\/wp\/v2\/pages\/1471\/revisions"}],"up":[{"embeddable":true,"href":"https:\/\/www.umv.gov.co\/portal\/wp-json\/wp\/v2\/pages\/168"}],"wp:attachment":[{"href":"https:\/\/www.umv.gov.co\/portal\/wp-json\/wp\/v2\/media?parent=1471"}],"curies":[{"name":"wp","href":"https:\/\/api.w.org\/{rel}","templated":true}]}}