{"id":14564,"date":"2021-01-14T14:12:23","date_gmt":"2021-01-14T14:12:23","guid":{"rendered":"https:\/\/www.umv.gov.co\/portal\/?page_id=14564"},"modified":"2024-09-06T19:06:41","modified_gmt":"2024-09-06T19:06:41","slug":"control-7-1-informes-evaluacion-y-auditoria-2021","status":"publish","type":"page","link":"https:\/\/www.umv.gov.co\/portal\/control-7-1-informes-evaluacion-y-auditoria-2021\/","title":{"rendered":"Control -7.1 Informes evaluaci\u00f3n y auditor\u00eda 2021"},"content":{"rendered":"<div class=\"wpb-content-wrapper\"><p>[vc_row pix_particles_check=&#8221;&#8221; css=&#8221;.vc_custom_1725649594616{margin-top: -20px !important;}&#8221;][vc_column]<span class=\"pix-badge-element h6 d-inline-flex mr-1 \"  ><span class=\"badge font-weight-bold secondary-font  bg-secondary  vc_custom_1725649584671  \" style=\" \"><span class=\"text-white\" style=\"\">4.8.1 INFORMES DE EVALUACI\u00d3N Y AUDITOR\u00cdA:<\/span><\/span><\/span>[vc_tta_accordion section_title_tag=&#8221;h6&#8243; style=&#8221;modern&#8221; color=&#8221;white&#8221; c_icon=&#8221;&#8221; active_section=&#8221;&#8221; collapsible_all=&#8221;true&#8221;][vc_tta_section i_icon_fontawesome=&#8221;fa fa-file-text-o&#8221; add_icon=&#8221;true&#8221; title=&#8221;1. Plan anual de Auditor\u00edas&#8221; tab_id=&#8221;1549495924496-320e321a-10d9&#8243;][vc_column_text]<\/p>\n<table width=\"750\" align=\"center\">\n<tbody>\n<tr>\n<td width=\"79\">\n<div class=\"bs-shortcode-alert alert alert-warning\" style=\"text-align: center;\"><b>C\u00d3DIGO<\/b><\/div>\n<\/td>\n<td style=\"text-align: center;\" width=\"345\">\n<div class=\"bs-shortcode-alert alert alert-warning\"><strong>NOMBRE DEL INFORME<\/strong><\/div>\n<\/td>\n<td width=\"74\">\n<div class=\"bs-shortcode-alert alert alert-warning\" style=\"text-align: center;\"><strong>FORMATO<\/strong><\/div>\n<\/td>\n<\/tr>\n<tr>\n<td>\n<div class=\"bs-shortcode-alert alert alert-info\">7.1.1a<\/div>\n<\/td>\n<td>\n<div class=\"bs-shortcode-alert alert alert-info\"><a href=\"https:\/\/www.umv.gov.co\/portal\/wp-content\/uploads\/2021\/01\/PLAN-ANUAL-DE-AUDITORIAS-PAA-2021-publicar-CICCI-29012021.xlsx\" target=\"_blank\" rel=\"noopener\"><span style=\"font-family: Arial,sans-serif;\">Plan anual de auditor\u00edas 2021 V1<\/span>\u00a0<\/a><\/div>\n<\/td>\n<td>\n<div class=\"bs-shortcode-alert alert alert-info\">Excel<\/div>\n<\/td>\n<\/tr>\n<tr>\n<td>\n<div class=\"bs-shortcode-alert alert alert-info\">7.1.1b<\/div>\n<\/td>\n<td>\n<div class=\"bs-shortcode-alert alert alert-info\"><a href=\"https:\/\/www.umv.gov.co\/portal\/wp-content\/uploads\/2021\/07\/7.1.1b-PLAN-ANUAL-DE-AUDITORIAS-2021-V2-1.xlsx\"><span style=\"font-family: Arial,sans-serif;\">Plan anual de auditor\u00edas 2021 V2<\/span>\u00a0<\/a><\/div>\n<\/td>\n<td>\n<div class=\"bs-shortcode-alert alert alert-info\">Excel<\/div>\n<\/td>\n<\/tr>\n<tr>\n<td>\n<div class=\"bs-shortcode-alert alert alert-info\">7.1.1c<\/div>\n<\/td>\n<td>\n<div class=\"bs-shortcode-alert alert alert-info\"><a href=\"https:\/\/www.umv.gov.co\/portal\/wp-content\/uploads\/2021\/12\/7.1.1-C-PLAN-ANUAL-DE-AUDITORIAS-2021-V3.xlsx\"><span style=\"font-family: Arial,sans-serif;\">Plan anual de auditor\u00edas 2021 V3<\/span>\u00a0<\/a><\/div>\n<\/td>\n<td>\n<div class=\"bs-shortcode-alert alert alert-info\">Excel<\/div>\n<\/td>\n<\/tr>\n<tr>\n<td>\n<div class=\"bs-shortcode-alert alert alert-info\">7.1.1d<\/div>\n<\/td>\n<td>\n<div class=\"bs-shortcode-alert alert alert-info\"><a href=\"https:\/\/www.umv.gov.co\/portal\/wp-content\/uploads\/2021\/12\/7.1.1-d-PLAN-ANUAL-DE-AUDITORIAS-2021-V4.xlsx\"><span style=\"font-family: Arial,sans-serif;\">Plan anual de auditor\u00edas 2021 V4<\/span>\u00a0<\/a><\/div>\n<\/td>\n<td>\n<div class=\"bs-shortcode-alert alert alert-info\">Excel<\/div>\n<\/td>\n<\/tr>\n<\/tbody>\n<\/table>\n<p>[\/vc_column_text][\/vc_tta_section][vc_tta_section i_icon_fontawesome=&#8221;fa fa-file-text-o&#8221; add_icon=&#8221;true&#8221; title=&#8221;2. Informes finales de auditor\u00eda&#8221; tab_id=&#8221;1549495924539-1d9fcb52-efe0&#8243;][vc_column_text]<\/p>\n<table width=\"870\" align=\"center\">\n<tbody>\n<tr>\n<td width=\"79\">\n<div class=\"bs-shortcode-alert alert alert-warning\" style=\"text-align: center;\"><b>C\u00d3DIGO<\/b><\/div>\n<\/td>\n<td style=\"text-align: center;\" width=\"345\">\n<div class=\"bs-shortcode-alert alert alert-warning\"><strong>NOMBRE DEL INFORME<\/strong><\/div>\n<\/td>\n<td width=\"74\">\n<div class=\"bs-shortcode-alert alert alert-warning\" style=\"text-align: center;\"><strong>FORMATO<\/strong><\/div>\n<\/td>\n<\/tr>\n<tr>\n<td>\n<div class=\"bs-shortcode-alert alert alert-info\">7.1.2a<\/div>\n<\/td>\n<td>\n<div class=\"bs-shortcode-alert alert alert-info\"><a href=\"https:\/\/www.umv.gov.co\/portal\/wp-content\/uploads\/2021\/03\/7.1.2a-Informe-final-Auditoria-de-Gestion-Juridica-GJUR.docx\">Informe final Auditor\u00eda de Gesti\u00f3n Jur\u00eddica GJUR<\/a><\/div>\n<\/td>\n<td>\n<div class=\"bs-shortcode-alert alert alert-info\">Excel<\/div>\n<\/td>\n<\/tr>\n<tr>\n<td>\n<div class=\"bs-shortcode-alert alert alert-info\">7.1.2b<\/div>\n<\/td>\n<td>\n<div class=\"bs-shortcode-alert alert alert-info\">\n<p><a href=\"https:\/\/www.umv.gov.co\/portal\/wp-content\/uploads\/2021\/06\/7.1.2b-Informe-final-de-auditoria-al-proceso-de-intervencion-de-la-malla-vial-IMVI-2020.docx\">Informe Auditor\u00eda Proceso IMVI 2020<\/a><\/div>\n<\/td>\n<td>\n<div class=\"bs-shortcode-alert alert alert-info\">Word<\/div>\n<\/td>\n<\/tr>\n<tr>\n<td>\n<div class=\"bs-shortcode-alert alert alert-info\">7.1.2c<\/div>\n<\/td>\n<td>\n<div class=\"bs-shortcode-alert alert alert-info\">\n<p><a href=\"https:\/\/www.umv.gov.co\/portal\/wp-content\/uploads\/2021\/11\/7.1.2c-Informe-final-Auditoria-Proceso-Gestion-de-Servicios-e-Infraestructura-Tecnologica-GSIT-2020.doc\">Informe Auditor\u00eda-Proceso-Gestion-de-Servicios-e-Infraestructura-Tecnologica-GSIT<\/a><\/div>\n<\/td>\n<td>\n<div class=\"bs-shortcode-alert alert alert-info\">Word<\/div>\n<\/td>\n<\/tr>\n<tr>\n<td>\n<div class=\"bs-shortcode-alert alert alert-info\">7.1.2d<\/div>\n<\/td>\n<td>\n<div class=\"bs-shortcode-alert alert alert-info\">\n<p><a href=\"https:\/\/www.umv.gov.co\/portal\/wp-content\/uploads\/2021\/11\/7.1.2-d-Informe-final-Auditoria-contratos-sindicales-331-2020-y-346-de-2021-1.docx\">Informe final Auditoria contratos sindicales 331-2020 y 346 de 2021<\/a><\/div>\n<\/td>\n<td>\n<div class=\"bs-shortcode-alert alert alert-info\">Word<\/div>\n<\/td>\n<\/tr>\n<tr>\n<td>\n<div class=\"bs-shortcode-alert alert alert-info\">7.1.2e<\/div>\n<\/td>\n<td>\n<div class=\"bs-shortcode-alert alert alert-info\"><a href=\"https:\/\/www.umv.gov.co\/portal\/wp-content\/uploads\/2021\/12\/7.1.2-e-Informe-final-Auditoria-proceso-Direccionamiento-Estrategico-e-Innovacion-DESI.docx\">Informe final Auditoria proceso Direccionamiento-Estrat\u00e9gico e Innovaci\u00f3n DESI<\/a><\/div>\n<\/td>\n<td>\n<div class=\"bs-shortcode-alert alert alert-info\">Word<\/div>\n<\/td>\n<\/tr>\n<tr>\n<td>\n<div class=\"bs-shortcode-alert alert alert-info\">7.1.2f<\/div>\n<\/td>\n<td>\n<div class=\"bs-shortcode-alert alert alert-info\"><a href=\"https:\/\/www.umv.gov.co\/portal\/wp-content\/uploads\/2022\/01\/7.1.2f-Informe-final-de-Auditoria-al-proceso-de-Gestion-Contractual-GCON-2021.docx\">Informe final de Auditor\u00eda al proceso de Gesti\u00f3n Contractual GCON 2021<\/a><\/div>\n<\/td>\n<td>\n<div class=\"bs-shortcode-alert alert alert-info\">Word<\/div>\n<\/td>\n<\/tr>\n<tr>\n<td>\n<div class=\"bs-shortcode-alert alert alert-info\">7.1.2g<\/div>\n<\/td>\n<td>\n<div class=\"bs-shortcode-alert alert alert-info\"><a href=\"https:\/\/www.umv.gov.co\/portal\/wp-content\/uploads\/2022\/01\/7.1.2G-Informe-final-Auditoria-proceso-planificacion-de-la-intervencion-vial-PIV.docx\">Informe final Auditoria proceso Planificaci\u00f3n de la Intervenci\u00f3n Vial PIV<\/a><\/div>\n<\/td>\n<td>\n<div class=\"bs-shortcode-alert alert alert-info\">Word<\/div>\n<\/td>\n<\/tr>\n<\/tbody>\n<\/table>\n<p>[\/vc_column_text][\/vc_tta_section][vc_tta_section i_icon_fontawesome=&#8221;fa fa-file-text-o&#8221; add_icon=&#8221;true&#8221; title=&#8221;3. Informe semestral de evaluaci\u00f3n del Sistema de Control Interno&#8221; tab_id=&#8221;1551475014488-6087b092-7ceb&#8221;][vc_column_text]<\/p>\n<table width=\"750\" align=\"center\">\n<tbody>\n<tr>\n<td width=\"79\">\n<div class=\"bs-shortcode-alert alert alert-warning\" style=\"text-align: center;\"><b>C\u00d3DIGO<\/b><\/div>\n<\/td>\n<td style=\"text-align: center;\" width=\"345\">\n<div class=\"bs-shortcode-alert alert alert-warning\"><strong>NOMBRE DEL INFORME<\/strong><\/div>\n<\/td>\n<td width=\"74\">\n<div class=\"bs-shortcode-alert alert alert-warning\" style=\"text-align: center;\"><strong>FORMATO<\/strong><\/div>\n<\/td>\n<\/tr>\n<tr>\n<td>\n<div class=\"bs-shortcode-alert alert alert-info\">7.1.3a<\/div>\n<\/td>\n<td>\n<div class=\"bs-shortcode-alert alert alert-info\"><a href=\"https:\/\/www.umv.gov.co\/portal\/wp-content\/uploads\/2021\/01\/Evaluaci\u00f3n-del-estado-del-SCI-UAERMV-SEM2-2020-29012020-VF.xlsx\" target=\"_blank\" rel=\"noopener\">\u00a0Evaluaci\u00f3n del estado del SIC<\/a><\/div>\n<\/td>\n<td>\n<div class=\"bs-shortcode-alert alert alert-info\">Excel<\/div>\n<\/td>\n<\/tr>\n<tr>\n<td>\n<div class=\"bs-shortcode-alert alert alert-info\">7.1.3b<\/div>\n<\/td>\n<td>\n<div class=\"bs-shortcode-alert alert alert-info\"><a href=\"https:\/\/www.umv.gov.co\/portal\/wp-content\/uploads\/2021\/07\/7.1.3b-Informe-semestral-de-eevaluacion-del-sistema-de-control-interno.xlsx\">Informe Semestral de Evaluaci\u00f3n Sistema de Control interno SCI<\/a><\/div>\n<\/td>\n<td>\n<div class=\"bs-shortcode-alert alert alert-info\">Excel<\/div>\n<\/td>\n<\/tr>\n<\/tbody>\n<\/table>\n<p>[\/vc_column_text][\/vc_tta_section][vc_tta_section i_icon_fontawesome=&#8221;&#8221; add_icon=&#8221;true&#8221; title=&#8221;4. Informes elaborados por \u00f3rganos de control externos 2021&#8243; tab_id=&#8221;1577831656919-26c4f820-a897&#8243;][vc_column_text]<\/p>\n<table width=\"850\" align=\"center\">\n<tbody>\n<tr>\n<td width=\"79\">\n<div class=\"bs-shortcode-alert alert alert-warning\" style=\"text-align: center;\"><b>C\u00d3DIGO<\/b><\/div>\n<\/td>\n<td style=\"text-align: center;\" width=\"345\">\n<div class=\"bs-shortcode-alert alert alert-warning\"><strong>NOMBRE DEL INFORME<\/strong><\/div>\n<\/td>\n<td width=\"74\">\n<div class=\"bs-shortcode-alert alert alert-warning\" style=\"text-align: center;\"><strong>FORMATO<\/strong><\/div>\n<\/td>\n<\/tr>\n<tr>\n<td>\n<div class=\"bs-shortcode-alert alert alert-info\">7.1.4a<\/div>\n<\/td>\n<td>\n<div class=\"bs-shortcode-alert alert alert-info\"><a href=\"https:\/\/www.umv.gov.co\/portal\/wp-content\/uploads\/2021\/09\/7.1.4a-INFORME-FINAL-AUDITORIA-DE-REGULARIDAD-UAERMV-Codigo-No-100-pad-2021-CONTRALORIA-DE-BOGTA.pdf\" target=\"_blank\" rel=\"noopener\">Informe final auditoria de regularidad UAERMV c\u00f3digo No 100 Contralor\u00eda de Bogot\u00e1<\/a><\/div>\n<\/td>\n<td>\n<div class=\"bs-shortcode-alert alert alert-info\">Pdf<\/div>\n<\/td>\n<\/tr>\n<\/tbody>\n<\/table>\n<p>[\/vc_column_text][\/vc_tta_section][\/vc_tta_accordion][\/vc_column][\/vc_row]<\/p>\n<\/div>","protected":false},"excerpt":{"rendered":"[vc_row pix_particles_check=&#8221;&#8221; css=&#8221;.vc_custom_1725649594616{margin-top: -20px !important;}&#8221;][vc_column][vc_tta_accordion section_title_tag=&#8221;h6&#8243; style=&#8221;modern&#8221; color=&#8221;white&#8221; c_icon=&#8221;&#8221; active_section=&#8221;&#8221; collapsible_all=&#8221;true&#8221;][vc_tta_section i_icon_fontawesome=&#8221;fa fa-file-text-o&#8221; add_icon=&#8221;true&#8221; title=&#8221;1. Plan anual de Auditor\u00edas&#8221; tab_id=&#8221;1549495924496-320e321a-10d9&#8243;][vc_column_text] C\u00d3DIGO NOMBRE DEL INFORME FORMATO 7.1.1a Plan anual de auditor\u00edas 2021 V1\u00a0 Excel 7.1.1b Plan anual de auditor\u00edas 2021 V2\u00a0&#8230;","protected":false},"author":1,"featured_media":0,"parent":0,"menu_order":0,"comment_status":"closed","ping_status":"closed","template":"","meta":{"_monsterinsights_skip_tracking":false,"_monsterinsights_sitenote_active":false,"_monsterinsights_sitenote_note":"","_monsterinsights_sitenote_category":0,"footnotes":""},"class_list":["post-14564","page","type-page","status-publish","hentry"],"_links":{"self":[{"href":"https:\/\/www.umv.gov.co\/portal\/wp-json\/wp\/v2\/pages\/14564","targetHints":{"allow":["GET"]}}],"collection":[{"href":"https:\/\/www.umv.gov.co\/portal\/wp-json\/wp\/v2\/pages"}],"about":[{"href":"https:\/\/www.umv.gov.co\/portal\/wp-json\/wp\/v2\/types\/page"}],"author":[{"embeddable":true,"href":"https:\/\/www.umv.gov.co\/portal\/wp-json\/wp\/v2\/users\/1"}],"replies":[{"embeddable":true,"href":"https:\/\/www.umv.gov.co\/portal\/wp-json\/wp\/v2\/comments?post=14564"}],"version-history":[{"count":0,"href":"https:\/\/www.umv.gov.co\/portal\/wp-json\/wp\/v2\/pages\/14564\/revisions"}],"wp:attachment":[{"href":"https:\/\/www.umv.gov.co\/portal\/wp-json\/wp\/v2\/media?parent=14564"}],"curies":[{"name":"wp","href":"https:\/\/api.w.org\/{rel}","templated":true}]}}